{"id":12269,"date":"2025-11-26T11:39:15","date_gmt":"2025-11-26T13:39:15","guid":{"rendered":"https:\/\/blog.cancaonova.com\/amigosdoceu\/?page_id=12269"},"modified":"2025-11-26T13:25:55","modified_gmt":"2025-11-26T15:25:55","slug":"escolha-o-que-quer-ver","status":"publish","type":"page","link":"https:\/\/blog.cancaonova.com\/amigosdoceu\/","title":{"rendered":"Escolha o que quer ver..."},"content":{"rendered":"<div id=\"pl-12269\"  class=\"panel-layout\" ><div id=\"pg-12269-0\"  class=\"panel-grid panel-no-style\" ><div id=\"pgc-12269-0-0\"  class=\"panel-grid-cell\" ><section id=\"widget-0-0-0\" class=\"widget-container last-posts\">\r\n    <header>\r\n        <h3 class=\"widget-title\">\r\n            <span>A Hist\u00f3rias dos Santos<\/span>\r\n        <\/h3>\r\n    <\/header>\r\n    <div class=\"box-posts\">\r\n                <a class=\"link\" href=\"https:\/\/blog.cancaonova.com\/amigosdoceu\/santa-isadora\/\" target=\"_self\">\r\n            <figure><img loading=\"lazy\" decoding=\"async\" width=\"150\" height=\"150\" src=\"https:\/\/blog.cancaonova.com\/amigosdoceu\/files\/2021\/11\/Santa-Isadora-colorida-150x150.jpg\" class=\"attachment-thumbnail size-thumbnail wp-post-image\" alt=\"\" srcset=\"https:\/\/blog.cancaonova.com\/amigosdoceu\/files\/2021\/11\/Santa-Isadora-colorida-150x150.jpg 150w, https:\/\/blog.cancaonova.com\/amigosdoceu\/files\/2021\/11\/Santa-Isadora-colorida-144x144.jpg 144w\" sizes=\"(max-width: 150px) 100vw, 150px\" \/><\/figure>\r\n                        <h3 class=\"entry-title\">\r\n                Santa Isadora            <\/h3>\r\n        <\/a>\r\n                <a class=\"link\" href=\"https:\/\/blog.cancaonova.com\/amigosdoceu\/o-sorriso-de-bernadette\/\" target=\"_self\">\r\n            <figure><img loading=\"lazy\" decoding=\"async\" width=\"150\" height=\"150\" src=\"https:\/\/blog.cancaonova.com\/amigosdoceu\/files\/2013\/02\/sta-bernadete-col-tia-adelita-150x150.png\" class=\"attachment-thumbnail size-thumbnail wp-post-image\" alt=\"\" \/><\/figure>\r\n                        <h3 class=\"entry-title\">\r\n                O Sorriso da Virgem Maria no rosto de Santa Bernadete            <\/h3>\r\n        <\/a>\r\n                <a class=\"link\" href=\"https:\/\/blog.cancaonova.com\/amigosdoceu\/o-clube-secreto-de-sao-domingos-savio\/\" target=\"_self\">\r\n            <figure><img loading=\"lazy\" decoding=\"async\" width=\"150\" height=\"150\" src=\"https:\/\/blog.cancaonova.com\/amigosdoceu\/files\/2015\/05\/carteirinha-3-150x150.jpg\" class=\"attachment-thumbnail size-thumbnail wp-post-image\" alt=\"\" srcset=\"https:\/\/blog.cancaonova.com\/amigosdoceu\/files\/2015\/05\/carteirinha-3-150x150.jpg 150w, https:\/\/blog.cancaonova.com\/amigosdoceu\/files\/2015\/05\/carteirinha-3-144x144.jpg 144w\" sizes=\"(max-width: 150px) 100vw, 150px\" \/><\/figure>\r\n                        <h3 class=\"entry-title\">\r\n                O Clube secreto de S\u00e3o Domingos S\u00e1vio            <\/h3>\r\n        <\/a>\r\n                <a class=\"link\" href=\"https:\/\/blog.cancaonova.com\/amigosdoceu\/damiao-de-molokai\/\" target=\"_self\">\r\n            <figure><img loading=\"lazy\" decoding=\"async\" width=\"150\" height=\"150\" src=\"https:\/\/blog.cancaonova.com\/amigosdoceu\/files\/2015\/05\/Damiao-de-molokai-2-150x150.jpg\" class=\"attachment-thumbnail size-thumbnail wp-post-image\" alt=\"\" srcset=\"https:\/\/blog.cancaonova.com\/amigosdoceu\/files\/2015\/05\/Damiao-de-molokai-2-150x150.jpg 150w, https:\/\/blog.cancaonova.com\/amigosdoceu\/files\/2015\/05\/Damiao-de-molokai-2-144x144.jpg 144w, https:\/\/blog.cancaonova.com\/amigosdoceu\/files\/2015\/05\/Damiao-de-molokai-2-238x240.jpg 238w\" sizes=\"(max-width: 150px) 100vw, 150px\" \/><\/figure>\r\n                        <h3 class=\"entry-title\">\r\n                Dami\u00e3o de Molokai            <\/h3>\r\n        <\/a>\r\n            <\/div>\r\n        <div class=\"more-posts\">\r\n        <a href=\"https:\/\/blog.cancaonova.com\/amigosdoceu\/Categoria\/historias\/\" class=\"last-vejamais\">\r\n            Veja mais            <span class=\"mini-arrow-right\">&raquo;<\/span>\r\n        <\/a>\r\n    <\/div>\r\n    <\/section>\r\n<\/div><\/div><div id=\"pg-12269-1\"  class=\"panel-grid panel-no-style\" ><div id=\"pgc-12269-1-0\"  class=\"panel-grid-cell\" ><div id=\"panel-12269-1-0-0\" class=\"so-panel widget widget_slideshowwidget SlideshowWidget panel-first-child panel-last-child\" data-index=\"1\" ><div id=\"slideshow-yt\" class=\"panel-widget-style panel-widget-style-for-12269-1-0-0\" ><h3 class=\"widget-title\">Amigos do c\u00e9u - nosso canal<\/h3>\r\n\t<div class=\"slideshow_container slideshow_container_style-light\" style=\"height: 400px; \" data-slideshow-id=\"12189\" data-style-name=\"style-light\" data-style-version=\"2.3.1\" >\r\n\r\n\t\t\t\t\t<div class=\"slideshow_loading_icon\"><\/div>\r\n\t\t\r\n\t\t<div class=\"slideshow_content\" style=\"display: none;\">\r\n\r\n\t\t\t<div class=\"slideshow_view\">\r\n\t<div class=\"slideshow_slide slideshow_slide_video\">\r\n\t\t<div class=\"slideshow_slide_video_id\" style=\"display: none;\" data-show-related-videos=\"0\">9NqpTwWwpTQ<\/div>\r\n\t<\/div>\r\n<div style=\"clear: both;\"><\/div><\/div><div class=\"slideshow_view\">\r\n\t<div class=\"slideshow_slide slideshow_slide_video\">\r\n\t\t<div class=\"slideshow_slide_video_id\" style=\"display: none;\" data-show-related-videos=\"0\">39UG19omA3c<\/div>\r\n\t<\/div>\r\n<div style=\"clear: both;\"><\/div><\/div><div class=\"slideshow_view\">\r\n\t<div class=\"slideshow_slide slideshow_slide_video\">\r\n\t\t<div class=\"slideshow_slide_video_id\" style=\"display: none;\" data-show-related-videos=\"0\">Zf198tPmE9A<\/div>\r\n\t<\/div>\r\n<div style=\"clear: both;\"><\/div><\/div><div class=\"slideshow_view\">\r\n\t<div class=\"slideshow_slide slideshow_slide_video\">\r\n\t\t<div class=\"slideshow_slide_video_id\" style=\"display: none;\" data-show-related-videos=\"0\">u74DuRb1GJ4<\/div>\r\n\t<\/div>\r\n<div style=\"clear: both;\"><\/div><\/div><div class=\"slideshow_view\">\r\n\t<div class=\"slideshow_slide slideshow_slide_video\">\r\n\t\t<div class=\"slideshow_slide_video_id\" style=\"display: none;\" data-show-related-videos=\"0\">DUwdRXh1Xlc<\/div>\r\n\t<\/div>\r\n<div style=\"clear: both;\"><\/div><\/div><div class=\"slideshow_view\">\r\n\t<div class=\"slideshow_slide slideshow_slide_video\">\r\n\t\t<div class=\"slideshow_slide_video_id\" style=\"display: none;\" data-show-related-videos=\"0\">AUPSPeN3rXs<\/div>\r\n\t<\/div>\r\n<div style=\"clear: both;\"><\/div><\/div><div class=\"slideshow_view\">\r\n\t<div class=\"slideshow_slide slideshow_slide_video\">\r\n\t\t<div class=\"slideshow_slide_video_id\" style=\"display: none;\" data-show-related-videos=\"0\">Liy6hnr8EYc<\/div>\r\n\t<\/div>\r\n<div style=\"clear: both;\"><\/div><\/div><div class=\"slideshow_view\">\r\n\t<div class=\"slideshow_slide slideshow_slide_video\">\r\n\t\t<div class=\"slideshow_slide_video_id\" style=\"display: none;\" data-show-related-videos=\"0\">qtwY72_yt_A<\/div>\r\n\t<\/div>\r\n<div style=\"clear: both;\"><\/div><\/div><div class=\"slideshow_view\">\r\n\t<div class=\"slideshow_slide slideshow_slide_video\">\r\n\t\t<div class=\"slideshow_slide_video_id\" style=\"display: none;\" data-show-related-videos=\"0\">0oUG_m_yXZc<\/div>\r\n\t<\/div>\r\n<div style=\"clear: both;\"><\/div><\/div><div class=\"slideshow_view\">\r\n\t<div class=\"slideshow_slide slideshow_slide_video\">\r\n\t\t<div class=\"slideshow_slide_video_id\" style=\"display: none;\" data-show-related-videos=\"0\">2IrN61uYhNg<\/div>\r\n\t<\/div>\r\n<div style=\"clear: both;\"><\/div><\/div>\r\n\t\t<\/div>\r\n\r\n\t\t<div class=\"slideshow_controlPanel slideshow_transparent\" style=\"display: none;\"><ul><li class=\"slideshow_togglePlay\" data-play-text=\"Acionar\" data-pause-text=\"Pausar\"><\/li><\/ul><\/div>\r\n\r\n\t\t<div class=\"slideshow_button slideshow_previous slideshow_transparent\" role=\"button\" data-previous-text=\"Anterior\" style=\"display: none;\"><\/div>\r\n\t\t<div class=\"slideshow_button slideshow_next slideshow_transparent\" role=\"button\" data-next-text=\"Pr\u00f3ximo\" style=\"display: none;\"><\/div>\r\n\r\n\t\t<div class=\"slideshow_pagination\" style=\"display: none;\" data-go-to-text=\"Ir para o slide\"><div class=\"slideshow_pagination_center\"><\/div><\/div>\r\n\r\n\t\t<!-- WordPress Slideshow Version 2.3.1 -->\r\n\r\n\t\t\t<\/div>\r\n\r\n<\/div><\/div><\/div><\/div><div id=\"pg-12269-2\"  class=\"panel-grid panel-has-style\" ><div class=\"two-post-row panel-row-style panel-row-style-for-12269-2\" id=\"card-bloco\" ><div id=\"pgc-12269-2-0\"  class=\"panel-grid-cell\" ><div id=\"panel-12269-2-0-0\" class=\"so-panel widget widget_media_image panel-first-child\" data-index=\"2\" ><div class=\"card-block-img panel-widget-style panel-widget-style-for-12269-2-0-0\" ><a href=\"https:\/\/blog.cancaonova.com\/amigosdoceu\/Categoria\/historias\/\"><img loading=\"lazy\" decoding=\"async\" width=\"296\" height=\"300\" src=\"https:\/\/blog.cancaonova.com\/amigosdoceu\/files\/2014\/11\/botao-menor-santos1-296x300.jpg\" class=\"image wp-image-10899  attachment-medium size-medium\" alt=\"\" style=\"max-width: 100%; height: auto;\" srcset=\"https:\/\/blog.cancaonova.com\/amigosdoceu\/files\/2014\/11\/botao-menor-santos1-296x300.jpg 296w, https:\/\/blog.cancaonova.com\/amigosdoceu\/files\/2014\/11\/botao-menor-santos1.jpg 791w\" sizes=\"(max-width: 296px) 100vw, 296px\" \/><\/a><\/div><\/div><div id=\"panel-12269-2-0-1\" class=\"so-panel widget widget_text\" data-index=\"3\" ><div class=\"card-block-text panel-widget-style panel-widget-style-for-12269-2-0-1\" ><h3 class=\"widget-title\">Santos e suas hist\u00f3rias<\/h3>\t\t\t<div class=\"textwidget\"><\/div>\n\t\t<\/div><\/div><div id=\"panel-12269-2-0-2\" class=\"so-panel widget widget_text panel-last-child\" data-index=\"4\" ><div class=\"card-block-link panel-widget-style panel-widget-style-for-12269-2-0-2\" >\t\t\t<div class=\"textwidget\"><p><a href=\"https:\/\/blog.cancaonova.com\/amigosdoceu\/Categoria\/historias\/\">Clique aqui<\/a><\/p>\n<\/div>\n\t\t<\/div><\/div><\/div><div id=\"pgc-12269-2-1\"  class=\"panel-grid-cell\" ><div id=\"panel-12269-2-1-0\" class=\"so-panel widget widget_media_image panel-first-child\" data-index=\"5\" ><div class=\"card-block-img panel-widget-style panel-widget-style-for-12269-2-1-0\" ><a href=\"https:\/\/blog.cancaonova.com\/amigosdoceu\/Categoria\/beatos\/\"><img loading=\"lazy\" decoding=\"async\" width=\"296\" height=\"300\" src=\"https:\/\/blog.cancaonova.com\/amigosdoceu\/files\/2014\/11\/botao-menor-santos-296x300.jpg\" class=\"image wp-image-10897  attachment-medium size-medium\" alt=\"\" style=\"max-width: 100%; height: auto;\" srcset=\"https:\/\/blog.cancaonova.com\/amigosdoceu\/files\/2014\/11\/botao-menor-santos-296x300.jpg 296w, https:\/\/blog.cancaonova.com\/amigosdoceu\/files\/2014\/11\/botao-menor-santos.jpg 791w\" sizes=\"(max-width: 296px) 100vw, 296px\" \/><\/a><\/div><\/div><div id=\"panel-12269-2-1-1\" class=\"so-panel widget widget_text\" data-index=\"6\" ><div class=\"card-block-text panel-widget-style panel-widget-style-for-12269-2-1-1\" ><h3 class=\"widget-title\">Beatos e servos de Deus<\/h3>\t\t\t<div class=\"textwidget\"><\/div>\n\t\t<\/div><\/div><div id=\"panel-12269-2-1-2\" class=\"so-panel widget widget_text panel-last-child\" data-index=\"7\" ><div class=\"card-block-link panel-widget-style panel-widget-style-for-12269-2-1-2\" >\t\t\t<div class=\"textwidget\"><p><a href=\"https:\/\/blog.cancaonova.com\/amigosdoceu\/Categoria\/beatos\/\">Clique aqui<\/a><\/p>\n<\/div>\n\t\t<\/div><\/div><\/div><\/div><\/div><div id=\"pg-12269-3\"  class=\"panel-grid panel-no-style\" ><div id=\"pgc-12269-3-0\"  class=\"panel-grid-cell\" ><div id=\"panel-12269-3-0-0\" class=\"widget_text so-panel widget widget_custom_html panel-first-child panel-last-child\" data-index=\"8\" ><div id=\"curiosidades-santos\" class=\"widget_text panel-widget-style panel-widget-style-for-12269-3-0-0\" ><h3 class=\"widget-title\">Curiosidades sobre os santos e&#8230;<\/h3><div class=\"textwidget custom-html-widget\"><p>\n\to Futebol, a poesia, a m\u00fasica, etc\n<\/p>\n<a href=\"https:\/\/blog.cancaonova.com\/amigosdoceu\/Categoria\/curiosidades\/\">Clique aqui<\/a><\/div><\/div><\/div><\/div><\/div><div id=\"pg-12269-4\"  class=\"panel-grid panel-has-style\" ><div class=\"two-post-row panel-row-style panel-row-style-for-12269-4\" id=\"card-bloco\" ><div id=\"pgc-12269-4-0\"  class=\"panel-grid-cell\" ><div id=\"panel-12269-4-0-0\" class=\"so-panel widget widget_media_image panel-first-child\" data-index=\"9\" ><div class=\"card-block-img panel-widget-style panel-widget-style-for-12269-4-0-0\" ><a href=\"https:\/\/blog.cancaonova.com\/amigosdoceu\/Categoria\/nossa-senhora-2\/\"><img loading=\"lazy\" decoding=\"async\" width=\"296\" height=\"300\" src=\"https:\/\/blog.cancaonova.com\/amigosdoceu\/files\/2014\/11\/botao-menor-nsa-sra-296x300.jpg\" class=\"image wp-image-10902  attachment-medium size-medium\" alt=\"\" style=\"max-width: 100%; height: auto;\" srcset=\"https:\/\/blog.cancaonova.com\/amigosdoceu\/files\/2014\/11\/botao-menor-nsa-sra-296x300.jpg 296w, https:\/\/blog.cancaonova.com\/amigosdoceu\/files\/2014\/11\/botao-menor-nsa-sra.jpg 791w\" sizes=\"(max-width: 296px) 100vw, 296px\" \/><\/a><\/div><\/div><div id=\"panel-12269-4-0-1\" class=\"so-panel widget widget_text\" data-index=\"10\" ><div class=\"card-block-text panel-widget-style panel-widget-style-for-12269-4-0-1\" ><h3 class=\"widget-title\">Hist\u00f3rias de nossa Senhora<\/h3>\t\t\t<div class=\"textwidget\"><\/div>\n\t\t<\/div><\/div><div id=\"panel-12269-4-0-2\" class=\"so-panel widget widget_text panel-last-child\" data-index=\"11\" ><div class=\"card-block-link panel-widget-style panel-widget-style-for-12269-4-0-2\" >\t\t\t<div class=\"textwidget\"><p><a href=\"https:\/\/blog.cancaonova.com\/amigosdoceu\/Categoria\/nossa-senhora-2\/\">Clique aqui<\/a><\/p>\n<\/div>\n\t\t<\/div><\/div><\/div><div id=\"pgc-12269-4-1\"  class=\"panel-grid-cell\" ><div id=\"panel-12269-4-1-0\" class=\"so-panel widget widget_media_image panel-first-child\" data-index=\"12\" ><div class=\"card-block-img panel-widget-style panel-widget-style-for-12269-4-1-0\" ><a href=\"https:\/\/blog.cancaonova.com\/amigosdoceu\/Categoria\/anjos-e-arcanjos\/\"><img loading=\"lazy\" decoding=\"async\" width=\"296\" height=\"300\" src=\"https:\/\/blog.cancaonova.com\/amigosdoceu\/files\/2014\/11\/botao-menor-anjos-e-arcanjos-296x300.jpg\" class=\"image wp-image-10892  attachment-medium size-medium\" alt=\"\" style=\"max-width: 100%; height: auto;\" srcset=\"https:\/\/blog.cancaonova.com\/amigosdoceu\/files\/2014\/11\/botao-menor-anjos-e-arcanjos-296x300.jpg 296w, https:\/\/blog.cancaonova.com\/amigosdoceu\/files\/2014\/11\/botao-menor-anjos-e-arcanjos.jpg 791w\" sizes=\"(max-width: 296px) 100vw, 296px\" \/><\/a><\/div><\/div><div id=\"panel-12269-4-1-1\" class=\"so-panel widget widget_text\" data-index=\"13\" ><div class=\"card-block-text panel-widget-style panel-widget-style-for-12269-4-1-1\" ><h3 class=\"widget-title\">Arcanjos e Anjos<\/h3>\t\t\t<div class=\"textwidget\"><\/div>\n\t\t<\/div><\/div><div id=\"panel-12269-4-1-2\" class=\"so-panel widget widget_text panel-last-child\" data-index=\"14\" ><div class=\"card-block-link panel-widget-style panel-widget-style-for-12269-4-1-2\" >\t\t\t<div class=\"textwidget\"><p><a href=\"https:\/\/blog.cancaonova.com\/amigosdoceu\/Categoria\/anjos-e-arcanjos\/\">Clique aqui<\/a><\/p>\n<\/div>\n\t\t<\/div><\/div><\/div><\/div><\/div><div id=\"pg-12269-5\"  class=\"panel-grid panel-no-style\" ><div id=\"pgc-12269-5-0\"  class=\"panel-grid-cell\" ><div id=\"panel-12269-5-0-0\" class=\"widget_text so-panel widget widget_custom_html panel-first-child panel-last-child\" data-index=\"15\" ><div id=\"curiosidades-santos\" class=\"widget_text panel-widget-style panel-widget-style-for-12269-5-0-0\" ><h3 class=\"widget-title\">Nossas ora\u00e7\u00f5es e novenas&#8230;<\/h3><div class=\"textwidget custom-html-widget\"><a href=\"https:\/\/blog.cancaonova.com\/amigosdoceu\/Categoria\/oracoes-e-novenas\/\">Clique aqui<\/a><\/div><\/div><\/div><\/div><\/div><div id=\"pg-12269-6\"  class=\"panel-grid panel-has-style\" ><div class=\"two-post-row panel-row-style panel-row-style-for-12269-6\" id=\"card-bloco\" ><div id=\"pgc-12269-6-0\"  class=\"panel-grid-cell\" ><div id=\"panel-12269-6-0-0\" class=\"so-panel widget widget_media_image panel-first-child\" data-index=\"16\" ><div class=\"card-block-img panel-widget-style panel-widget-style-for-12269-6-0-0\" ><img loading=\"lazy\" decoding=\"async\" width=\"297\" height=\"300\" src=\"https:\/\/blog.cancaonova.com\/amigosdoceu\/files\/2014\/11\/botao-menorbrincar-297x300.jpg\" class=\"image wp-image-11743  attachment-medium size-medium\" alt=\"\" style=\"max-width: 100%; height: auto;\" srcset=\"https:\/\/blog.cancaonova.com\/amigosdoceu\/files\/2014\/11\/botao-menorbrincar-297x300.jpg 297w, https:\/\/blog.cancaonova.com\/amigosdoceu\/files\/2014\/11\/botao-menorbrincar-768x777.jpg 768w, https:\/\/blog.cancaonova.com\/amigosdoceu\/files\/2014\/11\/botao-menorbrincar-144x144.jpg 144w, https:\/\/blog.cancaonova.com\/amigosdoceu\/files\/2014\/11\/botao-menorbrincar.jpg 791w\" sizes=\"(max-width: 297px) 100vw, 297px\" \/><\/div><\/div><div id=\"panel-12269-6-0-1\" class=\"so-panel widget widget_text\" data-index=\"17\" ><div class=\"card-block-text panel-widget-style panel-widget-style-for-12269-6-0-1\" ><h3 class=\"widget-title\">Brincadeiras, jogos e divers\u00e3o<\/h3>\t\t\t<div class=\"textwidget\"><\/div>\n\t\t<\/div><\/div><div id=\"panel-12269-6-0-2\" class=\"so-panel widget widget_text panel-last-child\" data-index=\"18\" ><div class=\"card-block-link panel-widget-style panel-widget-style-for-12269-6-0-2\" >\t\t\t<div class=\"textwidget\"><p><a href=\"https:\/\/blog.cancaonova.com\/amigosdoceu\/Categoria\/vamos-brincar\/\">Clique aqui<\/a><\/p>\n<\/div>\n\t\t<\/div><\/div><\/div><div id=\"pgc-12269-6-1\"  class=\"panel-grid-cell\" ><div id=\"panel-12269-6-1-0\" class=\"so-panel widget widget_media_image panel-first-child\" data-index=\"19\" ><div class=\"card-block-img panel-widget-style panel-widget-style-for-12269-6-1-0\" ><a href=\"https:\/\/blog.cancaonova.com\/amigosdoceu\/Categoria\/educar-para-a-fe\/\"><img loading=\"lazy\" decoding=\"async\" width=\"296\" height=\"300\" src=\"https:\/\/blog.cancaonova.com\/amigosdoceu\/files\/2014\/11\/botao-menor-educar-para-a-f\u00e9-296x300.jpg\" class=\"image wp-image-10909  attachment-medium size-medium\" alt=\"\" style=\"max-width: 100%; height: auto;\" srcset=\"https:\/\/blog.cancaonova.com\/amigosdoceu\/files\/2014\/11\/botao-menor-educar-para-a-f\u00e9-296x300.jpg 296w, https:\/\/blog.cancaonova.com\/amigosdoceu\/files\/2014\/11\/botao-menor-educar-para-a-f\u00e9.jpg 791w\" sizes=\"(max-width: 296px) 100vw, 296px\" \/><\/a><\/div><\/div><div id=\"panel-12269-6-1-1\" class=\"so-panel widget widget_text\" data-index=\"20\" ><div class=\"card-block-text panel-widget-style panel-widget-style-for-12269-6-1-1\" ><h3 class=\"widget-title\">Educar para a f\u00e9<\/h3>\t\t\t<div class=\"textwidget\"><\/div>\n\t\t<\/div><\/div><div id=\"panel-12269-6-1-2\" class=\"so-panel widget widget_text panel-last-child\" data-index=\"21\" ><div class=\"card-block-link panel-widget-style panel-widget-style-for-12269-6-1-2\" >\t\t\t<div class=\"textwidget\"><p><a href=\"https:\/\/blog.cancaonova.com\/amigosdoceu\/Categoria\/educar-para-a-fe\/\">Clique aqui<\/a><\/p>\n<\/div>\n\t\t<\/div><\/div><\/div><\/div><\/div><div id=\"pg-12269-7\"  class=\"panel-grid panel-no-style\" ><div id=\"pgc-12269-7-0\"  class=\"panel-grid-cell\" ><div id=\"panel-12269-7-0-0\" class=\"widget_text so-panel widget widget_custom_html panel-first-child panel-last-child\" data-index=\"22\" ><div id=\"curiosidades-santos\" class=\"widget_text panel-widget-style panel-widget-style-for-12269-7-0-0\" ><h3 class=\"widget-title\">Brasileiros no c\u00e9u<\/h3><div class=\"textwidget custom-html-widget\"><a href=\"https:\/\/blog.cancaonova.com\/amigosdoceu\/Categoria\/brasileirinhos-no-ceu\/\">Clique aqui<\/a><\/div><\/div><\/div><\/div><\/div><div id=\"pg-12269-8\"  class=\"panel-grid panel-has-style\" ><div class=\"two-post-row panel-row-style panel-row-style-for-12269-8\" id=\"card-bloco\" ><div id=\"pgc-12269-8-0\"  class=\"panel-grid-cell\" ><div id=\"panel-12269-8-0-0\" class=\"so-panel widget widget_media_image panel-first-child\" data-index=\"23\" ><div class=\"card-block-img panel-widget-style panel-widget-style-for-12269-8-0-0\" ><a href=\"https:\/\/blog.cancaonova.com\/amigosdoceu\/Categoria\/historias-e-gente-da-biblia\/\"><img loading=\"lazy\" decoding=\"async\" width=\"296\" height=\"300\" src=\"https:\/\/blog.cancaonova.com\/amigosdoceu\/files\/2014\/11\/botao-menor-biblia-296x300.jpg\" class=\"image wp-image-11021  attachment-medium size-medium\" alt=\"\" style=\"max-width: 100%; height: auto;\" srcset=\"https:\/\/blog.cancaonova.com\/amigosdoceu\/files\/2014\/11\/botao-menor-biblia-296x300.jpg 296w, https:\/\/blog.cancaonova.com\/amigosdoceu\/files\/2014\/11\/botao-menor-biblia.jpg 791w\" sizes=\"(max-width: 296px) 100vw, 296px\" \/><\/a><\/div><\/div><div id=\"panel-12269-8-0-1\" class=\"so-panel widget widget_text\" data-index=\"24\" ><div class=\"card-block-text panel-widget-style panel-widget-style-for-12269-8-0-1\" ><h3 class=\"widget-title\">Hist\u00f3rias e Santos da Biblia<\/h3>\t\t\t<div class=\"textwidget\"><\/div>\n\t\t<\/div><\/div><div id=\"panel-12269-8-0-2\" class=\"so-panel widget widget_text panel-last-child\" data-index=\"25\" ><div class=\"card-block-link panel-widget-style panel-widget-style-for-12269-8-0-2\" >\t\t\t<div class=\"textwidget\"><p><a href=\"https:\/\/blog.cancaonova.com\/amigosdoceu\/Categoria\/historias-e-gente-da-biblia\/\">Clique aqui<\/a><\/p>\n<\/div>\n\t\t<\/div><\/div><\/div><div id=\"pgc-12269-8-1\"  class=\"panel-grid-cell\" ><div id=\"panel-12269-8-1-0\" class=\"so-panel widget widget_media_image panel-first-child\" data-index=\"26\" ><div class=\"card-block-img panel-widget-style panel-widget-style-for-12269-8-1-0\" ><a href=\"https:\/\/blog.cancaonova.com\/amigosdoceu\/Categoria\/datas-legais-e-festas-da-nossa-igreja\/\"><img loading=\"lazy\" decoding=\"async\" width=\"296\" height=\"300\" src=\"https:\/\/blog.cancaonova.com\/amigosdoceu\/files\/2014\/11\/botao-menor-sacramentos-296x300.jpg\" class=\"image wp-image-11022  attachment-medium size-medium\" alt=\"\" style=\"max-width: 100%; height: auto;\" srcset=\"https:\/\/blog.cancaonova.com\/amigosdoceu\/files\/2014\/11\/botao-menor-sacramentos-296x300.jpg 296w, https:\/\/blog.cancaonova.com\/amigosdoceu\/files\/2014\/11\/botao-menor-sacramentos.jpg 791w\" sizes=\"(max-width: 296px) 100vw, 296px\" \/><\/a><\/div><\/div><div id=\"panel-12269-8-1-1\" class=\"so-panel widget widget_text\" data-index=\"27\" ><div class=\"card-block-text panel-widget-style panel-widget-style-for-12269-8-1-1\" ><h3 class=\"widget-title\">Sacramentos e festas da nossa Igreja<\/h3>\t\t\t<div class=\"textwidget\"><\/div>\n\t\t<\/div><\/div><div id=\"panel-12269-8-1-2\" class=\"so-panel widget widget_text panel-last-child\" data-index=\"28\" ><div class=\"card-block-link panel-widget-style panel-widget-style-for-12269-8-1-2\" >\t\t\t<div class=\"textwidget\"><p><a href=\"https:\/\/blog.cancaonova.com\/amigosdoceu\/Categoria\/datas-legais-e-festas-da-nossa-igreja\/\">Clique aqui<\/a><\/p>\n<\/div>\n\t\t<\/div><\/div><\/div><\/div><\/div><\/div>","protected":false},"excerpt":{"rendered":"<p>A Hist\u00f3rias dos Santos Santa Isadora O Sorriso da Virgem Maria no rosto de Santa Bernadete O Clube secreto de S\u00e3o Domingos S\u00e1vio Dami\u00e3o de Molokai Veja mais &raquo; Amigos do c\u00e9u &#8211; nosso canal 9NqpTwWwpTQ 39UG19omA3c Zf198tPmE9A u74DuRb1GJ4 DUwdRXh1Xlc&#8230;<\/p>\n","protected":false},"author":4767,"featured_media":0,"parent":0,"menu_order":2,"comment_status":"closed","ping_status":"closed","template":"","meta":{"_mi_skip_tracking":false,"_monsterinsights_sitenote_active":false,"_monsterinsights_sitenote_note":"","_monsterinsights_sitenote_category":0,"footnotes":""},"_links":{"self":[{"href":"https:\/\/blog.cancaonova.com\/amigosdoceu\/wp-json\/wp\/v2\/pages\/12269"}],"collection":[{"href":"https:\/\/blog.cancaonova.com\/amigosdoceu\/wp-json\/wp\/v2\/pages"}],"about":[{"href":"https:\/\/blog.cancaonova.com\/amigosdoceu\/wp-json\/wp\/v2\/types\/page"}],"author":[{"embeddable":true,"href":"https:\/\/blog.cancaonova.com\/amigosdoceu\/wp-json\/wp\/v2\/users\/4767"}],"replies":[{"embeddable":true,"href":"https:\/\/blog.cancaonova.com\/amigosdoceu\/wp-json\/wp\/v2\/comments?post=12269"}],"version-history":[{"count":45,"href":"https:\/\/blog.cancaonova.com\/amigosdoceu\/wp-json\/wp\/v2\/pages\/12269\/revisions"}],"predecessor-version":[{"id":12332,"href":"https:\/\/blog.cancaonova.com\/amigosdoceu\/wp-json\/wp\/v2\/pages\/12269\/revisions\/12332"}],"wp:attachment":[{"href":"https:\/\/blog.cancaonova.com\/amigosdoceu\/wp-json\/wp\/v2\/media?parent=12269"}],"curies":[{"name":"wp","href":"https:\/\/api.w.org\/{rel}","templated":true}]}}