{"id":181,"date":"2008-06-02T21:26:12","date_gmt":"2008-06-03T00:26:12","guid":{"rendered":"http:\/\/blog.cancaonova.com\/aracaju\/contatos\/"},"modified":"2021-12-17T20:03:24","modified_gmt":"2021-12-17T23:03:24","slug":"contatos","status":"publish","type":"page","link":"https:\/\/blog.cancaonova.com\/aracaju\/contatos\/","title":{"rendered":"Fale conosco:"},"content":{"rendered":"<p>&nbsp;<\/p>\n<p>Geral:\u00a0<span style=\"color: #000000\"><a href=\"mailto:aracaju@cancaonova.com\"><span style=\"font-size: small;font-family: Verdana\"><span style=\"text-decoration: underline\">aracaju@cancaonova.com<\/span><\/span><\/a><\/span><\/p>\n<p>Dire\u00e7\u00e3o da TV: <a href=\"mailto:tvaracaju@cancaonova.com\"><span style=\"font-size: small;color: #0000ff;font-family: Verdana\"><span style=\"text-decoration: underline\">direcaoaracaju@cancaonova.com<\/span><\/span><\/a><\/p>\n<p>Produ\u00e7\u00e3o da TV: <span style=\"font-size: small;color: #0000ff;font-family: Verdana\"><span style=\"text-decoration: underline\"><a href=\"mailto:poducaoaracaju@cancaonova.com\">producaoaracaju@cancaonova.com<\/a><\/span><\/span><\/p>\n<p>Jornalismo: <a href=\"mailto:Jornalismoaracaju@cancaonova.com\"><span style=\"font-size: small;color: #0000ff;font-family: Verdana\"><span style=\"text-decoration: underline\">jornalismoaracaju@cancaonova.com<\/span><\/span><\/a><\/p>\n<p>Administra\u00e7\u00e3o:\u00a0<a href=\"mailto:admaracaju@cancaonova.com\"><span style=\"font-size: small;color: #0000ff;font-family: Verdana\"><span style=\"text-decoration: underline\">admaracaju@cancaonova.com<\/span><\/span><\/a><\/p>\n<p>Clube do Evangeliza\u00e7\u00e3o: <a href=\"mailto:clubearacaju@cancaonova.com\"><span style=\"font-size: small;color: #0000ff;font-family: Verdana\"><span style=\"text-decoration: underline\">clubearacaju@cancaonova.com<\/span><\/span><\/a><\/p>\n<p>Vocacional: <a href=\"mailto:vocaionalaju@cancaonova.com\"><span style=\"font-size: small;color: #0000ff;font-family: Verdana\"><span style=\"text-decoration: underline\">vocacionalaracaju@cancaonova.com<\/span><\/span><\/a><\/p>\n<p><span style=\"font-size: small;font-family: Verdana\"><strong>Telefone:<\/strong><\/span><\/p>\n<p><span style=\"font-size: small;font-family: Verdana\">(79) 2104-4444<\/span><\/p>\n<p>&nbsp;<\/p>\n<p>M\u00eddias Digitais<\/p>\n<p>Instagram: <a href=\"http:\/\/instagram.com\/cancaonovaaracaju\/\">@cancaonovaaracaju<\/a><\/p>\n<p>Facebook:<a href=\"http:\/\/facebook.com\/cancaonovaaracaju\"> Can\u00e7\u00e3o Nova Aracaju<\/a><\/p>\n<p><span style=\"font-size: small;font-family: Verdana\"><strong>Endere\u00e7o:<\/strong><\/span><\/p>\n<p><span style=\"font-size: small;font-family: Verdana\">TV Can\u00e7\u00e3o Nova e Casa de Evangeliza\u00e7\u00e3o<\/span><\/p>\n<p><span style=\"font-size: small;font-family: Verdana\">Rua: Paulo Henrique Machado Pimentel n\u00ba 95<\/span><\/p>\n<p><span style=\"font-size: small;font-family: Verdana\">Pr\u00f3ximo ao terminal D.I. A.<\/span><\/p>\n<p><span style=\"font-size: small;font-family: Verdana\">B: In\u00e1cio Barbosa<\/span><\/p>\n<p><span style=\"font-size: small;font-family: Verdana\">CEP: 49040-740<\/span><\/p>\n<p><span style=\"font-size: small;font-family: Verdana\">Aracaju -SE<\/span><\/p>\n","protected":false},"excerpt":{"rendered":"<p>&nbsp; Geral:\u00a0aracaju@cancaonova.com Dire\u00e7\u00e3o da TV: direcaoaracaju@cancaonova.com Produ\u00e7\u00e3o da TV: producaoaracaju@cancaonova.com Jornalismo: jornalismoaracaju@cancaonova.com Administra\u00e7\u00e3o:\u00a0admaracaju@cancaonova.com Clube do Evangeliza\u00e7\u00e3o: clubearacaju@cancaonova.com Vocacional: vocacionalaracaju@cancaonova.com Telefone: (79) 2104-4444 &nbsp; M\u00eddias Digitais Instagram: @cancaonovaaracaju Facebook: Can\u00e7\u00e3o Nova Aracaju Endere\u00e7o: TV Can\u00e7\u00e3o Nova e Casa de Evangeliza\u00e7\u00e3o Rua:&#8230;<\/p>\n","protected":false},"author":3351,"featured_media":0,"parent":0,"menu_order":5,"comment_status":"open","ping_status":"open","template":"","meta":{"_mi_skip_tracking":false,"_monsterinsights_sitenote_active":false,"_monsterinsights_sitenote_note":"","_monsterinsights_sitenote_category":0,"footnotes":""},"_links":{"self":[{"href":"https:\/\/blog.cancaonova.com\/aracaju\/wp-json\/wp\/v2\/pages\/181"}],"collection":[{"href":"https:\/\/blog.cancaonova.com\/aracaju\/wp-json\/wp\/v2\/pages"}],"about":[{"href":"https:\/\/blog.cancaonova.com\/aracaju\/wp-json\/wp\/v2\/types\/page"}],"author":[{"embeddable":true,"href":"https:\/\/blog.cancaonova.com\/aracaju\/wp-json\/wp\/v2\/users\/3351"}],"replies":[{"embeddable":true,"href":"https:\/\/blog.cancaonova.com\/aracaju\/wp-json\/wp\/v2\/comments?post=181"}],"version-history":[{"count":10,"href":"https:\/\/blog.cancaonova.com\/aracaju\/wp-json\/wp\/v2\/pages\/181\/revisions"}],"predecessor-version":[{"id":6479,"href":"https:\/\/blog.cancaonova.com\/aracaju\/wp-json\/wp\/v2\/pages\/181\/revisions\/6479"}],"wp:attachment":[{"href":"https:\/\/blog.cancaonova.com\/aracaju\/wp-json\/wp\/v2\/media?parent=181"}],"curies":[{"name":"wp","href":"https:\/\/api.w.org\/{rel}","templated":true}]}}