{"id":5238,"date":"2015-04-01T15:22:30","date_gmt":"2015-04-01T13:22:30","guid":{"rendered":"http:\/\/blog.cancaonova.com\/aracaju\/?page_id=5238"},"modified":"2024-10-09T15:41:09","modified_gmt":"2024-10-09T18:41:09","slug":"casa-de-missao","status":"publish","type":"page","link":"https:\/\/blog.cancaonova.com\/aracaju\/casa-de-missao\/","title":{"rendered":"Casa de Miss\u00e3o"},"content":{"rendered":"<p><b>ATIVIDADES DA CASA DE MISS\u00c3O<\/b><\/p>\n<p><span style=\"color: #0000ff\"><b>\u00a0 \u00a0 \u00a0 \u00a0SANTA MISSA\u00a0<\/b><\/span><\/p>\n<ul>\n<li><b>12h00 &#8211; Segunda, Ter\u00e7a, Quarta e Sexta-feira <\/b><b><br \/>\n<\/b><b>19h30 &#8211; Quinta-feira\u00a0\u00a0\u00a0\u00a0\u00a0\u00a0\u00a0<\/b><\/li>\n<\/ul>\n<p><span style=\"color: #0000ff\"><b>\u00a0\u00a0\u00a0\u00a0\u00a0\u00a0SEGUNDA-FEIRA<\/b><\/span><\/p>\n<ul>\n<li style=\"font-weight: 400\"><b>Grupo M\u00e3es que Oram pelos Filhos <\/b><b><br \/>\n<\/b><span style=\"font-weight: 400\">Todas as segundas \u00e0s 15h<\/span><\/li>\n<li style=\"font-weight: 400\"><\/li>\n<li style=\"font-weight: 400\"><b>Grupo de ora\u00e7\u00e3o S\u00e3o Miguel Arcanjo <\/b><b><br \/>\n<\/b><span style=\"font-weight: 400\">Todas segundas-feiras\u00a0 \u00e0s 19h30<\/span><span style=\"font-weight: 400\"><br \/>\n<\/span><span style=\"font-weight: 400\">Atendimento de ora\u00e7\u00e3o \u00e0s 18h30<\/span><span style=\"font-weight: 400\"><br \/>\n<\/span><span style=\"font-weight: 400\">Ter\u00e7o de S\u00e3o Miguel \u00e0s 19h\u00a0<\/span><\/li>\n<\/ul>\n<p><span style=\"color: #3366ff\"><span style=\"font-weight: 400\">\u00a0\u00a0\u00a0\u00a0\u00a0<\/span><b>\u00a0\u00a0TER\u00c7A-FEIRA\u00a0<\/b><\/span><\/p>\n<ul>\n<li style=\"font-weight: 400\"><b>\u00a0Grupo de Casais Consolo de Deus\u00a0 &#8211; <\/b><span style=\"font-weight: 400\">Toda 2\u00aa ter\u00e7a-feira do m\u00eas<\/span><\/li>\n<li style=\"font-weight: 400\"><b>\u00a0Grupo Sentinelas e Fontes\u00a0 &#8211;\u00a0 <\/b><span style=\"font-weight: 400\">Toda 2\u00aa ter\u00e7a-feira do m\u00eas: Sentinelas (7 a 12 anos) e o Fontes (12 a 18 anos)<\/span><\/li>\n<li style=\"font-weight: 400\"><b>Ter\u00e7o dos Homens\u00a0 &#8211; <\/b><span style=\"font-weight: 400\">Toda ter\u00e7a \u00e0s 19h30 na Casa de Evangeliza\u00e7\u00e3o<\/span><\/li>\n<\/ul>\n<p><span style=\"font-weight: 400;color: #3366ff\">\u00a0\u00a0\u00a0\u00a0\u00a0\u00a0\u00a0<\/span><b><span style=\"color: #3366ff\">QUARTA-FEIRA<\/span>\u00a0<\/b><\/p>\n<ul>\n<li style=\"font-weight: 400\"><span style=\"font-weight: 400\">\u00a0<\/span><b>Atendimento de ora\u00e7\u00e3o &#8211; <\/b><span style=\"font-weight: 400\">Quarta-feira &#8211; 14h \u00e0s 17h\u00a0\u00a0\u00a0\u00a0\u00a0<\/span><\/li>\n<\/ul>\n<p><span style=\"font-weight: 400\">\u00a0\u00a0\u00a0<\/span><b>\u00a0\u00a0\u00a0<span style=\"color: #3366ff\">\u00a0\u00a0QUINTA-FEIRA<\/span><\/b><span style=\"font-weight: 400;color: #3366ff\">\u00a0<\/span><\/p>\n<ul>\n<li style=\"font-weight: 400\"><b>Adora\u00e7\u00e3o ao Sant\u00edssimo<\/b>\n<ul>\n<li style=\"font-weight: 400\"><span style=\"font-weight: 400\">\u00c0s quintas, inicia \u00e0s 9h e termina \u00e0s 12h, na Capela da Casa de Evangeliza\u00e7\u00e3o.<\/span><\/li>\n<li style=\"font-weight: 400\"><span style=\"font-weight: 400\">Missa 19h30 e ap\u00f3s a missa &#8211; Adora\u00e7\u00e3o<\/span><\/li>\n<\/ul>\n<\/li>\n<\/ul>\n<p><span style=\"font-weight: 400\">\u00a0\u00a0\u00a0\u00a0\u00a0<span style=\"color: #3366ff\">\u00a0\u00a0\u00a0\u00a0<\/span><\/span><span style=\"color: #3366ff\"><b>S\u00c1BADO\u00a0<\/b><\/span><\/p>\n<ul>\n<li style=\"font-weight: 400\"><b>Grupo de Jovens\u00a0 &#8211; Jovens Sarados &#8211; <\/b><span style=\"font-weight: 400\">aos s\u00e1bados\u00a0 16h\u00a0<\/span><\/li>\n<\/ul>\n<h2><b>\u00a0 \u00a0 \u00a0 \u00a0 <span style=\"color: #3366ff\">\u00a0Bazar\u00a0<\/span><\/b><\/h2>\n<p><span style=\"color: #3366ff\"><b>\u00a0 \u00a0 \u00a0 \u00a0QUARTAS E QUINTAS <\/b><\/span><b><br \/>\n<\/b><span style=\"font-weight: 400\">\u00a0 \u00a0 \u00a0 \u00a0\u00c0s quartas de 9h \u00e0s 17h e quintas de 9h \u00e0s 19h30. <\/span><\/p>\n","protected":false},"excerpt":{"rendered":"<p>ATIVIDADES DA CASA DE MISS\u00c3O \u00a0 \u00a0 \u00a0 \u00a0SANTA MISSA\u00a0 12h00 &#8211; Segunda, Ter\u00e7a, Quarta e Sexta-feira 19h30 &#8211; Quinta-feira\u00a0\u00a0\u00a0\u00a0\u00a0\u00a0\u00a0 \u00a0\u00a0\u00a0\u00a0\u00a0\u00a0SEGUNDA-FEIRA Grupo M\u00e3es que Oram pelos Filhos Todas as segundas \u00e0s 15h Grupo de ora\u00e7\u00e3o S\u00e3o Miguel Arcanjo Todas segundas-feiras\u00a0&#8230;<\/p>\n","protected":false},"author":3351,"featured_media":0,"parent":0,"menu_order":0,"comment_status":"closed","ping_status":"closed","template":"","meta":{"_mi_skip_tracking":false,"_monsterinsights_sitenote_active":false,"_monsterinsights_sitenote_note":"","_monsterinsights_sitenote_category":0,"footnotes":""},"_links":{"self":[{"href":"https:\/\/blog.cancaonova.com\/aracaju\/wp-json\/wp\/v2\/pages\/5238"}],"collection":[{"href":"https:\/\/blog.cancaonova.com\/aracaju\/wp-json\/wp\/v2\/pages"}],"about":[{"href":"https:\/\/blog.cancaonova.com\/aracaju\/wp-json\/wp\/v2\/types\/page"}],"author":[{"embeddable":true,"href":"https:\/\/blog.cancaonova.com\/aracaju\/wp-json\/wp\/v2\/users\/3351"}],"replies":[{"embeddable":true,"href":"https:\/\/blog.cancaonova.com\/aracaju\/wp-json\/wp\/v2\/comments?post=5238"}],"version-history":[{"count":3,"href":"https:\/\/blog.cancaonova.com\/aracaju\/wp-json\/wp\/v2\/pages\/5238\/revisions"}],"predecessor-version":[{"id":6678,"href":"https:\/\/blog.cancaonova.com\/aracaju\/wp-json\/wp\/v2\/pages\/5238\/revisions\/6678"}],"wp:attachment":[{"href":"https:\/\/blog.cancaonova.com\/aracaju\/wp-json\/wp\/v2\/media?parent=5238"}],"curies":[{"name":"wp","href":"https:\/\/api.w.org\/{rel}","templated":true}]}}