{"id":5271,"date":"2017-04-03T11:33:49","date_gmt":"2017-04-03T14:33:49","guid":{"rendered":"http:\/\/blog.cancaonova.com\/aracaju\/?page_id=5271"},"modified":"2024-09-29T05:41:53","modified_gmt":"2024-09-29T08:41:53","slug":"tv-cancao-nova","status":"publish","type":"page","link":"https:\/\/blog.cancaonova.com\/aracaju\/tv-cancao-nova\/","title":{"rendered":"TV Can\u00e7\u00e3o Nova"},"content":{"rendered":"<p>A TV Can\u00e7\u00e3o Nova \u00e9 uma rede de televis\u00e3o Brasileira pertencente \u00e0 comunidade cat\u00f3lica Can\u00e7\u00e3o Nova.<\/p>\n<p>A miss\u00e3o Can\u00e7\u00e3o Nova de Aracaju teve in\u00edcio com a compra da esta\u00e7\u00e3o geradora de televis\u00e3o, em agosto de 1997.<\/p>\n<p>https:\/\/www.youtube.com\/@cancaonovaaracaju<\/p>\n<p>Ao longo dos anos, a TV foi crescendo atrav\u00e9s de cachoeira Paulista, e em Aracaju v\u00e1rio programas foram transmitidos pela grade nacional, e hoje outros programas locais s\u00e3o apresentados para atender a comunidade sergipana, o jornalismo, produz mat\u00e9rias para o Can\u00e7\u00e3o Nova Noticias. Al\u00e9m disso, com a arrecada\u00e7\u00e3o dos s\u00f3cios foram feitos investimentos na compra do pr\u00e9dio atual e do terreno dos transmissores, ou seja, a Can\u00e7\u00e3o Nova de Aracaju tem hoje um pr\u00e9dio pr\u00f3prio com tr\u00eas grandes est\u00fadios e a estrutura da TV onde tamb\u00e9m funciona a Casa de Evangeliza\u00e7\u00e3o.<\/p>\n","protected":false},"excerpt":{"rendered":"<p>A TV Can\u00e7\u00e3o Nova \u00e9 uma rede de televis\u00e3o Brasileira pertencente \u00e0 comunidade cat\u00f3lica Can\u00e7\u00e3o Nova. A miss\u00e3o Can\u00e7\u00e3o Nova de Aracaju teve in\u00edcio com a compra da esta\u00e7\u00e3o geradora de televis\u00e3o, em agosto de 1997. https:\/\/www.youtube.com\/@cancaonovaaracaju Ao longo dos&#8230;<\/p>\n","protected":false},"author":3351,"featured_media":0,"parent":0,"menu_order":0,"comment_status":"closed","ping_status":"closed","template":"","meta":{"_mi_skip_tracking":false,"_monsterinsights_sitenote_active":false,"_monsterinsights_sitenote_note":"","_monsterinsights_sitenote_category":0,"footnotes":""},"_links":{"self":[{"href":"https:\/\/blog.cancaonova.com\/aracaju\/wp-json\/wp\/v2\/pages\/5271"}],"collection":[{"href":"https:\/\/blog.cancaonova.com\/aracaju\/wp-json\/wp\/v2\/pages"}],"about":[{"href":"https:\/\/blog.cancaonova.com\/aracaju\/wp-json\/wp\/v2\/types\/page"}],"author":[{"embeddable":true,"href":"https:\/\/blog.cancaonova.com\/aracaju\/wp-json\/wp\/v2\/users\/3351"}],"replies":[{"embeddable":true,"href":"https:\/\/blog.cancaonova.com\/aracaju\/wp-json\/wp\/v2\/comments?post=5271"}],"version-history":[{"count":3,"href":"https:\/\/blog.cancaonova.com\/aracaju\/wp-json\/wp\/v2\/pages\/5271\/revisions"}],"predecessor-version":[{"id":6633,"href":"https:\/\/blog.cancaonova.com\/aracaju\/wp-json\/wp\/v2\/pages\/5271\/revisions\/6633"}],"wp:attachment":[{"href":"https:\/\/blog.cancaonova.com\/aracaju\/wp-json\/wp\/v2\/media?parent=5271"}],"curies":[{"name":"wp","href":"https:\/\/api.w.org\/{rel}","templated":true}]}}