{"id":5966,"date":"2017-04-05T11:39:35","date_gmt":"2017-04-05T14:39:35","guid":{"rendered":"http:\/\/blog.cancaonova.com\/aracaju\/?page_id=5966"},"modified":"2020-01-16T16:09:59","modified_gmt":"2020-01-16T19:09:59","slug":"vocacional","status":"publish","type":"page","link":"https:\/\/blog.cancaonova.com\/aracaju\/quem-somos\/vocacional\/","title":{"rendered":"Vocacional"},"content":{"rendered":"<p style=\"text-align: left\">O discernimento vocacional \u00e9 um processo de conhecimento em que, primeiramente, se procura identificar se o candidato preenche os requisitos espec\u00edficos para uma&nbsp;determinada Institui\u00e7\u00e3o. Depois, se avalia os aspectos da realidade pessoal, atrav\u00e9s dos quais se compreende se, de fato, a pessoa \u00e9 chamada \u00e0quela voca\u00e7\u00e3o espec\u00edfica.<\/p>\n<p style=\"text-align: left\">Neste processo permite-se avaliar, al\u00e9m do interesse e da inclina\u00e7\u00e3o para aquela determinada voca\u00e7\u00e3o, se a pessoa possui tamb\u00e9m as condi\u00e7\u00f5es e as virtudes exigidas para viv\u00ea-las e, especialmente a reta inten\u00e7\u00e3o, isto \u00e9, a vontade decidida e provada de entregar-se inteiramente ao Senhor, apoiada por sua f\u00e9.<\/p>\n<p style=\"text-align: left\" align=\"justify\"><strong>Voc\u00ea se sente chamado a viver uma consagra\u00e7\u00e3o a Deus atrav\u00e9s da Comunidade Can\u00e7\u00e3o Nova?<\/strong><\/p>\n<p style=\"text-align: left\" align=\"center\">\u25ba Para mais informa\u00e7\u00f5es entre em contato conosco<\/p>\n<p style=\"text-align: left\" align=\"center\"><strong>Equipe vocacional<\/strong><\/p>\n<p style=\"text-align: left\" align=\"center\">vocacionalaracaju@cancaonova.com&nbsp;<\/p>\n","protected":false},"excerpt":{"rendered":"<p>O discernimento vocacional \u00e9 um processo de conhecimento em que, primeiramente, se procura identificar se o candidato preenche os requisitos espec\u00edficos para uma&nbsp;determinada Institui\u00e7\u00e3o. Depois, se avalia os aspectos da realidade pessoal, atrav\u00e9s dos quais se compreende se, de fato,&#8230;<\/p>\n","protected":false},"author":4645,"featured_media":0,"parent":5961,"menu_order":0,"comment_status":"closed","ping_status":"closed","template":"","meta":{"_mi_skip_tracking":false,"_monsterinsights_sitenote_active":false,"_monsterinsights_sitenote_note":"","_monsterinsights_sitenote_category":0,"footnotes":""},"_links":{"self":[{"href":"https:\/\/blog.cancaonova.com\/aracaju\/wp-json\/wp\/v2\/pages\/5966"}],"collection":[{"href":"https:\/\/blog.cancaonova.com\/aracaju\/wp-json\/wp\/v2\/pages"}],"about":[{"href":"https:\/\/blog.cancaonova.com\/aracaju\/wp-json\/wp\/v2\/types\/page"}],"author":[{"embeddable":true,"href":"https:\/\/blog.cancaonova.com\/aracaju\/wp-json\/wp\/v2\/users\/4645"}],"replies":[{"embeddable":true,"href":"https:\/\/blog.cancaonova.com\/aracaju\/wp-json\/wp\/v2\/comments?post=5966"}],"version-history":[{"count":3,"href":"https:\/\/blog.cancaonova.com\/aracaju\/wp-json\/wp\/v2\/pages\/5966\/revisions"}],"predecessor-version":[{"id":6244,"href":"https:\/\/blog.cancaonova.com\/aracaju\/wp-json\/wp\/v2\/pages\/5966\/revisions\/6244"}],"up":[{"embeddable":true,"href":"https:\/\/blog.cancaonova.com\/aracaju\/wp-json\/wp\/v2\/pages\/5961"}],"wp:attachment":[{"href":"https:\/\/blog.cancaonova.com\/aracaju\/wp-json\/wp\/v2\/media?parent=5966"}],"curies":[{"name":"wp","href":"https:\/\/api.w.org\/{rel}","templated":true}]}}