{"id":5972,"date":"2019-01-31T11:00:10","date_gmt":"2019-01-31T14:00:10","guid":{"rendered":"http:\/\/blog.cancaonova.com\/aracaju\/?page_id=5972"},"modified":"2024-12-18T23:51:53","modified_gmt":"2024-12-19T02:51:53","slug":"agenda-2022","status":"publish","type":"page","link":"https:\/\/blog.cancaonova.com\/aracaju\/agenda-2022\/","title":{"rendered":"Agenda 2025"},"content":{"rendered":"<h2><span style=\"font-weight: 400\">Agenda 2025<\/span><\/h2>\n<ul>\n<li style=\"font-weight: 400\">\n<h4><span style=\"color: #0000ff\"><strong>Fevereiro<\/strong><\/span><\/h4>\n<\/li>\n<\/ul>\n<p><strong>06\/02 &#8211; Quinta-feira Aprofundamento &#8211; Cura Emocional\u00a0<\/strong><\/p>\n<p><strong>07\/02 &#8211; Sexta-feira\u00a0 \u00a0Aprofundamento &#8211;\u00a0 \u00a0Demonologia\u00a0<\/strong><\/p>\n<p><b>7 a 9 &#8211; Acampamento de Cura e Liberta\u00e7\u00e3o\u00a0<\/b><\/p>\n<ul>\n<li style=\"font-weight: 400\">\n<h3><span style=\"color: #0000ff\"><strong>Mar\u00e7o<\/strong><\/span><\/h3>\n<\/li>\n<\/ul>\n<p><b>14 a 16 &#8211;\u00a0 Congresso Mulheres como Maria\u00a0<\/b><\/p>\n<ul>\n<li><span style=\"color: #0000ff\"><strong>Abril<\/strong><\/span><\/li>\n<\/ul>\n<p><b>3 &#8211; Tr\u00edduo de Davi\u00a0<\/b><\/p>\n<p><b>4 a 6 &#8211; Livrai-nos do Mal &#8211;\u00a0<\/b><\/p>\n<ul>\n<li>\n<h3><span style=\"color: #0000ff\"><strong>\u00a0Maio<\/strong><\/span><\/h3>\n<\/li>\n<\/ul>\n<p><b>23 a 25 &#8211; A Profecia do Avivamento\u00a0<\/b><\/p>\n<ul>\n<li><span style=\"color: #0000ff\"><strong>Junho\u00a0\u00a0<\/strong><\/span><\/li>\n<\/ul>\n<p><span style=\"font-weight: 400\">13 a 15 &#8211; <\/span><b>Acampamento Fam\u00edlia<\/b><span style=\"font-weight: 400\"> &#8211;\u00a0<\/span><\/p>\n<ul>\n<li style=\"font-weight: 400\"><span style=\"color: #0000ff\"><strong>Julho<\/strong><\/span><\/li>\n<\/ul>\n<p><strong>05\/07 &#8211; Arrai\u00e1 Can\u00e7\u00e3o Nova<\/strong><\/p>\n<p><b>18 a 20 &#8211; Acampamento Jovens Sarados- Padre Edimilson<\/b><\/p>\n<ul>\n<li style=\"font-weight: 400\"><span style=\"color: #0000ff\"><strong>Agosto<\/strong><\/span><\/li>\n<\/ul>\n<p><b>15 a 17 &#8211; Terra de Milagres &#8211;<\/b><\/p>\n<ul>\n<li style=\"font-weight: 400\"><span style=\"color: #0000ff\"><strong>Setembro<\/strong><\/span><\/li>\n<\/ul>\n<p><b>\u00a0TR\u00cdDUO FESTA S\u00c3O MIGUEL\u00a0<\/b><\/p>\n<p><b>12 a 14 &#8211; f\u00e9 e milagres &#8211;<\/b><\/p>\n<ul>\n<li style=\"font-weight: 400\"><span style=\"color: #0000ff\"><strong>Outubro<\/strong><\/span><\/li>\n<\/ul>\n<p><strong>10 , 12 ,11 <\/strong><b>\u00a0&#8211; Acampamento Quem como Deus ou de Cura e \u00a0 \u00a0 \u00a0 \u00a0 <\/b><span style=\"font-weight: 400\">\u00a0<\/span><\/p>\n<ul>\n<li style=\"font-weight: 400\"><span style=\"color: #0000ff\"><strong>Novembro<\/strong><\/span><\/li>\n<\/ul>\n<p><b>07 a 09 &#8211; Acampamento PHN Nordeste\u00a0<\/b><\/p>\n<p><b>29 e 30 -Hosana Sergipe\u00a0<\/b><\/p>\n","protected":false},"excerpt":{"rendered":"<p>Agenda 2025 Fevereiro 06\/02 &#8211; Quinta-feira Aprofundamento &#8211; Cura Emocional\u00a0 07\/02 &#8211; Sexta-feira\u00a0 \u00a0Aprofundamento &#8211;\u00a0 \u00a0Demonologia\u00a0 7 a 9 &#8211; Acampamento de Cura e Liberta\u00e7\u00e3o\u00a0 Mar\u00e7o 14 a 16 &#8211;\u00a0 Congresso Mulheres como Maria\u00a0 Abril 3 &#8211; Tr\u00edduo de Davi\u00a0&#8230;<\/p>\n","protected":false},"author":4794,"featured_media":0,"parent":0,"menu_order":0,"comment_status":"closed","ping_status":"closed","template":"","meta":{"_mi_skip_tracking":false,"_monsterinsights_sitenote_active":false,"_monsterinsights_sitenote_note":"","_monsterinsights_sitenote_category":0,"footnotes":""},"_links":{"self":[{"href":"https:\/\/blog.cancaonova.com\/aracaju\/wp-json\/wp\/v2\/pages\/5972"}],"collection":[{"href":"https:\/\/blog.cancaonova.com\/aracaju\/wp-json\/wp\/v2\/pages"}],"about":[{"href":"https:\/\/blog.cancaonova.com\/aracaju\/wp-json\/wp\/v2\/types\/page"}],"author":[{"embeddable":true,"href":"https:\/\/blog.cancaonova.com\/aracaju\/wp-json\/wp\/v2\/users\/4794"}],"replies":[{"embeddable":true,"href":"https:\/\/blog.cancaonova.com\/aracaju\/wp-json\/wp\/v2\/comments?post=5972"}],"version-history":[{"count":42,"href":"https:\/\/blog.cancaonova.com\/aracaju\/wp-json\/wp\/v2\/pages\/5972\/revisions"}],"predecessor-version":[{"id":6744,"href":"https:\/\/blog.cancaonova.com\/aracaju\/wp-json\/wp\/v2\/pages\/5972\/revisions\/6744"}],"wp:attachment":[{"href":"https:\/\/blog.cancaonova.com\/aracaju\/wp-json\/wp\/v2\/media?parent=5972"}],"curies":[{"name":"wp","href":"https:\/\/api.w.org\/{rel}","templated":true}]}}