{"id":5974,"date":"2017-04-05T11:57:35","date_gmt":"2017-04-05T14:57:35","guid":{"rendered":"http:\/\/blog.cancaonova.com\/aracaju\/?page_id=5974"},"modified":"2024-11-12T15:03:18","modified_gmt":"2024-11-12T18:03:18","slug":"programacao-semanal","status":"publish","type":"page","link":"https:\/\/blog.cancaonova.com\/aracaju\/programacao-semanal\/","title":{"rendered":"Programa\u00e7\u00e3o Semanal"},"content":{"rendered":"<h4>Confira abaixo a nossa programa\u00e7\u00e3o semanal &#8211; atualizada em outubro 2024<\/h4>\n<p><strong>SEGUNDA-FEIRA<\/strong><br \/>\n12h00 \u2013 Santa Missa<br \/>\n18h30 \u00e0s 19h30 &#8211; Atendimento de Ora\u00e7\u00e3o<br \/>\n19h &#8211; Ter\u00e7o de S\u00e3o Miguel<br \/>\n19h30 \u2013 Grupo S\u00e3o Miguel<\/p>\n<p><strong>TER\u00c7A-FEIRA<\/strong><br \/>\n12h &#8211; Santa Missa<br \/>\nConfiss\u00f5es &#8211; 9h \u00e0s 11h30 \/ 14h \u00e0s 16h30<br \/>\n19H Grupo de Casais \u201cConsolo de Deus\u201d ( toda \u00faltima ter\u00e7a do m\u00eas)<\/p>\n<p><strong>QUARTA-FEIRA<br \/>\n<\/strong>Santa Missa &#8211; 17h<br \/>\nConfiss\u00f5es &#8211; 9h \u00e0s 11h30 \/ 14h \u00e0s 16h30<br \/>\nFeir\u00e3o da Provid\u00eancia ( toda 2\u00aa Quarta do m\u00eas) \u2013 9h \u00e0s 17h<br \/>\nBazar &#8211; 9h \u00e0s 17h<br \/>\nTer\u00e7o dos Homens ( 1\u00aa, 2\u00aa, 3\u00aa quarta do m\u00eas) &#8211; 19h30<\/p>\n<p><strong>QUINTA-FEIRA<\/strong><br \/>\nAdora\u00e7\u00e3o ao Sant\u00edssimo na Capela &#8211; 08h30 \u00e0s 12h00<br \/>\nConfiss\u00f5es &#8211; 9h \u00e0s 11h30<br \/>\nBazar &#8211; 9h \u00e0s 19h30<br \/>\nTer\u00e7o Mariano &#8211; 17h50<br \/>\nSanta Missa e Adora\u00e7\u00e3o\u00a0 rezando por Cura e Liberta\u00e7\u00e3o &#8211; 19h30<\/p>\n<p><strong>SEXTA-FEIRA<\/strong><br \/>\nConfiss\u00f5es &#8211; 10h \u00e0s 11h30<br \/>\nSanta Missa &#8211; 12h<\/p>\n<p><strong>S\u00c1BADO<\/strong><br \/>\nJovens Sarados &#8211; 16h &#8211; conferir em @jovenssaradosaju<\/p>\n<p>Informa\u00e7\u00f5es:<br \/>\n&gt;&gt; Clube da Evangeliza\u00e7\u00e3o: Seg \u00e0 Sex \u2013 8h \u00e0s 18h<br \/>\n&gt;&gt; Loja Can\u00e7\u00e3o Nova Aracaju \u2013 Seg \u00e0 Sex \u2013 09h \u00e0s 18h \/ Sab 9h \u00e0s 12h<br \/>\n&gt;&gt; Telefone: (79) 2104-4444<\/p>\n<p>&nbsp;<\/p>\n<p><strong>PROGRAMA\u00c7\u00c3O TV CAN\u00c7\u00c3O NOVA ARACAJU<\/strong><\/p>\n<p><strong>TV e YouTube<\/strong><\/p>\n<p><strong>Segunda<\/strong><br \/>\nA voz do Pastor, 11h48<\/p>\n<p>Vitrine Can\u00e7\u00e3o Nova, \u00e0s 14h37<\/p>\n<p><strong>Ter\u00e7a<\/strong><br \/>\nNo combate da Ora\u00e7\u00e3o, \u00e0s 17h<\/p>\n<p><strong>Quarta<\/strong><br \/>\nPrograma Igreja e Voc\u00ea, \u00e0s 17h<\/p>\n<p><strong>Quinta<\/strong><br \/>\nTer\u00e7o Mariano, \u00e0s 17h50.<\/p>\n<p>Santa Missa, \u00e0s 19h30.<\/p>\n<p>&nbsp;<\/p>\n<p><strong>Programa\u00e7\u00e3o Online &#8211; Instagram<\/strong><br \/>\n<strong>Segunda<\/strong><br \/>\n15h00 &#8211; Ter\u00e7o da Miseric\u00f3rdia<br \/>\n18h30 &#8211; Santo ter\u00e7o com as crian\u00e7as<br \/>\n19h30 &#8211; Transmiss\u00e3o Grupo de Ora\u00e7\u00e3o S\u00e3o Miguel Arcanjo<\/p>\n<p><strong>Ter\u00e7a<\/strong><br \/>\n18h00 &#8211; Ter\u00e7o Mariano<\/p>\n<p><strong>Quarta<\/strong><br \/>\n20h00 &#8211; Ter\u00e7o de S\u00e3o Jos\u00e9<\/p>\n<p><strong>Sexta<\/strong><br \/>\n20h00 &#8211; Live para Casais<br \/>\n\u00daltima sexta do m\u00eas &#8211; Live vocacional<\/p>\n<p>Programa\u00e7\u00e3o sujeita a altera\u00e7\u00f5es!<\/p>\n<p>(79) 2104-4444<\/p>\n<p>&nbsp;<\/p>\n<p><strong>Veja tamb\u00e9m:<\/strong><\/p>\n<p>\u25ba <a href=\"https:\/\/www.google.com.br\/maps\/place\/Can\u00e7\u00e3o+Nova+-+Aracaju\/@-10.9509382,-37.0757198,17z\/data=!3m1!4b1!4m5!3m4!1s0x71ab3d7a7ffffff:0x8508828313da62c!8m2!3d-10.9510743!4d-37.0735857\">Saiba como chegar<\/a><\/p>\n","protected":false},"excerpt":{"rendered":"<p>Confira abaixo a nossa programa\u00e7\u00e3o semanal &#8211; atualizada em outubro 2024 SEGUNDA-FEIRA 12h00 \u2013 Santa Missa 18h30 \u00e0s 19h30 &#8211; Atendimento de Ora\u00e7\u00e3o 19h &#8211; Ter\u00e7o de S\u00e3o Miguel 19h30 \u2013 Grupo S\u00e3o Miguel TER\u00c7A-FEIRA 12h &#8211; Santa Missa Confiss\u00f5es&#8230;<\/p>\n","protected":false},"author":4794,"featured_media":0,"parent":0,"menu_order":0,"comment_status":"closed","ping_status":"closed","template":"","meta":{"_mi_skip_tracking":false,"_monsterinsights_sitenote_active":false,"_monsterinsights_sitenote_note":"","_monsterinsights_sitenote_category":0,"footnotes":""},"_links":{"self":[{"href":"https:\/\/blog.cancaonova.com\/aracaju\/wp-json\/wp\/v2\/pages\/5974"}],"collection":[{"href":"https:\/\/blog.cancaonova.com\/aracaju\/wp-json\/wp\/v2\/pages"}],"about":[{"href":"https:\/\/blog.cancaonova.com\/aracaju\/wp-json\/wp\/v2\/types\/page"}],"author":[{"embeddable":true,"href":"https:\/\/blog.cancaonova.com\/aracaju\/wp-json\/wp\/v2\/users\/4794"}],"replies":[{"embeddable":true,"href":"https:\/\/blog.cancaonova.com\/aracaju\/wp-json\/wp\/v2\/comments?post=5974"}],"version-history":[{"count":28,"href":"https:\/\/blog.cancaonova.com\/aracaju\/wp-json\/wp\/v2\/pages\/5974\/revisions"}],"predecessor-version":[{"id":6728,"href":"https:\/\/blog.cancaonova.com\/aracaju\/wp-json\/wp\/v2\/pages\/5974\/revisions\/6728"}],"wp:attachment":[{"href":"https:\/\/blog.cancaonova.com\/aracaju\/wp-json\/wp\/v2\/media?parent=5974"}],"curies":[{"name":"wp","href":"https:\/\/api.w.org\/{rel}","templated":true}]}}