{"id":5988,"date":"2017-04-06T07:46:40","date_gmt":"2017-04-06T10:46:40","guid":{"rendered":"http:\/\/blog.cancaonova.com\/aracaju\/?page_id=5988"},"modified":"2017-04-06T07:46:40","modified_gmt":"2017-04-06T10:46:40","slug":"loja","status":"publish","type":"page","link":"https:\/\/blog.cancaonova.com\/aracaju\/loja\/","title":{"rendered":"Loja"},"content":{"rendered":"<p>A <strong>Loja Can\u00e7\u00e3o Nova<\/strong> como \u201cceleiro\u201d de evangeliza\u00e7\u00e3o, disponibiliza diversos produtos: livros, palestras, livros para ouvir, CDs, DVDs, vestu\u00e1rios e acess\u00f3rios, adulto e infantil que contribuem\u00a0com a evangeliza\u00e7\u00e3o.<\/p>\n<p>&nbsp;<\/p>\n<p>&lt;mapa loja embed # como chegar&gt;<\/p>\n","protected":false},"excerpt":{"rendered":"<p>A Loja Can\u00e7\u00e3o Nova como \u201cceleiro\u201d de evangeliza\u00e7\u00e3o, disponibiliza diversos produtos: livros, palestras, livros para ouvir, CDs, DVDs, vestu\u00e1rios e acess\u00f3rios, adulto e infantil que contribuem\u00a0com a evangeliza\u00e7\u00e3o. &nbsp; &lt;mapa loja embed # como chegar&gt;<\/p>\n","protected":false},"author":4645,"featured_media":0,"parent":0,"menu_order":0,"comment_status":"closed","ping_status":"closed","template":"","meta":{"_mi_skip_tracking":false,"_monsterinsights_sitenote_active":false,"_monsterinsights_sitenote_note":"","_monsterinsights_sitenote_category":0,"footnotes":""},"_links":{"self":[{"href":"https:\/\/blog.cancaonova.com\/aracaju\/wp-json\/wp\/v2\/pages\/5988"}],"collection":[{"href":"https:\/\/blog.cancaonova.com\/aracaju\/wp-json\/wp\/v2\/pages"}],"about":[{"href":"https:\/\/blog.cancaonova.com\/aracaju\/wp-json\/wp\/v2\/types\/page"}],"author":[{"embeddable":true,"href":"https:\/\/blog.cancaonova.com\/aracaju\/wp-json\/wp\/v2\/users\/4645"}],"replies":[{"embeddable":true,"href":"https:\/\/blog.cancaonova.com\/aracaju\/wp-json\/wp\/v2\/comments?post=5988"}],"version-history":[{"count":1,"href":"https:\/\/blog.cancaonova.com\/aracaju\/wp-json\/wp\/v2\/pages\/5988\/revisions"}],"predecessor-version":[{"id":5989,"href":"https:\/\/blog.cancaonova.com\/aracaju\/wp-json\/wp\/v2\/pages\/5988\/revisions\/5989"}],"wp:attachment":[{"href":"https:\/\/blog.cancaonova.com\/aracaju\/wp-json\/wp\/v2\/media?parent=5988"}],"curies":[{"name":"wp","href":"https:\/\/api.w.org\/{rel}","templated":true}]}}