{"id":4838,"date":"2012-10-22T12:45:53","date_gmt":"2012-10-22T15:45:53","guid":{"rendered":"http:\/\/blog.cancaonova.com\/bh\/"},"modified":"2022-05-04T15:55:01","modified_gmt":"2022-05-04T18:55:01","slug":"tv-cancao-nova-e-jornalismo","status":"publish","type":"page","link":"https:\/\/blog.cancaonova.com\/belohorizonte\/tv-cancao-nova-e-jornalismo\/","title":{"rendered":"TV CN Canal 45.1"},"content":{"rendered":"<div class=\"pf-content\"><p><img loading=\"lazy\" decoding=\"async\" class=\" wp-image-8785 alignright\" src=\"http:\/\/blog.cancaonova.com\/bh\/files\/2012\/10\/TV-BH.png-APROVADO-1-400x400.png\" alt=\"\" width=\"302\" height=\"302\" srcset=\"https:\/\/blog.cancaonova.com\/belohorizonte\/files\/2012\/10\/TV-BH.png-APROVADO-1-400x400.png 400w, https:\/\/blog.cancaonova.com\/belohorizonte\/files\/2012\/10\/TV-BH.png-APROVADO-1-768x768.png 768w, https:\/\/blog.cancaonova.com\/belohorizonte\/files\/2012\/10\/TV-BH.png-APROVADO-1.png 1080w\" sizes=\"(max-width: 302px) 100vw, 302px\" \/>Voc\u00ea pode sintonizar a Tv Can\u00e7\u00e3o Nova atrav\u00e9s do canal 45.1<\/p>\n<p>Estamos gravando alguns Programas daqui da nossa TV:<\/p>\n<ul>\n<li>SANTO TER\u00c7O\u00a0 direto do Santu\u00e1rio Bas\u00edlica de N.S. da Piedade aos\u00a0\u00a0domingos \u00e1s 18h<\/li>\n<li>JORNALISMO CAN\u00c7\u00c3O NOVA<\/li>\n<\/ul>\n<p>Pr\u00f3ximos Programas:<\/p>\n<ul>\n<li>PROGRAMA NO COLO DA M\u00c3E<\/li>\n<li>PROGRAMA CIRCULANDO<\/li>\n<li>PROGRAMA CAN\u00c7\u00c3O NOVA EM MINAS<\/li>\n<\/ul>\n<p>&nbsp;<\/p>\n<p>&nbsp;<\/p>\n<p>&nbsp;<\/p>\n<\/div>","protected":false},"excerpt":{"rendered":"<p>Voc\u00ea pode sintonizar a Tv Can\u00e7\u00e3o Nova atrav\u00e9s do canal 45.1 Estamos gravando alguns Programas daqui da nossa TV: SANTO TER\u00c7O\u00a0 direto do Santu\u00e1rio Bas\u00edlica de N.S. da Piedade aos\u00a0\u00a0domingos \u00e1s 18h JORNALISMO CAN\u00c7\u00c3O NOVA Pr\u00f3ximos Programas: PROGRAMA NO COLO&#8230;<\/p>\n","protected":false},"author":4620,"featured_media":0,"parent":0,"menu_order":3,"comment_status":"open","ping_status":"closed","template":"","meta":{"_mi_skip_tracking":false,"_monsterinsights_sitenote_active":false,"_monsterinsights_sitenote_note":"","_monsterinsights_sitenote_category":0,"footnotes":""},"_links":{"self":[{"href":"https:\/\/blog.cancaonova.com\/belohorizonte\/wp-json\/wp\/v2\/pages\/4838"}],"collection":[{"href":"https:\/\/blog.cancaonova.com\/belohorizonte\/wp-json\/wp\/v2\/pages"}],"about":[{"href":"https:\/\/blog.cancaonova.com\/belohorizonte\/wp-json\/wp\/v2\/types\/page"}],"author":[{"embeddable":true,"href":"https:\/\/blog.cancaonova.com\/belohorizonte\/wp-json\/wp\/v2\/users\/4620"}],"replies":[{"embeddable":true,"href":"https:\/\/blog.cancaonova.com\/belohorizonte\/wp-json\/wp\/v2\/comments?post=4838"}],"version-history":[{"count":37,"href":"https:\/\/blog.cancaonova.com\/belohorizonte\/wp-json\/wp\/v2\/pages\/4838\/revisions"}],"predecessor-version":[{"id":8967,"href":"https:\/\/blog.cancaonova.com\/belohorizonte\/wp-json\/wp\/v2\/pages\/4838\/revisions\/8967"}],"wp:attachment":[{"href":"https:\/\/blog.cancaonova.com\/belohorizonte\/wp-json\/wp\/v2\/media?parent=4838"}],"curies":[{"name":"wp","href":"https:\/\/api.w.org\/{rel}","templated":true}]}}