{"id":4997,"date":"2013-01-14T10:22:47","date_gmt":"2013-01-14T13:22:47","guid":{"rendered":"http:\/\/blog.cancaonova.com\/bh\/"},"modified":"2022-02-15T10:09:18","modified_gmt":"2022-02-15T13:09:18","slug":"bazar-da-providencia","status":"publish","type":"page","link":"https:\/\/blog.cancaonova.com\/belohorizonte\/eventos\/bazar-da-providencia\/","title":{"rendered":"Bazar da Provid\u00eancia"},"content":{"rendered":"<div class=\"pf-content\"><p><strong><img loading=\"lazy\" decoding=\"async\" class=\"alignleft  wp-image-8925\" src=\"http:\/\/blog.cancaonova.com\/bh\/files\/2013\/01\/WhatsApp-Image-2022-02-08-at-09.17.28.jpeg\" alt=\"\" width=\"258\" height=\"258\" srcset=\"https:\/\/blog.cancaonova.com\/belohorizonte\/files\/2013\/01\/WhatsApp-Image-2022-02-08-at-09.17.28.jpeg 1080w, https:\/\/blog.cancaonova.com\/belohorizonte\/files\/2013\/01\/WhatsApp-Image-2022-02-08-at-09.17.28-400x400.jpeg 400w, https:\/\/blog.cancaonova.com\/belohorizonte\/files\/2013\/01\/WhatsApp-Image-2022-02-08-at-09.17.28-768x768.jpeg 768w\" sizes=\"(max-width: 258px) 100vw, 258px\" \/>Bazar da Provid\u00eancia &#8211;<\/strong><strong>Can\u00e7\u00e3o Nova BH<\/strong><\/p>\n<p style=\"text-align: justify\">Aceitamos doa\u00e7\u00f5es de roupas, cal\u00e7ados, eletrodom\u00e9stico, tudo em perfeitas condi\u00e7\u00f5es de uso. Atrav\u00e9s da sua doa\u00e7\u00e3o ou adquirindo algum produto no nosso bazar, voc\u00ea nos ajuda de maneira direta na\u00a0 manuten\u00e7\u00e3o da nossa casa.<\/p>\n<p style=\"text-align: justify\">Rua Boaventura, 1836 &#8211; loja 7 &#8211; Jaragu\u00e1<\/p>\n<p style=\"text-align: justify\">\u00a0 Fone: (31)3306-6690<\/p>\n<p>&nbsp;<\/p>\n<p>&nbsp;<\/p>\n<\/div>","protected":false},"excerpt":{"rendered":"<p>Bazar da Provid\u00eancia &#8211;Can\u00e7\u00e3o Nova BH Aceitamos doa\u00e7\u00f5es de roupas, cal\u00e7ados, eletrodom\u00e9stico, tudo em perfeitas condi\u00e7\u00f5es de uso. Atrav\u00e9s da sua doa\u00e7\u00e3o ou adquirindo algum produto no nosso bazar, voc\u00ea nos ajuda de maneira direta na\u00a0 manuten\u00e7\u00e3o da nossa casa&#8230;.<\/p>\n","protected":false},"author":4620,"featured_media":0,"parent":6853,"menu_order":3,"comment_status":"open","ping_status":"closed","template":"","meta":{"_mi_skip_tracking":false,"_monsterinsights_sitenote_active":false,"_monsterinsights_sitenote_note":"","_monsterinsights_sitenote_category":0,"footnotes":""},"_links":{"self":[{"href":"https:\/\/blog.cancaonova.com\/belohorizonte\/wp-json\/wp\/v2\/pages\/4997"}],"collection":[{"href":"https:\/\/blog.cancaonova.com\/belohorizonte\/wp-json\/wp\/v2\/pages"}],"about":[{"href":"https:\/\/blog.cancaonova.com\/belohorizonte\/wp-json\/wp\/v2\/types\/page"}],"author":[{"embeddable":true,"href":"https:\/\/blog.cancaonova.com\/belohorizonte\/wp-json\/wp\/v2\/users\/4620"}],"replies":[{"embeddable":true,"href":"https:\/\/blog.cancaonova.com\/belohorizonte\/wp-json\/wp\/v2\/comments?post=4997"}],"version-history":[{"count":41,"href":"https:\/\/blog.cancaonova.com\/belohorizonte\/wp-json\/wp\/v2\/pages\/4997\/revisions"}],"predecessor-version":[{"id":8926,"href":"https:\/\/blog.cancaonova.com\/belohorizonte\/wp-json\/wp\/v2\/pages\/4997\/revisions\/8926"}],"up":[{"embeddable":true,"href":"https:\/\/blog.cancaonova.com\/belohorizonte\/wp-json\/wp\/v2\/pages\/6853"}],"wp:attachment":[{"href":"https:\/\/blog.cancaonova.com\/belohorizonte\/wp-json\/wp\/v2\/media?parent=4997"}],"curies":[{"name":"wp","href":"https:\/\/api.w.org\/{rel}","templated":true}]}}