{"id":5053,"date":"2013-01-17T17:19:07","date_gmt":"2013-01-17T20:19:07","guid":{"rendered":"http:\/\/blog.cancaonova.com\/bh\/"},"modified":"2025-01-30T17:24:18","modified_gmt":"2025-01-30T20:24:18","slug":"clube-da-evangelizacao","status":"publish","type":"page","link":"https:\/\/blog.cancaonova.com\/belohorizonte\/frente-de-missao\/clube-da-evangelizacao\/","title":{"rendered":"Clube da Evangeliza\u00e7\u00e3o"},"content":{"rendered":"<div class=\"pf-content\"><p><strong>Clube da Evangeliza\u00e7\u00e3o, o cora\u00e7\u00e3o da Obra Can\u00e7\u00e3o Nova<\/strong><\/p>\n<p style=\"text-align: justify\"><a href=\"http:\/\/blog.cancaonova.com\/bh\/files\/2013\/01\/clube.png\"><img loading=\"lazy\" decoding=\"async\" class=\"alignleft size-full wp-image-7193\" src=\"http:\/\/blog.cancaonova.com\/bh\/files\/2013\/01\/clube.png\" alt=\"clube\" width=\"350\" height=\"523\" \/><\/a>O <a href=\"http:\/\/clube.cancaonova.com\">Clube da Evangeliza\u00e7\u00e3o<\/a> \u00e9 formado por homens, mulheres e crian\u00e7as que, tocados por Jesus e impulsionados por Ele, assumem conosco um compromisso e s\u00e3o o canal da <a href=\"http:\/\/wiki.cancaonova.com\/index.php\/Divina_Provid%C3%AAncia\">Divina Provid\u00eancia<\/a>.<\/p>\n<p style=\"text-align: justify\">Atrav\u00e9s da doa\u00e7\u00e3o dessas pessoas todo Sistema de Comunica\u00e7\u00e3o <a href=\"http:\/\/comunidade.cancaonova.com\">Can\u00e7\u00e3o Nova<\/a> realiza sua miss\u00e3o: Evangelizar. A uni\u00e3o de pessoas, o comprometimento com a obra por meio de atitudes concretas e a responsabilidade com a miss\u00e3o ajudam a transformar homens novos para um mundo novo.<\/p>\n<p>Voc\u00ea tamb\u00e9m pode somar conosco nesta Miss\u00e3o de Evangelizar, sendo um s\u00f3cio-benfeitor, um evangelizador conosco. Fa\u00e7a a sua doa\u00e7\u00e3o indo a um de nossos pontos:<\/p>\n<p>Rua\u00a0 Boaventura 1836, loja 7 &#8211; Jaragu\u00e1<\/p>\n<p>Belo Horizonte &#8211; (31) 3306-6690<\/p>\n<p>Ou acesse:\u00a0<a href=\"http:\/\/clube.cancaonova.com\">clube.cancaonova.com<\/a><\/p>\n<p>&nbsp;<\/p>\n<div style=\"width: 1px;height: 1px;overflow: hidden\">\n<table border=\"0\" width=\"103\" cellspacing=\"0\" cellpadding=\"0\">\n<tbody>\n<tr>\n<td style=\"height: 12.75pt;width: 77pt\" width=\"103\" height=\"17\">3658-3586<\/td>\n<\/tr>\n<\/tbody>\n<\/table>\n<\/div>\n<\/div>","protected":false},"excerpt":{"rendered":"<p>Clube da Evangeliza\u00e7\u00e3o, o cora\u00e7\u00e3o da Obra Can\u00e7\u00e3o Nova O Clube da Evangeliza\u00e7\u00e3o \u00e9 formado por homens, mulheres e crian\u00e7as que, tocados por Jesus e impulsionados por Ele, assumem conosco um compromisso e s\u00e3o o canal da Divina Provid\u00eancia. Atrav\u00e9s&#8230;<\/p>\n","protected":false},"author":4794,"featured_media":0,"parent":6850,"menu_order":3,"comment_status":"closed","ping_status":"closed","template":"","meta":{"_mi_skip_tracking":false,"_monsterinsights_sitenote_active":false,"_monsterinsights_sitenote_note":"","_monsterinsights_sitenote_category":0,"footnotes":""},"_links":{"self":[{"href":"https:\/\/blog.cancaonova.com\/belohorizonte\/wp-json\/wp\/v2\/pages\/5053"}],"collection":[{"href":"https:\/\/blog.cancaonova.com\/belohorizonte\/wp-json\/wp\/v2\/pages"}],"about":[{"href":"https:\/\/blog.cancaonova.com\/belohorizonte\/wp-json\/wp\/v2\/types\/page"}],"author":[{"embeddable":true,"href":"https:\/\/blog.cancaonova.com\/belohorizonte\/wp-json\/wp\/v2\/users\/4794"}],"replies":[{"embeddable":true,"href":"https:\/\/blog.cancaonova.com\/belohorizonte\/wp-json\/wp\/v2\/comments?post=5053"}],"version-history":[{"count":8,"href":"https:\/\/blog.cancaonova.com\/belohorizonte\/wp-json\/wp\/v2\/pages\/5053\/revisions"}],"predecessor-version":[{"id":8791,"href":"https:\/\/blog.cancaonova.com\/belohorizonte\/wp-json\/wp\/v2\/pages\/5053\/revisions\/8791"}],"up":[{"embeddable":true,"href":"https:\/\/blog.cancaonova.com\/belohorizonte\/wp-json\/wp\/v2\/pages\/6850"}],"wp:attachment":[{"href":"https:\/\/blog.cancaonova.com\/belohorizonte\/wp-json\/wp\/v2\/media?parent=5053"}],"curies":[{"name":"wp","href":"https:\/\/api.w.org\/{rel}","templated":true}]}}