{"id":6853,"date":"2016-01-27T08:44:58","date_gmt":"2016-01-27T11:44:58","guid":{"rendered":"http:\/\/blog.cancaonova.com\/bh\/?page_id=6853"},"modified":"2025-02-19T13:46:50","modified_gmt":"2025-02-19T16:46:50","slug":"eventos","status":"publish","type":"page","link":"https:\/\/blog.cancaonova.com\/belohorizonte\/eventos\/","title":{"rendered":"Eventos"},"content":{"rendered":"<div class=\"pf-content\"><p><span style=\"font-family: Arial, sans-serif;\"><span style=\"font-size: medium;\"><strong>Eventos na Can\u00e7\u00e3o Nova<\/strong> \u00e9 um ponto de Encontro de Jesus e a pessoa.<\/span><\/span><\/p>\n<p>&nbsp;<\/p>\n<p>\u201c<strong><span style=\"font-family: Arial, sans-serif;\"><span style=\"font-size: medium;\">Levar a experi\u00eancia pessoal do encontro com Jesus Cristo na efic\u00e1cia do Esp\u00edrito Santo.<\/span><\/span><\/strong><\/p>\n<p><span style=\"font-family: Arial, sans-serif;\"><span style=\"font-size: medium;\">O Carisma Can\u00e7\u00e3o Nova \u00e9 uma forma renovada de levar a experi\u00eancia pessoal do encontro com Jesus Cristo na efic\u00e1cia do Esp\u00edrito Santo. Este Carisma encarnou-se em primeiro lugar no Fundador e depois em seus membros, formando um organismo vivo que \u00e9 a Can\u00e7\u00e3o Nova. Levar a experi\u00eancia pessoal do encontro com Jesus Cristo \u00e9 a prioridade de cada membro da Comunidade em tudo o que vive e realiza no seu dia a dia.\u201d<\/span><\/span><\/p>\n<p><span style=\"font-family: Arial, sans-serif;\"><span style=\"font-size: medium;\"><span style=\"color: #455a63;\">Com presen\u00e7a em diversos estados do Brasil e no exterior, a Comunidade Can\u00e7\u00e3o Nova tem a miss\u00e3o de <\/span><span style=\"color: #455a63;\"><b>evangelizar, comunicar Jesus e a vida nova que Ele veio trazer, pelos Encontros. <\/b><\/span><span style=\"color: #455a63;\">Tamb\u00e9m pelos <\/span><span style=\"color: #455a63;\"> meios de comunica\u00e7\u00e3o social.\u00a0<\/span> Na Can\u00e7\u00e3o Nova TUDO COME\u00c7OU PELOS EVENTOS.<\/span><\/span><\/p>\n<p><span style=\"font-family: Arial, sans-serif;\"><span style=\"font-size: medium;\">Com este intuito a Can\u00e7\u00e3o Nova prepara neste ano de 2025, encontros de Evangeliza\u00e7\u00e3o, nesta busca de formar homens novos para o Mundo NOVO.<\/span><\/span><\/p>\n<p><span style=\"font-family: Arial, sans-serif;\"><span style=\"font-size: medium;\">Organize-se, agende-se e venha estar conosco!<\/span><\/span><\/p>\n<p>&nbsp;<\/p>\n<p>&nbsp;<\/p>\n<p>&nbsp;<\/p>\n<p>&nbsp;<\/p>\n<p>&nbsp;<\/p>\n<\/div>","protected":false},"excerpt":{"rendered":"<p>Eventos na Can\u00e7\u00e3o Nova \u00e9 um ponto de Encontro de Jesus e a pessoa. &nbsp; \u201cLevar a experi\u00eancia pessoal do encontro com Jesus Cristo na efic\u00e1cia do Esp\u00edrito Santo. O Carisma Can\u00e7\u00e3o Nova \u00e9 uma forma renovada de levar a&#8230;<\/p>\n","protected":false},"author":1081,"featured_media":0,"parent":0,"menu_order":2,"comment_status":"closed","ping_status":"closed","template":"","meta":{"_mi_skip_tracking":false,"_monsterinsights_sitenote_active":false,"_monsterinsights_sitenote_note":"","_monsterinsights_sitenote_category":0,"footnotes":""},"_links":{"self":[{"href":"https:\/\/blog.cancaonova.com\/belohorizonte\/wp-json\/wp\/v2\/pages\/6853"}],"collection":[{"href":"https:\/\/blog.cancaonova.com\/belohorizonte\/wp-json\/wp\/v2\/pages"}],"about":[{"href":"https:\/\/blog.cancaonova.com\/belohorizonte\/wp-json\/wp\/v2\/types\/page"}],"author":[{"embeddable":true,"href":"https:\/\/blog.cancaonova.com\/belohorizonte\/wp-json\/wp\/v2\/users\/1081"}],"replies":[{"embeddable":true,"href":"https:\/\/blog.cancaonova.com\/belohorizonte\/wp-json\/wp\/v2\/comments?post=6853"}],"version-history":[{"count":7,"href":"https:\/\/blog.cancaonova.com\/belohorizonte\/wp-json\/wp\/v2\/pages\/6853\/revisions"}],"predecessor-version":[{"id":9108,"href":"https:\/\/blog.cancaonova.com\/belohorizonte\/wp-json\/wp\/v2\/pages\/6853\/revisions\/9108"}],"wp:attachment":[{"href":"https:\/\/blog.cancaonova.com\/belohorizonte\/wp-json\/wp\/v2\/media?parent=6853"}],"curies":[{"name":"wp","href":"https:\/\/api.w.org\/{rel}","templated":true}]}}