{"id":6863,"date":"2016-01-27T09:15:14","date_gmt":"2016-01-27T12:15:14","guid":{"rendered":"http:\/\/blog.cancaonova.com\/bh\/?page_id=6863"},"modified":"2025-07-08T16:19:14","modified_gmt":"2025-07-08T19:19:14","slug":"vocacional","status":"publish","type":"page","link":"https:\/\/blog.cancaonova.com\/belohorizonte\/vocacional\/","title":{"rendered":"Vocacional Can\u00e7\u00e3o Nova"},"content":{"rendered":"<div class=\"pf-content\"><h2>N\u00e3o te falta voca\u00e7\u00e3o, te falta coragem!<\/h2>\n<p>A falta de coragem \u00e9 o que tendemos muitas vezes a chamar nossa falta de aus\u00eancia de voca\u00e7\u00e3o, \u00e9 bem mais f\u00e1cil nos desassociarmos de uma realidade do que assumi-la, fingir que n\u00e3o \u00e9 com a gente e olhar para um outro lado, como diz ditado, o pior cego \u00e9 sempre aquele que n\u00e3o quer ver, voca\u00e7\u00e3o exige coragem e uma pitada de loucura, quando unimos essas duas realidades a gra\u00e7a acontece.<\/p>\n<p>Deus n\u00e3o nos criou seres soltos no universo, dentro de n\u00f3s existe um desejo eterno de plenitude e\u00a0esse desejo se chama voca\u00e7\u00e3o, pois \u00e9 s\u00f3 por meio dela que chegaremos nesse final pleno, \u201cTu nos\u00a0criaste para ti, e\u00a0nosso cora\u00e7\u00e3o n\u00e3o encontra repouso at\u00e9 que descanse em ti.\u201d (Santo Agostinho).<\/p>\n<p>N\u00e3o digo aqui de voca\u00e7\u00e3o religiosa ou matrimonial apenas, estou falando do para qu\u00ea Deus te criou,\u00a0existe uma finalidade espec\u00edfica que precisa ser assumida em nossas vidas.\u00a0N\u00e3o podemos nos permitir morrer como seres inacabados por medo de arriscar e fazer uma\u00a0experi\u00eancia diferente, a covardia \u00e9 uma afronta ao chamado de Deus, sinceramente, voc\u00ea acha que\u00a0Deus te chamaria para assumir algo que n\u00e3o fosse te fazer feliz e mais Santo?\u00a0Santo Irineu de Lyon j\u00e1 nos dizia , \u201cs\u00f3 pode ser redimido aquilo que \u00e9 assumido\u201d, talvez esteja na\u00a0hora de voc\u00ea redimir esse tempo que passou com medo, para poder assumir de fato a sua voca\u00e7\u00e3o\u00a0Deus a sonhou. \u00c9 preciso ter coragem!<\/p>\n<p><img loading=\"lazy\" decoding=\"async\" class=\"alignnone wp-image-9250\" src=\"https:\/\/blog.cancaonova.com\/belohorizonte\/files\/2025\/07\/Vocacional-Cancao-Nova-em-Belo-Horizonte-1-1.jpg\" alt=\"\" width=\"339\" height=\"254\" srcset=\"https:\/\/blog.cancaonova.com\/belohorizonte\/files\/2025\/07\/Vocacional-Cancao-Nova-em-Belo-Horizonte-1-1.jpg 1600w, https:\/\/blog.cancaonova.com\/belohorizonte\/files\/2025\/07\/Vocacional-Cancao-Nova-em-Belo-Horizonte-1-1-400x300.jpg 400w, https:\/\/blog.cancaonova.com\/belohorizonte\/files\/2025\/07\/Vocacional-Cancao-Nova-em-Belo-Horizonte-1-1-768x576.jpg 768w, https:\/\/blog.cancaonova.com\/belohorizonte\/files\/2025\/07\/Vocacional-Cancao-Nova-em-Belo-Horizonte-1-1-1536x1152.jpg 1536w\" sizes=\"(max-width: 339px) 100vw, 339px\" \/><\/p>\n<p>DEUS N\u00c3O FAZ ACORDOS, ELE FAZ CHAMADOS!<\/p>\n<p>N\u00f3s trazemos dentro do peito, muitas vezes, um \u201ccora\u00e7\u00e3o vendido\u201d, que sempre arruma um jeito de querer ficar entre o sim e o n\u00e3o, em uma \u00e1rea de n\u00e3o comprometimento total com o chamado de Deus.\u00a0Digo isso de mim, de voc\u00ea e de todos os que se atrevem a querer se enveredar por esse \u201cdar a vida a Deus\u201d. Precisamos travar uma constante luta contra n\u00f3s para n\u00e3o trocarmos nosso chamado por acordos.\u00a0Chamado: \u00c9 irrevog\u00e1vel. Apresenta uma dire\u00e7\u00e3o concreta e nos leva a um comprometimento com a causa e com o prop\u00f3sito.\u00a0Acordo: Um acordo sempre pode ser revisto, suas cl\u00e1usulas nem sempre s\u00e3o perp\u00e9tuas e bem definidas. Um acordo pode mudar com o tempo, um chamado n\u00e3o.\u00a0Algu\u00e9m que est\u00e1 disposto a dizer sim precisa estar disposto a responder esse chamado, n\u00e3o com papel e caneta, mas com a pr\u00f3pria vida!\u00a0O chamado leg\u00edtimo pode ser considerado como uma sar\u00e7a ardente, que queima e n\u00e3o se apaga. O interessante do chamado da sar\u00e7a \u00e9 que qualquer fogo pode ser aceso, por\u00e9m s\u00f3 permanecer\u00e1 aceso o fogo que for acendido pelo chamado de Deus.<\/p>\n<p>N\u00c3O ECONOMIZE LENHA! CORAGEM!<\/p>\n<p>Certa vez me perguntei sobre o porqu\u00ea muitas pessoas come\u00e7am com um ardor de entrega grande a Deus logo ap\u00f3s seu encontro pessoal com Jesus, por\u00e9m terminam sua vida e seu minist\u00e9rio mais frios que aqueles que nunca O encontraram.\u00a0A resposta para isso \u00e9 simples.\u00a0Aqueles que pararam de queimar por amor a Deus, pararam porque come\u00e7aram a\u00a0ECONOMIZAR LENHA. N\u00e3o tem mais coragem para ir al\u00e9m de si mesmo.<\/p>\n<p>Toda a vez que somos colocados em momentos de esfriamento na f\u00e9, tribula\u00e7\u00e3o ou persegui\u00e7\u00e3o, \u00e9 um convite de Deus para colocarmos mais lenha na fogueira, e n\u00e3o deixar o fogo apagar.\u00a0Os ventos do mundo nunca apagar\u00e3o um cora\u00e7\u00e3o que aprendeu a queimar por Deus.\u00a0O problema \u00e9 que deixamos de queimar nossas lenhas diante de Deus e come\u00e7amos a us\u00e1-las para construir altares para outros deuses que querem reinar em nosso cora\u00e7\u00e3o .<\/p>\n<p>Lenha n\u00e3o foi feita para apodrecer, foi feita para queimar. Quem gosta de economizar lenha na terra, n\u00e3o ter\u00e1 fogo o suficiente para manter aceso a chama do amor a Deus na Eternidade.\u00a0Entenda, aqueles que s\u00e3o adeptos ao fogo, s\u00f3 precisam de uma fagulha para come\u00e7arem um inc\u00eandio.<\/p>\n<p>N\u00e3o tenha medo de queimar tudo!!!!<\/p>\n<p>VOCA\u00c7\u00c3O: UM CHAMADO A SER RESPONDIDO<\/p>\n<p>&nbsp;<\/p>\n<p><strong>Mais informa\u00e7\u00f5es (whatsapp):<\/strong> (31) 99702-2698<\/p>\n<p>Ou<\/p>\n<p><strong>Envie e-mail: <\/strong>vocacionalbh@cancaonova.com<\/p>\n<p>Deus aben\u00e7oe seu chamado.<\/p>\n<p><em>Equipe Vocacional<\/em><\/p>\n<p>&nbsp;<\/p>\n<p><strong>Veja o convite do monsenhor Jonas a voc\u00ea. O Convite continua, pois existe um legado a se perpetuar):<\/strong><br \/>\n<iframe loading=\"lazy\" width=\"600\" height=\"400\" src=\"https:\/\/www.youtube.com\/embed\/6lF2noCX3Dk\" frameborder=\"0\" allowfullscreen><\/iframe><\/p>\n<\/div>","protected":false},"excerpt":{"rendered":"<p>N\u00e3o te falta voca\u00e7\u00e3o, te falta coragem! A falta de coragem \u00e9 o que tendemos muitas vezes a chamar nossa falta de aus\u00eancia de voca\u00e7\u00e3o, \u00e9 bem mais f\u00e1cil nos desassociarmos de uma realidade do que assumi-la, fingir que n\u00e3o&#8230;<\/p>\n","protected":false},"author":1081,"featured_media":9250,"parent":0,"menu_order":7,"comment_status":"closed","ping_status":"closed","template":"","meta":{"_mi_skip_tracking":false,"_monsterinsights_sitenote_active":false,"_monsterinsights_sitenote_note":"","_monsterinsights_sitenote_category":0,"footnotes":""},"_links":{"self":[{"href":"https:\/\/blog.cancaonova.com\/belohorizonte\/wp-json\/wp\/v2\/pages\/6863"}],"collection":[{"href":"https:\/\/blog.cancaonova.com\/belohorizonte\/wp-json\/wp\/v2\/pages"}],"about":[{"href":"https:\/\/blog.cancaonova.com\/belohorizonte\/wp-json\/wp\/v2\/types\/page"}],"author":[{"embeddable":true,"href":"https:\/\/blog.cancaonova.com\/belohorizonte\/wp-json\/wp\/v2\/users\/1081"}],"replies":[{"embeddable":true,"href":"https:\/\/blog.cancaonova.com\/belohorizonte\/wp-json\/wp\/v2\/comments?post=6863"}],"version-history":[{"count":14,"href":"https:\/\/blog.cancaonova.com\/belohorizonte\/wp-json\/wp\/v2\/pages\/6863\/revisions"}],"predecessor-version":[{"id":9253,"href":"https:\/\/blog.cancaonova.com\/belohorizonte\/wp-json\/wp\/v2\/pages\/6863\/revisions\/9253"}],"wp:featuredmedia":[{"embeddable":true,"href":"https:\/\/blog.cancaonova.com\/belohorizonte\/wp-json\/wp\/v2\/media\/9250"}],"wp:attachment":[{"href":"https:\/\/blog.cancaonova.com\/belohorizonte\/wp-json\/wp\/v2\/media?parent=6863"}],"curies":[{"name":"wp","href":"https:\/\/api.w.org\/{rel}","templated":true}]}}