{"id":8165,"date":"2017-02-21T14:42:44","date_gmt":"2017-02-21T17:42:44","guid":{"rendered":"http:\/\/blog.cancaonova.com\/bh\/?page_id=8165"},"modified":"2025-02-06T16:11:12","modified_gmt":"2025-02-06T19:11:12","slug":"como-chegar","status":"publish","type":"page","link":"https:\/\/blog.cancaonova.com\/belohorizonte\/frente-de-missao\/quem-somos\/como-chegar\/","title":{"rendered":"Como chegar"},"content":{"rendered":"<div class=\"pf-content\"><p><strong>COMO CHEGAR<\/strong><\/p>\n<p><strong><a href=\"https:\/\/maps.app.goo.gl\/su8jwcMpEZQpkVSU6?g_st=iw\">Espa\u00e7o Comunidade Can\u00e7\u00e3o Nova<\/a> &#8211; TV Can\u00e7\u00e3o Nova em Belo Horizonte<\/strong><\/p>\n<p>Endere\u00e7o: Rua Boaventura 1836, loja 7 &#8211; Jaragu\u00e1\/BH<\/p>\n<p>Para mais informa\u00e7\u00f5es, entre em contato:<\/p>\n<p><strong>Tel. Fixo: <\/strong>(31) 3306-6690<\/p>\n<p><strong>Cel. whatasapp:<\/strong> 031 99584 0250<\/p>\n<p>Esperamos por voc\u00ea!<\/p>\n<p>&nbsp;<\/p>\n<p>&nbsp;<\/p>\n<\/div>","protected":false},"excerpt":{"rendered":"<p>COMO CHEGAR Espa\u00e7o Comunidade Can\u00e7\u00e3o Nova &#8211; TV Can\u00e7\u00e3o Nova em Belo Horizonte Endere\u00e7o: Rua Boaventura 1836, loja 7 &#8211; Jaragu\u00e1\/BH Para mais informa\u00e7\u00f5es, entre em contato: Tel. Fixo: (31) 3306-6690 Cel. whatasapp: 031 99584 0250 Esperamos por voc\u00ea! &nbsp;&#8230;<\/p>\n","protected":false},"author":4794,"featured_media":9053,"parent":4615,"menu_order":0,"comment_status":"closed","ping_status":"closed","template":"","meta":{"_mi_skip_tracking":false,"_monsterinsights_sitenote_active":false,"_monsterinsights_sitenote_note":"","_monsterinsights_sitenote_category":0,"footnotes":""},"_links":{"self":[{"href":"https:\/\/blog.cancaonova.com\/belohorizonte\/wp-json\/wp\/v2\/pages\/8165"}],"collection":[{"href":"https:\/\/blog.cancaonova.com\/belohorizonte\/wp-json\/wp\/v2\/pages"}],"about":[{"href":"https:\/\/blog.cancaonova.com\/belohorizonte\/wp-json\/wp\/v2\/types\/page"}],"author":[{"embeddable":true,"href":"https:\/\/blog.cancaonova.com\/belohorizonte\/wp-json\/wp\/v2\/users\/4794"}],"replies":[{"embeddable":true,"href":"https:\/\/blog.cancaonova.com\/belohorizonte\/wp-json\/wp\/v2\/comments?post=8165"}],"version-history":[{"count":9,"href":"https:\/\/blog.cancaonova.com\/belohorizonte\/wp-json\/wp\/v2\/pages\/8165\/revisions"}],"predecessor-version":[{"id":9069,"href":"https:\/\/blog.cancaonova.com\/belohorizonte\/wp-json\/wp\/v2\/pages\/8165\/revisions\/9069"}],"up":[{"embeddable":true,"href":"https:\/\/blog.cancaonova.com\/belohorizonte\/wp-json\/wp\/v2\/pages\/4615"}],"wp:featuredmedia":[{"embeddable":true,"href":"https:\/\/blog.cancaonova.com\/belohorizonte\/wp-json\/wp\/v2\/media\/9053"}],"wp:attachment":[{"href":"https:\/\/blog.cancaonova.com\/belohorizonte\/wp-json\/wp\/v2\/media?parent=8165"}],"curies":[{"name":"wp","href":"https:\/\/api.w.org\/{rel}","templated":true}]}}