{"id":9058,"date":"2025-01-30T17:40:13","date_gmt":"2025-01-30T20:40:13","guid":{"rendered":"https:\/\/blog.cancaonova.com\/bh\/?page_id=9058"},"modified":"2025-02-19T14:14:08","modified_gmt":"2025-02-19T17:14:08","slug":"cancao-nova-em-missao","status":"publish","type":"page","link":"https:\/\/blog.cancaonova.com\/belohorizonte\/eventos\/cancao-nova-em-missao\/","title":{"rendered":"Can\u00e7\u00e3o Nova BH em Miss\u00e3o"},"content":{"rendered":"<div class=\"pf-content\"><h1><strong>Can\u00e7\u00e3o Nova em Miss\u00e3o<\/strong><\/h1>\n<p><img loading=\"lazy\" decoding=\"async\" class=\"alignnone  wp-image-9110\" src=\"https:\/\/blog.cancaonova.com\/belohorizonte\/files\/2025\/02\/Cancao-Nova-BH-em-Missao-400x300.jpg\" alt=\"\" width=\"342\" height=\"256\" srcset=\"https:\/\/blog.cancaonova.com\/belohorizonte\/files\/2025\/02\/Cancao-Nova-BH-em-Missao-400x300.jpg 400w, https:\/\/blog.cancaonova.com\/belohorizonte\/files\/2025\/02\/Cancao-Nova-BH-em-Missao-768x576.jpg 768w, https:\/\/blog.cancaonova.com\/belohorizonte\/files\/2025\/02\/Cancao-Nova-BH-em-Missao-1536x1152.jpg 1536w, https:\/\/blog.cancaonova.com\/belohorizonte\/files\/2025\/02\/Cancao-Nova-BH-em-Missao.jpg 1600w\" sizes=\"(max-width: 342px) 100vw, 342px\" \/><\/p>\n<p><span style=\"font-weight: 400;\">Nossa miss\u00e3o \u00e9 Evangelizar<\/span><\/p>\n<p><strong>\u201cIde por todo mundo a todos pregai o evangelho\u201d (Mc16,15)<\/strong><\/p>\n<p><span style=\"font-weight: 400;\">Esta \u00e9 uma ORDEM de Jesus para seus disc\u00edpulos. Para a <a href=\"https:\/\/blog.cancaonova.com\/belohorizonte\/cancao-nova-em-missao\/\">Can\u00e7\u00e3o Nova,<\/a> al\u00e9m desta ordem deu tamb\u00e9m a miss\u00e3o de promover a experi\u00eancia pessoal do encontro com Jesus na efic\u00e1cia do Esp\u00edrito Santo, com intuito de preparar um povo bem disposto para a segunda vinda de Jesus.<\/span><\/p>\n<p><span style=\"font-weight: 400;\">O carisma Can\u00e7\u00e3o Nova \u00e9 um DOM dado por Deus para estar a servi\u00e7o do povo, a servi\u00e7o da evangeliza\u00e7\u00e3o no mundo atual.\u00a0<\/span><\/p>\n<p><span style=\"font-weight: 400;\">Diante dos sofrimentos, o desafio de ser de Deus, das car\u00eancias providas da Falta do saber que EXISTE um Deus, o Esp\u00edrito santo nos impele ainda mais para Evangelizar o mundo, indo ao ENCONTRO, somando for\u00e7as com quem precisa. O tempo urge, com a acelera\u00e7\u00e3o dos minutos, \u00e9 preciso ANUNCIAR o CRISTO que vem. \u00c9 preciso preparar um canto novo na expectativa do SENHOR que est\u00e1 chegando.<\/span><\/p>\n<p><span style=\"font-weight: 400;\">Falar aos povos, renovando a esperan\u00e7a de viver o c\u00e9u ainda nesta terra. N\u00e3o sem sofrimento, mas na alegria em Jesus que nos faz suportar qualquer desafio deste mundo, numa atitude CONFIANTE de quem sabe e conhece o DEUS FILHO que morreu por mim.<\/span><\/p>\n<p><span style=\"font-weight: 400;\">Para concretizar esta proposta, a Can\u00e7\u00e3o Nova se disp\u00f5e\u00a0 a estar em sua Cidade, em seu bairro, em sua par\u00f3quia, em seu evento, disponibilizando este servi\u00e7o de EVANGELIZA\u00c7\u00c3O: \u201cDe gra\u00e7a recebeste, de gra\u00e7a deveis dar. &#8220;Mt 10,8<\/span><\/p>\n<p><b>Solicita\u00e7\u00e3o de miss\u00e3o para levar a Can\u00e7\u00e3o Nova em sua par\u00f3quia, preencher o link abaixo:<\/b><\/p>\n<p><a href=\"https:\/\/bit.ly\/Can\u00e7\u00e3onovaBH-Miss\u00e3oexterna\"><b>https:\/\/bit.ly\/Can\u00e7\u00e3onovaBH-Miss\u00e3oexterna<\/b><\/a><\/p>\n<p>&nbsp;<\/p>\n<p><strong>Maiores informa\u00e7\u00f5es:<\/strong><\/p>\n<p><span style=\"font-weight: 400;\"><strong>Tel. whatsapp:<\/strong> 031 99584 0250<\/span><\/p>\n<p><span style=\"font-weight: 400;\"><strong>Email:<\/strong> eventosbh@cancaonova.com<\/span><\/p>\n<p>&nbsp;<\/p>\n<p><span style=\"font-weight: 400;\">Estar com voc\u00ea na miss\u00e3o ser\u00e1 uma alegria! <\/span><\/p>\n<p><span style=\"font-weight: 400;\">Can\u00e7\u00e3o Nova \u00e0 servi\u00e7o do Evangelho, a servi\u00e7o da igreja.<\/span><\/p>\n<\/div>","protected":false},"excerpt":{"rendered":"<p>Can\u00e7\u00e3o Nova em Miss\u00e3o Nossa miss\u00e3o \u00e9 Evangelizar \u201cIde por todo mundo a todos pregai o evangelho\u201d (Mc16,15) Esta \u00e9 uma ORDEM de Jesus para seus disc\u00edpulos. Para a Can\u00e7\u00e3o Nova, al\u00e9m desta ordem deu tamb\u00e9m a miss\u00e3o de promover&#8230;<\/p>\n","protected":false},"author":4819,"featured_media":9110,"parent":6853,"menu_order":0,"comment_status":"closed","ping_status":"closed","template":"","meta":{"_mi_skip_tracking":false,"_monsterinsights_sitenote_active":false,"_monsterinsights_sitenote_note":"","_monsterinsights_sitenote_category":0,"footnotes":""},"_links":{"self":[{"href":"https:\/\/blog.cancaonova.com\/belohorizonte\/wp-json\/wp\/v2\/pages\/9058"}],"collection":[{"href":"https:\/\/blog.cancaonova.com\/belohorizonte\/wp-json\/wp\/v2\/pages"}],"about":[{"href":"https:\/\/blog.cancaonova.com\/belohorizonte\/wp-json\/wp\/v2\/types\/page"}],"author":[{"embeddable":true,"href":"https:\/\/blog.cancaonova.com\/belohorizonte\/wp-json\/wp\/v2\/users\/4819"}],"replies":[{"embeddable":true,"href":"https:\/\/blog.cancaonova.com\/belohorizonte\/wp-json\/wp\/v2\/comments?post=9058"}],"version-history":[{"count":4,"href":"https:\/\/blog.cancaonova.com\/belohorizonte\/wp-json\/wp\/v2\/pages\/9058\/revisions"}],"predecessor-version":[{"id":9109,"href":"https:\/\/blog.cancaonova.com\/belohorizonte\/wp-json\/wp\/v2\/pages\/9058\/revisions\/9109"}],"up":[{"embeddable":true,"href":"https:\/\/blog.cancaonova.com\/belohorizonte\/wp-json\/wp\/v2\/pages\/6853"}],"wp:featuredmedia":[{"embeddable":true,"href":"https:\/\/blog.cancaonova.com\/belohorizonte\/wp-json\/wp\/v2\/media\/9110"}],"wp:attachment":[{"href":"https:\/\/blog.cancaonova.com\/belohorizonte\/wp-json\/wp\/v2\/media?parent=9058"}],"curies":[{"name":"wp","href":"https:\/\/api.w.org\/{rel}","templated":true}]}}