{"id":9061,"date":"2025-01-30T17:41:10","date_gmt":"2025-01-30T20:41:10","guid":{"rendered":"https:\/\/blog.cancaonova.com\/bh\/?page_id=9061"},"modified":"2025-07-01T13:59:18","modified_gmt":"2025-07-01T16:59:18","slug":"grupo-de-oracao-cancao-nova","status":"publish","type":"page","link":"https:\/\/blog.cancaonova.com\/belohorizonte\/grupo-de-oracao-cancao-nova\/","title":{"rendered":"Grupo de ora\u00e7\u00e3o Can\u00e7\u00e3o Nova"},"content":{"rendered":"<div class=\"pf-content\"><div class=\"WaaZC\">\n<div class=\"RJPOee EIJn2\">\n<h2 data-hveid=\"CAMQAQ\" data-ved=\"2ahUKEwj488aU7puOAxXyHrkGHUZTM0AQo_EKegQIAxAB\">GRUPO DE ORA\u00c7\u00c3O CAN\u00c7\u00c3O NOVA EM BELO HORIZONTE<\/h2>\n<\/div>\n<div class=\"RJPOee EIJn2\">\n<div class=\"rPeykc\" data-hveid=\"CAMQAQ\" data-ved=\"2ahUKEwj488aU7puOAxXyHrkGHUZTM0AQo_EKegQIAxAB\"><span data-huuid=\"6334268319312540372\">O <a href=\"https:\/\/rccbrasil.org.br\/o-que-e-grupo-de-oracao\/\">Grupo de Ora\u00e7\u00e3o<\/a>\u00a0 Can\u00e7\u00e3o Nova \u00e9 um encontro semanal onde fi\u00e9is se re\u00fanem para rezar, louvar a Deus, ouvir a Palavra e buscar uma experi\u00eancia com o <a href=\"https:\/\/formacao.cancaonova.com\/espiritualidade\/espirito-santo\/\">Esp\u00edrito Santo<\/a>, dentro da espiritualidade da Renova\u00e7\u00e3o Carism\u00e1tica Cat\u00f3lica. <\/span><\/div>\n<div class=\"rPeykc\" data-hveid=\"CAMQAQ\" data-ved=\"2ahUKEwj488aU7puOAxXyHrkGHUZTM0AQo_EKegQIAxAB\"><span data-huuid=\"6334268319312540372\">\u00c9 um espa\u00e7o para fortalecer a f\u00e9, receber gra\u00e7as e crescer na vida crist\u00e3.<\/span><\/div>\n<div data-hveid=\"CAMQAQ\" data-ved=\"2ahUKEwj488aU7puOAxXyHrkGHUZTM0AQo_EKegQIAxAB\"><img loading=\"lazy\" decoding=\"async\" class=\"alignnone size-medium wp-image-9226\" src=\"https:\/\/blog.cancaonova.com\/belohorizonte\/files\/2022\/03\/Grupo-de-Oracao-Cancao-Nova-400x300.jpg\" alt=\"\" width=\"400\" height=\"300\" srcset=\"https:\/\/blog.cancaonova.com\/belohorizonte\/files\/2022\/03\/Grupo-de-Oracao-Cancao-Nova-400x300.jpg 400w, https:\/\/blog.cancaonova.com\/belohorizonte\/files\/2022\/03\/Grupo-de-Oracao-Cancao-Nova-768x576.jpg 768w, https:\/\/blog.cancaonova.com\/belohorizonte\/files\/2022\/03\/Grupo-de-Oracao-Cancao-Nova-1536x1152.jpg 1536w, https:\/\/blog.cancaonova.com\/belohorizonte\/files\/2022\/03\/Grupo-de-Oracao-Cancao-Nova.jpg 1600w\" sizes=\"(max-width: 400px) 100vw, 400px\" \/><\/div>\n<div data-hveid=\"CAMQAQ\" data-ved=\"2ahUKEwj488aU7puOAxXyHrkGHUZTM0AQo_EKegQIAxAB\"><span data-huuid=\"6334268319312540372\">Grupo de Ora\u00e7\u00e3o Can\u00e7\u00e3o Nova: <strong>Todas a TER\u00c7AS-FEIRAS, 19h30<\/strong><br \/>\n<strong>Local:<\/strong> IGREJA S\u00c3O FRANCISCO<\/span><\/div>\n<div class=\"rPeykc\" data-hveid=\"CAMQAQ\" data-ved=\"2ahUKEwj488aU7puOAxXyHrkGHUZTM0AQo_EKegQIAxAB\"><span data-huuid=\"6334268319312540372\">Rua Dr. Sylvio Menicucci, 70 &#8211; Castelo, Belo Horizonte\u00a0<\/span><\/div>\n<div class=\"rPeykc\" data-hveid=\"CAMQAQ\" data-ved=\"2ahUKEwj488aU7puOAxXyHrkGHUZTM0AQo_EKegQIAxAB\"><span data-huuid=\"6334268319312540372\"><br \/>\nObjetivo:<br \/>\nProporcionar uma <a href=\"https:\/\/formacao.cancaonova.com\/espiritualidade\/experiencia-com-deus-precisa-ser-vivida-efetivamente\/\">experi\u00eancia com Deus<\/a>, no poder do Esp\u00edrito Santo, e fortalecer a f\u00e9 dos participantes atrav\u00e9s da ora\u00e7\u00e3o, louvor e prega\u00e7\u00e3o.\u00a0<\/span><\/div>\n<div class=\"rPeykc\" data-hveid=\"CAMQAQ\" data-ved=\"2ahUKEwj488aU7puOAxXyHrkGHUZTM0AQo_EKegQIAxAB\"><span data-huuid=\"6334268319312540372\"><br \/>\nEspiritualidade:<br \/>\nEst\u00e1 fundamentado na espiritualidade da <a href=\"https:\/\/rccbrasil.org.br\/\">Renova\u00e7\u00e3o Carism\u00e1tica Cat\u00f3lica<\/a>, buscando a viv\u00eancia dos dons do Esp\u00edrito Santo.<\/span><\/div>\n<div class=\"rPeykc\" data-hveid=\"CAMQAQ\" data-ved=\"2ahUKEwj488aU7puOAxXyHrkGHUZTM0AQo_EKegQIAxAB\"><span data-huuid=\"6334268319312540372\"><br \/>\n<a href=\"https:\/\/www.vaticannews.va\/pt\/papa\/news\/2023-05\/papa-francisco-intencao-oracao-maio-movimentos-grupos-eclesiais.html\">Participa\u00e7\u00e3o:<\/a> Aberto a todos que desejam participar<\/span><\/div>\n<div class=\"rPeykc\" data-hveid=\"CAMQAQ\" data-ved=\"2ahUKEwj488aU7puOAxXyHrkGHUZTM0AQo_EKegQIAxAB\"><span data-huuid=\"6334268319312540372\"><br \/>\n<strong>Programa\u00e7\u00e3o:<\/strong><br \/>\nInclui momentos de ora\u00e7\u00e3o, louvor, prega\u00e7\u00e3o e partilha da Palavra.<\/span><\/div>\n<\/div>\n<\/div>\n<div data-hveid=\"CAMQAQ\" data-ved=\"2ahUKEwj488aU7puOAxXyHrkGHUZTM0AQo_EKegQIAxAB\">Cada tempo um <a href=\"https:\/\/blog.cancaonova.com\/belohorizonte\/\">novo tempo,<\/a> uma nova proposta.<\/div>\n<div data-hveid=\"CAMQAQ\" data-ved=\"2ahUKEwj488aU7puOAxXyHrkGHUZTM0AQo_EKegQIAxAB\"><\/div>\n<div data-hveid=\"CAMQAQ\" data-ved=\"2ahUKEwj488aU7puOAxXyHrkGHUZTM0AQo_EKegQIAxAB\"><\/div>\n<div data-hveid=\"CAMQAQ\" data-ved=\"2ahUKEwj488aU7puOAxXyHrkGHUZTM0AQo_EKegQIAxAB\"><strong>Mais informa\u00e7oes:<\/strong><\/div>\n<div data-hveid=\"CAMQAQ\" data-ved=\"2ahUKEwj488aU7puOAxXyHrkGHUZTM0AQo_EKegQIAxAB\"><strong>Whatsapp(eventos CN BH):<\/strong> 031 99584 0250<\/div>\n<div data-hveid=\"CAMQAQ\" data-ved=\"2ahUKEwj488aU7puOAxXyHrkGHUZTM0AQo_EKegQIAxAB\"><\/div>\n<div data-hveid=\"CAMQAQ\" data-ved=\"2ahUKEwj488aU7puOAxXyHrkGHUZTM0AQo_EKegQIAxAB\">Esperamos por voc\u00ea!<\/div>\n<div class=\"WaaZC\">\n<div class=\"RJPOee EIJn2\">\n<div class=\"rPeykc\" data-hveid=\"CAMQAQ\" data-ved=\"2ahUKEwj488aU7puOAxXyHrkGHUZTM0AQo_EKegQIAxAB\">\n<p>&nbsp;<\/p>\n<p>&nbsp;<\/p>\n<\/div>\n<\/div>\n<\/div>\n<\/div>","protected":false},"excerpt":{"rendered":"<p>GRUPO DE ORA\u00c7\u00c3O CAN\u00c7\u00c3O NOVA EM BELO HORIZONTE O Grupo de Ora\u00e7\u00e3o\u00a0 Can\u00e7\u00e3o Nova \u00e9 um encontro semanal onde fi\u00e9is se re\u00fanem para rezar, louvar a Deus, ouvir a Palavra e buscar uma experi\u00eancia com o Esp\u00edrito Santo, dentro da&#8230;<\/p>\n","protected":false},"author":4819,"featured_media":9226,"parent":0,"menu_order":0,"comment_status":"closed","ping_status":"closed","template":"","meta":{"_mi_skip_tracking":false,"_monsterinsights_sitenote_active":false,"_monsterinsights_sitenote_note":"","_monsterinsights_sitenote_category":0,"footnotes":""},"_links":{"self":[{"href":"https:\/\/blog.cancaonova.com\/belohorizonte\/wp-json\/wp\/v2\/pages\/9061"}],"collection":[{"href":"https:\/\/blog.cancaonova.com\/belohorizonte\/wp-json\/wp\/v2\/pages"}],"about":[{"href":"https:\/\/blog.cancaonova.com\/belohorizonte\/wp-json\/wp\/v2\/types\/page"}],"author":[{"embeddable":true,"href":"https:\/\/blog.cancaonova.com\/belohorizonte\/wp-json\/wp\/v2\/users\/4819"}],"replies":[{"embeddable":true,"href":"https:\/\/blog.cancaonova.com\/belohorizonte\/wp-json\/wp\/v2\/comments?post=9061"}],"version-history":[{"count":4,"href":"https:\/\/blog.cancaonova.com\/belohorizonte\/wp-json\/wp\/v2\/pages\/9061\/revisions"}],"predecessor-version":[{"id":9233,"href":"https:\/\/blog.cancaonova.com\/belohorizonte\/wp-json\/wp\/v2\/pages\/9061\/revisions\/9233"}],"wp:featuredmedia":[{"embeddable":true,"href":"https:\/\/blog.cancaonova.com\/belohorizonte\/wp-json\/wp\/v2\/media\/9226"}],"wp:attachment":[{"href":"https:\/\/blog.cancaonova.com\/belohorizonte\/wp-json\/wp\/v2\/media?parent=9061"}],"curies":[{"name":"wp","href":"https:\/\/api.w.org\/{rel}","templated":true}]}}