{"id":12701,"date":"2016-12-29T07:39:45","date_gmt":"2016-12-29T10:39:45","guid":{"rendered":"http:\/\/blog.cancaonova.com\/brasilia\/?page_id=12701"},"modified":"2018-05-15T11:10:01","modified_gmt":"2018-05-15T14:10:01","slug":"nossa-historia","status":"publish","type":"page","link":"https:\/\/blog.cancaonova.com\/brasilia\/nossa-historia\/","title":{"rendered":"Nossa Hist\u00f3ria"},"content":{"rendered":"<h2 style=\"text-align: left\" align=\"CENTER\">Can\u00e7\u00e3o Nova no Cora\u00e7\u00e3o do Brasil<\/h2>\n<p style=\"text-align: justify\"><span style=\"color: #2c2b2b\"><span style=\"font-family: Arial, sans-serif\">\u00c9 atrav\u00e9s desses meios:<\/span><\/span><em><span style=\"color: #2c2b2b\"><span style=\"font-family: Arial, sans-serif\">&nbsp;<strong>Livraria, Eventos, TV, WebTV, R\u00e1dio, Clube da Evangeliza\u00e7\u00e3o, M\u00eddias sociais, Grupo de ora\u00e7\u00e3o para adultos e jovens,<\/strong><\/span><\/span><\/em><span style=\"color: #2c2b2b\"><span style=\"font-family: Arial, sans-serif\">&nbsp;que a miss\u00e3o <em><strong>Can\u00e7\u00e3o Nova<\/strong><\/em> atinge todo o Distrito Federal.&nbsp;<\/span><\/span><\/p>\n<div id=\"attachment_11290\" style=\"width: 220px\" class=\"wp-caption alignleft\"><img loading=\"lazy\" decoding=\"async\" aria-describedby=\"caption-attachment-11290\" class=\" wp-image-11290\" src=\"http:\/\/blog.cancaonova.com\/brasilia\/files\/2008\/04\/PGM-RADIO-300x150.jpg\" alt=\"PGM RADIO\" width=\"210\" height=\"105\" srcset=\"https:\/\/blog.cancaonova.com\/brasilia\/files\/2008\/04\/PGM-RADIO-300x150.jpg 300w, https:\/\/blog.cancaonova.com\/brasilia\/files\/2008\/04\/PGM-RADIO.jpg 960w\" sizes=\"(max-width: 210px) 100vw, 210px\" \/><p id=\"caption-attachment-11290\" class=\"wp-caption-text\">Estudio da R\u00e1dio Can\u00e7\u00e3o Nova em Bras\u00edlia<\/p><\/div>\n<p><span style=\"color: #2c2b2b\"><span style=\"font-family: Arial, sans-serif\">A&nbsp;<\/span><\/span><strong><span style=\"color: #2c2b2b\"><span style=\"font-family: Arial, sans-serif\">Can\u00e7\u00e3o Nova<\/span><\/span><\/strong><span style=\"color: #2c2b2b\"><span style=\"font-family: Arial, sans-serif\">, em Bras\u00edlia, tem hist\u00f3ria desde os&nbsp;<\/span><\/span><strong><span style=\"color: #2c2b2b\"><span style=\"font-family: Arial, sans-serif\">anos 90<\/span><\/span><\/strong><span style=\"color: #2c2b2b\"><span style=\"font-family: Arial, sans-serif\">, mas o primeiro n\u00facleo da Comunidade de Vida s\u00f3 chegou na capital do pa\u00eds&nbsp;<\/span><\/span><strong><span style=\"color: #2c2b2b\"><span style=\"font-family: Arial, sans-serif\">em janeiro de 2001<\/span><\/span><\/strong><span style=\"color: #2c2b2b\"><span style=\"font-family: Arial, sans-serif\">. A obra \u2013 que se instalou na Par\u00f3quia Nossa Senhora de Nazar\u00e9 \u2013 foi acolhida pelo ent\u00e3o Cardeal Em\u00e9rito Dom Falc\u00e3o e com muito carinho pelo p\u00e1roco do local, Padre Paulinho.<\/span><\/span><\/p>\n<div id=\"attachment_11292\" style=\"width: 220px\" class=\"wp-caption alignright\"><img loading=\"lazy\" decoding=\"async\" aria-describedby=\"caption-attachment-11292\" class=\" wp-image-11292\" src=\"http:\/\/blog.cancaonova.com\/brasilia\/files\/2008\/04\/LOJA-2-300x200.jpg\" alt=\"LOJA 2\" width=\"210\" height=\"140\" srcset=\"https:\/\/blog.cancaonova.com\/brasilia\/files\/2008\/04\/LOJA-2-300x200.jpg 300w, https:\/\/blog.cancaonova.com\/brasilia\/files\/2008\/04\/LOJA-2.jpg 720w\" sizes=\"(max-width: 210px) 100vw, 210px\" \/><p id=\"caption-attachment-11292\" class=\"wp-caption-text\">Loja Can\u00e7\u00e3o Nova em Bras\u00edlia<\/p><\/div>\n<p><span style=\"color: #2c2b2b\"><span style=\"font-family: Arial, sans-serif\"> A miss\u00e3o acontecia nos in\u00edcios juntos com o povo, em grupos de ora\u00e7\u00e3o, atendimentos e encontros; mas Deus tinha algo a mais. Quatro meses depois, a Comunidade adquiriu o primeiro canal de TV, que come\u00e7ou a produzir programas locais, com a miss\u00e3o espec\u00edfica de cobrir as a\u00e7\u00f5es do<\/span><\/span><em><span style=\"color: #2c2b2b\"><span style=\"font-family: Arial, sans-serif\">&nbsp;Congresso Nacional e da CNBB<\/span><\/span><\/em><span style=\"color: #2c2b2b\"><span style=\"font-family: Arial, sans-serif\">&nbsp;\u2013 que tem sua sede e o centro de suas atividades na Capital Federal.<\/span><\/span><\/p>\n<p>&nbsp;<\/p>\n<p>&nbsp;<\/p>\n<p><span style=\"color: #2c2b2b\"><span style=\"font-family: Arial, sans-serif\">Infelizmente, devido \u00e0s dificuldades financeiras, o canal saiu do ar, mas a esperan\u00e7a n\u00e3o morreu. Os mission\u00e1rios continuaram com as atividades de evangeliza\u00e7\u00e3o que faziam antes. Eles viveram momentos de muitas lutas, mas Deus permaneceu fiel. <\/span><\/span><\/p>\n<div id=\"attachment_11287\" style=\"width: 190px\" class=\"wp-caption alignleft\"><img loading=\"lazy\" decoding=\"async\" aria-describedby=\"caption-attachment-11287\" class=\" wp-image-11287\" src=\"http:\/\/blog.cancaonova.com\/brasilia\/files\/2008\/04\/TV1-300x225.jpg\" alt=\"TV1\" width=\"180\" height=\"135\" srcset=\"https:\/\/blog.cancaonova.com\/brasilia\/files\/2008\/04\/TV1-300x225.jpg 300w, https:\/\/blog.cancaonova.com\/brasilia\/files\/2008\/04\/TV1.jpg 640w\" sizes=\"(max-width: 180px) 100vw, 180px\" \/><p id=\"caption-attachment-11287\" class=\"wp-caption-text\">Programa na TV Can\u00e7\u00e3o Nova<\/p><\/div>\n<div id=\"attachment_11284\" style=\"width: 153px\" class=\"wp-caption alignright\"><img loading=\"lazy\" decoding=\"async\" aria-describedby=\"caption-attachment-11284\" class=\" wp-image-11284\" src=\"http:\/\/blog.cancaonova.com\/brasilia\/files\/2008\/04\/SAAN-239x300.jpg\" alt=\"SAAN\" width=\"143\" height=\"180\" srcset=\"https:\/\/blog.cancaonova.com\/brasilia\/files\/2008\/04\/SAAN-239x300.jpg 239w, https:\/\/blog.cancaonova.com\/brasilia\/files\/2008\/04\/SAAN-829x1040.jpg 829w, https:\/\/blog.cancaonova.com\/brasilia\/files\/2008\/04\/SAAN.jpg 1464w\" sizes=\"(max-width: 143px) 100vw, 143px\" \/><p id=\"caption-attachment-11284\" class=\"wp-caption-text\">Centro Multim\u00eddia Can\u00e7\u00e3o Nova de Bras\u00edlia<\/p><\/div>\n<p>&nbsp;<\/p>\n<p><span style=\"color: #2c2b2b\"><span style=\"font-family: Arial, sans-serif\">Em&nbsp;<\/span><\/span><strong><span style=\"color: #2c2b2b\"><span style=\"font-family: Arial, sans-serif\">junho de 2008<\/span><\/span><\/strong><span style=\"color: #2c2b2b\"><span style=\"font-family: Arial, sans-serif\">, veio a recompensa e grande provid\u00eancia da parte do Senhor \u2013 inaugura\u00e7\u00e3o da&nbsp;<\/span><\/span><strong><span style=\"font-family: Arial, sans-serif\">R\u00e1dio Can\u00e7\u00e3o Nova (89.1 FM)<\/span><\/strong><span style=\"font-family: Arial, sans-serif\">, da<\/span><strong><span style=\"font-family: Arial, sans-serif\">&nbsp;TV Can\u00e7\u00e3o Nova (canal 43 UHF e 25 NET) <\/span><\/strong><span style=\"font-family: Arial, sans-serif\">e da<\/span><strong><span style=\"font-family: Arial, sans-serif\"> Loja Can\u00e7\u00e3o Nova (W3 502 Sul). <\/span><\/strong><span style=\"color: #000000\"><span style=\"font-family: Arial, sans-serif\">Com isto, todo o trabalho realizado pela Miss\u00e3o Can\u00e7\u00e3o Nova de Bras\u00edlia ampliou-se consideravelmente.<\/span><\/span><\/p>\n<p>&nbsp;<\/p>\n<p>&nbsp;<\/p>\n<p style=\"text-align: justify\"><em><strong><span style=\"color: #000000\"><span style=\"font-family: Arial, sans-serif\"> A Comunidade Can\u00e7\u00e3o Nova completou em fevereiro de 2018, 40 anos desde a sua funda\u00e7\u00e3o inicial e a Miss\u00e3o de Bras\u00edlia celebrar\u00e1 seus 17 anos!&nbsp;<\/span><\/span><\/strong><\/em><\/p>\n<h2 style=\"text-align: center\">&nbsp;<\/h2>\n<p>&nbsp;<\/p>\n<h2 style=\"text-align: center\"><span style=\"color: #000000\"><strong>:: INSTITUCIONAL DA MISS\u00c3O DE BRAS\u00cdLIA ::<\/strong><\/span><\/h2>\n<p style=\"text-align: center\"><strong><span style=\"color: #ff0000\"><br \/>\n<\/span><\/strong><\/p>\n<p style=\"text-align: center\"><strong><img loading=\"lazy\" decoding=\"async\" class=\"aligncenter size-full wp-image-9043\" src=\"http:\/\/blog.cancaonova.com\/brasilia\/files\/2008\/04\/cnbrasilia-oficial-37.jpg\" alt=\"\" width=\"285\" height=\"217\" srcset=\"https:\/\/blog.cancaonova.com\/brasilia\/files\/2008\/04\/cnbrasilia-oficial-37.jpg 475w, https:\/\/blog.cancaonova.com\/brasilia\/files\/2008\/04\/cnbrasilia-oficial-37-300x228.jpg 300w\" sizes=\"(max-width: 285px) 100vw, 285px\" \/><br \/>\n<span style=\"color: #008000\"><span style=\"color: #000000\"><em>&#8220;N\u00f3s queremos, a partir de Bras\u00edlia, fazer com que o Brasil seja mais crist\u00e3o, mais fraterno e tenha a gra\u00e7a de Viver a Justi\u00e7a&#8221;<\/em><\/span><br \/>\n<\/span> <\/strong><em>Monsenhor Jonas Abib por ocasi\u00e3o da Inaugura\u00e7\u00e3o da TV e R\u00e1dio (junho de 2008)<\/em><\/p>\n<p style=\"text-align: center\"><em><img loading=\"lazy\" decoding=\"async\" class=\"aligncenter size-full wp-image-9287\" src=\"http:\/\/blog.cancaonova.com\/brasilia\/files\/2008\/04\/capa.jpg\" alt=\"\" width=\"380\" height=\"570\" srcset=\"https:\/\/blog.cancaonova.com\/brasilia\/files\/2008\/04\/capa.jpg 475w, https:\/\/blog.cancaonova.com\/brasilia\/files\/2008\/04\/capa-199x300.jpg 199w\" sizes=\"(max-width: 380px) 100vw, 380px\" \/><br \/>\n<\/em><\/p>\n<p style=\"text-align: center\"><span style=\"color: #0000ff\"><em>:: A HIST\u00d3RIA DA CAN\u00c7\u00c3O NOVA EM BRAS\u00cdLIA SE MISTURA A HIST\u00d3RIA DO NOSSO FUNDADOR MONSENHOR JONAS ABIB ::<\/em><\/span><strong><br \/>\n<\/strong><\/p>\n<p style=\"text-align: center\"><strong>:: \u00c9 A CAN\u00c7\u00c3O NOVA NO CORA\u00c7\u00c3O DO BRASIL ::<\/strong><\/p>\n","protected":false},"excerpt":{"rendered":"<p>Can\u00e7\u00e3o Nova no Cora\u00e7\u00e3o do Brasil \u00c9 atrav\u00e9s desses meios:&nbsp;Livraria, Eventos, TV, WebTV, R\u00e1dio, Clube da Evangeliza\u00e7\u00e3o, M\u00eddias sociais, Grupo de ora\u00e7\u00e3o para adultos e jovens,&nbsp;que a miss\u00e3o Can\u00e7\u00e3o Nova atinge todo o Distrito Federal.&nbsp; A&nbsp;Can\u00e7\u00e3o Nova, em Bras\u00edlia, tem&#8230;<\/p>\n","protected":false},"author":4645,"featured_media":0,"parent":0,"menu_order":0,"comment_status":"closed","ping_status":"closed","template":"","meta":{"_mi_skip_tracking":false,"_monsterinsights_sitenote_active":false,"_monsterinsights_sitenote_note":"","_monsterinsights_sitenote_category":0,"footnotes":""},"_links":{"self":[{"href":"https:\/\/blog.cancaonova.com\/brasilia\/wp-json\/wp\/v2\/pages\/12701"}],"collection":[{"href":"https:\/\/blog.cancaonova.com\/brasilia\/wp-json\/wp\/v2\/pages"}],"about":[{"href":"https:\/\/blog.cancaonova.com\/brasilia\/wp-json\/wp\/v2\/types\/page"}],"author":[{"embeddable":true,"href":"https:\/\/blog.cancaonova.com\/brasilia\/wp-json\/wp\/v2\/users\/4645"}],"replies":[{"embeddable":true,"href":"https:\/\/blog.cancaonova.com\/brasilia\/wp-json\/wp\/v2\/comments?post=12701"}],"version-history":[{"count":4,"href":"https:\/\/blog.cancaonova.com\/brasilia\/wp-json\/wp\/v2\/pages\/12701\/revisions"}],"predecessor-version":[{"id":13116,"href":"https:\/\/blog.cancaonova.com\/brasilia\/wp-json\/wp\/v2\/pages\/12701\/revisions\/13116"}],"wp:attachment":[{"href":"https:\/\/blog.cancaonova.com\/brasilia\/wp-json\/wp\/v2\/media?parent=12701"}],"curies":[{"name":"wp","href":"https:\/\/api.w.org\/{rel}","templated":true}]}}