{"id":12709,"date":"2016-12-29T07:56:34","date_gmt":"2016-12-29T10:56:34","guid":{"rendered":"http:\/\/blog.cancaonova.com\/brasilia\/?page_id=12709"},"modified":"2019-06-06T11:29:51","modified_gmt":"2019-06-06T14:29:51","slug":"radio-89-1-fm","status":"publish","type":"page","link":"https:\/\/blog.cancaonova.com\/brasilia\/radio-89-1-fm\/","title":{"rendered":"R\u00e1dio 89.1 FM"},"content":{"rendered":"<p><img loading=\"lazy\" decoding=\"async\" class=\"size-full wp-image-12710 aligncenter\" src=\"http:\/\/blog.cancaonova.com\/brasilia\/files\/2016\/12\/891FM.png\" alt=\"891FM\" width=\"415\" height=\"265\" srcset=\"https:\/\/blog.cancaonova.com\/brasilia\/files\/2016\/12\/891FM.png 415w, https:\/\/blog.cancaonova.com\/brasilia\/files\/2016\/12\/891FM-300x192.png 300w\" sizes=\"(max-width: 415px) 100vw, 415px\" \/><\/p>\n<p>NOVA PROGRAMA\u00c7\u00c3O DA CAN\u00c7\u00c3O NOVA FM &#8211; SEGUNDA A SEXTA<br \/>\nUma Can\u00e7\u00e3o Nova em sua Vida!<\/p>\n<p>09h30, Canal 89 com Fl\u00e1via Soares (Segunda \u00e0 sexta-feira) \u2013 e-mail: 89.1@cancaonova.com<br \/>\n12h00, A Boa do dia&nbsp;\u2013 Pe L\u00e9o (Segunda \u00e0 sexta-feira) \u2013 e-mail: 89.1@cancaonova.com<br \/>\n13h00, 180 Graus, com Patr\u00edcia Cabral (Segunda \u00e0 sexta-feira) \u2013 e-mail: 89.1@cancaonova.com<br \/>\n15h00, Ter\u00e7o da Miseric\u00f3rdia, com Gleiciane de Castro (Segunda \u00e0 sexta-feira) \u2013 e-mail: 89.1@cancaonova.com<br \/>\n16h00, Tarde Especial, com Ronaldo da Silva (Segunda \u00e0 sexta-feira) \u2013 e-mail: 89.1@cancaonova.com<br \/>\n18h00, Fim de Tarde, com Pedro Roberto (Segunda \u00e0 sexta-feira) \u2013 e-mail: 89.1@cancaonova.com<br \/>\n20h00, Caminhando com Jesus Cristo, com Padre Moacir Anast\u00e1cio (p\u00e1roco da Par\u00f3quia S\u00e3o Pedro de Taguatinga\/DF)<\/p>\n<p>Participe da nossa programa\u00e7\u00e3o, mande seu whatsApp:&nbsp;<strong>(61) 9 9802 3135<\/strong>&nbsp;<strong>(61) 3034 5686&nbsp;<\/strong><\/p>\n<p>Can\u00e7\u00e3o Nova FM, em todo lugar e em qualquer situa\u00e7\u00e3o no Cora\u00e7\u00e3o do Brasil!<\/p>\n<p>Para mais informa\u00e7\u00f5es, acesse: <a href=\"http:\/\/radio.cancaonova.com\/brasilia\/\" target=\"_blank\" rel=\"noopener\">http:\/\/radio.cancaonova.com\/brasilia\/<\/a><\/p>\n","protected":false},"excerpt":{"rendered":"<p>NOVA PROGRAMA\u00c7\u00c3O DA CAN\u00c7\u00c3O NOVA FM &#8211; SEGUNDA A SEXTA Uma Can\u00e7\u00e3o Nova em sua Vida! 09h30, Canal 89 com Fl\u00e1via Soares (Segunda \u00e0 sexta-feira) \u2013 e-mail: 89.1@cancaonova.com 12h00, A Boa do dia&nbsp;\u2013 Pe L\u00e9o (Segunda \u00e0 sexta-feira) \u2013 e-mail:&#8230;<\/p>\n","protected":false},"author":4645,"featured_media":0,"parent":0,"menu_order":0,"comment_status":"closed","ping_status":"closed","template":"","meta":{"_mi_skip_tracking":false,"_monsterinsights_sitenote_active":false,"_monsterinsights_sitenote_note":"","_monsterinsights_sitenote_category":0,"footnotes":""},"_links":{"self":[{"href":"https:\/\/blog.cancaonova.com\/brasilia\/wp-json\/wp\/v2\/pages\/12709"}],"collection":[{"href":"https:\/\/blog.cancaonova.com\/brasilia\/wp-json\/wp\/v2\/pages"}],"about":[{"href":"https:\/\/blog.cancaonova.com\/brasilia\/wp-json\/wp\/v2\/types\/page"}],"author":[{"embeddable":true,"href":"https:\/\/blog.cancaonova.com\/brasilia\/wp-json\/wp\/v2\/users\/4645"}],"replies":[{"embeddable":true,"href":"https:\/\/blog.cancaonova.com\/brasilia\/wp-json\/wp\/v2\/comments?post=12709"}],"version-history":[{"count":3,"href":"https:\/\/blog.cancaonova.com\/brasilia\/wp-json\/wp\/v2\/pages\/12709\/revisions"}],"predecessor-version":[{"id":13219,"href":"https:\/\/blog.cancaonova.com\/brasilia\/wp-json\/wp\/v2\/pages\/12709\/revisions\/13219"}],"wp:attachment":[{"href":"https:\/\/blog.cancaonova.com\/brasilia\/wp-json\/wp\/v2\/media?parent=12709"}],"curies":[{"name":"wp","href":"https:\/\/api.w.org\/{rel}","templated":true}]}}