{"id":12716,"date":"2016-12-29T08:25:33","date_gmt":"2016-12-29T11:25:33","guid":{"rendered":"http:\/\/blog.cancaonova.com\/brasilia\/?page_id=12716"},"modified":"2025-01-08T10:55:29","modified_gmt":"2025-01-08T13:55:29","slug":"loja-cancao-nova","status":"publish","type":"page","link":"https:\/\/blog.cancaonova.com\/brasilia\/loja-cancao-nova\/","title":{"rendered":"Loja e Bazar Can\u00e7\u00e3o Nova"},"content":{"rendered":"<p><img loading=\"lazy\" decoding=\"async\" class=\"size-medium wp-image-13441 aligncenter\" src=\"http:\/\/blog.cancaonova.com\/brasilia\/files\/2025\/01\/2024-01-30-300x225.jpg\" alt=\"\" width=\"300\" height=\"225\" srcset=\"https:\/\/blog.cancaonova.com\/brasilia\/files\/2025\/01\/2024-01-30-300x225.jpg 300w, https:\/\/blog.cancaonova.com\/brasilia\/files\/2025\/01\/2024-01-30.jpg 680w\" sizes=\"(max-width: 300px) 100vw, 300px\" \/><img loading=\"lazy\" decoding=\"async\" class=\"alignnone size-medium wp-image-13442 aligncenter\" src=\"http:\/\/blog.cancaonova.com\/brasilia\/files\/2025\/01\/2024-01-30-1-300x225.jpg\" alt=\"\" width=\"300\" height=\"225\" srcset=\"https:\/\/blog.cancaonova.com\/brasilia\/files\/2025\/01\/2024-01-30-1-300x225.jpg 300w, https:\/\/blog.cancaonova.com\/brasilia\/files\/2025\/01\/2024-01-30-1.jpg 680w\" sizes=\"(max-width: 300px) 100vw, 300px\" \/><\/p>\n<p>&nbsp;<\/p>\n<p>&nbsp;<\/p>\n<p>Na Loja Can\u00e7\u00e3o Nova voc\u00ea encontra camisetas e demais vestu\u00e1rios, livros, prega\u00e7\u00f5es, acess\u00f3rios, ter\u00e7os, imagens, livros para ouvir e muito mais novidades e lan\u00e7amentos em produtos de evangeliza\u00e7\u00e3o.<\/p>\n<p><strong>Visite nossa\u00a0Loja Can\u00e7\u00e3o Nova\u00a0em Bras\u00edlia:<\/strong><\/p>\n<ul>\n<li><em>704\/705 bloco B Loja 01 &#8211; Asa Norte\u00a0<\/em><\/li>\n<li>Telefone e whatsapp: <a href=\"tel:(61) 3322-8291\">(61) 3322 8291\u00a0<\/a><\/li>\n<\/ul>\n<p>&nbsp;<\/p>\n<p style=\"text-align: center\"><strong>Veja como chegar:<\/strong><\/p>\n<p style=\"text-align: center\"><a href=\"https:\/\/g.co\/kgs\/utBdfZz\" target=\"_blank\" rel=\"noopener\">clique aqui<\/a><\/p>\n<p><img loading=\"lazy\" decoding=\"async\" class=\"alignnone wp-image-13452 aligncenter\" src=\"http:\/\/blog.cancaonova.com\/brasilia\/files\/2025\/01\/Localizacao-Loja-CN-300x169.png\" alt=\"\" width=\"609\" height=\"343\" srcset=\"https:\/\/blog.cancaonova.com\/brasilia\/files\/2025\/01\/Localizacao-Loja-CN-300x169.png 300w, https:\/\/blog.cancaonova.com\/brasilia\/files\/2025\/01\/Localizacao-Loja-CN-768x432.png 768w, https:\/\/blog.cancaonova.com\/brasilia\/files\/2025\/01\/Localizacao-Loja-CN-384x216.png 384w, https:\/\/blog.cancaonova.com\/brasilia\/files\/2025\/01\/Localizacao-Loja-CN-512x288.png 512w, https:\/\/blog.cancaonova.com\/brasilia\/files\/2025\/01\/Localizacao-Loja-CN.png 1024w\" sizes=\"(max-width: 609px) 100vw, 609px\" \/><\/p>\n<p>&nbsp;<\/p>\n","protected":false},"excerpt":{"rendered":"<p>&nbsp; &nbsp; Na Loja Can\u00e7\u00e3o Nova voc\u00ea encontra camisetas e demais vestu\u00e1rios, livros, prega\u00e7\u00f5es, acess\u00f3rios, ter\u00e7os, imagens, livros para ouvir e muito mais novidades e lan\u00e7amentos em produtos de evangeliza\u00e7\u00e3o. Visite nossa\u00a0Loja Can\u00e7\u00e3o Nova\u00a0em Bras\u00edlia: 704\/705 bloco B Loja 01&#8230;<\/p>\n","protected":false},"author":4817,"featured_media":13335,"parent":0,"menu_order":0,"comment_status":"closed","ping_status":"closed","template":"","meta":{"_mi_skip_tracking":false,"_monsterinsights_sitenote_active":false,"_monsterinsights_sitenote_note":"","_monsterinsights_sitenote_category":0,"footnotes":""},"_links":{"self":[{"href":"https:\/\/blog.cancaonova.com\/brasilia\/wp-json\/wp\/v2\/pages\/12716"}],"collection":[{"href":"https:\/\/blog.cancaonova.com\/brasilia\/wp-json\/wp\/v2\/pages"}],"about":[{"href":"https:\/\/blog.cancaonova.com\/brasilia\/wp-json\/wp\/v2\/types\/page"}],"author":[{"embeddable":true,"href":"https:\/\/blog.cancaonova.com\/brasilia\/wp-json\/wp\/v2\/users\/4817"}],"replies":[{"embeddable":true,"href":"https:\/\/blog.cancaonova.com\/brasilia\/wp-json\/wp\/v2\/comments?post=12716"}],"version-history":[{"count":13,"href":"https:\/\/blog.cancaonova.com\/brasilia\/wp-json\/wp\/v2\/pages\/12716\/revisions"}],"predecessor-version":[{"id":13460,"href":"https:\/\/blog.cancaonova.com\/brasilia\/wp-json\/wp\/v2\/pages\/12716\/revisions\/13460"}],"wp:featuredmedia":[{"embeddable":true,"href":"https:\/\/blog.cancaonova.com\/brasilia\/wp-json\/wp\/v2\/media\/13335"}],"wp:attachment":[{"href":"https:\/\/blog.cancaonova.com\/brasilia\/wp-json\/wp\/v2\/media?parent=12716"}],"curies":[{"name":"wp","href":"https:\/\/api.w.org\/{rel}","templated":true}]}}