{"id":12748,"date":"2017-05-10T14:07:22","date_gmt":"2017-05-10T17:07:22","guid":{"rendered":"http:\/\/blog.cancaonova.com\/brasilia\/?page_id=12748"},"modified":"2025-01-08T10:37:57","modified_gmt":"2025-01-08T13:37:57","slug":"eventos","status":"publish","type":"page","link":"https:\/\/blog.cancaonova.com\/brasilia\/eventos\/","title":{"rendered":"Eventos"},"content":{"rendered":"<p><strong>A miss\u00e3o da Comunidade Can\u00e7\u00e3o Nova \u00e9 evangelizar, comunicar Jesus e a vida nova que Ele veio trazer, pelos Encontros e, de maneira preferencial, mas n\u00e3o exclusiva, atrav\u00e9s dos meios de comunica\u00e7\u00e3o social.<\/strong><\/p>\n<p>Tem por finalidade a forma\u00e7\u00e3o de homens novos para um mundo novo, atrav\u00e9s da evangeliza\u00e7\u00e3o, de modo a preparar e apressar a vinda gloriosa do Senhor. Participa da gra\u00e7a que foi dada \u00e0 Igreja nos dias de hoje: uma nova efus\u00e3o do Esp\u00edrito Santo e enviada a realizar sua miss\u00e3o em comunh\u00e3o com toda a Igreja.<\/p>\n<p>Informa\u00e7\u00f5es:<br \/>\n(61) 3322-8291\u00a0whatsapp<\/p>\n","protected":false},"excerpt":{"rendered":"<p>A miss\u00e3o da Comunidade Can\u00e7\u00e3o Nova \u00e9 evangelizar, comunicar Jesus e a vida nova que Ele veio trazer, pelos Encontros e, de maneira preferencial, mas n\u00e3o exclusiva, atrav\u00e9s dos meios de comunica\u00e7\u00e3o social. Tem por finalidade a forma\u00e7\u00e3o de homens&#8230;<\/p>\n","protected":false},"author":4817,"featured_media":0,"parent":0,"menu_order":0,"comment_status":"closed","ping_status":"closed","template":"","meta":{"_mi_skip_tracking":false,"_monsterinsights_sitenote_active":false,"_monsterinsights_sitenote_note":"","_monsterinsights_sitenote_category":0,"footnotes":""},"_links":{"self":[{"href":"https:\/\/blog.cancaonova.com\/brasilia\/wp-json\/wp\/v2\/pages\/12748"}],"collection":[{"href":"https:\/\/blog.cancaonova.com\/brasilia\/wp-json\/wp\/v2\/pages"}],"about":[{"href":"https:\/\/blog.cancaonova.com\/brasilia\/wp-json\/wp\/v2\/types\/page"}],"author":[{"embeddable":true,"href":"https:\/\/blog.cancaonova.com\/brasilia\/wp-json\/wp\/v2\/users\/4817"}],"replies":[{"embeddable":true,"href":"https:\/\/blog.cancaonova.com\/brasilia\/wp-json\/wp\/v2\/comments?post=12748"}],"version-history":[{"count":8,"href":"https:\/\/blog.cancaonova.com\/brasilia\/wp-json\/wp\/v2\/pages\/12748\/revisions"}],"predecessor-version":[{"id":13455,"href":"https:\/\/blog.cancaonova.com\/brasilia\/wp-json\/wp\/v2\/pages\/12748\/revisions\/13455"}],"wp:attachment":[{"href":"https:\/\/blog.cancaonova.com\/brasilia\/wp-json\/wp\/v2\/media?parent=12748"}],"curies":[{"name":"wp","href":"https:\/\/api.w.org\/{rel}","templated":true}]}}