{"id":12752,"date":"2017-05-10T14:11:37","date_gmt":"2017-05-10T17:11:37","guid":{"rendered":"http:\/\/blog.cancaonova.com\/brasilia\/?page_id=12752"},"modified":"2020-02-05T17:35:20","modified_gmt":"2020-02-05T20:35:20","slug":"programacao-semanal","status":"publish","type":"page","link":"https:\/\/blog.cancaonova.com\/brasilia\/programacao-semanal\/","title":{"rendered":"Programa\u00e7\u00e3o semanal"},"content":{"rendered":"<h1 style=\"text-align: center\"><em><strong><sub>Confira nossa programa\u00e7\u00e3o semanal.<\/sub><\/strong><\/em><\/h1>\n<hr>\n<h3>&nbsp;<\/h3>\n<p>Agenda sujeita a altera\u00e7\u00f5es!<\/p>\n<p>Se quiser receber em seu whatsApp nossos eventos <a href=\"https:\/\/chat.whatsapp.com\/Cu1lfHI8IIpCygw3E3U4Ta\" target=\"_blank\" rel=\"noopener\">clique aqui<\/a><\/p>\n<p><sup>INFORMA\u00c7\u00d5ES 3322 8291<\/sup><\/p>\n<hr>\n<h2><span style=\"font-size: 16px\"><em><strong style=\"color: #3366ff\">SEGUNDA-FEIRA<\/strong><\/em><\/span><\/h2>\n<h3>sem evento<\/h3>\n<hr>\n<h2><span style=\"font-size: 16px\"><em><strong style=\"color: #3366ff\">TER\u00c7A-FEIRA&nbsp;<\/strong><\/em><\/span><\/h2>\n<h3>sem evento<\/h3>\n<hr>\n<h2><span style=\"font-size: 16px\"><em><strong style=\"color: #3366ff\">QUARTA-FEIRA<\/strong><\/em><\/span><\/h2>\n<h3>sem evento<\/h3>\n<p>&nbsp;<\/p>\n<hr>\n<h2><span style=\"font-size: 16px\"><em><strong style=\"color: #3366ff\">QUINTA-FEIRA<\/strong><\/em><\/span><\/h2>\n<h3>sem evento<\/h3>\n<hr>\n<h2><span style=\"font-size: 16px\"><em><strong style=\"color: #3366ff\">SEXTA-FEIRA<\/strong><\/em><\/span><\/h2>\n<h3>Missa &#8220;Quebra das Muralhas&#8221;<\/h3>\n<p>&nbsp;<\/p>\n<hr>\n<h2><span style=\"font-size: 16px\"><em><strong style=\"color: #3366ff\">S\u00c1BADO<\/strong><\/em><\/span><\/h2>\n<h3>sem evento<\/h3>\n<hr>\n<h2><span style=\"font-size: 16px\"><em><strong style=\"color: #3366ff\">DOMINGO<\/strong><\/em><\/span><\/h2>\n<h3>sem evento<\/h3>\n<h3 style=\"text-align: center\">&nbsp;<\/h3>\n<h3>&nbsp;<\/h3>\n<p>Se quiser receber em seu whatsApp nossos eventos <a href=\"https:\/\/chat.whatsapp.com\/Cu1lfHI8IIpCygw3E3U4Ta\" target=\"_blank\" rel=\"noopener\">clique aqui<\/a><\/p>\n<h3>Agenda sujeita a altera\u00e7\u00f5es!<\/h3>\n<h3>&nbsp;<\/h3>\n","protected":false},"excerpt":{"rendered":"<p>Confira nossa programa\u00e7\u00e3o semanal. &nbsp; Agenda sujeita a altera\u00e7\u00f5es! Se quiser receber em seu whatsApp nossos eventos clique aqui INFORMA\u00c7\u00d5ES 3322 8291 SEGUNDA-FEIRA sem evento TER\u00c7A-FEIRA&nbsp; sem evento QUARTA-FEIRA sem evento &nbsp; QUINTA-FEIRA sem evento SEXTA-FEIRA Missa &#8220;Quebra das Muralhas&#8221;&#8230;<\/p>\n","protected":false},"author":4728,"featured_media":0,"parent":0,"menu_order":0,"comment_status":"closed","ping_status":"closed","template":"","meta":{"_mi_skip_tracking":false,"_monsterinsights_sitenote_active":false,"_monsterinsights_sitenote_note":"","_monsterinsights_sitenote_category":0,"footnotes":""},"_links":{"self":[{"href":"https:\/\/blog.cancaonova.com\/brasilia\/wp-json\/wp\/v2\/pages\/12752"}],"collection":[{"href":"https:\/\/blog.cancaonova.com\/brasilia\/wp-json\/wp\/v2\/pages"}],"about":[{"href":"https:\/\/blog.cancaonova.com\/brasilia\/wp-json\/wp\/v2\/types\/page"}],"author":[{"embeddable":true,"href":"https:\/\/blog.cancaonova.com\/brasilia\/wp-json\/wp\/v2\/users\/4728"}],"replies":[{"embeddable":true,"href":"https:\/\/blog.cancaonova.com\/brasilia\/wp-json\/wp\/v2\/comments?post=12752"}],"version-history":[{"count":18,"href":"https:\/\/blog.cancaonova.com\/brasilia\/wp-json\/wp\/v2\/pages\/12752\/revisions"}],"predecessor-version":[{"id":13368,"href":"https:\/\/blog.cancaonova.com\/brasilia\/wp-json\/wp\/v2\/pages\/12752\/revisions\/13368"}],"wp:attachment":[{"href":"https:\/\/blog.cancaonova.com\/brasilia\/wp-json\/wp\/v2\/media?parent=12752"}],"curies":[{"name":"wp","href":"https:\/\/api.w.org\/{rel}","templated":true}]}}