{"id":4337,"date":"2008-09-03T11:10:04","date_gmt":"2008-09-03T14:10:04","guid":{"rendered":"http:\/\/blog.cancaonova.com\/brasilia\/vocacional-cn-bsb\/"},"modified":"2018-01-19T13:56:02","modified_gmt":"2018-01-19T16:56:02","slug":"vocacional-cn-bsb","status":"publish","type":"page","link":"https:\/\/blog.cancaonova.com\/brasilia\/vocacional-cn-bsb\/","title":{"rendered":"Vocacional"},"content":{"rendered":"<p>\u201cSomos uma comunidade de Amor e Adora\u00e7\u00e3o.&nbsp; Somos porque somos.&nbsp; N\u00e3o porque quisemos ou porque escolhemos essa meta, mas porque Deus nos fez assim.&nbsp; Ele, ainda no in\u00edcio, nos revelou o que \u00e9ramos para que cooper\u00e1ssemos com a Sua a\u00e7\u00e3o, para nos tornarmos aquilo que somos por natureza, ainda em semente:<strong> uma Comunidade de Amor e Adora\u00e7\u00e3o.<\/strong><\/p>\n<p><img loading=\"lazy\" decoding=\"async\" class=\"aligncenter size-full wp-image-5009\" src=\"http:\/\/blog.cancaonova.com\/brasilia\/files\/2009\/03\/mons-jonas.jpg\" alt=\"\" width=\"450\" height=\"149\"><\/p>\n<p>Somos comunidade de Amor. Deus nos criou em cacho.&nbsp; Ele nos concebeu juntos: os que j\u00e1 somos e os que vir\u00e3o a descobrir-se Can\u00e7\u00e3o Nova.&nbsp; Digo mais: Ele nos criou um corpo, onde existem muitos e diferentes membros, todos eles \u00f3rg\u00e3os vivos, necess\u00e1rios e indispens\u00e1veis para a vida e para a atividade do organismo.&nbsp; Onde nenhum pode faltar, onde nenhum pode ser posto de lado, onde cada um precisa ser o que \u00e9 e desempenhar com perfei\u00e7\u00e3o a sua fun\u00e7\u00e3o de um \u00f3rg\u00e3o ao lado de outros \u00f3rg\u00e3os de um \u00fanico organismo\u201d (Pe. Jonas Abib). Venha fazer parte desta fam\u00edlia de amor!<\/p>\n<h3>Caracter\u00edsticas do Carisma Can\u00e7\u00e3o Nova<\/h3>\n<p>N\u00e3o me sentei para escrever um projeto do que seria a nossa vida em comunidade.&nbsp; N\u00e3o fui buscar nos santos, nem nas experi\u00eancias das congrega\u00e7\u00f5es religiosas.&nbsp; N\u00e3o.&nbsp; Tudo nasceu da vida.&nbsp; Fomos colhendo da vida.&nbsp; Pouco a pouco foram saltando as caracter\u00edsticas da nossa vida.&nbsp; Elas dizem o que somos.&nbsp; Eu as apresento aqui como elas se mostram hoje.<\/p>\n<p><strong>1.&nbsp; Somos homens e mulheres de Deus: <\/strong><strong>Somos consagrados<\/strong><\/p>\n<p>Quanto a mim, posso dizer que <strong>sou de Deus, homem de Deus<\/strong>.&nbsp; Esta \u00e9 a primeira e a principal realidade em mim: <strong>sou \u201chomem de Deus.\u201d<\/strong> N\u00e3o me foi f\u00e1cil aceitar esse termo: <strong>\u201chomem de Deus\u201d<\/strong> porque ele trazia os cont\u00e1gios de uma mentalidade passada.&nbsp; Julgava grande demais para mim: era uma presun\u00e7\u00e3o.&nbsp; Hoje entendo de maneira diferente.&nbsp; N\u00e3o \u00e9 m\u00e9rito, mas disposi\u00e7\u00e3o gratuita de Deus.&nbsp; Ele me criou para eu ser d\u2019Ele, exclusivo d\u2019Ele, pertencente a Ele, \u00e0 servi\u00e7o d\u2019Ele.&nbsp; Fui criado para isso: para <strong>ser homem de Deus<\/strong>, dedicado a Deus, dedica\u00e7\u00e3o integral, isto \u00e9, toda a vida.&nbsp; Vivo para Deus, para a Sua causa, para a Sua obra, para o Seu servi\u00e7o, para a realiza\u00e7\u00e3o do Seu projeto. Isso foi e tem sido uma <strong>descoberta.<\/strong><\/p>\n<p>Sei que tenho vivido em muitas fraquezas, mas vejo, j\u00e1 n\u00e3o posso mais negar que sou <strong>\u201chomem de Deus.\u201d<\/strong> O que fa\u00e7o \u00e9 tomar, sempre cada vez mais, consci\u00eancia do que eu <strong>sou<\/strong> e em conseq\u00fc\u00eancia <strong>assumir<\/strong> com simplicidade aquilo que <strong>sou<\/strong>, aquilo para que <strong>fui criado<\/strong>. O que eu descobri, os outros descobriram tamb\u00e9m: Somos uma funda\u00e7\u00e3o.&nbsp; Os membros foram criados em cacho.&nbsp; Por isso t\u00eam todos as mesmas caracter\u00edsticas fundamentais. Os membros da Can\u00e7\u00e3o Nova s\u00e3o, antes de tudo,<strong> homens e mulheres de Deus.<\/strong> Vocacionados para isso: para ser de Deus.&nbsp; Viver para Deus.&nbsp; Trabalhar para Deus.&nbsp; Investir a vida toda no Seu servi\u00e7o.&nbsp; Na realiza\u00e7\u00e3o do Seu plano.&nbsp; Isso tem sido uma constante descoberta.&nbsp; \u00c9 nisso que nos identificamos.&nbsp; Somos muito diferentes como pessoas.&nbsp; Mas nisso nos identificamos: somos de Deus.&nbsp; E isso nos une.<\/p>\n<p>.Essa perten\u00e7a a Deus <strong>se expressa e se realiza cada vez mais<\/strong><\/p>\n<p><strong>a) &#8211; Na ora\u00e7\u00e3o pessoal<\/strong><\/p>\n<p>Dar-se tempo de estar diante de Deus, como diante do sol. Conquistar uma crescente intimidade com Deus. Isso \u00e9 que d\u00e1 a cada um vida, transforma\u00e7\u00e3o, cura e frutos. \u00c9 um empenho e compromisso pessoal.&nbsp; Ningu\u00e9m pode fazer por mim.<\/p>\n<p><strong>b) &#8211; Na busca do conhecimento pessoal da palavra de DeusConhecimento no sentido b\u00edblico de experimentar, de saborear.&nbsp; A palavra de Deus na B\u00edblia \u00e9 o alimento, \u201cgel\u00e9ia real\u201d dos homens de Deus. &nbsp;Ela e somente Ela \u00e9 que forma os Profissionais de Deus.<\/strong><\/p>\n<p><strong>c) &#8211; Na ora\u00e7\u00e3o comunit\u00e1ria<\/strong><\/p>\n<p>Somos uma comunidade, somos Igreja dom\u00e9stica.&nbsp; \u00c9 preciso celebrar comunitariamente o Senhor da Gl\u00f3ria.&nbsp; Aquele que \u00e9 a raz\u00e3o da nossa vida e da nossa miss\u00e3o.&nbsp; Na ora\u00e7\u00e3o partilhada, as riquezas de cada um enriquecem sobremaneira o todo.&nbsp; Na ora\u00e7\u00e3o comunit\u00e1ria, colocamos em exerc\u00edcio os dons do Esp\u00edrito Santo, que s\u00e3o as ferramentas e as armas dos profissionais de Deus.&nbsp; Na ora\u00e7\u00e3o comunit\u00e1ria colhemos as orienta\u00e7\u00f5es concretas de Deus para as nossas vidas e os rumos para a comunidade, aqui e agora.<\/p>\n<p><strong>d) &#8211; Na celebra\u00e7\u00e3o da Eucaristia<\/strong><\/p>\n<p>\u00c9 o encontro pessoal di\u00e1rio com Aquele de quem somos e para quem trabalhamos.&nbsp; Nela nos associamos realmente ao louvor de toda a Igreja, no louvor da humanidade, do universo.&nbsp; Nela nos colocamos dentro do mist\u00e9rio da morte e ressurrei\u00e7\u00e3o de Cristo que \u00e9 a fonte da vida, que faz homens novos para um mundo novo.&nbsp; Nela trazemos a cada dia o que somos, o que fazemos e cada um daqueles para os quais vivemos e trabalhamos.&nbsp; A celebra\u00e7\u00e3o da Eucaristia \u00e9 o ponto de chegada e de partida da nossa vida e da nossa miss\u00e3o.<\/p>\n<p><strong>SE VOC\u00ca SE SENTE CHAMADO A FAZER PARTE DESSE CARISMA, ENTRE EM CONTATO CONOSCO!<\/strong><\/p>\n<p><strong><img loading=\"lazy\" decoding=\"async\" class=\"aligncenter size-full wp-image-5010\" src=\"http:\/\/blog.cancaonova.com\/brasilia\/files\/2009\/03\/mon-jonas1.jpg\" alt=\"\" width=\"450\" height=\"227\"><\/strong><\/p>\n<h2 style=\"text-align: center\"><a href=\"mailto:vocacionalbrasilia@cancaonova.com\">vocacacionalbrasilia@cancaonova.com<\/a><\/h2>\n<h2 style=\"text-align: center\"><strong>Deus aben\u00e7oe voc\u00ea e o seu chamado!<\/strong><\/h2>\n","protected":false},"excerpt":{"rendered":"<p>\u201cSomos uma comunidade de Amor e Adora\u00e7\u00e3o.&nbsp; Somos porque somos.&nbsp; N\u00e3o porque quisemos ou porque escolhemos essa meta, mas porque Deus nos fez assim.&nbsp; Ele, ainda no in\u00edcio, nos revelou o que \u00e9ramos para que cooper\u00e1ssemos com a Sua a\u00e7\u00e3o,&#8230;<\/p>\n","protected":false},"author":1361,"featured_media":0,"parent":0,"menu_order":0,"comment_status":"open","ping_status":"open","template":"","meta":{"_mi_skip_tracking":false,"_monsterinsights_sitenote_active":false,"_monsterinsights_sitenote_note":"","_monsterinsights_sitenote_category":0,"footnotes":""},"_links":{"self":[{"href":"https:\/\/blog.cancaonova.com\/brasilia\/wp-json\/wp\/v2\/pages\/4337"}],"collection":[{"href":"https:\/\/blog.cancaonova.com\/brasilia\/wp-json\/wp\/v2\/pages"}],"about":[{"href":"https:\/\/blog.cancaonova.com\/brasilia\/wp-json\/wp\/v2\/types\/page"}],"author":[{"embeddable":true,"href":"https:\/\/blog.cancaonova.com\/brasilia\/wp-json\/wp\/v2\/users\/1361"}],"replies":[{"embeddable":true,"href":"https:\/\/blog.cancaonova.com\/brasilia\/wp-json\/wp\/v2\/comments?post=4337"}],"version-history":[{"count":10,"href":"https:\/\/blog.cancaonova.com\/brasilia\/wp-json\/wp\/v2\/pages\/4337\/revisions"}],"predecessor-version":[{"id":13012,"href":"https:\/\/blog.cancaonova.com\/brasilia\/wp-json\/wp\/v2\/pages\/4337\/revisions\/13012"}],"wp:attachment":[{"href":"https:\/\/blog.cancaonova.com\/brasilia\/wp-json\/wp\/v2\/media?parent=4337"}],"curies":[{"name":"wp","href":"https:\/\/api.w.org\/{rel}","templated":true}]}}