{"id":9704,"date":"2011-09-01T11:55:05","date_gmt":"2011-09-01T14:55:05","guid":{"rendered":"http:\/\/blog.cancaonova.com\/brasilia\/?page_id=9704"},"modified":"2025-01-08T11:59:57","modified_gmt":"2025-01-08T14:59:57","slug":"tv-cancao-nova","status":"publish","type":"page","link":"https:\/\/blog.cancaonova.com\/brasilia\/tv-cancao-nova\/","title":{"rendered":"TV Can\u00e7\u00e3o Nova"},"content":{"rendered":"<p style=\"text-align: center\">A <strong>TV Can\u00e7\u00e3o Nova<\/strong>, emissora cat\u00f3lica da <em>Funda\u00e7\u00e3o Jo\u00e3o Paulo II<\/em>, come\u00e7ou suas atividades em <strong>8 dezembro de 1989. <\/strong>Eram duas horas e quarenta minutos di\u00e1rios de programa\u00e7\u00e3o para Cachoeira Paulista e cidades vizinhas. Anos depois, essa programa\u00e7\u00e3o foi tamb\u00e9m sendo divulgada por outros canais.<\/p>\n<p style=\"text-align: center\"><a href=\"http:\/\/blog.cancaonova.com\/brasilia\/files\/2015\/06\/logo_novo_TVCN.png\"><img loading=\"lazy\" decoding=\"async\" class=\"aligncenter wp-image-12597\" src=\"http:\/\/blog.cancaonova.com\/brasilia\/files\/2015\/06\/logo_novo_TVCN.png\" alt=\"logo_novo_TVCN\" width=\"214\" height=\"236\" \/><\/a><\/p>\n<p style=\"text-align: justify\">Em 1997 formou-se a <strong>Rede Can\u00e7\u00e3o Nova de Televis\u00e3o<\/strong> com a compra da Retransmissora em Aracaju &#8211; SE. Foi quando nasceu o<em> &#8216;Projeto Dai-me Almas&#8217;.\u00a0<\/em>Em 2007, com apenas dez anos de forma\u00e7\u00e3o de rede, a TV Can\u00e7\u00e3o Nova estabeleceu-se como <strong>a maior emissora de televis\u00e3o cat\u00f3lica do Brasil.\u00a0<\/strong>A TV conta com\u00a0<strong>programas de todos os formatos, estilos e temas:<\/strong>\u00a0Espiritualidade, jornalismo, programas infantis, eventos, entrevistas, debates m\u00fasica, entretenimento, educa\u00e7\u00e3o e cultura.<em><strong> No dia 23 de junho de 2008 a TV Can\u00e7\u00e3o Nova\u00a0chegou \u00e0 cidade de Bras\u00edlia. <\/strong><\/em><\/p>\n<p style=\"text-align: left\"><em><strong>Hoje de qualquer lugar do Distrito Federal voc\u00ea pode sintonizar a TV Can\u00e7\u00e3o Nova nos seguintes canais:<\/strong><\/em><\/p>\n<ul>\n<li style=\"text-align: left\"><span style=\"color: #000000\"><strong>Canal regional: 55.1 HD\u00a0<\/strong><\/span><\/li>\n<li style=\"text-align: left\"><span style=\"color: #000000\"><strong> Claro TV: canal 694<\/strong><\/span><\/li>\n<li style=\"text-align: left\"><span style=\"color: #000000\"><strong> SKY: canal 08<\/strong><\/span><\/li>\n<li style=\"text-align: left\"><strong>TNL PCS S\/A Oi TV (Canal 27)<\/strong><strong>\u00a0<\/strong><\/li>\n<li style=\"text-align: left\"><span style=\"color: #000000\"><strong>VIVO TV (Canal 234)<\/strong><\/span><\/li>\n<li style=\"text-align: left\"><span style=\"color: #000000\"><strong>TBC Celular S\/A (Canal 703)<\/strong><\/span><\/li>\n<li style=\"text-align: left\"><span style=\"color: #000000\"><strong>DTH Family Telecomunica\u00e7\u00f5es Ltda. (Canal 136)<\/strong><\/span><\/li>\n<\/ul>\n<p style=\"text-align: left\"><strong><span style=\"color: #000000\">Voc\u00ea tamb\u00e9m pode assistir a TV Can\u00e7\u00e3o Nova pela internet, basta acessar:<\/span>\u00a0<\/strong> <a href=\"http:\/\/www.cancaonova.com\/tvcn.asx\" target=\"_blank\" rel=\"noopener\">tv.cancaonova.com<\/a><\/p>\n<h3 style=\"text-align: left\"><em style=\"font-size: 13px;color: #333333;line-height: 18px\">A programa\u00e7\u00e3o \u00e9 baseada nos valores e princ\u00edpios crist\u00e3os, bem diferente no cen\u00e1rio televisivo, come\u00e7ando pelo fato de ser uma emissora que se mant\u00e9m sem propagandas comerciais.\u00a0 Programas de todos os formatos, estilos e temas: espiritualidade, jornalismo, programas infantis, eventos, entrevistas, debates, m\u00fasica, entretenimento, cultura e programas promocionais.<\/em><\/h3>\n<div id=\"attachment_12598\" style=\"width: 1037px\" class=\"wp-caption aligncenter\"><a href=\"http:\/\/tv.cancaonova.com\/programacao\/\" target=\"_blank\" rel=\"noopener\"><img loading=\"lazy\" decoding=\"async\" aria-describedby=\"caption-attachment-12598\" class=\"wp-image-12598 size-full\" src=\"http:\/\/blog.cancaonova.com\/brasilia\/files\/2011\/09\/barra_nova_tv.png\" alt=\"\" width=\"1027\" height=\"153\" srcset=\"https:\/\/blog.cancaonova.com\/brasilia\/files\/2011\/09\/barra_nova_tv.png 1027w, https:\/\/blog.cancaonova.com\/brasilia\/files\/2011\/09\/barra_nova_tv-300x45.png 300w, https:\/\/blog.cancaonova.com\/brasilia\/files\/2011\/09\/barra_nova_tv-900x134.png 900w\" sizes=\"(max-width: 1027px) 100vw, 1027px\" \/><\/a><p id=\"caption-attachment-12598\" class=\"wp-caption-text\"><a href=\"http:\/\/tv.cancaonova.com\/tv-ao-vivo\/\">Confira a programa\u00e7\u00e3o da TV Can\u00e7\u00e3o Nova<\/a><\/p><\/div>\n<p>&nbsp;<\/p>\n<p style=\"text-align: center\">\n","protected":false},"excerpt":{"rendered":"<p>A TV Can\u00e7\u00e3o Nova, emissora cat\u00f3lica da Funda\u00e7\u00e3o Jo\u00e3o Paulo II, come\u00e7ou suas atividades em 8 dezembro de 1989. Eram duas horas e quarenta minutos di\u00e1rios de programa\u00e7\u00e3o para Cachoeira Paulista e cidades vizinhas. Anos depois, essa programa\u00e7\u00e3o foi tamb\u00e9m&#8230;<\/p>\n","protected":false},"author":1361,"featured_media":0,"parent":0,"menu_order":0,"comment_status":"closed","ping_status":"closed","template":"","meta":{"_mi_skip_tracking":false,"_monsterinsights_sitenote_active":false,"_monsterinsights_sitenote_note":"","_monsterinsights_sitenote_category":0,"footnotes":""},"_links":{"self":[{"href":"https:\/\/blog.cancaonova.com\/brasilia\/wp-json\/wp\/v2\/pages\/9704"}],"collection":[{"href":"https:\/\/blog.cancaonova.com\/brasilia\/wp-json\/wp\/v2\/pages"}],"about":[{"href":"https:\/\/blog.cancaonova.com\/brasilia\/wp-json\/wp\/v2\/types\/page"}],"author":[{"embeddable":true,"href":"https:\/\/blog.cancaonova.com\/brasilia\/wp-json\/wp\/v2\/users\/1361"}],"replies":[{"embeddable":true,"href":"https:\/\/blog.cancaonova.com\/brasilia\/wp-json\/wp\/v2\/comments?post=9704"}],"version-history":[{"count":22,"href":"https:\/\/blog.cancaonova.com\/brasilia\/wp-json\/wp\/v2\/pages\/9704\/revisions"}],"predecessor-version":[{"id":13466,"href":"https:\/\/blog.cancaonova.com\/brasilia\/wp-json\/wp\/v2\/pages\/9704\/revisions\/13466"}],"wp:attachment":[{"href":"https:\/\/blog.cancaonova.com\/brasilia\/wp-json\/wp\/v2\/media?parent=9704"}],"curies":[{"name":"wp","href":"https:\/\/api.w.org\/{rel}","templated":true}]}}