{"id":10035,"date":"2021-08-08T19:23:25","date_gmt":"2021-08-08T22:23:25","guid":{"rendered":"http:\/\/blog.cancaonova.com\/campos\/?page_id=10035"},"modified":"2023-08-14T10:18:03","modified_gmt":"2023-08-14T13:18:03","slug":"mes-das-vocacoes","status":"publish","type":"page","link":"https:\/\/blog.cancaonova.com\/campos\/mes-das-vocacoes\/","title":{"rendered":"M\u00eas das Voca\u00e7\u00f5es"},"content":{"rendered":"<p style=\"padding-left: 30px\"><a href=\"http:\/\/blog.cancaonova.com\/campos\/files\/2021\/08\/Screenshot_20210901-094547_WhatsApp.jpg\"><img loading=\"lazy\" decoding=\"async\" class=\"aligncenter wp-image-10043\" src=\"http:\/\/blog.cancaonova.com\/campos\/files\/2021\/08\/Screenshot_20210901-094547_WhatsApp.jpg\" alt=\"\" width=\"408\" height=\"402\" srcset=\"https:\/\/blog.cancaonova.com\/campos\/files\/2021\/08\/Screenshot_20210901-094547_WhatsApp.jpg 1080w, https:\/\/blog.cancaonova.com\/campos\/files\/2021\/08\/Screenshot_20210901-094547_WhatsApp-300x296.jpg 300w, https:\/\/blog.cancaonova.com\/campos\/files\/2021\/08\/Screenshot_20210901-094547_WhatsApp-768x757.jpg 768w\" sizes=\"(max-width: 408px) 100vw, 408px\" \/><\/a><\/p>\n<h3><\/h3>\n<h3>Voca\u00e7\u00e3o Can\u00e7\u00e3o Nova, uma escolha feita no cora\u00e7\u00e3o de Deus.<\/h3>\n<h2><\/h2>\n<h5>Voca\u00e7\u00e3o \u00e9 um dom gratuito de Deus, dado de forma particular para cada um.<\/h5>\n<p>\u00c9\u00a0muito importante que trilhemos um caminho de descoberta, pois quando\u00a0realizamos a vontade de Deus e a nossa voca\u00e7\u00e3o, nos realizamos interiormente\u00a0e encontramos o sentido da vida.<\/p>\n<p>A primeira voca\u00e7\u00e3o que recebemos \u00e9 a vida; a segunda, \u00e9 o chamado \u00e0\u00a0santidade que todo crist\u00e3o recebe de Deus e depois existem as voca\u00e7\u00f5es<br \/>\nespec\u00edficas dentro de um campo profissional.<\/p>\n<p>Contudo, existe tamb\u00e9m a\u00a0voca\u00e7\u00e3o crist\u00e3, como \u00e9 o caso da voca\u00e7\u00e3o ao matrim\u00f4nio, \u00e0 vida religiosa, ao<br \/>\nsacerd\u00f3cio, ou seja, \u00e9 Deus quem nos inspira, \u00e9 Ele quem nos vocaciona e\u00a0coloca em n\u00f3s essa iniciativa.<\/p>\n<p>A partir do \u201csim\u201d de um sacerdote que, conquistado pelo Senhor e movido pelo\u00a0Esp\u00edrito Santo, ousou fazer tamb\u00e9m um chamado aos jovens em 1977 para<br \/>\nseguirem mais de perto a Cristo, nasceu a comunidade, e em 02 de Fevereiro de\u00a01978 come\u00e7aram a viver juntos em comunidade, realizando a cada dia a<br \/>\nvontade de Deus na miss\u00e3o de evangelizar.<\/p>\n<p>Ao longo dos anos, muitos outros foram chegando, cada um a seu tempo e,\u00a0junto aos primeiros, protagonizam esta linda hist\u00f3ria.<\/p>\n<p>Muitas vidas se entrela\u00e7am e, unidos por voca\u00e7\u00e3o, homens e mulheres, jovens,\u00a0casados e solteiros, sacerdotes e celibat\u00e1rios assumem, de forma integral, a\u00a0miss\u00e3o de evangelizar e salvar almas para Deus.<\/p>\n<p>E voc\u00ea j\u00e1 descobriu o chamado de Deus em sua vida? Que tal fazer este\u00a0discernimento com a Comunidade Can\u00e7\u00e3o Nova?<\/p>\n<p>Para saber mais enviei um email para: vocacionalcampos@cancaonova.com .<\/p>\n<h4>\u00a0Conhe\u00e7a um pouco do testemunho de Andreia, celibat\u00e1ria, membro da comunidade Segundo Elo em Campos dos Goytacazes:<\/h4>\n<p><strong>A \u201csanta inquietude\u201d de um cora\u00e7\u00e3o celibat\u00e1rio<\/strong><\/p>\n<p>&nbsp;<\/p>\n<p>Meu chamado ao celibato aconteceu no mesmo dia em que Deus me chamou ao Carisma Can\u00e7\u00e3o Nova: <u>03 de janeiro de 2011<\/u>. Eu estava na capela da Par\u00f3quia S\u00e3o Jos\u00e9 do Avahy, em Itaperuna\/RJ (minha cidade natal), fazendo uma revis\u00e3o de vida e pedi a Jesus que me desse uma dire\u00e7\u00e3o.<\/p>\n<p>&nbsp;<\/p>\n<p><a href=\"http:\/\/blog.cancaonova.com\/campos\/files\/2021\/08\/Fot-Andreia.jpeg\"><img loading=\"lazy\" decoding=\"async\" class=\"alignleft wp-image-10321\" src=\"http:\/\/blog.cancaonova.com\/campos\/files\/2021\/08\/Fot-Andreia.jpeg\" alt=\"\" width=\"492\" height=\"329\" srcset=\"https:\/\/blog.cancaonova.com\/campos\/files\/2021\/08\/Fot-Andreia.jpeg 1250w, https:\/\/blog.cancaonova.com\/campos\/files\/2021\/08\/Fot-Andreia-300x200.jpeg 300w, https:\/\/blog.cancaonova.com\/campos\/files\/2021\/08\/Fot-Andreia-768x512.jpeg 768w\" sizes=\"(max-width: 492px) 100vw, 492px\" \/><\/a>Foi quando o Esp\u00edrito Santo me levou a pegar o livro, que minha catequista e madrinha de Crisma tinha me dado: <strong><em>\u201cFala, Jesus, meu cora\u00e7\u00e3o Te escuta\u201d (de Rosa Maria Aguirre &#8211; Edi\u00e7\u00f5es Loyola).<\/em><\/strong> Abri na p\u00e1gina 11 e me deparei com o texto intitulado: <strong><em>\u201cAtra\u00e7\u00e3o Espiritual (Noivado) \/ Chamado\u201d.<\/em><\/strong><\/p>\n<p>&nbsp;<\/p>\n<p>Durante a leitura, eu n\u00e3o consegui perceber, de imediato, o chamado ao celibato, mas somente ao Carisma Can\u00e7\u00e3o Nova. Reconhe\u00e7o nisto um des\u00edgnio de Deus, j\u00e1 que eu ainda n\u00e3o estava preparada para acolher toda a vontade do Senhor a meu respeito.<\/p>\n<p>&nbsp;<\/p>\n<p>Durante meu caminho vocacional (anos de 2012 e 2013), eu j\u00e1 me sentia impelida a encontrar o meu estado de vida, especialmente quando ouvia esta frase do Pe. Jonas: <strong><em>\u201cO carisma e a miss\u00e3o s\u00f3 ser\u00e3o vividos, plenamente e com efic\u00e1cia, no estado de vida para o qual Deus nos chamou.\u201d <\/em>(ND n\u00ba 117 \u2013 Estatuto Semente).<\/strong><\/p>\n<p>&nbsp;<\/p>\n<p>Mas foi somente em 2016 que adentrei no processo de descoberta do meu estado de vida. Em julho daquele ano, quando participei da JMJ na Pol\u00f4nia, uma irm\u00e3 de comunidade me perguntou se eu j\u00e1 havia pensado em ser celibat\u00e1ria e eu respondi que n\u00e3o. Vi naquela pergunta uma provoca\u00e7\u00e3o de Deus para mim!<\/p>\n<p>&nbsp;<\/p>\n<p>A partir da\u00ed, atrav\u00e9s de retiros de cura interior e tamb\u00e9m por meio de atendimentos com uma psicoterapeuta, o Senhor foi retirando de mim os entraves, que me impediam de reconhecer a vontade Dele para minha vida.<\/p>\n<p>&nbsp;<\/p>\n<p>No dia 01 de janeiro de 2018, na capela da Sagrada Fam\u00edlia, em Cachoeira Paulista\/SP, decidi perguntar ao Senhor para qual estado de vida Ele me chamava e Ele me respondeu: <strong><em>\u201cPois, agora, Eu \u00e9 que vou seduzi-la, levando-a para o deserto e falando-lhe ao cora\u00e7\u00e3o. Eu me casarei contigo para sempre, casamos conforme a justi\u00e7a e o direito, com amor e carinho. Caso-me contigo com toda a fidelidade e ent\u00e3o conhecer\u00e1s o Senhor.\u201d<\/em> (Oseias 2, 16. 21-22).<\/strong><\/p>\n<p>&nbsp;<\/p>\n<p>Por um des\u00edgnio de Deus, esta resposta j\u00e1 estava contida naquele texto da p\u00e1gina 11 do livro que mencionei: <strong><em>\u201cA Sagrada Escritura, atrav\u00e9s dos Profetas, fala, muitas vezes, desse \u201cAmor de Alian\u00e7a de Deus\u201d, \u201cAmor de Noivado\u201d, como lemos em Oseias.\u201d<\/em><\/strong><\/p>\n<p>&nbsp;<\/p>\n<p>Meses depois, em junho de 2018, Deus providenciou que uma mission\u00e1ria (que, na \u00e9poca, era a conselheira respons\u00e1vel pelos celibat\u00e1rios da Can\u00e7\u00e3o Nova), viesse ministrar um retiro em Campos dos Goytacazes\/RJ. Eu ent\u00e3o tive a oportunidade de conversar com ela sobre o meu chamado \u00e0 vida celibat\u00e1ria e, sob sua orienta\u00e7\u00e3o, li o documento: <strong><em>\u201cO Celibato pelo Reino dos C\u00e9us na Can\u00e7\u00e3o Nova\u201d<\/em><\/strong>. Assim pude fazer uma experi\u00eancia profunda com o amor de Deus, que confirmava que Ele havia colocado em mim este maravilhoso dom, que \u00e9 o celibato.<\/p>\n<p>&nbsp;<\/p>\n<p>Ainda em 2018, iniciei o caminho de discernimento, que culminou com o meu Compromisso Definitivo no Celibato, no dia 03 de janeiro de 2023, na minha par\u00f3quia de origem, onde toda esta hist\u00f3ria come\u00e7ou.<\/p>\n<p>&nbsp;<\/p>\n<p>O meu Compromisso Definitivo no Celibato foi o primeiro a ser realizado ap\u00f3s a p\u00e1scoa do Pe. Jonas Abib em 12 de dezembro de 2022. Pe. Roger Lu\u00eds da Silva, que presidiu a Santa Missa, proclamou durante a homilia que este fato traz uma marca muito importante para mim: <strong>ser a \u201c<em>Celibat\u00e1ria do Advento<\/em>\u201d<\/strong>.<\/p>\n<p>&nbsp;<\/p>\n<p>Com minha vela acesa, quero viver permanentemente em estado de uma ansiosa e feliz espera pelo Esposo, ajudando a preparar um povo bem disposto para a segunda vinda gloriosa de Jesus. Que agora esta seja a \u00fanica inquietude do meu cora\u00e7\u00e3o e que a alian\u00e7a feita com o Esposo no Compromisso Definitivo do Celibato me fa\u00e7a desejar, ardentemente, todos os dias: <strong><em>\u201cMaranata! Vem, Senhor Jesus!\u201d<\/em><\/strong><\/p>\n<p><strong><em>\u00a0<\/em><\/strong><\/p>\n<p>Por isso, como Santo Agostinho, s\u00f3 posso dizer: <strong><em>\u201cFizestes-me, Senhor, para V\u00f3s, e o meu cora\u00e7\u00e3o vive inquieto, enquanto n\u00e3o repousar em V\u00f3s.\u201d<\/em><\/strong><\/p>\n<p>ANDREIA DA CUNHA MARREIROS<\/p>\n<p><strong>Membro do Segundo Elo\u00a0 <\/strong><\/p>\n<p><strong>Frente de Miss\u00e3o de Campos dos Goytacazes\/RJ<\/strong><\/p>\n<h4><a href=\"http:\/\/blog.cancaonova.com\/campos\/files\/2018\/02\/andrea.jpg\"><img loading=\"lazy\" decoding=\"async\" class=\"aligncenter wp-image-9586\" src=\"http:\/\/blog.cancaonova.com\/campos\/files\/2018\/02\/andrea.jpg\" alt=\"\" width=\"330\" height=\"466\" srcset=\"https:\/\/blog.cancaonova.com\/campos\/files\/2018\/02\/andrea.jpg 905w, https:\/\/blog.cancaonova.com\/campos\/files\/2018\/02\/andrea-212x300.jpg 212w, https:\/\/blog.cancaonova.com\/campos\/files\/2018\/02\/andrea-768x1086.jpg 768w\" sizes=\"(max-width: 330px) 100vw, 330px\" \/><\/a><\/h4>\n<h4><\/h4>\n<h4><strong>VOCA\u00c7\u00c3O A SANTIDADE <\/strong><\/h4>\n<h4><\/h4>\n<h4>Existe um projeto divino a nosso respeito: um projeto de felicidade! Reconhecer a voca\u00e7\u00e3o para a qual Deus nos chama \u00e9 habitar esse projeto. Deus, quando nos cria, cria-nos com uma identidade que diz das caracter\u00edsticas espec\u00edficas, dons e talentos que Ele nos d\u00e1, tornando-nos capazes de responder \u00e0 voca\u00e7\u00e3o, ao chamado que Ele nos faz.<\/h4>\n<h4><\/h4>\n<h4>\u00c0s vezes, passamos a\u00a0vida toda voltados para fora, para o que \u00e9 material, intelectual, mas n\u00e3o olhamos para o nosso ser, e, portanto, n\u00e3o nos encontramos com a nossa voca\u00e7\u00e3o. Voca\u00e7\u00e3o \u00e9 um chamado de Deus, n\u00e3o se resume em uma atua\u00e7\u00e3o profissional, n\u00e3o acontece no que fazemos somente, diz de quem n\u00f3s somos. \u00c9 um dado de cria\u00e7\u00e3o, est\u00e1 na nossa identidade.<\/h4>\n<h4><\/h4>\n<h4>S\u00f3 aquele que nos cria pode nos vocacionar. E se quem chama \u00e9 o Senhor, \u00e9 s\u00f3 a partir de uma rela\u00e7\u00e3o com Ele que podemos reconhecer nossa voca\u00e7\u00e3o. Somente diante de Deus o homem pode conhecer a si mesmo. N\u00e3o se descobre nem se vive uma voca\u00e7\u00e3o fora da ora\u00e7\u00e3o, da rela\u00e7\u00e3o com Deus. Toda voca\u00e7\u00e3o nasce da rela\u00e7\u00e3o com Ele, onde tomamos consci\u00eancia de quem n\u00f3s somos e de quem Deus \u00e9. \u00c9 na caminhada com Deus que vai se revelando o Seu projeto a nosso respeito.<\/h4>\n<h4><\/h4>\n<h4>Voc\u00ea conhece o projeto de Deus para sua vida?<\/h4>\n<h4><\/h4>\n<h4>O\u00a0Catecismo da Igreja Cat\u00f3lica, no par\u00e1grafo 1878, ensina-nos que \u201ctodos os homens s\u00e3o chamados ao mesmo fim: o pr\u00f3prio Deus\u201d. Essa \u00e9 a ess\u00eancia da voca\u00e7\u00e3o de todos n\u00f3s: somos chamados a existir n\u2019Ele, e todo o nosso viver precisa ser para estar com Ele, at\u00e9 que um dia estejamos unidos na eternidade que nos espera. Contudo, temos um caminho a percorrer at\u00e9 l\u00e1, e a esse caminho chamamos de santidade, nossa primeira voca\u00e7\u00e3o.<\/h4>\n<h4><\/h4>\n<h4>Papa Francisco, na exorta\u00e7\u00e3o\u00a0<em>Gaudette Exultate,<\/em>\u00a0relata que \u201ctodos somos chamados \u00e0 santidade\u201d. Existe um caminho onde Deus deseja nos encontrar e nos santificar, esse caminho diz do projeto de Deus em rela\u00e7\u00e3o a n\u00f3s. Na nossa liberdade para escolher, acabamos por conquistar muitas coisas, fazemos os nossos pr\u00f3prios projetos e n\u00e3o nos abrimos a conhecer o projeto de Deus para n\u00f3s.<\/h4>\n<h4><\/h4>\n<h4 style=\"text-align: left\">O projeto d\u2019Ele ser\u00e1 sempre uma proposta, nunca uma imposi\u00e7\u00e3o. Ele n\u00e3o nos faz marionetes. Deus se revela de maneira concreta na nossa vida. Faz-nos capazes de compreender os Seus des\u00edgnios a partir da a\u00e7\u00e3o do Esp\u00edrito Santo em nossa intelig\u00eancia e, em seguida, por meio do mesmo\u00a0Esp\u00edrito, convida nossa vontade a responder ao Seu chamado. Por\u00e9m, a escolha, a ades\u00e3o, \u00e9 sempre nossa. N\u00e3o seremos punidos se n\u00e3o acolhermos esse chamado, mas, como Pai insistente, Ele continuar\u00e1 nos convidando a todo tempo a sermos aquilo que Ele sonhou a nosso respeito.<\/h4>\n<h4><\/h4>\n<h4>Somente quando nos sabemos amados, somos capazes de responder ao chamado. Viver a voca\u00e7\u00e3o \u00e9 uma aventura que exige: confiar, esvaziar e deixar. S\u00f3 deixa algo aquele que encontrou \u201co Amor\u201d. \u00c9 preciso passar pelo olhar amoroso de Deus. Ele nos criou, amou-nos, e por este amor nos deseja uma vida de felicidade. Como diz\u00a0<span style=\"color: #000000\">S\u00e3o Paulo:<\/span> \u201cO amor lan\u00e7a fora todo temor\u201d. S\u00f3 por amor somos capazes de responder \u00c0quele que nos amou primeiro, pois, em Seu amor somos convencidos de que Seus projetos em rela\u00e7\u00e3o a n\u00f3s s\u00e3o projetos de felicidade, e sempre ser\u00e3o melhores que os nossos.<\/h4>\n<h4><\/h4>\n<h4>Marcela Cunha<\/h4>\n<h4>Mission\u00e1ria da Comunidade Can\u00e7\u00e3o Nova<\/h4>\n<h4><\/h4>\n<h4><\/h4>\n<h4><a href=\"http:\/\/blog.cancaonova.com\/campos\/files\/2014\/10\/Familia-Fonseca.jpg\"><img loading=\"lazy\" decoding=\"async\" class=\"aligncenter wp-image-7622\" src=\"http:\/\/blog.cancaonova.com\/campos\/files\/2014\/10\/Familia-Fonseca.jpg\" alt=\"\" width=\"506\" height=\"336\" srcset=\"https:\/\/blog.cancaonova.com\/campos\/files\/2014\/10\/Familia-Fonseca.jpg 2048w, https:\/\/blog.cancaonova.com\/campos\/files\/2014\/10\/Familia-Fonseca-300x199.jpg 300w\" sizes=\"(max-width: 506px) 100vw, 506px\" \/><\/a><\/h4>\n<h4><\/h4>\n<h4><strong>A IMPORT\u00c2NCIA DA PATERNIDADE<\/strong><\/h4>\n<h4><\/h4>\n<h4 style=\"text-align: left\">A vida humana nasce do amor de um homem e de uma mulher, que se unem por meio do ato conjugal e participam da cria\u00e7\u00e3o divina.<\/h4>\n<h4><\/h4>\n<h4 style=\"text-align: left\">No ato da fecunda\u00e7\u00e3o do feto, o homem se torna pai, porque gerou, em conjunto com a m\u00e3e, uma nova vida. O pai \u00e9 quem gera uma vida, faz crescer essa crian\u00e7a, sustenta-a e a mant\u00e9m; embora, muitas vezes, isso nem se perceba ou as situa\u00e7\u00f5es do cotidiano e suas fraquezas humanas obscure\u00e7am essa condi\u00e7\u00e3o.<\/h4>\n<h4><\/h4>\n<h4 style=\"text-align: left\">A pessoa do pai, por si s\u00f3, tem uma dignidade pr\u00f3pria e indiscut\u00edvel para seu filho. Por isso, o quarto mandamento da Lei de Deus afirma a necessidade de honrar pai e m\u00e3e. Honra-se somente aquilo que se reveste de uma import\u00e2ncia inestim\u00e1vel.<\/h4>\n<h4><\/h4>\n<h4 style=\"text-align: left\">A presen\u00e7a de um pai na vida do filho traz para este o equil\u00edbrio necess\u00e1rio para viver bem sua vida. N\u00f3s observamos quanto sofrimento existe para aqueles que perderam os pais quando ainda eram crian\u00e7as, toda a car\u00eancia afetiva e<br \/>\nemocional gerada, at\u00e9 de forma inconsciente, na vida deles.<\/h4>\n<h4><\/h4>\n<h4 style=\"text-align: left\">O pai representa para o filho seguran\u00e7a e prote\u00e7\u00e3o, e isso acaba perdurando durante toda a vida. Nesse contexto, podemos nos questionar: \u201cSer\u00e1 que temos dado a devida<br \/>\nimport\u00e2ncia para a presen\u00e7a do nosso pai em nossa vida?\u201d.<\/h4>\n<h4><\/h4>\n<h4 style=\"text-align: left\">Vemos jovens que se acham autossuficientes e, por isso, deixaram de ter tempo para uma conversa com os pais, de procurar ouvir os seus conselhos, de querer fazer alguma coisa juntos. Mas eu tenho visto que esse fato acontece quase<br \/>\nsempre, porque muitos filhos perderam um olhar mais profundo para seus pais.<\/h4>\n<h4><\/h4>\n<h4 style=\"text-align: left\">\u00c0s vezes, vemos uma pessoa a partir do seu exterior, que pode estar recheado de erros, de imperfei\u00e7\u00f5es, pecados e v\u00edcios. Mas um pai \u00e9 muito mais que tudo isso, e precisa ser visto como pai. Ele at\u00e9 pode errar, mas n\u00e3o deixa de ser pai.<\/h4>\n<h4><\/h4>\n<h4 style=\"text-align: left\">Por outro lado, quando o pai falta, a vida parece que perde o sentido. Eu notei isso em mim, quando meu pai faleceu. E deixo meu testemunho: meu pai foi meu melhor amigo, e embora sua aus\u00eancia me fa\u00e7a sofrer muito, percebi que pude honr\u00e1-lo e respeit\u00e1-lo.<\/h4>\n<h4><\/h4>\n<h4 style=\"text-align: left\">Uma dica a voc\u00ea: d\u00ea import\u00e2ncia para a presen\u00e7a de seu pai na sua vida. N\u00e3o perca tempo! \u00c9 hora de voc\u00ea olhar para seu pai, para a ess\u00eancia dele e valorizar sua presen\u00e7a.<\/h4>\n<h4>Di\u00e1cono Paulo Louren\u00e7o<br \/>\nMembro da Comunidade Can\u00e7\u00e3o Nova \u2013 Segundo Elo<\/h4>\n<h4><\/h4>\n<h4><a href=\"http:\/\/blog.cancaonova.com\/campos\/files\/2016\/02\/12592219_830286957079748_7225336452665146020_n.jpg\"><img loading=\"lazy\" decoding=\"async\" class=\"aligncenter wp-image-8770\" src=\"http:\/\/blog.cancaonova.com\/campos\/files\/2016\/02\/12592219_830286957079748_7225336452665146020_n.jpg\" alt=\"\" width=\"491\" height=\"327\" srcset=\"https:\/\/blog.cancaonova.com\/campos\/files\/2016\/02\/12592219_830286957079748_7225336452665146020_n.jpg 960w, https:\/\/blog.cancaonova.com\/campos\/files\/2016\/02\/12592219_830286957079748_7225336452665146020_n-300x200.jpg 300w\" sizes=\"(max-width: 491px) 100vw, 491px\" \/><\/a><\/h4>\n<h4><strong>UM M\u00caS DEDICADO \u00c0S VOCA\u00c7\u00d5ES<\/strong><\/h4>\n<h4><\/h4>\n<h4>A cada domingo a celebra\u00e7\u00e3o lit\u00fargica \u00e9 dedicada a uma voca\u00e7\u00e3o espec\u00edfica. Normalmente a pr\u00f3pria liturgia da Palavra de cada dia, em especial a dos domingos, d\u00e1 o tema principal da reflex\u00e3o e medita\u00e7\u00e3o trazida para alimento do povo de Deus. \u00c9 costume, neste m\u00eas, comemorarmos as diversas voca\u00e7\u00f5es a cada semana.<\/h4>\n<h4><\/h4>\n<h4><strong>Primeiro domingo:<\/strong>\u00a0\u00e9 o dia das\u00a0voca\u00e7\u00f5es sacerdotais. Atualmente tamb\u00e9m se comemora o dia das\u00a0voca\u00e7\u00f5es diaconais, ou melhor dizendo: dia das\u00a0voca\u00e7\u00f5es aos minist\u00e9rios ordenados. Essa comemora\u00e7\u00e3o se deve ao fato de no dia 4 de agosto celebrarmos o dia de\u00a0S\u00e3o Jo\u00e3o Maria Vianney, o Cura D\u2019Ars, patrono dos padres; e, no dia 10 de agosto, o dia de\u00a0S\u00e3o Louren\u00e7o, patrono dos di\u00e1conos.<\/h4>\n<h4><\/h4>\n<h4><strong>Segundo domingo:<\/strong>\u00a0por imita\u00e7\u00e3o do segundo domingo de maio \u2013 no qual \u00e9 comemorado o\u00a0Dia das M\u00e3es\u00a0\u2013 temos o Dia dos Pais. Sabemos que no Brasil esse dia \u00e9 comemorado porque antigamente no dia 16 de agosto celebrava-se o dia de\u00a0S\u00e3o Joaquim, pai de Nossa Senhora e, por isso, adotou-se esse dia e depois o domingo para essa comemora\u00e7\u00e3o. Devido a esse fato, nesta data \u00e9 comemorada a\u00a0voca\u00e7\u00e3o matrimonial.<\/h4>\n<h4><\/h4>\n<h4><strong>Terceiro domingo:<\/strong>\u00a0recorda-se a\u00a0voca\u00e7\u00e3o \u00e0 vida consagrada: religiosos, religiosas, consagradas e consagrados nos v\u00e1rios institutos e comunidades de vida apost\u00f3lica e tamb\u00e9m nas novas comunidades. Essa recorda\u00e7\u00e3o \u00e9 feita porque no dia 15 de agosto celebramos o\u00a0Dia da Assun\u00e7\u00e3o de Maria aos c\u00e9us, solenidade que aqui no Brasil \u00e9 transferida para o domingo seguinte.<\/h4>\n<h4><\/h4>\n<h4><strong>Quarto domingo:<\/strong>\u00a0\u00e9 nesta data que se comemora o\u00a0Dia do Catequista, da\u00ed a comemora\u00e7\u00e3o do dia da\u00a0voca\u00e7\u00e3o do crist\u00e3o leigo na Igreja, tanto na sua presen\u00e7a na Igreja como tamb\u00e9m em seu testemunho nos v\u00e1rios ambientes de trabalho e vida. O dia do crist\u00e3o leigo voltar\u00e1 a ser comemorado no \u00faltimo domingo do ano lit\u00fargico, domingo de\u00a0Cristo Rei.<\/h4>\n<h4><\/h4>\n<h4 style=\"text-align: left\">Ao participarmos dessas celebra\u00e7\u00f5es n\u00e3o podemos nos esquecer da voca\u00e7\u00e3o primeira e mais importante de todas:\u00a0<strong>a\u00a0voca\u00e7\u00e3o \u00e0 vida crist\u00e3\u00a0<\/strong>e, consequentemente, \u00e0 santidade! Todos somos vocacionados \u00e0 santidade e fora desse caminho n\u00e3o temos como viver bem qualquer que seja a nossa voca\u00e7\u00e3o pessoal.<\/h4>\n<h4><\/h4>\n<h4>Fonte: wiki.cancaonova.com<\/h4>\n","protected":false},"excerpt":{"rendered":"<p>Voca\u00e7\u00e3o Can\u00e7\u00e3o Nova, uma escolha feita no cora\u00e7\u00e3o de Deus. Voca\u00e7\u00e3o \u00e9 um dom gratuito de Deus, dado de forma particular para cada um. \u00c9\u00a0muito importante que trilhemos um caminho de descoberta, pois quando\u00a0realizamos a vontade de Deus e a&#8230;<\/p>\n","protected":false},"author":971,"featured_media":0,"parent":0,"menu_order":0,"comment_status":"closed","ping_status":"closed","template":"","meta":{"footnotes":""},"_links":{"self":[{"href":"https:\/\/blog.cancaonova.com\/campos\/wp-json\/wp\/v2\/pages\/10035"}],"collection":[{"href":"https:\/\/blog.cancaonova.com\/campos\/wp-json\/wp\/v2\/pages"}],"about":[{"href":"https:\/\/blog.cancaonova.com\/campos\/wp-json\/wp\/v2\/types\/page"}],"author":[{"embeddable":true,"href":"https:\/\/blog.cancaonova.com\/campos\/wp-json\/wp\/v2\/users\/971"}],"replies":[{"embeddable":true,"href":"https:\/\/blog.cancaonova.com\/campos\/wp-json\/wp\/v2\/comments?post=10035"}],"version-history":[{"count":9,"href":"https:\/\/blog.cancaonova.com\/campos\/wp-json\/wp\/v2\/pages\/10035\/revisions"}],"predecessor-version":[{"id":10322,"href":"https:\/\/blog.cancaonova.com\/campos\/wp-json\/wp\/v2\/pages\/10035\/revisions\/10322"}],"wp:attachment":[{"href":"https:\/\/blog.cancaonova.com\/campos\/wp-json\/wp\/v2\/media?parent=10035"}],"curies":[{"name":"wp","href":"https:\/\/api.w.org\/{rel}","templated":true}]}}