{"id":10083,"date":"2021-11-06T16:19:48","date_gmt":"2021-11-06T19:19:48","guid":{"rendered":"http:\/\/blog.cancaonova.com\/campos\/?page_id=10083"},"modified":"2021-11-29T11:16:41","modified_gmt":"2021-11-29T14:16:41","slug":"novembro","status":"publish","type":"page","link":"https:\/\/blog.cancaonova.com\/campos\/novembro\/","title":{"rendered":"Novembro"},"content":{"rendered":"<h2>\u00a0<a href=\"http:\/\/blog.cancaonova.com\/campos\/files\/2014\/11\/159fc61fd0fc009a5ca070136f874aef_XL.jpg\"><img loading=\"lazy\" decoding=\"async\" class=\"aligncenter wp-image-7906\" src=\"http:\/\/blog.cancaonova.com\/campos\/files\/2014\/11\/159fc61fd0fc009a5ca070136f874aef_XL.jpg\" alt=\"\" width=\"578\" height=\"385\" srcset=\"https:\/\/blog.cancaonova.com\/campos\/files\/2014\/11\/159fc61fd0fc009a5ca070136f874aef_XL.jpg 900w, https:\/\/blog.cancaonova.com\/campos\/files\/2014\/11\/159fc61fd0fc009a5ca070136f874aef_XL-300x199.jpg 300w\" sizes=\"(max-width: 578px) 100vw, 578px\" \/><\/a><\/h2>\n<h2><\/h2>\n<h2><strong>Somos destinados a vida eterna.<\/strong><\/h2>\n<p>&nbsp;<\/p>\n<p>Deus nos salvou e chamou para a santidade, n\u00e3o em aten\u00e7\u00e3o \u00e0s nossas obras, mas em virtude do seu des\u00edgnio, da gra\u00e7a que vem desde toda eternidade nos destinou em Cristo Jesus\u0094 (II Tim\u00f3teo 1,9).<\/p>\n<p>&nbsp;<\/p>\n<p>A gra\u00e7a destinada em Cristo Jesus \u00e9 a vida eterna e n\u00f3s fomos criados para o eterno. N\u00e3o podemos nos esquecer disso, pois uma vez conscientes de que fomos criados para a eternidade, nossos passos e escolhas far\u00e3o a diferen\u00e7a em nossa vida pessoal, na vida dos que convivem conosco e no mundo.<\/p>\n<p>&nbsp;<\/p>\n<p>Quem foi criado para o eterno n\u00e3o pode gostar de coisas passageiras, moment\u00e2neas. Quem foi criado para o eterno n\u00e3o gosta de\u00a0superficialidade, vai al\u00e9m, vive o profundo em tudo na sua vida, principalmente, na vida com Deus.<\/p>\n<p>&nbsp;<\/p>\n<p>Meus irm\u00e3os, a gra\u00e7a destinada a n\u00f3s em Cristo Jesus \u00e9 a vida eterna. N\u00e3o se esque\u00e7a nunca dessa verdade, pois, com certeza, ela vai fazer a diferen\u00e7a na sua vida \u0096 como fez na minha e na vida dos que convivem comigo.<\/p>\n<p>&nbsp;<\/p>\n<p>Infelizmente, neste mundo em que vivemos nos \u00e9 oferecida a\u00a0cultura do passageiro, do moment\u00e2neo, do descart\u00e1vel, em quase todos os seus n\u00edveis, e que nos leva a tamb\u00e9m vivermos isso, e assim, \u201cengessar\u201d as nossas mentes para que percamos a consci\u00eancia do chamado de Deus para n\u00f3s, que \u00e9 a santidade.<\/p>\n<p>&nbsp;<\/p>\n<p>N\u00f3s, cat\u00f3licos batizados no Esp\u00edrito de Deus, que trazemos a consci\u00eancia dessa gra\u00e7a pela qual somos destinados em Jesus Cristo, precisamos \u0096 com urg\u00eancia \u0096 deixar as marcas do que \u00e9 eterno em tudo o que fizermos.<\/p>\n<p>&nbsp;<\/p>\n<p>Convido voc\u00ea, a partir de hoje, a ser marca do Eterno neste mundo e assim fazer que com suas escolhas o levem a conquistar a santidade, a qual somos chamados a viver, e a gra\u00e7a destinada a n\u00f3s que \u00e9 a vida eterna.<\/p>\n<p><em>\u00a0<\/em><\/p>\n<p><em>C\u00edcera Gon\u00e7alves<\/em><\/p>\n<p>formacao.cancaonova.com<\/p>\n<p>&nbsp;<\/p>\n<h2><a href=\"http:\/\/blog.cancaonova.com\/campos\/files\/2018\/12\/217772horizontal.jpg\"><img loading=\"lazy\" decoding=\"async\" class=\"aligncenter size-full wp-image-9541\" src=\"http:\/\/blog.cancaonova.com\/campos\/files\/2018\/12\/217772horizontal.jpg\" alt=\"\" width=\"660\" height=\"400\" srcset=\"https:\/\/blog.cancaonova.com\/campos\/files\/2018\/12\/217772horizontal.jpg 660w, https:\/\/blog.cancaonova.com\/campos\/files\/2018\/12\/217772horizontal-300x182.jpg 300w\" sizes=\"(max-width: 660px) 100vw, 660px\" \/><\/a><\/h2>\n<h2><strong>Voc\u00ea sabe o segredo para superar os traumas da morte?<\/strong><\/h2>\n<p>&nbsp;<\/p>\n<p>Diante do mist\u00e9rio da morte, especialmente a partir da dor da perda de um ente querido, sempre vem \u00e0 tona o questionamento acerca da vontade de Deus. O argumento \u00e9 muito simples: se tudo que acontece \u00e9 com o consentimento de Deus, por que Ele n\u00e3o impede a morte de algu\u00e9m? Se at\u00e9 nosso cabelo est\u00e1 contado, se, na ora\u00e7\u00e3o do Pai-Nosso, aprendemos a rezar: \u201cSeja feita a Vossa vontade\u201d, por que a morte n\u00e3o \u00e9 a vontade de Deus? Por que Ele n\u00e3o protege um filho cuja m\u00e3e reza tanto por sua prote\u00e7\u00e3o, mesmo sabendo da imprud\u00eancia dele? Se Deus \u00e9 t\u00e3o bom, por que n\u00e3o impede a morte de uma pessoa? Por que permite o sofrimento? \u00c9 pecado revoltar-se contra Deus?<\/p>\n<p>&nbsp;<\/p>\n<p>Tente responder, serenamente, a cada uma dessas perguntas. Esse \u00e9 um segredo para a cura dos traumas de morte. A pr\u00f3pria not\u00edcia a respeito do falecimento de algu\u00e9m pode ser uma fonte permanente de traumas, al\u00e9m das dificuldades relacionadas com a morte: solid\u00e3o, saudade, aceita\u00e7\u00e3o, sentimento de perda, aus\u00eancia, medo de morrer, sofrimento.<\/p>\n<p>&nbsp;<\/p>\n<p>Muitas vezes, pela dor da perda e pela dificuldade de aceita\u00e7\u00e3o, a pessoa cria mecanismos\u00a0psicol\u00f3gicos\u00a0como tentativa de defesa. Conforme a intensidade da rela\u00e7\u00e3o com o falecido, chega-se a sentir, quase que fisicamente, a presen\u00e7a da pessoa. Na verdade, isso \u00e9 uma proje\u00e7\u00e3o do inconsciente. A pessoa morta jamais entrar\u00e1 em contato com o mundo dos vivos. A morte cria-lhe uma barreira eterna. A \u00fanica comunh\u00e3o poss\u00edvel \u00e9 da parte dos vivos.<\/p>\n<p>&nbsp;<\/p>\n<h2><strong>Devemos rezar pelos mortos<\/strong><\/h2>\n<p>&nbsp;<\/p>\n<p>Sentir a presen\u00e7a de quem j\u00e1 morreu \u00e9 uma tentativa do inconsciente de amenizar a dor da perda e, tamb\u00e9m, de resolver problemas que n\u00e3o foram resolvidos em vida. Essa sensa\u00e7\u00e3o \u00e9 infantil e muito perigosa, j\u00e1 que ajuda a criar falsas doutrinas sobre a morte e sobre a\u00a0vida\u00a0eterna.<\/p>\n<p>&nbsp;<\/p>\n<p>S\u00f3 existe uma coisa que podemos fazer pelos nossos falecidos: ora\u00e7\u00e3o! E essa pode ser pessoal, comunit\u00e1ria, lit\u00fargica, na igreja ou no cemit\u00e9rio. Fora isso, qualquer coisa que se fale \u00e9 \u201cinspira\u00e7\u00e3o encardida\u201d, que precisa ser eliminada. A\u00a0ora\u00e7\u00e3o\u00a0ajuda os vivos e os mortos. A certeza da vida eterna nos torna mais respons\u00e1veis pela consequ\u00eancia de todos os nossos atos. A fruta ca\u00edda do p\u00e9 da \u00e1rvore morre, mas deixa sua semente. Assim acontece conosco.<\/p>\n<p><strong>N\u00e3o podemos falar de morte sem falar em ressurrei\u00e7\u00e3o<\/strong><\/p>\n<p>&nbsp;<\/p>\n<p>A sociedade capitalista do Ocidente tenta negar n\u00e3o s\u00f3 a morte, mas tudo que possa lembrar nossa situa\u00e7\u00e3o de finitude e fraqueza. A ideia falsa da eterna\u00a0juventude, os ideais dos progressos cient\u00edficos, a acumula\u00e7\u00e3o dos bens e o apelo ao consumismo s\u00e3o tentativas de negar o que todo mundo sabe. O presente perp\u00e9tuo e imediato \u00e9 sonho estragado que nasce no cora\u00e7\u00e3o de todos aqueles que n\u00e3o assumem a morte como uma amiga, que nos revela quem verdadeiramente somos. Conforme se vive, morre-se.<\/p>\n<p>&nbsp;<\/p>\n<p>Segundo a f\u00e9 crist\u00e3, a morte n\u00e3o \u00e9 o fim, e sim o novo come\u00e7o; \u00e9 o encontro definitivo com Deus e a entrada numa dimens\u00e3o plena junto a Ele. O crist\u00e3o jamais pode falar de morte sem falar em\u00a0ressurrei\u00e7\u00e3o. Todos seremos ressuscitados por Deus, do mesmo jeito como Ele ressuscitou Jesus.<\/p>\n<p><em>\u00a0<\/em><\/p>\n<p><em>\u00a0<\/em><\/p>\n<p><em>Texto extra\u00eddo do livro:\u00a0Cura dos Traumas da Morte<\/em><\/p>\n<p><em>Padre L\u00e9o, scj<\/em><\/p>\n","protected":false},"excerpt":{"rendered":"<p>\u00a0 Somos destinados a vida eterna. &nbsp; Deus nos salvou e chamou para a santidade, n\u00e3o em aten\u00e7\u00e3o \u00e0s nossas obras, mas em virtude do seu des\u00edgnio, da gra\u00e7a que vem desde toda eternidade nos destinou em Cristo Jesus\u0094 (II&#8230;<\/p>\n","protected":false},"author":971,"featured_media":0,"parent":0,"menu_order":0,"comment_status":"closed","ping_status":"closed","template":"","meta":{"footnotes":""},"_links":{"self":[{"href":"https:\/\/blog.cancaonova.com\/campos\/wp-json\/wp\/v2\/pages\/10083"}],"collection":[{"href":"https:\/\/blog.cancaonova.com\/campos\/wp-json\/wp\/v2\/pages"}],"about":[{"href":"https:\/\/blog.cancaonova.com\/campos\/wp-json\/wp\/v2\/types\/page"}],"author":[{"embeddable":true,"href":"https:\/\/blog.cancaonova.com\/campos\/wp-json\/wp\/v2\/users\/971"}],"replies":[{"embeddable":true,"href":"https:\/\/blog.cancaonova.com\/campos\/wp-json\/wp\/v2\/comments?post=10083"}],"version-history":[{"count":6,"href":"https:\/\/blog.cancaonova.com\/campos\/wp-json\/wp\/v2\/pages\/10083\/revisions"}],"predecessor-version":[{"id":10103,"href":"https:\/\/blog.cancaonova.com\/campos\/wp-json\/wp\/v2\/pages\/10083\/revisions\/10103"}],"wp:attachment":[{"href":"https:\/\/blog.cancaonova.com\/campos\/wp-json\/wp\/v2\/media?parent=10083"}],"curies":[{"name":"wp","href":"https:\/\/api.w.org\/{rel}","templated":true}]}}