{"id":10098,"date":"2021-11-29T10:59:32","date_gmt":"2021-11-29T13:59:32","guid":{"rendered":"http:\/\/blog.cancaonova.com\/campos\/?page_id=10098"},"modified":"2022-12-24T19:36:32","modified_gmt":"2022-12-24T22:36:32","slug":"dezembro-deus-lhe-da-uma-nova-chance","status":"publish","type":"page","link":"https:\/\/blog.cancaonova.com\/campos\/dezembro-deus-lhe-da-uma-nova-chance\/","title":{"rendered":"Dezembro: Natal do Senhor"},"content":{"rendered":"<h2><a href=\"http:\/\/blog.cancaonova.com\/campos\/files\/2014\/12\/Feliz-Natal.jpg\"><img loading=\"lazy\" decoding=\"async\" class=\"wp-image-8236 aligncenter\" src=\"http:\/\/blog.cancaonova.com\/campos\/files\/2014\/12\/Feliz-Natal.jpg\" alt=\"\" width=\"475\" height=\"277\" srcset=\"https:\/\/blog.cancaonova.com\/campos\/files\/2014\/12\/Feliz-Natal.jpg 600w, https:\/\/blog.cancaonova.com\/campos\/files\/2014\/12\/Feliz-Natal-300x175.jpg 300w\" sizes=\"(max-width: 475px) 100vw, 475px\" \/><\/a><\/h2>\n<h3><\/h3>\n<h3><strong>O que celebramos\u00a0 no Natal?<\/strong><\/h3>\n<div dir=\"auto\"><\/div>\n<div dir=\"auto\">Um menino nos foi dado, o Emanuel: Deus conosco. Deus em nosso meio! Este \u00e9 o motivo da nossa alegria.<\/div>\n<div dir=\"auto\"><\/div>\n<div dir=\"auto\">O mist\u00e9rio da encarna\u00e7\u00e3o. Um beb\u00ea nasce do ventre de uma virgem. \u00c9 o cumprimento da profecia. Uma luz ilumina o povo que jazia nas\u00a0 trevas.<\/div>\n<div dir=\"auto\"><\/div>\n<div dir=\"auto\">N\u00e3o havia mais salva\u00e7\u00e3o para n\u00f3s. Hav\u00edamos perdido tudo! E assim,\u00a0 Deus manifesta seu grande amor enviando seu Filho \u00danico. \u00c9 a primeira vinda\u00a0 de Jesus.<\/div>\n<div dir=\"auto\"><\/div>\n<div dir=\"auto\">Se perdemos de vista o sentido de celebrar o Natal, a esperan\u00e7a e a alegria\u00a0 n\u00e3o ser\u00e3o sentidas na pot\u00eancia que esta noite tr\u00e1s.<\/div>\n<div dir=\"auto\"><\/div>\n<div dir=\"auto\">A alegria ser\u00e1 for\u00e7ada, porque n\u00e3o tem alegria de verdade,\u00a0 o pres\u00e9pio abandonado em meio a outros enfeites, a ora\u00e7\u00e3o do louvor e da gratid\u00e3o ser\u00e3o abolidas, nenhuma oferta ser\u00e1 feita ao Menino Jesus.<\/div>\n<div dir=\"auto\"><\/div>\n<div dir=\"auto\">\u00c9 a celebra\u00e7\u00e3o do nascimento do Salvador. N\u00e3o importa quando ele nasceu, mas \u00e9 nesta data que celebramos. E por causa dessa crian\u00e7a, \u00e9 uma noite muito especial.<\/div>\n<div dir=\"auto\"><\/div>\n<div dir=\"auto\">Se mergulhamos na grandeza desse mist\u00e9rio,\u00a0 a exemplo da Virgem Maria, de Jos\u00e9, tamb\u00e9m\u00a0 dos magos e pastores, somos iluminados por Sua luz.<\/div>\n<div dir=\"auto\"><\/div>\n<div dir=\"auto\">Dissipa-se a escurid\u00e3o da falta de perd\u00e3o,\u00a0 do rancor, da revolta, do julgamento,\u00a0 da inveja, do ci\u00fame, e tantas outras &#8216;trevas&#8217;,\u00a0 s\u00e3o\u00a0 banidas dos nossos cora\u00e7\u00f5es.<\/div>\n<div dir=\"auto\"><\/div>\n<div dir=\"auto\">Somente aquele que \u00c9 pode trazer a verdadeira paz aos nossos cora\u00e7\u00f5es.<\/div>\n<div dir=\"auto\"><\/div>\n<div dir=\"auto\">&#8216;Gl\u00f3ria a Deus nas alturas, e paz na terra aos homens de boa vontade&#8217;.<\/div>\n<div dir=\"auto\"><\/div>\n<div dir=\"auto\">Um feliz e Santo Natal para voc\u00ea\u00a0 e sua fam\u00edlia.<\/div>\n<div dir=\"auto\"><\/div>\n<div dir=\"auto\"><\/div>\n<div dir=\"auto\">Carla Pedrosa<\/div>\n<div dir=\"auto\">Vocacionada Comunidade Can\u00e7\u00e3o Nova<\/div>\n<div dir=\"auto\"><\/div>\n<div dir=\"auto\"><\/div>\n<h2><a href=\"http:\/\/blog.cancaonova.com\/campos\/files\/2021\/11\/IMG-20211224-WA0029.jpg\"><img loading=\"lazy\" decoding=\"async\" class=\"aligncenter wp-image-10111\" src=\"http:\/\/blog.cancaonova.com\/campos\/files\/2021\/11\/IMG-20211224-WA0029.jpg\" alt=\"\" width=\"386\" height=\"386\" srcset=\"https:\/\/blog.cancaonova.com\/campos\/files\/2021\/11\/IMG-20211224-WA0029.jpg 512w, https:\/\/blog.cancaonova.com\/campos\/files\/2021\/11\/IMG-20211224-WA0029-200x200.jpg 200w, https:\/\/blog.cancaonova.com\/campos\/files\/2021\/11\/IMG-20211224-WA0029-300x300.jpg 300w\" sizes=\"(max-width: 386px) 100vw, 386px\" \/><\/a><\/h2>\n<h2>O NATAL DO SENHOR E O NOSSO NATAL.<\/h2>\n<p>&nbsp;<\/p>\n<p>O Verbo eterno de Deus, nascido do Pai antes de todos os s\u00e9culos, nasceu uma segunda vez, na humanidade, para nos fazer nascer uma vez mais, na fonte batismal, para a vida divina. &#8220;Embora cada um tenha sido chamado num momento determinado para fazer parte do povo do Senhor, e todos os filhos da Igreja sejam diversos na sucess\u00e3o dos tempos, a totalidade dos fi\u00e9is, sa\u00edda da fonte batismal&#8221;, explica ainda o Papa Le\u00e3o, &#8220;tamb\u00e9m nasceu com ele neste Natal&#8221;.<\/p>\n<p>&nbsp;<\/p>\n<p>Nasce nesta Oitava, portanto, n\u00e3o s\u00f3 o Cristo, mas cada crist\u00e3o em particular. Celebrar essa solenidade n\u00e3o significa simplesmente recordar um acontecimento do passado, mas algo que toca concretamente a nossa pr\u00f3pria hist\u00f3ria. Puer natus est nobis, &#8220;um menino nasceu&#8221; verdadeiramente, n\u00e3o para servir de enfeite nos pres\u00e9pios, n\u00e3o para trazer um feriado de fim de ano, n\u00e3o para entrar nas p\u00e1ginas frias dos livros de hist\u00f3ria; nasceu sim, mas &#8220;para n\u00f3s&#8221;, para nos salvar, para mudar e transformar por completo a nossa vida.<\/p>\n<p>&nbsp;<\/p>\n<p>Ao passarmos em fam\u00edlia ou em amigos as festividades deste fim de ano, n\u00e3o nos esque\u00e7amos dessas verdades que d\u00e3o sentido n\u00e3o s\u00f3 ao Natal e ao AnoNovo, mas a toda a nossa exist\u00eancia.<\/p>\n<p>(Dos Serm\u00f5es de S\u00e3o Le\u00e3o Magno, papa).<\/p>\n<p>&nbsp;<\/p>\n<p><strong>O Natal do Senhor \u00e9 o Natal da paz. <\/strong><\/p>\n<p>&nbsp;<\/p>\n<p>O estado de inf\u00e2ncia, que o Filho de Deus assumiu sem consider\u00e1-la indigna de sua grandeza, foi-se desenvolvendo com a idade at\u00e9 chegar ao estado de homem perfeito e, tendo-se consumado o triunfo de sua paix\u00e3o e ressurrei\u00e7\u00e3o, todas as a\u00e7\u00f5es pr\u00f3prias do seu estado de aniquilamento que aceitou por n\u00f3s tiveram o seu fim e pertencem ao passado. Contudo, a festa de hoje renova para n\u00f3s os primeiros instantes da vida sagrada de Jesus, nascido da Virgem Maria. E enquanto adoramos o nascimento de nosso Salvador, celebramos tamb\u00e9m o nosso nascimento.<\/p>\n<p>&nbsp;<\/p>\n<p>Efetivamente, a gera\u00e7\u00e3o de Cristo \u00e9 a origem do povo crist\u00e3o; o Natal da Cabe\u00e7a \u00e9 tamb\u00e9m o natal do Corpo.<\/p>\n<p>&nbsp;<\/p>\n<p>Embora cada um tenha sido chamado num momento determinado para fazer parte do povo do Senhor, e todos os filhos da Igreja sejam diversos na sucess\u00e3o dos tempos, a totalidade dos fi\u00e9is, sa\u00edda da fonte batismal, crucificada com Cristo na sua Paix\u00e3o, ressuscitada na sua Ressurrei\u00e7\u00e3o e colocada \u00e0 direita do Pai na sua Ascens\u00e3o, tamb\u00e9m nasceu com ele neste Natal.<\/p>\n<p>&nbsp;<\/p>\n<p>Todo homem que, em qualquer parte do mundo, acredita e \u00e9 regenerado em Cristo, liberta-se do v\u00ednculo do pecado original e, renascendo, torna-se um homem novo. J\u00e1 n\u00e3o pertence \u00e0 descend\u00eancia de seu pai segundo a carne, mas \u00e0 linhagem do Salvador, que se fez Filho do homem para que n\u00f3s pud\u00e9ssemos ser filhos de Deus.<\/p>\n<p>&nbsp;<\/p>\n<p>Se ele n\u00e3o tivesse descido at\u00e9 n\u00f3s na humildade da natureza humana, ningu\u00e9m poderia, por seus pr\u00f3prios m\u00e9ritos, chegar at\u00e9 ele.<\/p>\n<p>&nbsp;<\/p>\n<p>Por isso, a grandeza desse dom exige de n\u00f3s uma rever\u00eancia digna de seu valor. Pois, como nos ensina o santo Ap\u00f3stolo, &#8220;n\u00f3s n\u00e3o recebemos o esp\u00edrito do mundo, mas recebemos o Esp\u00edrito que vem de Deus, para que conhe\u00e7amos os dons da gra\u00e7a que Deus nos concedeu&#8221; ( 1Cor 2, 12). O \u00fanico modo de honrar dignamente o Senhor \u00e9 oferecer-lhe o que ele mesmo nos deu.<\/p>\n<p>&nbsp;<\/p>\n<p>Ora, no tesouro das liberalidades de Deus, que podemos encontrar de mais pr\u00f3prio para celebrar esta festa do que a paz, que o canto dos anjos anunciou em primeiro lugar no nascimento doSenhor?<\/p>\n<p>&nbsp;<\/p>\n<p>\u00c9 a paz que gera os filhos de Deus e alimenta o amor; ela \u00e9 a m\u00e3e da unidade, o repouso dos bem-aventurados e a morada da eternidade; sua fun\u00e7\u00e3o pr\u00f3pria e seu benef\u00edcio especial \u00e9 unir a Deus os que ela separa do mundo.<\/p>\n<p>&nbsp;<\/p>\n<p>Assim, aqueles que &#8220;n\u00e3o nasceram do sangue, nem da vontade da carne, nem da vontade do homem, mas de Deus mesmo&#8221; ( Jo 1, 13), ofere\u00e7am ao Pai a conc\u00f3rdia dos filhos que amam a paz, e todos os membros da fam\u00edlia adotiva de Deus se encontrem naquele que \u00e9 o Primog\u00eanito da nova cria\u00e7\u00e3o, que n\u00e3o veio para fazer a sua vontade, mas a vontade daquele que o enviou. Pois a gra\u00e7a do Pai n\u00e3o adotou como herdeiros pessoas que vivem separadas pela disc\u00f3rdia ou oposi\u00e7\u00e3o, mas unidas nos mesmos sentimentos e no mesmo amor. \u00c9 preciso que tenham um cora\u00e7\u00e3o un\u00e2nime os que foram recriados segundo a mesma imagem.<\/p>\n<p>&nbsp;<\/p>\n<p>O Natal do Senhor \u00e9 o natal da paz. Como diz o Ap\u00f3stolo, Cristo \u00e9 a nossa paz, ele que de dois povos fez um s\u00f3 (cf. Ef 2, 14); judeus ou gentios, &#8220;em um s\u00f3 Esp\u00edrito, temos acesso junto ao Pai&#8221; (Ef 2, 18).<\/p>\n<p>&nbsp;<\/p>\n<p>Pe Paulo Ricardo<\/p>\n<p>&nbsp;<\/p>\n<p><a href=\"http:\/\/blog.cancaonova.com\/campos\/files\/2021\/11\/Screenshot_20211207-154451_Chrome-1.jpg\"><img loading=\"lazy\" decoding=\"async\" class=\"aligncenter wp-image-10107\" src=\"http:\/\/blog.cancaonova.com\/campos\/files\/2021\/11\/Screenshot_20211207-154451_Chrome-1.jpg\" alt=\"\" width=\"464\" height=\"479\" srcset=\"https:\/\/blog.cancaonova.com\/campos\/files\/2021\/11\/Screenshot_20211207-154451_Chrome-1.jpg 763w, https:\/\/blog.cancaonova.com\/campos\/files\/2021\/11\/Screenshot_20211207-154451_Chrome-1-290x300.jpg 290w\" sizes=\"(max-width: 464px) 100vw, 464px\" \/><\/a><\/p>\n<h2><strong>Imaculada Concei\u00e7\u00e3o: o dogma que a Virgem Maria confirmou pessoalmente.<\/strong><\/h2>\n<p>&nbsp;<\/p>\n<p>O ano era 1858. No sop\u00e9 dos Pirineus, na Fran\u00e7a, \u201cuma pequena mo\u00e7a\u201d apareceu para a adolescente Bernadette Soubirous, de 14 anos, durante uma s\u00e9rie de vis\u00f5es que durou cinco meses, de fevereiro a julho. A \u201cSenhora\u201d pediu que fiz\u00e9ssemos penit\u00eancia pela convers\u00e3o dos pecadores e que fosse constru\u00eddo um santu\u00e1rio em cima do dep\u00f3sito de lixo em que as apari\u00e7\u00f5es ocorriam.<\/p>\n<p>&nbsp;<\/p>\n<p>Bernadette, a menina asm\u00e1tica da fam\u00edlia mais pobre da cidade, virou objeto imediato de descr\u00e9dito. Perseverante apesar do esc\u00e1rnio e da suspeita, Bernadette aprendeu a obedi\u00eancia naquela que o papa Pio XII chamaria de \u201cEscola de Maria\u201d.<\/p>\n<p>&nbsp;<\/p>\n<p>Gra\u00e7as \u00e0 sua submiss\u00e3o \u00e0s orienta\u00e7\u00f5es da Senhora, brotou no local uma fonte cujas \u00e1guas dotadas de poderes de cura realizaram v\u00e1rios milagres j\u00e1 confirmados. A menina retransmitiu ao p\u00e1roco o pedido da Senhora para que fosse constru\u00edda uma capela sobre a gruta. Ele inicialmente rejeitou o pedido, mas, depois de algum tempo, a baixa instru\u00e7\u00e3o de Bernadette acabou servindo para confirmar a autenticidade daqueles eventos sobrenaturais e dos complexos conceitos envolvidos neles.<\/p>\n<p><strong>\u00a0<\/strong><\/p>\n<p><strong>\u00c9 que a \u201cSenhora\u201d tinha se apresentado a Bernardette declarando: \u201cEu sou a Imaculada Concei\u00e7\u00e3o\u201d!<\/strong><\/p>\n<p>&nbsp;<\/p>\n<p>Ora, como \u00e9 que poderia aquela pobre menina saber que, quatro anos antes, tinha sido promulgado pelo papa Pio IX o dogma da Imaculada Concei\u00e7\u00e3o? Ela nem sequer sabia o que a palavra \u201cconcei\u00e7\u00e3o\u201d significava!<\/p>\n<p>&nbsp;<\/p>\n<p>As autoridades locais queriam impedir as multid\u00f5es de visitar o local. Tentavam for\u00e7ar uma condena\u00e7\u00e3o por parte do bispo, que criou uma comiss\u00e3o de investiga\u00e7\u00e3o. Quatro anos mais tarde, as apari\u00e7\u00f5es foram declaradas aut\u00eanticas e, em 1876, a bas\u00edlica sobre a gruta foi consagrada. Gra\u00e7as \u00e0s apari\u00e7\u00f5es em Lourdes, o dogma da Imaculada Concei\u00e7\u00e3o se tornou assunto de discuss\u00e3o comum e ajudou a espalhar uma compreens\u00e3o da l\u00f3gica divina ao preservar Maria da mancha do pecado.<\/p>\n<p>&nbsp;<\/p>\n<p>Bernadette morreu num convento, escondida do mundo, vinte e um anos depois da \u00faltima apari\u00e7\u00e3o. Seu corpo permaneceu incorrupto internamente, mas n\u00e3o sem defeitos exteriores; durante a terceira exuma\u00e7\u00e3o, em 1925, revestimentos de cera foram colocados em seu rosto e em suas m\u00e3os antes que o corpo fosse transferido para um relic\u00e1rio de cristal, naquele mesmo ano.<\/p>\n<p>&nbsp;<\/p>\n<p>Para os cat\u00f3licos, os santos incorruptos ajudam a contemplar o quanto a ilumina\u00e7\u00e3o divina consegue elevar um ser humano a um estado tal de santidade que as pr\u00f3prias c\u00e9lulas destinadas ao p\u00f3 permanecem preservadas.<\/p>\n<h3><\/h3>\n<p>Em 8 de dezembro de 1854, o papa Pio IX proclamou, com a bula \u201c<em>Ineffabilis Deus<\/em>\u201d, o dogma da Imaculada Concei\u00e7\u00e3o da Virgem Maria, ou seja, que Nossa Senhora foi preservada por Deus, desde o instante da sua concep\u00e7\u00e3o, pelos m\u00e9ritos da reden\u00e7\u00e3o de Cristo, do pecado original que mancha todos os homens devido \u00e0 transgress\u00e3o de Ad\u00e3o, a fim de preparar a mais perfeita M\u00e3e para o seu Filho.<\/p>\n<p>&nbsp;<\/p>\n<p>A defini\u00e7\u00e3o do dogma da Imaculada Concei\u00e7\u00e3o constituiu um longo caminho de discernimento, no qual o \u201c<em>sensus fidelium<\/em>\u201d teve um papel muito importante. De fato, o sentir do povo fiel esteve \u00e0 frente da formula\u00e7\u00e3o do dogma j\u00e1 desde os primeiros s\u00e9culos do cristianismo. O povo crist\u00e3o acreditou e defendeu intensamente a verdade da pureza de Maria desde os in\u00edcios, sobretudo no Oriente, onde os Padres da Igreja a definiam como a \u201c<em>Panaghia<\/em>\u201d, a toda santa, santificada pelo Esp\u00edrito Santo, \u201cl\u00edrio pur\u00edssimo\u201d, \u201cimaculada\u201d.<\/p>\n<p>&nbsp;<\/p>\n<p>O dogma da Imaculada levou \u00e0 culmina\u00e7\u00e3o um longo caminho de discernimento teol\u00f3gico e doutrinal da Igreja e foi recebido com grandes festejos, adquirindo, poucas d\u00e9cadas depois, o car\u00e1ter de solenidade com vig\u00edlia, como as grandes festas do calend\u00e1rio crist\u00e3o.<\/p>\n<p>Fonte: pt.aleteia.org<\/p>\n<p>&nbsp;<\/p>\n<h2><a href=\"http:\/\/blog.cancaonova.com\/campos\/files\/2014\/12\/tempo-do-advento.jpg\"><img loading=\"lazy\" decoding=\"async\" class=\"aligncenter size-full wp-image-8094\" src=\"http:\/\/blog.cancaonova.com\/campos\/files\/2014\/12\/tempo-do-advento.jpg\" alt=\"\" width=\"630\" height=\"298\" srcset=\"https:\/\/blog.cancaonova.com\/campos\/files\/2014\/12\/tempo-do-advento.jpg 630w, https:\/\/blog.cancaonova.com\/campos\/files\/2014\/12\/tempo-do-advento-300x141.jpg 300w\" sizes=\"(max-width: 630px) 100vw, 630px\" \/><\/a><\/h2>\n<h2><strong>ADVENTO, O TEMPO DA PREPARA\u00c7\u00c3O.<\/strong><\/h2>\n<p>&nbsp;<\/p>\n<p>O Ano Lit\u00fargico come\u00e7a com o Tempo do Advento, um tempo de prepara\u00e7\u00e3o para a Festa do Natal de Jesus. Esse foi o maior acontecimento da hist\u00f3ria: o Verbo se fez carne e habitou entre n\u00f3s. Dignou-Se a assumir a nossa humanidade, sem deixar de ser Deus. O Natal de Jesus precisa ser preparado e celebrado a cada ano. S\u00e3o quatro semanas de prepara\u00e7\u00e3o e, no decorrer delas, somos convidados a esperar Jesus que vem no Natal e vir\u00e1 no final dos tempos.<\/p>\n<p>&nbsp;<\/p>\n<p>Por isso, \u00e9 um tempo de prepara\u00e7\u00e3o e de alegre espera do Senhor considerada sob diversos aspectos. Em primeiro lugar, a expectativa do Antigo Testamento pela vinda do Messias, do que falavam os profetas, agradecendo a Deus o dom inef\u00e1vel da salva\u00e7\u00e3o que se realizou na vinda do divino Redentor. Agora, a vinda do Salvador deve atualizar-se no cora\u00e7\u00e3o de todos os homens, enquanto a hist\u00f3ria se encaminha para a Parusia, ou seja, a vinda gloriosa do Senhor. \u00c9, nesta perspectiva, que devem ser escutadas as leituras do Advento. \u201cVinde, caminhemos \u00e0 luz do Senhor!\u201d.<\/p>\n<p>&nbsp;<\/p>\n<p>Nas duas primeiras semanas do Advento, a liturgia nos convida a vigiar e a esperar a vinda gloriosa do Salvador. Um dia, o Senhor voltar\u00e1 para colocar um fim \u00e0 hist\u00f3ria humana, mas o nosso encontro com Ele tamb\u00e9m est\u00e1 marcado para logo ap\u00f3s a morte.<\/p>\n<p>&nbsp;<\/p>\n<p>Nas duas \u00faltimas, lembramos a espera dos profetas e de Maria. Preparamo-nos mais (especialmente) para celebrar o nascimento de Jesus em Bel\u00e9m. Os profetas anunciaram esse acontecimento com riqueza de detalhes; nascer\u00e1 da tribo de Jud\u00e1, em Bel\u00e9m, a cidade de Davi e seu Reino n\u00e3o ter\u00e1 fim. Maria O esperou com zelo materno e O preparou para a miss\u00e3o terrena.<\/p>\n<h2>A coroa do Advento<\/h2>\n<p>&nbsp;<\/p>\n<p>A Guirlanda ou\u00a0Coroa do Advento\u00a0\u00e9 o primeiro an\u00fancio do Natal. A coroa \u00e9 verde, sinal de esperan\u00e7a e vida, enfeitada com uma fita vermelha que simboliza o amor de Deus que nos envolve e, tamb\u00e9m, a manifesta\u00e7\u00e3o do nosso amor, que espera ansioso o nascimento do Filho de Deus.<\/p>\n<p>&nbsp;<\/p>\n<p>&nbsp;<\/p>\n<p>A Coroa do Advento \u00e9 composta por 4 velas nos seus cantos \u2013 presas aos ramos formando um c\u00edrculo. A cada domingo acende-se uma delas. As velas representam as v\u00e1rias etapas da salva\u00e7\u00e3o. Come\u00e7a-se no 1\u00ba Domingo, acendendo apenas uma vela; e, \u00e0 medida que v\u00e3o passando os domingos, acendem-se as outras velas, at\u00e9 chegar o 4\u00ba Domingo, que \u00e9 quando todas devem estar acesas. Os ramos em c\u00edrculo s\u00e3o de cipreste, de pinheiro ou de outra \u00e1rvore ornamental, esses ramos s\u00e3o para lembrar a\u00a0esperan\u00e7a\u00a0crist\u00e3, ela \u00e9 alimentada com a proximidade do Natal. O c\u00edrculo n\u00e3o tem princ\u00edpio nem fim. \u00c9 sinal do amor de Deus que \u00e9 eterno e tamb\u00e9m da nossa ininterrupta dile\u00e7\u00e3o ao Criador e ao pr\u00f3ximo.<\/p>\n<p>&nbsp;<\/p>\n<p>Durante o Advento, prevalece a cor roxa, s\u00edmbolo da\u00a0convers\u00e3o, que \u00e9 fruto da revis\u00e3o de vida, ou seja, a metanoia. As velas querem representar as v\u00e1rias etapas da salva\u00e7\u00e3o, sobretudo para significar a espera d\u2019Aquele que \u00e9 \u201ca Luz que ilumina todo homem que vem a este mundo\u201d (Jo\u00e3o 1,9) e que est\u00e1 para chegar. Ent\u00e3o, n\u00f3s O esperamos com luzes, porque O amamos e queremos ser como Ele, Luz.<\/p>\n<p>&nbsp;<\/p>\n<p>Prof. Felipe Aquino<\/p>\n","protected":false},"excerpt":{"rendered":"<p>O que celebramos\u00a0 no Natal? Um menino nos foi dado, o Emanuel: Deus conosco. Deus em nosso meio! Este \u00e9 o motivo da nossa alegria. O mist\u00e9rio da encarna\u00e7\u00e3o. Um beb\u00ea nasce do ventre de uma virgem. \u00c9 o cumprimento&#8230;<\/p>\n","protected":false},"author":971,"featured_media":0,"parent":0,"menu_order":0,"comment_status":"closed","ping_status":"closed","template":"","meta":{"footnotes":""},"_links":{"self":[{"href":"https:\/\/blog.cancaonova.com\/campos\/wp-json\/wp\/v2\/pages\/10098"}],"collection":[{"href":"https:\/\/blog.cancaonova.com\/campos\/wp-json\/wp\/v2\/pages"}],"about":[{"href":"https:\/\/blog.cancaonova.com\/campos\/wp-json\/wp\/v2\/types\/page"}],"author":[{"embeddable":true,"href":"https:\/\/blog.cancaonova.com\/campos\/wp-json\/wp\/v2\/users\/971"}],"replies":[{"embeddable":true,"href":"https:\/\/blog.cancaonova.com\/campos\/wp-json\/wp\/v2\/comments?post=10098"}],"version-history":[{"count":9,"href":"https:\/\/blog.cancaonova.com\/campos\/wp-json\/wp\/v2\/pages\/10098\/revisions"}],"predecessor-version":[{"id":10284,"href":"https:\/\/blog.cancaonova.com\/campos\/wp-json\/wp\/v2\/pages\/10098\/revisions\/10284"}],"wp:attachment":[{"href":"https:\/\/blog.cancaonova.com\/campos\/wp-json\/wp\/v2\/media?parent=10098"}],"curies":[{"name":"wp","href":"https:\/\/api.w.org\/{rel}","templated":true}]}}