{"id":10121,"date":"2022-01-06T11:00:10","date_gmt":"2022-01-06T14:00:10","guid":{"rendered":"http:\/\/blog.cancaonova.com\/campos\/?page_id=10121"},"modified":"2022-02-03T12:43:11","modified_gmt":"2022-02-03T15:43:11","slug":"janeiro-deus-nos-da-uma-nova-chance","status":"publish","type":"page","link":"https:\/\/blog.cancaonova.com\/campos\/janeiro-deus-nos-da-uma-nova-chance\/","title":{"rendered":"Janeiro: Deus nos d\u00e1 uma nova chance!"},"content":{"rendered":"<h2><\/h2>\n<h2><a href=\"http:\/\/blog.cancaonova.com\/campos\/files\/2022\/01\/Screenshot_20220203-124922_Google-1.jpg\"><img loading=\"lazy\" decoding=\"async\" class=\"aligncenter size-full wp-image-10143\" src=\"http:\/\/blog.cancaonova.com\/campos\/files\/2022\/01\/Screenshot_20220203-124922_Google-1.jpg\" alt=\"\" width=\"1080\" height=\"1259\" srcset=\"https:\/\/blog.cancaonova.com\/campos\/files\/2022\/01\/Screenshot_20220203-124922_Google-1.jpg 1080w, https:\/\/blog.cancaonova.com\/campos\/files\/2022\/01\/Screenshot_20220203-124922_Google-1-257x300.jpg 257w, https:\/\/blog.cancaonova.com\/campos\/files\/2022\/01\/Screenshot_20220203-124922_Google-1-768x895.jpg 768w\" sizes=\"(max-width: 1080px) 100vw, 1080px\" \/><\/a><\/h2>\n<h2><\/h2>\n<h2>S\u00e1bios conselhos de Dom Bosco aos pais<\/h2>\n<h3 style=\"text-align: left\"><\/h3>\n<blockquote><p>\nCom um amor sem medidas, Dom Bosco sabia recuperar os mais<br \/>\ndeseducados e traz\u00ea-los a Deus e ao bom conv\u00edvio com os outros.<\/p>\n<h4>Normas pr\u00e1ticas e seguras de Dom Bosco<\/h4>\n<p>1. Valorize o seu filho. Quando respeitado e estimado, o jovem progride e amadurece.<\/p>\n<p>2. Acredite no seu filho. Mesmo os jovens mais \u2018dif\u00edceis\u2019 trazem bondade e generosidade no cora\u00e7\u00e3o.<\/p>\n<p>3. Ame e respeite o seu filho. Mostre a ele, claramente, que voc\u00ea est\u00e1 ao seu<br \/>\nlado, olhe-o nos olhos. N\u00f3s que pertencemos a nossos filhos, n\u00e3o eles a n\u00f3s.<\/p>\n<p>4. Elogie seu filho sempre que puder. Seja sincero: quem de n\u00f3s n\u00e3o gosta de um elogio?<\/p>\n<p>5. Compreenda seu filho. O mundo hoje \u00e9 complicado, rude e competitivo. Muda todo dia. Procure entender isto.Quem sabe ele est\u00e1 precisando de voc\u00ea, esperando apenas um toque seu.<\/p>\n<p>6. Alegre-se com o seu filho. Tanto quanto n\u00f3s, os jovens s\u00e3o atra\u00eddos por um sorriso; a alegria e o bom humor atraem os meninos como mel.<\/p>\n<p>7. Aproxime-se de seu filho. Viva com o seu filho,viva no meio dele e conhe\u00e7a seus amigos. Procure saber onde ele vai, com quem est\u00e1. Convide-o a trazer seus amigos para a sua casa. Participe amigavelmente de sua vida.<\/p>\n<p>8. Seja coerente com o seu filho. N\u00e3o temos o direito de exigir de nosso filho atitudes que n\u00e3o temos. Quem n\u00e3o \u00e9 s\u00e9rio n\u00e3o pode exigir seriedade. Quem n\u00e3o respeita, n\u00e3o pode exigir respeito. O nosso filho v\u00ea tudo isso muito bem, talvez porque nos conhe\u00e7a mais do que n\u00f3s a ele.<\/p>\n<p>9. Prevenir \u00e9 melhor do que castigar o seu filho. Quem \u00e9 feliz n\u00e3o sente a<br \/>\nnecessidade de fazer o que n\u00e3o \u00e9 direito. O castigo magoa, a dor e o rancor ficam e separam voc\u00ea do seu filho. Pense, duas, tr\u00eas, sete vezes, antes de castigar. Nunca com raiva. Nunca.<\/p>\n<p>10. Reze com seu filho. No princ\u00edpio pode parecer \u2018estranho\u2019, mas a religi\u00e3o precisa ser alimentada. Quem ama e respeita a Deus vai amar e respeitar o\u00a0seu pr\u00f3ximo. \u2018Quando se trata de educa\u00e7\u00e3o n\u00e3o se pode deixar de lado a religi\u00e3o\u2019.<\/p>\n<p>&nbsp;<\/p>\n<h4>Ora\u00e7\u00e3o a Dom Bosco<\/h4>\n<p>&nbsp;<\/p>\n<p>Oh! Pai e mestre da juventude, S\u00e3o Jo\u00e3o Bosco, que tanto trabalhastes pela salva\u00e7\u00e3o das almas, sede nossa guia em buscar o bem da nossa e a salva\u00e7\u00e3o do pr\u00f3ximo, ajudai-nos a vencer as paix\u00f5es e o respeito humano, ensinai-nos a amar a Jesus Sacramentado, a Maria Sant\u00edssima Auxiliadora e ao Papa, e obtende-nos de Deus uma santa morte, para que possamos um dia achar-nos juntos no C\u00e9u.<br \/>\nAssim seja.<\/p>\n<p>&nbsp;<\/p><\/blockquote>\n<p>Formacao.cancaonova.com<\/p>\n<h3><\/h3>\n<h3><a href=\"http:\/\/blog.cancaonova.com\/campos\/files\/2022\/01\/WhatsApp-Image-2022-01-10-at-16.54.15.jpeg\"><img loading=\"lazy\" decoding=\"async\" class=\"aligncenter wp-image-10135\" src=\"http:\/\/blog.cancaonova.com\/campos\/files\/2022\/01\/WhatsApp-Image-2022-01-10-at-16.54.15.jpeg\" alt=\"\" width=\"370\" height=\"370\" srcset=\"https:\/\/blog.cancaonova.com\/campos\/files\/2022\/01\/WhatsApp-Image-2022-01-10-at-16.54.15.jpeg 1080w, https:\/\/blog.cancaonova.com\/campos\/files\/2022\/01\/WhatsApp-Image-2022-01-10-at-16.54.15-200x200.jpeg 200w, https:\/\/blog.cancaonova.com\/campos\/files\/2022\/01\/WhatsApp-Image-2022-01-10-at-16.54.15-300x300.jpeg 300w, https:\/\/blog.cancaonova.com\/campos\/files\/2022\/01\/WhatsApp-Image-2022-01-10-at-16.54.15-768x768.jpeg 768w\" sizes=\"(max-width: 370px) 100vw, 370px\" \/><\/a><\/h3>\n<h3><strong>Voc\u00ea \u00e9 sempre capaz de recome\u00e7ar e construir a vit\u00f3ria em sua vida.<\/strong><\/h3>\n<p>&nbsp;<\/p>\n<p>Voc\u00ea \u00e9 capaz de recome\u00e7ar a vida! Mesmo que sentimentos de limita\u00e7\u00e3o e incapacidade tenham se enraizado em seu cora\u00e7\u00e3o.<\/p>\n<p>&nbsp;<\/p>\n<p>A\u00a0vida\u00a0comporta muitas possibilidades e mostra o quanto voc\u00ea \u00e9 capaz de trazer nas m\u00e3os, a possibilidade de a cada novo\u00a0dia, transformar todas as realidades.<\/p>\n<p>&nbsp;<\/p>\n<p>A arte da escolha \u00e9 semelhante a da\u00a0literatura, traz em si o poder de recriar a realidade.<\/p>\n<h3><strong>\u00a0<\/strong><\/h3>\n<h3><strong>As chances de cada novo dia<\/strong><\/h3>\n<p>&nbsp;<\/p>\n<p>Todo ser carrega em si a possibilidade de recome\u00e7ar, de acertar, de ser diferente. Pena que haja muita gente infeliz, porque esqueceu-se de que para ser feliz \u00e9 preciso aprender a escolher bem, aproveitando com propriedade as chances de cada novo dia.<\/p>\n<p>&nbsp;<\/p>\n<p>A vida sempre nos apresenta oportunidades. At\u00e9 mesmo o\u00a0erro\u00a0\u00e9 uma oportunidade para crescer e aprender, e quem tem sensibilidade para acolher os pequenos mist\u00e9rios contidos nas dores do dia a dia, consegue absorver a vida, subtraindo desventuras e acumulando possibilidades.<\/p>\n<p>&nbsp;<\/p>\n<p>A m\u00e1goa \u00e9 uma oportunidade para se perdoar; a queda para levantar-se; a solid\u00e3o para aprender a acompanhar, o erro para acertar-se.<\/p>\n<p>&nbsp;<\/p>\n<p>Deus depositou em nosso cora\u00e7\u00e3o uma profunda capacidade de supera\u00e7\u00e3o e crescimento, diante de tudo o que experienciamos.<\/p>\n<p>&nbsp;<\/p>\n<p>Voc\u00ea \u00e9 capaz! Mesmo que sentimentos de limita\u00e7\u00e3o e incapacidade tenham se enraizado em seu cora\u00e7\u00e3o, em virtude dos desafios que j\u00e1 enfrentou, saiba que tudo pode ser melhor, e voc\u00ea pode superar e vencer.<\/p>\n<h3><strong>\u00a0<\/strong><\/h3>\n<h3><strong>Viver \u00e9 construir<\/strong><\/h3>\n<p>&nbsp;<\/p>\n<p>Possibilidades nos s\u00e3o oferecidas constantemente, precisamos utiliz\u00e1-las e, com elas transformar nossas atitudes, escolhas, todas as \u00e1reas de nossa vida.<\/p>\n<p>&nbsp;<\/p>\n<p>Viver \u00e9 construir. O homem \u00e9 o futuro que escolhe!<\/p>\n<p>&nbsp;<\/p>\n<p>O bem e o mal nos s\u00e3o oferecidos em cada pequena situa\u00e7\u00e3o e, \u00e9 por meio da escolha que constru\u00edmos as cores e significados de nossa exist\u00eancia.<\/p>\n<p>&nbsp;<\/p>\n<p>Temos a escolha e a possibilidade, ambas acontecem com gratuidade, e sempre \u00e9 poss\u00edvel mudar e escolher direito.<\/p>\n<p>&nbsp;<\/p>\n<p>A possibilidade depende de Deus; a escolha, unicamente, de n\u00f3s. Voc\u00ea, com o aux\u00edlio de Deus, \u00e9 sempre capaz de recome\u00e7ar e construir a vit\u00f3ria em sua vida.<\/p>\n<p>&nbsp;<\/p>\n<p>Voc\u00ea \u00e9 capaz!<\/p>\n<p>&nbsp;<\/p>\n<p>Pe Adriano Zandon\u00e1<\/p>\n<p>&nbsp;<\/p>\n<p>&nbsp;<\/p>\n<p><strong><a href=\"http:\/\/blog.cancaonova.com\/campos\/files\/2022\/01\/Screenshot_20220111-213833_Canva.jpg\"><img loading=\"lazy\" decoding=\"async\" class=\"aligncenter wp-image-10128\" src=\"http:\/\/blog.cancaonova.com\/campos\/files\/2022\/01\/Screenshot_20220111-213833_Canva.jpg\" alt=\"\" width=\"377\" height=\"376\" srcset=\"https:\/\/blog.cancaonova.com\/campos\/files\/2022\/01\/Screenshot_20220111-213833_Canva.jpg 972w, https:\/\/blog.cancaonova.com\/campos\/files\/2022\/01\/Screenshot_20220111-213833_Canva-200x200.jpg 200w, https:\/\/blog.cancaonova.com\/campos\/files\/2022\/01\/Screenshot_20220111-213833_Canva-300x300.jpg 300w, https:\/\/blog.cancaonova.com\/campos\/files\/2022\/01\/Screenshot_20220111-213833_Canva-768x767.jpg 768w\" sizes=\"(max-width: 377px) 100vw, 377px\" \/><\/a><\/strong><\/p>\n<p><strong>RECEITA PARA UM ANO NOVO DE PAZ<br \/>\n<\/strong><\/p>\n<p>Para que voc\u00ea tenha um ano novo de paz, \u00e9 preciso que voc\u00ea desamarre os la\u00e7os que o impedem de caminhar rumo ao perd\u00e3o.<\/p>\n<p>&nbsp;<\/p>\n<p>Desfa\u00e7a os n\u00f3s da prepot\u00eancia e revista-se de humildade. D\u00ea o primeiro passo e acredite que o perd\u00e3o revigora a alma e devolve a paz ao cora\u00e7\u00e3o angustiado.<\/p>\n<p>&nbsp;<\/p>\n<p>N\u00e3o tenha medo de recome\u00e7ar.\u00a0Nem sempre \u00e9 f\u00e1cil deixar aquilo que nos aprisiona. Liberte-se das pris\u00f5es que criou para si mesmo. Olhe ao seu redor e veja que, na liberdade madura, voc\u00ea pode ser mais feliz do que sendo prisioneiro de seus pecados.<\/p>\n<p>&nbsp;<\/p>\n<p>Liberdade conquista-se com responsabilidade; e a maturidade \u00e9 o fruto das escolhas bem realizadas. Abra os cadeados que o impedem de ver a vida com mais otimismo.<\/p>\n<p>&nbsp;<\/p>\n<p>Despe\u00e7a-se do mau humor. Viva com mais leveza e pare de achar o lado ruim das pessoas e das situa\u00e7\u00f5es. Chegou o momento de viver a vida com mais gratid\u00e3o. Mais um ano mal-humorado ser\u00e1 insuport\u00e1vel para voc\u00ea mesmo.<\/p>\n<p>&nbsp;<\/p>\n<p><strong>Renove sua esperan\u00e7a para um ano novo de paz<\/strong><\/p>\n<p>&nbsp;<\/p>\n<p>Fuja das trevas e caminhe na\u00a0luz. Um novo ano \u00e9 sempre uma nova oportunidade de buscar a luz. Deixe-se iluminar pelo bom exemplo das pessoas.<\/p>\n<p>&nbsp;<\/p>\n<p>Busque amizades que agreguem valor a sua vida. Despe\u00e7a-se das situa\u00e7\u00f5es que ofuscam sua vis\u00e3o. Voc\u00ea foi criado para iluminar-se. Seja luz! Brilhe amando! Ilumine semeando esperan\u00e7a!<\/p>\n<p>&nbsp;<\/p>\n<p>Acredite que sempre \u00e9 tempo de praticar gestos de bondade. N\u00e3o espere o momento ideal para ajudar algu\u00e9m. Fa\u00e7a de cada situa\u00e7\u00e3o uma oportunidade \u00fanica para praticar o bem.<\/p>\n<p>&nbsp;<\/p>\n<p>Fa\u00e7a de cada dia deste novo ano o tempo de amar. Fa\u00e7a a diferen\u00e7a! Acredite na for\u00e7a do amor partilhado.<\/p>\n<p>&nbsp;<\/p>\n<h3><strong>Pequenos gestos fazem grandes diferen\u00e7as<\/strong><\/h3>\n<p>&nbsp;<\/p>\n<p>Seja misericordioso. Acolha a todos com um sorriso verdadeiro e um abra\u00e7o fraterno. Pequenos gestos fazem grandes diferen\u00e7as quando praticados com amor.<\/p>\n<p>&nbsp;<\/p>\n<p>Seja ponte que une e n\u00e3o muro que separa. Ajude os necessitados e cada dia deste ano novo ser\u00e1 um\u00a0Natal\u00a0permanente.<\/p>\n<p>&nbsp;<\/p>\n<p>Visite os enfermos e celebre a liturgia da caridade, no altar de cada leito de dor. Ofere\u00e7a sua bondade sem esperar retorno. Quem semeia com amor colhe sorrisos de gratid\u00e3o.<\/p>\n<p>&nbsp;<\/p>\n<h3><strong>A ora\u00e7\u00e3o \u00e9 alimento da alma e fortaleza na vida<\/strong><\/h3>\n<p>&nbsp;<\/p>\n<p>Ore mais. A ora\u00e7\u00e3o \u00e9 alimento da alma e fortaleza na vida. Em cada ora\u00e7\u00e3o, unimo-nos mais profundamente ao cora\u00e7\u00e3o de Deus.<\/p>\n<p>&nbsp;<\/p>\n<p>Mesmo em meio \u00e0s l\u00e1grimas e dificuldades, busque o auxilio e a seguran\u00e7a d\u2019Aquele que nunca nos abandona.<\/p>\n<p>&nbsp;<\/p>\n<p>Em Deus somos acolhidos no amor e na miseric\u00f3rdia. Nosso Pai celestial jamais abandona um filho necessitado. Seja na dor ou na alegria, busque Deus com amor. N\u2019Ele somos amados eternamente.<\/p>\n<p>&nbsp;<\/p>\n<h3><strong>Acredite em si mesmo<\/strong><\/h3>\n<p>&nbsp;<\/p>\n<p>Voc\u00ea \u00e9 protagonista da mais bela hist\u00f3ria da vida, da qual Deus o fez personagem principal. Sua miss\u00e3o come\u00e7a com um sorriso de bondade e se expande pelo mundo com pequenos gestos de amor.<\/p>\n<p>&nbsp;<\/p>\n<p>No palco da vida, voc\u00ea \u00e9 obra divina da cria\u00e7\u00e3o. Voc\u00ea foi gerado no amor de Deus. Em sua\u00a0alma\u00a0est\u00e3o impressas as marcas da divindade. Voc\u00ea \u00e9 fruto de um amor eterno, por isso mesmo, fa\u00e7a deste novo ano o in\u00edcio de um novo tempo na sua hist\u00f3ria.<\/p>\n<p>&nbsp;<\/p>\n<p>Seja para o mundo a realidade de um novo tempo. Seja de Deus! Seja feliz com Deus<\/p>\n<p>&nbsp;<\/p>\n<p>Pe \u00a0Fl\u00e1vio Sobreiro<\/p>\n<p>www.formacaocancaonova.com<\/p>\n","protected":false},"excerpt":{"rendered":"<p>S\u00e1bios conselhos de Dom Bosco aos pais Com um amor sem medidas, Dom Bosco sabia recuperar os mais deseducados e traz\u00ea-los a Deus e ao bom conv\u00edvio com os outros. Normas pr\u00e1ticas e seguras de Dom Bosco 1. Valorize o&#8230;<\/p>\n","protected":false},"author":971,"featured_media":0,"parent":0,"menu_order":0,"comment_status":"closed","ping_status":"closed","template":"","meta":{"footnotes":""},"_links":{"self":[{"href":"https:\/\/blog.cancaonova.com\/campos\/wp-json\/wp\/v2\/pages\/10121"}],"collection":[{"href":"https:\/\/blog.cancaonova.com\/campos\/wp-json\/wp\/v2\/pages"}],"about":[{"href":"https:\/\/blog.cancaonova.com\/campos\/wp-json\/wp\/v2\/types\/page"}],"author":[{"embeddable":true,"href":"https:\/\/blog.cancaonova.com\/campos\/wp-json\/wp\/v2\/users\/971"}],"replies":[{"embeddable":true,"href":"https:\/\/blog.cancaonova.com\/campos\/wp-json\/wp\/v2\/comments?post=10121"}],"version-history":[{"count":8,"href":"https:\/\/blog.cancaonova.com\/campos\/wp-json\/wp\/v2\/pages\/10121\/revisions"}],"predecessor-version":[{"id":10144,"href":"https:\/\/blog.cancaonova.com\/campos\/wp-json\/wp\/v2\/pages\/10121\/revisions\/10144"}],"wp:attachment":[{"href":"https:\/\/blog.cancaonova.com\/campos\/wp-json\/wp\/v2\/media?parent=10121"}],"curies":[{"name":"wp","href":"https:\/\/api.w.org\/{rel}","templated":true}]}}