{"id":10159,"date":"2022-03-21T08:54:23","date_gmt":"2022-03-21T11:54:23","guid":{"rendered":"http:\/\/blog.cancaonova.com\/campos\/?page_id=10159"},"modified":"2022-03-21T08:54:23","modified_gmt":"2022-03-21T11:54:23","slug":"marco-mes-de-sao-jose","status":"publish","type":"page","link":"https:\/\/blog.cancaonova.com\/campos\/marco-mes-de-sao-jose\/","title":{"rendered":"Mar\u00e7o: m\u00eas de S\u00e3o Jos\u00e9"},"content":{"rendered":"","protected":false},"excerpt":{"rendered":"","protected":false},"author":971,"featured_media":0,"parent":0,"menu_order":0,"comment_status":"closed","ping_status":"closed","template":"","meta":{"footnotes":""},"_links":{"self":[{"href":"https:\/\/blog.cancaonova.com\/campos\/wp-json\/wp\/v2\/pages\/10159"}],"collection":[{"href":"https:\/\/blog.cancaonova.com\/campos\/wp-json\/wp\/v2\/pages"}],"about":[{"href":"https:\/\/blog.cancaonova.com\/campos\/wp-json\/wp\/v2\/types\/page"}],"author":[{"embeddable":true,"href":"https:\/\/blog.cancaonova.com\/campos\/wp-json\/wp\/v2\/users\/971"}],"replies":[{"embeddable":true,"href":"https:\/\/blog.cancaonova.com\/campos\/wp-json\/wp\/v2\/comments?post=10159"}],"version-history":[{"count":1,"href":"https:\/\/blog.cancaonova.com\/campos\/wp-json\/wp\/v2\/pages\/10159\/revisions"}],"predecessor-version":[{"id":10160,"href":"https:\/\/blog.cancaonova.com\/campos\/wp-json\/wp\/v2\/pages\/10159\/revisions\/10160"}],"wp:attachment":[{"href":"https:\/\/blog.cancaonova.com\/campos\/wp-json\/wp\/v2\/media?parent=10159"}],"curies":[{"name":"wp","href":"https:\/\/api.w.org\/{rel}","templated":true}]}}