{"id":10230,"date":"2022-08-06T19:48:36","date_gmt":"2022-08-06T22:48:36","guid":{"rendered":"http:\/\/blog.cancaonova.com\/campos\/?page_id=10230"},"modified":"2022-08-06T19:48:36","modified_gmt":"2022-08-06T22:48:36","slug":"junho-mes-sagrado-coracao-de-jesus","status":"publish","type":"page","link":"https:\/\/blog.cancaonova.com\/campos\/junho-mes-sagrado-coracao-de-jesus\/","title":{"rendered":"Junho: M\u00eas do Sagrado Cora\u00e7\u00e3o de Jesus"},"content":{"rendered":"","protected":false},"excerpt":{"rendered":"","protected":false},"author":971,"featured_media":0,"parent":0,"menu_order":0,"comment_status":"closed","ping_status":"closed","template":"","meta":{"footnotes":""},"_links":{"self":[{"href":"https:\/\/blog.cancaonova.com\/campos\/wp-json\/wp\/v2\/pages\/10230"}],"collection":[{"href":"https:\/\/blog.cancaonova.com\/campos\/wp-json\/wp\/v2\/pages"}],"about":[{"href":"https:\/\/blog.cancaonova.com\/campos\/wp-json\/wp\/v2\/types\/page"}],"author":[{"embeddable":true,"href":"https:\/\/blog.cancaonova.com\/campos\/wp-json\/wp\/v2\/users\/971"}],"replies":[{"embeddable":true,"href":"https:\/\/blog.cancaonova.com\/campos\/wp-json\/wp\/v2\/comments?post=10230"}],"version-history":[{"count":1,"href":"https:\/\/blog.cancaonova.com\/campos\/wp-json\/wp\/v2\/pages\/10230\/revisions"}],"predecessor-version":[{"id":10231,"href":"https:\/\/blog.cancaonova.com\/campos\/wp-json\/wp\/v2\/pages\/10230\/revisions\/10231"}],"wp:attachment":[{"href":"https:\/\/blog.cancaonova.com\/campos\/wp-json\/wp\/v2\/media?parent=10230"}],"curies":[{"name":"wp","href":"https:\/\/api.w.org\/{rel}","templated":true}]}}