{"id":10254,"date":"2022-08-11T15:30:51","date_gmt":"2022-08-11T18:30:51","guid":{"rendered":"http:\/\/blog.cancaonova.com\/campos\/?page_id=10254"},"modified":"2022-08-11T23:35:18","modified_gmt":"2022-08-12T02:35:18","slug":"testemunhos-dos-missionarios-cn","status":"publish","type":"page","link":"https:\/\/blog.cancaonova.com\/campos\/testemunhos-dos-missionarios-cn\/","title":{"rendered":"Testemunhos dos Mission\u00e1rios CN"},"content":{"rendered":"<p>&nbsp;<\/p>\n<p><a href=\"http:\/\/blog.cancaonova.com\/campos\/files\/2022\/08\/IMG-20220811-WA0045.jpg\"><img loading=\"lazy\" decoding=\"async\" class=\"alignleft wp-image-10259\" src=\"http:\/\/blog.cancaonova.com\/campos\/files\/2022\/08\/IMG-20220811-WA0045.jpg\" alt=\"\" width=\"473\" height=\"630\" srcset=\"https:\/\/blog.cancaonova.com\/campos\/files\/2022\/08\/IMG-20220811-WA0045.jpg 960w, https:\/\/blog.cancaonova.com\/campos\/files\/2022\/08\/IMG-20220811-WA0045-225x300.jpg 225w, https:\/\/blog.cancaonova.com\/campos\/files\/2022\/08\/IMG-20220811-WA0045-768x1024.jpg 768w, https:\/\/blog.cancaonova.com\/campos\/files\/2022\/08\/IMG-20220811-WA0045-150x200.jpg 150w\" sizes=\"(max-width: 473px) 100vw, 473px\" \/><\/a><\/p>\n<p>&nbsp;<\/p>\n<p>&nbsp;<\/p>\n<p>&nbsp;<\/p>\n<p>&nbsp;<\/p>\n<p>&nbsp;<\/p>\n<p>&nbsp;<\/p>\n<p>&nbsp;<\/p>\n<p>&nbsp;<\/p>\n<p>&nbsp;<\/p>\n<p>&nbsp;<\/p>\n<p>&nbsp;<\/p>\n<p>&nbsp;<\/p>\n<p>&nbsp;<\/p>\n<p>&nbsp;<\/p>\n<p>&nbsp;<\/p>\n<p>&nbsp;<\/p>\n<p>&nbsp;<\/p>\n<p><strong>CHAMADO VOCACIONAL<\/strong><\/p>\n<p>Eu,\u00a0 Valdelice, tive o meu chamado bem cedo desde crian\u00e7a. Eu passava as f\u00e9rias na casa dos meus av\u00f3s maternos, e l\u00e1 tinha um quadro do Sagrado Cora\u00e7\u00e3o de Jesus e do Imaculado Cora\u00e7\u00e3o de Maria, eu bem pequena, sentava em um banquinho em frente e ficava olhando para Jesus e Maria, e nessa hora minha av\u00f3 materna passava para rezar o ter\u00e7o no quarto, o ter\u00e7o ia balan\u00e7ando em sua m\u00e3o, eu achava lindo!<\/p>\n<p>Quando voltei para casa a minha vizinha ia fazer a primeira comunh\u00e3o, ela estava t\u00e3o linda, de vestido branco, e coroazinha de flores na cabe\u00e7a. Eu perguntei para ela e ela me disse: vou para a Igreja receber Jesus, fui correndo falar com minha m\u00e3e, e depois fui correndo seguir a minha vizinha at\u00e9 a Igreja.\u00a0 Fiquei atr\u00e1s do poste de luz<br \/>\nolhando e chorando.<\/p>\n<p>Naquele momento eu sentia muitas coisas; era uma mistura de tudo, era Jesus que me chamava, era Jesus que me curava e Jesus que pedia espera por mim. O tempo passou e depois de casada e j\u00e1 com um filho, fiz o Semin\u00e1rio de Vida no Esp\u00edrito, foi \u00f3timo!<\/p>\n<p>Comecei a servir na Igreja, mas, um dia assistindo a uma palestra do padre Jonas, ele disse: quero rezar por vc que est\u00e1 a\u00ed em casa, para que voc\u00ea receba o Esp\u00edrito Santo, e rezou. Depois, dali em diante, tudo mudou, comecei a servir na Igreja com tanto ardor, que me consumia n\u00e3o tinha hora nem dia, eu estava l\u00e1, por\u00e9m, me faltava o entendimento para muitas coisas.<\/p>\n<p>O tempo passou, Rog\u00e9rio meu esposo, conheceu uma comunidade de vida e alian\u00e7a, e come\u00e7amos a frequentar, e Deus foi mexendo a nossa vida e a nossa hist\u00f3ria. Passou mais um pouquinho, e l\u00e1 est\u00e1vamos no vocacional da Can\u00e7\u00e3o Nova, uma turma grande, e fizemos o caminho vocacional, entramos na Comunidade, e hoje estamos no compromisso para sempre.<\/p>\n<p>Sou feliz por ter aceitado o chamado de Deus, e ter me deixado formar por ele. Sou grata por todas as coisas, e por ser perten\u00e7a de Deus, coisa de Deus, propriedade de Deus para sempre.<\/p>\n<p><a href=\"http:\/\/blog.cancaonova.com\/campos\/testemunhos-dos-missionarios-cn\/\">Valdelice Carvalho<\/a><\/p>\n<p>&nbsp;<\/p>\n<p><a href=\"http:\/\/blog.cancaonova.com\/campos\/files\/2022\/08\/IMG-20220811-WA0046.jpg\"><img loading=\"lazy\" decoding=\"async\" class=\"alignleft size-full wp-image-10258\" src=\"http:\/\/blog.cancaonova.com\/campos\/files\/2022\/08\/IMG-20220811-WA0046.jpg\" alt=\"\" width=\"384\" height=\"366\" srcset=\"https:\/\/blog.cancaonova.com\/campos\/files\/2022\/08\/IMG-20220811-WA0046.jpg 384w, https:\/\/blog.cancaonova.com\/campos\/files\/2022\/08\/IMG-20220811-WA0046-300x286.jpg 300w\" sizes=\"(max-width: 384px) 100vw, 384px\" \/><\/a><\/p>\n<p>&nbsp;<\/p>\n<p>&nbsp;<\/p>\n<p>&nbsp;<\/p>\n<p>&nbsp;<\/p>\n<p>&nbsp;<\/p>\n<h6><strong>Valdelice e Rog\u00e9rio<\/strong><\/h6>\n<h6>Mission\u00e1rios da Comunidade Can\u00e7\u00e3o Nova no modo 2\u00ba Elo.<\/h6>\n","protected":false},"excerpt":{"rendered":"<p>&nbsp; &nbsp; &nbsp; &nbsp; &nbsp; &nbsp; &nbsp; &nbsp; &nbsp; &nbsp; &nbsp; &nbsp; &nbsp; &nbsp; &nbsp; &nbsp; &nbsp; &nbsp; CHAMADO VOCACIONAL Eu,\u00a0 Valdelice, tive o meu chamado bem cedo desde crian\u00e7a. Eu passava as f\u00e9rias na casa dos meus av\u00f3s maternos,&#8230;<\/p>\n","protected":false},"author":971,"featured_media":0,"parent":0,"menu_order":0,"comment_status":"closed","ping_status":"closed","template":"","meta":{"footnotes":""},"_links":{"self":[{"href":"https:\/\/blog.cancaonova.com\/campos\/wp-json\/wp\/v2\/pages\/10254"}],"collection":[{"href":"https:\/\/blog.cancaonova.com\/campos\/wp-json\/wp\/v2\/pages"}],"about":[{"href":"https:\/\/blog.cancaonova.com\/campos\/wp-json\/wp\/v2\/types\/page"}],"author":[{"embeddable":true,"href":"https:\/\/blog.cancaonova.com\/campos\/wp-json\/wp\/v2\/users\/971"}],"replies":[{"embeddable":true,"href":"https:\/\/blog.cancaonova.com\/campos\/wp-json\/wp\/v2\/comments?post=10254"}],"version-history":[{"count":6,"href":"https:\/\/blog.cancaonova.com\/campos\/wp-json\/wp\/v2\/pages\/10254\/revisions"}],"predecessor-version":[{"id":10263,"href":"https:\/\/blog.cancaonova.com\/campos\/wp-json\/wp\/v2\/pages\/10254\/revisions\/10263"}],"wp:attachment":[{"href":"https:\/\/blog.cancaonova.com\/campos\/wp-json\/wp\/v2\/media?parent=10254"}],"curies":[{"name":"wp","href":"https:\/\/api.w.org\/{rel}","templated":true}]}}