{"id":10299,"date":"2023-06-16T04:29:55","date_gmt":"2023-06-16T07:29:55","guid":{"rendered":"http:\/\/blog.cancaonova.com\/campos\/?page_id=10299"},"modified":"2023-06-16T04:52:17","modified_gmt":"2023-06-16T07:52:17","slug":"grupo-de-oracao","status":"publish","type":"page","link":"https:\/\/blog.cancaonova.com\/campos\/grupo-de-oracao\/","title":{"rendered":"Grupo de Ora\u00e7\u00e3o"},"content":{"rendered":"<p>&nbsp;<\/p>\n<div>\u201cA ora\u00e7\u00e3o tem poder para libertar da opress\u00e3o espiritual do diabo e do pecado; a ora\u00e7\u00e3o pode libertar de v\u00edcios\u201d \u2013 Marcos 16:17-18<\/div>\n<div><\/div>\n<div>Participe do GRUPO CAN\u00c7\u00c3O NOVA CAMPOS toda sexta &#8211; feira.<\/div>\n<div>Haver\u00e1 a Santa Missa \u00e0s 19h e logo ap\u00f3s, \u00e0s 20h iniciaremos o Grupo de Ora\u00e7\u00e3o.<\/div>\n<div>\ud83d\udccdLocal: Par\u00f3quia S\u00e3o Benedito<\/div>\n<div>Endere\u00e7o: Pra\u00e7a Dr. Nilo Pe\u00e7anha, 90 &#8211; Centro<\/div>\n<div><\/div>\n<div>Tenha uma noite carism\u00e1tica e venha se aprofundar na un\u00e7\u00e3o do Esp\u00edrito Santo!<\/div>\n<div><\/div>\n<p><a href=\"http:\/\/blog.cancaonova.com\/campos\/files\/2023\/06\/Flyer-para-culto-de-adora\u00e7\u00e3o-dourado-e-preto-elegante-2.png\"><img loading=\"lazy\" decoding=\"async\" class=\"wp-image-10303 aligncenter\" src=\"http:\/\/blog.cancaonova.com\/campos\/files\/2023\/06\/Flyer-para-culto-de-adora\u00e7\u00e3o-dourado-e-preto-elegante-2.png\" alt=\"\" width=\"858\" height=\"1213\" srcset=\"https:\/\/blog.cancaonova.com\/campos\/files\/2023\/06\/Flyer-para-culto-de-adora\u00e7\u00e3o-dourado-e-preto-elegante-2.png 1414w, https:\/\/blog.cancaonova.com\/campos\/files\/2023\/06\/Flyer-para-culto-de-adora\u00e7\u00e3o-dourado-e-preto-elegante-2-212x300.png 212w, https:\/\/blog.cancaonova.com\/campos\/files\/2023\/06\/Flyer-para-culto-de-adora\u00e7\u00e3o-dourado-e-preto-elegante-2-768x1086.png 768w\" sizes=\"(max-width: 858px) 100vw, 858px\" \/><\/a><\/p>\n","protected":false},"excerpt":{"rendered":"<p>&nbsp; \u201cA ora\u00e7\u00e3o tem poder para libertar da opress\u00e3o espiritual do diabo e do pecado; a ora\u00e7\u00e3o pode libertar de v\u00edcios\u201d \u2013 Marcos 16:17-18 Participe do GRUPO CAN\u00c7\u00c3O NOVA CAMPOS toda sexta &#8211; feira. Haver\u00e1 a Santa Missa \u00e0s 19h&#8230;<\/p>\n","protected":false},"author":971,"featured_media":0,"parent":0,"menu_order":0,"comment_status":"closed","ping_status":"closed","template":"","meta":{"footnotes":""},"_links":{"self":[{"href":"https:\/\/blog.cancaonova.com\/campos\/wp-json\/wp\/v2\/pages\/10299"}],"collection":[{"href":"https:\/\/blog.cancaonova.com\/campos\/wp-json\/wp\/v2\/pages"}],"about":[{"href":"https:\/\/blog.cancaonova.com\/campos\/wp-json\/wp\/v2\/types\/page"}],"author":[{"embeddable":true,"href":"https:\/\/blog.cancaonova.com\/campos\/wp-json\/wp\/v2\/users\/971"}],"replies":[{"embeddable":true,"href":"https:\/\/blog.cancaonova.com\/campos\/wp-json\/wp\/v2\/comments?post=10299"}],"version-history":[{"count":4,"href":"https:\/\/blog.cancaonova.com\/campos\/wp-json\/wp\/v2\/pages\/10299\/revisions"}],"predecessor-version":[{"id":10306,"href":"https:\/\/blog.cancaonova.com\/campos\/wp-json\/wp\/v2\/pages\/10299\/revisions\/10306"}],"wp:attachment":[{"href":"https:\/\/blog.cancaonova.com\/campos\/wp-json\/wp\/v2\/media?parent=10299"}],"curies":[{"name":"wp","href":"https:\/\/api.w.org\/{rel}","templated":true}]}}