{"id":5944,"date":"2014-07-07T17:12:46","date_gmt":"2014-07-07T20:12:46","guid":{"rendered":"http:\/\/blog.cancaonova.com\/campos\/?page_id=5944"},"modified":"2019-07-24T09:35:13","modified_gmt":"2019-07-24T12:35:13","slug":"vocacional","status":"publish","type":"page","link":"https:\/\/blog.cancaonova.com\/campos\/vocacional\/","title":{"rendered":"Vocacional"},"content":{"rendered":"<p><iframe loading=\"lazy\" title=\"Convite Monsenhor Jonas\" width=\"600\" height=\"450\" src=\"https:\/\/www.youtube.com\/embed\/6lF2noCX3Dk?feature=oembed&amp;rel=0\" frameborder=\"0\" allow=\"accelerometer; autoplay; clipboard-write; encrypted-media; gyroscope; picture-in-picture; web-share\" referrerpolicy=\"strict-origin-when-cross-origin\" allowfullscreen><\/iframe><\/p>\n<h4 style=\"text-align: center\">&nbsp;<\/h4>\n<h4 style=\"text-align: center\"><span style=\"color: #800000\"><strong>Se&nbsp;o seu cora\u00e7\u00e3o bate forte pela Can\u00e7\u00e3o Nova e voc\u00ea tem o desejo de fazer parte dessa Companhia de Pesca, n\u00f3s te convidamos a conhecer um pouco mais&nbsp;desse Carisma&nbsp;e como fazer um discernimento vocacional conosco.<\/strong><\/span><\/h4>\n<p style=\"text-align: justify\"><strong><span style=\"color: #800000\">1-O que \u00e9 a Equipe Vocacional?<\/span><br \/>\n<\/strong><\/p>\n<p style=\"text-align: justify\">A Equipe Vocacional \u00e9 o departamento da Can\u00e7\u00e3o Nova que realiza o trabalho de discernimento vocacional com os candidatos a uma vida consagrada a Deus no Carisma Can\u00e7\u00e3o Nova.<\/p>\n<p style=\"text-align: justify\"><span style=\"color: #800000\"><strong>2<\/strong>&#8211;<strong>Como surgiu a Equipe Vocacional?<\/strong><\/span><\/p>\n<p style=\"text-align: justify\">Surgiu da necessidade de fornecer um acompanhamento vocacional para os jovens que aspiravam uma vida em comunidade e sentiam-se atra\u00eddos pelo carisma Can\u00e7\u00e3o Nova. A partir da\u00ed come\u00e7amos um trabalho de discernimento vocacional com estes jovens. Com o n\u00famero crescente de pessoas se despertando para o chamado a se consagrarem a Deus na Can\u00e7\u00e3o Nova, vimos ent\u00e3o, a necessidade de se criar uma Equipe que pudesse ajudar no discernimento destas voca\u00e7\u00f5es.<\/p>\n<p style=\"text-align: justify\"><span style=\"color: #800000\"><strong>3-<\/strong> <strong>Como \u00e9 o trabalho da Equipe Vocacional?<\/strong><\/span><\/p>\n<p style=\"text-align: justify\">Realizamos um trabalho de <strong>Orienta\u00e7\u00e3o Vocaciona<\/strong>l para os <strong>Vocacionados \u00e0 Can\u00e7\u00e3o Nova<\/strong>, que vai desde o primeiro contato com a Equipe, quer seja por carta ou e-mail, at\u00e9 o processo de acompanhamento e discernimento vocacional com os encontros vocacionais que o candidato participa no decorrer do<strong> Caminho Vocacional<\/strong>.<\/p>\n<p style=\"text-align: justify\"><span style=\"color: #800000\"><strong>4-<\/strong> <strong>Como proceder para fazer um Caminho de Discernimento Vocacional com a Can\u00e7\u00e3o Nova?<\/strong><\/span><\/p>\n<p style=\"text-align: justify\">O primeiro passo \u00e9 a pessoa escrever uma carta ou e-mail, fazendo seu pedido para iniciar o Caminho de Discernimento Vocacional. Ap\u00f3s este pedido a Equipe Vocacional estar\u00e1 entrando em contato com o candidato, fornecendo a ele as informa\u00e7\u00f5es sobre o Caminho Vocacional e os requisitos exigidos pela Equipe para o in\u00edcio do discernimento.<\/p>\n<p style=\"text-align: justify\">Preenchendo todos os requisitos, a pessoa inicia oficialmente o Caminho de Discernimento Vocacional com a Can\u00e7\u00e3o Nova.<\/p>\n<p style=\"text-align: justify\"><span style=\"color: #800000\"><strong>5<\/strong>&#8211; <strong>Quais as etapas deste caminho?<\/strong><\/span><\/p>\n<p style=\"text-align: justify\">A primeira etapa chamamos de caminho por correspond\u00eancia, onde a pessoa se corresponde com a Equipe, responde alguns question\u00e1rios e em seguida ela passa por um atendimento vocacional. Ap\u00f3s este atendimento ela poder\u00e1 iniciar os encontros vocacionais.<\/p>\n<p style=\"text-align: justify\"><span style=\"color: #800000\"><strong>6<\/strong>&#8211;<strong>Qual a dura\u00e7\u00e3o deste caminho vocacional?<\/strong><\/span><\/p>\n<p style=\"text-align: justify\">Aproximadamente de dois a tr\u00eas anos dependendo da resposta de cada pessoa. S\u00e3o cinco encontros vocacionais por ano.<\/p>\n<p style=\"text-align: justify\"><span style=\"color: #800000\">7- <strong>Onde s\u00e3o realizados os encontros vocacionais?<\/strong><\/span><\/p>\n<p style=\"text-align: justify\">Normalmente a pessoa faz os encontros vocacionais na Casa de Miss\u00e3o mais pr\u00f3xima a ela.<\/p>\n<p style=\"text-align: justify\">Por exemplo, uma pessoa que mora em Niter\u00f3i \u2013 RJ, escreve para a Casa de Miss\u00e3o no Rio de Janeiro e ser\u00e1 assim acompanhada por esta casa. No segundo ano de caminho o candidato poder\u00e1 ser encaminhado para fazer os encontros na Casa M\u00e3e da Can\u00e7\u00e3o Nova em Cachoeira Paulista, para poder conhecer melhor a obra e para que tamb\u00e9m a Equipe conhe\u00e7a o candidato e assim verifique se ele realmente est\u00e1 preparado para fazer uma experi\u00eancia de vida comunit\u00e1ria.<\/p>\n<p style=\"text-align: justify\"><span style=\"color: #800000\"><strong>8-<\/strong> <strong>Como \u00e9 esta experi\u00eancia?<\/strong><\/span><\/p>\n<p style=\"text-align: justify\">Chamamos de <strong>Pr\u00e9 \u2013 Discipulado<\/strong> este primeiro ano de experi\u00eancia, onde a pessoa \u00e9 chamada a viver conosco por um ano. No Pr\u00e9 \u2013 Discipulado, ela tem contato com as v\u00e1rias realidades da Can\u00e7\u00e3o Nova, seu carisma, trabalho, miss\u00e3o, forma\u00e7\u00e3o, onde tem a oportunidade de ver e viver os princ\u00edpios da Can\u00e7\u00e3o Nova. Neste tempo a pessoa \u00e9 acompanhada por um formador pessoal que estar\u00e1 fazendo com ela um caminho de verifica\u00e7\u00e3o da sua voca\u00e7\u00e3o para assim ela poder ao final desta etapa ingressar no <strong>Discipulado da Can\u00e7\u00e3o Nova.<\/strong><\/p>\n<p style=\"text-align: justify\"><span style=\"color: #800000\"><strong>9- <\/strong><strong>Qual o tempo de dura\u00e7\u00e3o do discipulado?<\/strong><\/span><\/p>\n<p style=\"text-align: justify\">Tem a dura\u00e7\u00e3o de um ano, e acontece em nossa casa de forma\u00e7\u00e3o em Queluz-SP.<\/p>\n<p>&nbsp;<\/p>\n<h3 style=\"text-align: center\">Mais informa\u00e7\u00f5es:<\/h3>\n<h3 style=\"text-align: center\">Email:&nbsp;&nbsp;<a href=\"mailto:vocacionalcampos@cancaonova.com\">vocacionalcampos@cancaonova.com<\/a><\/h3>\n<p><strong>&nbsp; &nbsp; &nbsp; &nbsp; &nbsp; &nbsp; &nbsp; &nbsp; &nbsp; &nbsp; &nbsp; &nbsp; &nbsp; &nbsp; &nbsp; &nbsp; &nbsp; &nbsp; &nbsp; &nbsp; &nbsp; &nbsp; &nbsp; &nbsp; &nbsp; &nbsp; &nbsp; &nbsp; &nbsp; &nbsp; &nbsp; &nbsp; &nbsp; &nbsp; &nbsp; &nbsp; &nbsp; &nbsp; Telefone: <span style=\"color: #0000ff\">(22)3013.1112<\/span><\/strong><\/p>\n","protected":false},"excerpt":{"rendered":"<p>&nbsp; Se&nbsp;o seu cora\u00e7\u00e3o bate forte pela Can\u00e7\u00e3o Nova e voc\u00ea tem o desejo de fazer parte dessa Companhia de Pesca, n\u00f3s te convidamos a conhecer um pouco mais&nbsp;desse Carisma&nbsp;e como fazer um discernimento vocacional conosco. 1-O que \u00e9 a&#8230;<\/p>\n","protected":false},"author":971,"featured_media":0,"parent":0,"menu_order":0,"comment_status":"open","ping_status":"open","template":"","meta":{"footnotes":""},"_links":{"self":[{"href":"https:\/\/blog.cancaonova.com\/campos\/wp-json\/wp\/v2\/pages\/5944"}],"collection":[{"href":"https:\/\/blog.cancaonova.com\/campos\/wp-json\/wp\/v2\/pages"}],"about":[{"href":"https:\/\/blog.cancaonova.com\/campos\/wp-json\/wp\/v2\/types\/page"}],"author":[{"embeddable":true,"href":"https:\/\/blog.cancaonova.com\/campos\/wp-json\/wp\/v2\/users\/971"}],"replies":[{"embeddable":true,"href":"https:\/\/blog.cancaonova.com\/campos\/wp-json\/wp\/v2\/comments?post=5944"}],"version-history":[{"count":10,"href":"https:\/\/blog.cancaonova.com\/campos\/wp-json\/wp\/v2\/pages\/5944\/revisions"}],"predecessor-version":[{"id":9727,"href":"https:\/\/blog.cancaonova.com\/campos\/wp-json\/wp\/v2\/pages\/5944\/revisions\/9727"}],"wp:attachment":[{"href":"https:\/\/blog.cancaonova.com\/campos\/wp-json\/wp\/v2\/media?parent=5944"}],"curies":[{"name":"wp","href":"https:\/\/api.w.org\/{rel}","templated":true}]}}