{"id":9149,"date":"2018-02-24T00:16:50","date_gmt":"2018-02-24T03:16:50","guid":{"rendered":"http:\/\/blog.cancaonova.com\/campos\/?page_id=9149"},"modified":"2021-10-14T20:35:21","modified_gmt":"2021-10-14T23:35:21","slug":"missionarios","status":"publish","type":"page","link":"https:\/\/blog.cancaonova.com\/campos\/missionarios\/","title":{"rendered":"Mission\u00e1rios"},"content":{"rendered":"<h3 style=\"text-align: center\"><span style=\"color: #0000ff\"><strong>Atuais mission\u00e1rios da Can\u00e7\u00e3o Nova na Miss\u00e3o de Campos dos Goytacazes.<\/strong><\/span><\/h3>\n<p><a href=\"http:\/\/blog.cancaonova.com\/campos\/files\/2008\/11\/zildinha.jpg\"><img loading=\"lazy\" decoding=\"async\" class=\" wp-image-8749 aligncenter\" src=\"http:\/\/blog.cancaonova.com\/campos\/files\/2008\/11\/zildinha-300x300.jpg\" alt=\"zildinha\" width=\"315\" height=\"315\" srcset=\"https:\/\/blog.cancaonova.com\/campos\/files\/2008\/11\/zildinha-300x300.jpg 300w, https:\/\/blog.cancaonova.com\/campos\/files\/2008\/11\/zildinha-200x200.jpg 200w, https:\/\/blog.cancaonova.com\/campos\/files\/2008\/11\/zildinha-150x150.jpg 150w, https:\/\/blog.cancaonova.com\/campos\/files\/2008\/11\/zildinha.jpg 640w\" sizes=\"(max-width: 315px) 100vw, 315px\" \/><\/a><\/p>\n<p style=\"text-align: center\">\u00a0<span style=\"color: #000000\"><strong>\u00a0Zilda Fraga &#8211; 2\u00ba Elo : Grupo de M\u00e3es e Liturgia\u00a0<\/strong><\/span><\/p>\n<p><a href=\"http:\/\/blog.cancaonova.com\/campos\/files\/2018\/02\/eleonora.jpg\"><img loading=\"lazy\" decoding=\"async\" class=\"aligncenter wp-image-9585\" src=\"http:\/\/blog.cancaonova.com\/campos\/files\/2018\/02\/eleonora.jpg\" alt=\"\" width=\"325\" height=\"434\" srcset=\"https:\/\/blog.cancaonova.com\/campos\/files\/2018\/02\/eleonora.jpg 768w, https:\/\/blog.cancaonova.com\/campos\/files\/2018\/02\/eleonora-225x300.jpg 225w, https:\/\/blog.cancaonova.com\/campos\/files\/2018\/02\/eleonora-150x200.jpg 150w\" sizes=\"(max-width: 325px) 100vw, 325px\" \/><\/a><\/p>\n<p style=\"text-align: center\"><span style=\"color: #000000\"><strong>Eleonora Henrique &#8211; 2\u00ba Elo : Respons\u00e1vel de Miss\u00e3o, Respons\u00e1vel do Vocacional e Grupo de M\u00e3es<\/strong><\/span><\/p>\n<p>\u00a0<a href=\"http:\/\/blog.cancaonova.com\/campos\/files\/2018\/02\/f8c61399-93eb-417d-ae06-ce0ea8c0c749.jpg\"><img loading=\"lazy\" decoding=\"async\" class=\"aligncenter wp-image-9910\" src=\"http:\/\/blog.cancaonova.com\/campos\/files\/2018\/02\/f8c61399-93eb-417d-ae06-ce0ea8c0c749.jpg\" alt=\"\" width=\"322\" height=\"428\" srcset=\"https:\/\/blog.cancaonova.com\/campos\/files\/2018\/02\/f8c61399-93eb-417d-ae06-ce0ea8c0c749.jpg 770w, https:\/\/blog.cancaonova.com\/campos\/files\/2018\/02\/f8c61399-93eb-417d-ae06-ce0ea8c0c749-226x300.jpg 226w, https:\/\/blog.cancaonova.com\/campos\/files\/2018\/02\/f8c61399-93eb-417d-ae06-ce0ea8c0c749-768x1021.jpg 768w, https:\/\/blog.cancaonova.com\/campos\/files\/2018\/02\/f8c61399-93eb-417d-ae06-ce0ea8c0c749-150x200.jpg 150w\" sizes=\"(max-width: 322px) 100vw, 322px\" \/><\/a><span style=\"color: #000000\"><strong>\u00a0 \u00a0 \u00a0 \u00a0 \u00a0 \u00a0 \u00a0 \u00a0 \u00a0 \u00a0 \u00a0 \u00a0 \u00a0 \u00a0 \u00a0 \u00a0 \u00a0 \u00a0 \u00a0 \u00a0 \u00a0 \u00a0 \u00a0 \u00a0 \u00a0 \u00a0 \u00a0 \u00a0 \u00a0 Ivonete Amaral &#8211;\u00a02\u00ba Elo: Comunica\u00e7\u00e3o\u00a0<\/strong><\/span><\/p>\n<h4><strong><span style=\"color: #000000\">\u00a0<\/span><\/strong><\/h4>\n<h4><strong><a href=\"http:\/\/blog.cancaonova.com\/campos\/files\/2008\/11\/Rog\u00e9rio.jpg\"><img loading=\"lazy\" decoding=\"async\" class=\" wp-image-8787 aligncenter\" src=\"http:\/\/blog.cancaonova.com\/campos\/files\/2008\/11\/Rog\u00e9rio-251x300.jpg\" alt=\"Rog\u00e9rio\" width=\"289\" height=\"345\" srcset=\"https:\/\/blog.cancaonova.com\/campos\/files\/2008\/11\/Rog\u00e9rio-251x300.jpg 251w, https:\/\/blog.cancaonova.com\/campos\/files\/2008\/11\/Rog\u00e9rio.jpg 684w\" sizes=\"(max-width: 289px) 100vw, 289px\" \/><\/a><\/strong><\/h4>\n<p style=\"text-align: center\"><span style=\"color: #000000\"><strong>Jos\u00e9 Rog\u00e9rio &#8211;\u00a02\u00ba Elo: Coordenador dos Jovens Sarados<\/strong><\/span><\/p>\n<p><a href=\"http:\/\/blog.cancaonova.com\/campos\/files\/2018\/02\/93173b68-b6bb-4a97-a6ff-ff4ab0cfd17f.jpg\"><img loading=\"lazy\" decoding=\"async\" class=\"aligncenter wp-image-10070\" src=\"http:\/\/blog.cancaonova.com\/campos\/files\/2018\/02\/93173b68-b6bb-4a97-a6ff-ff4ab0cfd17f.jpg\" alt=\"\" width=\"265\" height=\"398\" srcset=\"https:\/\/blog.cancaonova.com\/campos\/files\/2018\/02\/93173b68-b6bb-4a97-a6ff-ff4ab0cfd17f.jpg 859w, https:\/\/blog.cancaonova.com\/campos\/files\/2018\/02\/93173b68-b6bb-4a97-a6ff-ff4ab0cfd17f-200x300.jpg 200w, https:\/\/blog.cancaonova.com\/campos\/files\/2018\/02\/93173b68-b6bb-4a97-a6ff-ff4ab0cfd17f-768x1152.jpg 768w\" sizes=\"(max-width: 265px) 100vw, 265px\" \/><\/a><\/p>\n<p style=\"text-align: center\"><span style=\"color: #000000\"><strong>Valdelice Carvalho &#8211;\u00a02\u00ba Elo:\u00a0 Grupo de Amigos<\/strong><\/span><\/p>\n<p><a href=\"http:\/\/blog.cancaonova.com\/campos\/files\/2018\/02\/andrea.jpg\"><img loading=\"lazy\" decoding=\"async\" class=\"aligncenter wp-image-9586\" src=\"http:\/\/blog.cancaonova.com\/campos\/files\/2018\/02\/andrea.jpg\" alt=\"\" width=\"281\" height=\"397\" srcset=\"https:\/\/blog.cancaonova.com\/campos\/files\/2018\/02\/andrea.jpg 905w, https:\/\/blog.cancaonova.com\/campos\/files\/2018\/02\/andrea-212x300.jpg 212w, https:\/\/blog.cancaonova.com\/campos\/files\/2018\/02\/andrea-768x1086.jpg 768w\" sizes=\"(max-width: 281px) 100vw, 281px\" \/><\/a><\/p>\n<p style=\"text-align: center\"><span style=\"color: #000000\"><strong>Andreia Marreiros &#8211; 2\u00ba Elo: Formadora e Fam\u00edlias em P\u00e9<\/strong><\/span><\/p>\n<p><a href=\"http:\/\/blog.cancaonova.com\/campos\/files\/2008\/11\/Carlinhos.jpg\"><img loading=\"lazy\" decoding=\"async\" class=\"size-medium wp-image-8753 aligncenter\" src=\"http:\/\/blog.cancaonova.com\/campos\/files\/2008\/11\/Carlinhos-300x300.jpg\" alt=\"Carlinhos\" width=\"300\" height=\"300\" srcset=\"https:\/\/blog.cancaonova.com\/campos\/files\/2008\/11\/Carlinhos-300x300.jpg 300w, https:\/\/blog.cancaonova.com\/campos\/files\/2008\/11\/Carlinhos-200x200.jpg 200w, https:\/\/blog.cancaonova.com\/campos\/files\/2008\/11\/Carlinhos-150x150.jpg 150w, https:\/\/blog.cancaonova.com\/campos\/files\/2008\/11\/Carlinhos.jpg 480w\" sizes=\"(max-width: 300px) 100vw, 300px\" \/><\/a><\/p>\n<p style=\"text-align: center\"><span style=\"color: #000000\"><strong>Carlos Alberto &#8211; 2\u00ba Elo: Fam\u00edlias em p\u00e9<\/strong><\/span><\/p>\n<p>&nbsp;<\/p>\n<p><a href=\"http:\/\/blog.cancaonova.com\/campos\/files\/2018\/02\/foto-de-fred.jpg\"><img loading=\"lazy\" decoding=\"async\" class=\"aligncenter wp-image-9598\" src=\"http:\/\/blog.cancaonova.com\/campos\/files\/2018\/02\/foto-de-fred.jpg\" alt=\"\" width=\"329\" height=\"247\" srcset=\"https:\/\/blog.cancaonova.com\/campos\/files\/2018\/02\/foto-de-fred.jpg 1280w, https:\/\/blog.cancaonova.com\/campos\/files\/2018\/02\/foto-de-fred-300x225.jpg 300w, https:\/\/blog.cancaonova.com\/campos\/files\/2018\/02\/foto-de-fred-768x576.jpg 768w\" sizes=\"(max-width: 329px) 100vw, 329px\" \/><\/a><\/p>\n<p style=\"text-align: center\"><strong>Frederico Sardinha &#8211; 2\u00ba Elo: Grupo de Amigos e\u00a0 Forma\u00e7\u00e3o para Namorados e Noivos<\/strong><\/p>\n<p>&nbsp;<\/p>\n<p><a href=\"http:\/\/blog.cancaonova.com\/campos\/files\/2008\/11\/Roberta-rosto.jpg\"><img loading=\"lazy\" decoding=\"async\" class=\" wp-image-9108 aligncenter\" src=\"http:\/\/blog.cancaonova.com\/campos\/files\/2008\/11\/Roberta-rosto-236x300.jpg\" alt=\"\" width=\"260\" height=\"331\" srcset=\"https:\/\/blog.cancaonova.com\/campos\/files\/2008\/11\/Roberta-rosto-236x300.jpg 236w, https:\/\/blog.cancaonova.com\/campos\/files\/2008\/11\/Roberta-rosto-768x975.jpg 768w, https:\/\/blog.cancaonova.com\/campos\/files\/2008\/11\/Roberta-rosto.jpg 1337w\" sizes=\"(max-width: 260px) 100vw, 260px\" \/><\/a><\/p>\n<p style=\"text-align: center\"><strong>Roberta Sardinha &#8211; 2\u00ba Elo: Administradora e\u00a0 Forma\u00e7\u00e3o de Namorados e Noivos<\/strong><\/p>\n<h2><\/h2>\n<h2 style=\"text-align: center\"><span style=\"color: #0000ff\"><strong>Conhe\u00e7a as nossas Redes Sociais e fique atento aos eventos da miss\u00e3o Can\u00e7\u00e3o Nova em Campos dos Goytacazes!<\/strong><\/span><\/h2>\n<p style=\"text-align: center\">blog.cancaonova.com\/campos<\/p>\n<p style=\"text-align: center\"><strong>Facebook e Twitter:<\/strong> missaocamposcn<\/p>\n<p>\u00a0 \u00a0 \u00a0 \u00a0 \u00a0 \u00a0 \u00a0 \u00a0 \u00a0 \u00a0 \u00a0 \u00a0 \u00a0 \u00a0 \u00a0 \u00a0 \u00a0 \u00a0 \u00a0 \u00a0 \u00a0 \u00a0 \u00a0 \u00a0 \u00a0 \u00a0 \u00a0 \u00a0 \u00a0 \u00a0 \u00a0 \u00a0 \u00a0 \u00a0 \u00a0 \u00a0 \u00a0 \u00a0<strong>Instagram:<\/strong> cancaonovacampos<\/p>\n<h5 style=\"text-align: center\"><span style=\"color: #0000ff\">Ser Can\u00e7\u00e3o Nova \u00e9 bom demais!<\/span><\/h5>\n<p>&nbsp;<\/p>\n","protected":false},"excerpt":{"rendered":"<p>Atuais mission\u00e1rios da Can\u00e7\u00e3o Nova na Miss\u00e3o de Campos dos Goytacazes. \u00a0\u00a0Zilda Fraga &#8211; 2\u00ba Elo : Grupo de M\u00e3es e Liturgia\u00a0 Eleonora Henrique &#8211; 2\u00ba Elo : Respons\u00e1vel de Miss\u00e3o, Respons\u00e1vel do Vocacional e Grupo de M\u00e3es \u00a0\u00a0 \u00a0&#8230;<\/p>\n","protected":false},"author":971,"featured_media":0,"parent":0,"menu_order":0,"comment_status":"closed","ping_status":"closed","template":"","meta":{"footnotes":""},"_links":{"self":[{"href":"https:\/\/blog.cancaonova.com\/campos\/wp-json\/wp\/v2\/pages\/9149"}],"collection":[{"href":"https:\/\/blog.cancaonova.com\/campos\/wp-json\/wp\/v2\/pages"}],"about":[{"href":"https:\/\/blog.cancaonova.com\/campos\/wp-json\/wp\/v2\/types\/page"}],"author":[{"embeddable":true,"href":"https:\/\/blog.cancaonova.com\/campos\/wp-json\/wp\/v2\/users\/971"}],"replies":[{"embeddable":true,"href":"https:\/\/blog.cancaonova.com\/campos\/wp-json\/wp\/v2\/comments?post=9149"}],"version-history":[{"count":18,"href":"https:\/\/blog.cancaonova.com\/campos\/wp-json\/wp\/v2\/pages\/9149\/revisions"}],"predecessor-version":[{"id":10071,"href":"https:\/\/blog.cancaonova.com\/campos\/wp-json\/wp\/v2\/pages\/9149\/revisions\/10071"}],"wp:attachment":[{"href":"https:\/\/blog.cancaonova.com\/campos\/wp-json\/wp\/v2\/media?parent=9149"}],"curies":[{"name":"wp","href":"https:\/\/api.w.org\/{rel}","templated":true}]}}