{"id":9192,"date":"2018-02-24T22:25:43","date_gmt":"2018-02-25T01:25:43","guid":{"rendered":"http:\/\/blog.cancaonova.com\/campos\/?page_id=9192"},"modified":"2021-05-05T19:04:46","modified_gmt":"2021-05-05T22:04:46","slug":"aprofundamentos","status":"publish","type":"page","link":"https:\/\/blog.cancaonova.com\/campos\/aprofundamentos\/","title":{"rendered":"Aprofundamentos"},"content":{"rendered":"<h1 style=\"text-align: center\"><span style=\"color: #0000ff\"><em><span style=\"color: #ff0000\">APROFUNDAMENTOS\u00a0<\/span><\/em><\/span><\/h1>\n<p>Os <strong>Aprofundamentos da Can\u00e7\u00e3o Nova<\/strong> s\u00e3o uma \u00f3tima oportunidade para voc\u00ea receber forma\u00e7\u00e3o religiosa.<\/p>\n<p>Por meio de palestras dinamizadas,\u00a0em cada Encontro vamos nos aprofundando sobre um determinado tema.<br \/>\nAssim adquirimos mais conhecimento a respeito de Deus e da Igreja, o que contribui para termos uma experi\u00eancia pessoal com Jesus Cristo na efic\u00e1cia do Esp\u00edrito Santo.<\/p>\n<p><strong><em><span style=\"color: #000000\">EM BREVE IREMOS DISPONIBILIZAR O PR\u00d3XIMO TEMA COM SUAS RESPECTIVAS DATAS.<\/span><\/em><\/strong><\/p>\n<p>Deus aben\u00e7\u00f5e!<\/p>\n<p>&nbsp;<\/p>\n<h1 style=\"text-align: center\"><span style=\"color: #000080\"><strong>Hist\u00f3ria dos Aprofundamentos\u00a0<\/strong><\/span><\/h1>\n<p>Em 2019, o primeiro Aprofundamento da Can\u00e7\u00e3o Nova ter\u00e1 como tema geral:<\/p>\n<p><span style=\"color: #0000ff\"><strong>#PECADOS VIRTU@IS &#8211; PHN NA INTERNET. &#8220;O meio \u00e9 virtual, mas o pecado \u00e9 real! &#8220;<\/strong><\/span><\/p>\n<p>Nossos Encontros ser\u00e3o sempre\u00a0<span style=\"color: #ff0000\"><strong>quinzenalmente, \u00e0s segundas-feiras, h<\/strong><strong>or\u00e1rio: 19:30h, no\u00a0<\/strong><strong>Col\u00e9gio Salesiano<\/strong><\/span><\/p>\n<p><strong><span style=\"color: #993366\">N\u00c3O EXISTE TAXA DE INSCRI\u00c7\u00c3O!<\/span><\/strong><\/p>\n<p>Teremos 6 Encontros com os seguintes temas espec\u00edficos:<br \/>\n1) 15\/04 \u2013 #A INTERNET NA VIDA DO CRIST@O<\/p>\n<p>2) 29\/04 \u2013 #PECADOS CAPITAIS NO MEIO VIRTU@L<\/p>\n<p>3) 13\/05 \u2013 #GAN\u00c2NCIA E PREGUI\u00c7A NO MEIO VIRTU@L<\/p>\n<p>4) 27\/05 \u2013 #INVEJA E GULA NO MEIO VIRTU@L<\/p>\n<p>5) 10\/06 \u2013 #IRA E LUX\u00daRIA NO MEIO VIRTU@L<\/p>\n<p>6) 24\/06 \u2013 #SOBERBA E VAIDADE NO MEIO VIRTU@L<\/p>\n<p>&nbsp;<\/p>\n<p>&nbsp;<\/p>\n<p><a href=\"http:\/\/blog.cancaonova.com\/campos\/files\/2018\/02\/PECADOS-VIRTU@IS-cartaz.jpg\"><img loading=\"lazy\" decoding=\"async\" class=\"aligncenter size-full wp-image-9675\" src=\"http:\/\/blog.cancaonova.com\/campos\/files\/2018\/02\/PECADOS-VIRTU@IS-cartaz.jpg\" alt=\"\" width=\"530\" height=\"530\" srcset=\"https:\/\/blog.cancaonova.com\/campos\/files\/2018\/02\/PECADOS-VIRTU@IS-cartaz.jpg 530w, https:\/\/blog.cancaonova.com\/campos\/files\/2018\/02\/PECADOS-VIRTU@IS-cartaz-200x200.jpg 200w, https:\/\/blog.cancaonova.com\/campos\/files\/2018\/02\/PECADOS-VIRTU@IS-cartaz-300x300.jpg 300w\" sizes=\"(max-width: 530px) 100vw, 530px\" \/><\/a><\/p>\n<p style=\"text-align: center\"><span style=\"color: #3366ff\"><strong>\u00a0Programe-se e venha participar conosco do \u00faltimo aprofundamento do ano de 2018!<\/strong><\/span><\/p>\n<p style=\"text-align: center\"><span style=\"color: #3366ff\"><strong>Baseado no Livro Como enfrentar os problemas da vida \u00edntima, de Monsenhor Jonas Abib.<\/strong><\/span><\/p>\n<p>Venha participar conosco, todas as <span style=\"color: #ff0000\">segundas-feiras \u00e0s 19h30<\/span>, na Casa de Miss\u00e3o da Can\u00e7\u00e3o Nova Campos.<\/p>\n<p>&nbsp;<\/p>\n<p><a href=\"http:\/\/blog.cancaonova.com\/campos\/files\/2018\/02\/CARD-APROFUNDAMENTO-BLOG.png\"><img loading=\"lazy\" decoding=\"async\" class=\"aligncenter wp-image-9492\" src=\"http:\/\/blog.cancaonova.com\/campos\/files\/2018\/02\/CARD-APROFUNDAMENTO-BLOG.png\" alt=\"\" width=\"557\" height=\"786\" \/><\/a><\/p>\n<p>&nbsp;<\/p>\n<p>&nbsp;<\/p>\n<p style=\"text-align: center\"><span style=\"color: #ff6600\"><strong>Confira o nosso pr\u00f3ximo aprofundamento: \u00c9 hora de liberta\u00e7\u00e3o!<\/strong><\/span><\/p>\n<p style=\"text-align: center\"><span style=\"color: #ff6600\"><strong>Baseado no Livro Sim, Sim N\u00e3o, N\u00e3o, de Monsenhor Jonas Abib.<\/strong><\/span><\/p>\n<p>Venha participar conosco, todas as segundas-feiras \u00e0s 19h30, na Casa de Miss\u00e3o da Can\u00e7\u00e3o Nova Campos. Come\u00e7a dia 23\/07.<\/p>\n<p><a href=\"http:\/\/blog.cancaonova.com\/campos\/files\/2018\/02\/card-sim-sim-n\u00e3o-n\u00e3o-atualizada-blog.png\"><img loading=\"lazy\" decoding=\"async\" class=\"aligncenter wp-image-9432 size-full\" src=\"http:\/\/blog.cancaonova.com\/campos\/files\/2018\/02\/card-sim-sim-n\u00e3o-n\u00e3o-atualizada-blog.png\" alt=\"\" width=\"636\" height=\"899\" srcset=\"https:\/\/blog.cancaonova.com\/campos\/files\/2018\/02\/card-sim-sim-n\u00e3o-n\u00e3o-atualizada-blog.png 636w, https:\/\/blog.cancaonova.com\/campos\/files\/2018\/02\/card-sim-sim-n\u00e3o-n\u00e3o-atualizada-blog-212x300.png 212w\" sizes=\"(max-width: 636px) 100vw, 636px\" \/><\/a><\/p>\n<p>&nbsp;<\/p>\n<p style=\"text-align: center\"><strong><u>APROFUNDAMENTO COM A CAN\u00c7\u00c3O NOVA &#8211; <em>\u201c\u00c9 HORA DE LIBERTA\u00c7\u00c3O!<\/em><\/u><\/strong><strong><em><u>\u201d<\/u><\/em><\/strong><\/p>\n<p style=\"text-align: center\"><strong><u>PROGRAMA\u00c7\u00c3O<\/u><\/strong><\/p>\n<p><strong>\u00a0<\/strong>&#8211; Ser\u00e3o <strong>5<\/strong><strong> segundas-feiras<\/strong>: <strong>23<\/strong><strong> e 30 de julho, 13, 20 e 27 de agosto<\/strong>.<\/p>\n<p>&#8211; Das 19:30h \u00e0s 21h, na Casa de Miss\u00e3o da Can\u00e7\u00e3o Nova.<\/p>\n<p>&#8211; Inscri\u00e7\u00e3o: (opcional) &#8211; adquirir o <strong>livro <em>\u201cSIM, SIM! N\u00c3O, N\u00c3O!\u201d<\/em> (de Mons. Jonas Abib)<\/strong><\/p>\n<p>&#8211; Valor normal do livro = R$ 22,00<\/p>\n<p>&#8211; Valor do livro com desconto = R$ 20,00 (para s\u00f3cio CN ou para quem se tornar s\u00f3cio CN)<\/p>\n<p>&nbsp;<\/p>\n<p><u>1\u00ba Encontro<\/u>\u00a0<strong>(23 de julho):<\/strong> \u201cCONHECEREIS A VERDADE E A VERDADE VOS LIBERTAR\u00c1!\u201d (Jo\u00e3o 8, 32)<\/p>\n<p><u>2\u00ba Encontro<\/u>\u00a0<strong>(30 de julho):<\/strong>\u00a0\u201cN\u00c3O QUERO QUE TENHAIS COMUNH\u00c3O COM OS DEM\u00d4NIOS!\u201d<\/p>\n<p>(I Cor\u00edntios 10, 20b)<\/p>\n<p><strong><u>OBS.: 6\/08 \u2013<\/u><\/strong> <u>n\u00e3o haver\u00e1 Aprofundamento<\/u><u> (Feriado de S\u00e3o Salvador) <\/u><\/p>\n<p><u>3\u00ba Encontro<\/u>\u00a0<strong>(13 de agosto): <\/strong>\u201cDEVOLVE OS FILHOS DE DEUS, CRIADOS PARA A GL\u00d3RIA DO SENHOR!\u201d<\/p>\n<p>(Isa\u00edas 43,6)<\/p>\n<p><u>4\u00ba Encontro<\/u>\u00a0<strong>(20 de agosto):<\/strong> \u201cSER\u00c1S INTEIRAMENTE DO SENHOR, TEU DEUS!\u201d (Deuteron\u00f4mio 18, 13)<\/p>\n<p><u>5\u00ba Encontro<\/u>\u00a0<strong>(27 de\u00a0agosto):<\/strong> \u201cA SALVA\u00c7\u00c3O ENTROU NA MINHA CASA!\u201d (Lucas 19, 9)<\/p>\n<p><strong>\u00a0<\/strong><\/p>\n<p>&nbsp;<\/p>\n<p style=\"text-align: center\"><span style=\"color: #ff6600\"><strong>Confira o nosso atual aprofundamento: Dons do Esp\u00edrito Santo, baseado nos livros do M\u00e1rcio Mendes.<\/strong><\/span><\/p>\n<p>Venha participar conosco, todas as segundas-feiras \u00e0s 19h30, na Casa de Miss\u00e3o da Can\u00e7\u00e3o Nova Campos.<\/p>\n<p><a href=\"http:\/\/blog.cancaonova.com\/campos\/files\/2018\/02\/WhatsApp-Image-2018-06-04-at-11.54.19.jpeg\"><img loading=\"lazy\" decoding=\"async\" class=\"aligncenter wp-image-9346\" src=\"http:\/\/blog.cancaonova.com\/campos\/files\/2018\/02\/WhatsApp-Image-2018-06-04-at-11.54.19.jpeg\" alt=\"\" width=\"748\" height=\"542\" srcset=\"https:\/\/blog.cancaonova.com\/campos\/files\/2018\/02\/WhatsApp-Image-2018-06-04-at-11.54.19.jpeg 1024w, https:\/\/blog.cancaonova.com\/campos\/files\/2018\/02\/WhatsApp-Image-2018-06-04-at-11.54.19-300x217.jpeg 300w, https:\/\/blog.cancaonova.com\/campos\/files\/2018\/02\/WhatsApp-Image-2018-06-04-at-11.54.19-768x557.jpeg 768w\" sizes=\"(max-width: 748px) 100vw, 748px\" \/><\/a><\/p>\n<p>&nbsp;<\/p>\n<p><span style=\"color: #800000\"><strong>O nosso primeiro aprofundamento do ano ser\u00e1: Um olhar que cura, a terapia das doen\u00e7as espirituais.<\/strong><\/span><\/p>\n<p>Venha participar conosco, todas as segundas-feiras \u00e0s 19h30, na Casa de Miss\u00e3o da Can\u00e7\u00e3o Nova Campos.<\/p>\n<p><a href=\"http:\/\/blog.cancaonova.com\/campos\/files\/2018\/02\/um-olhar-que-cura.jpg\"><img loading=\"lazy\" decoding=\"async\" class=\"aligncenter wp-image-9194 size-full\" src=\"http:\/\/blog.cancaonova.com\/campos\/files\/2018\/02\/um-olhar-que-cura.jpg\" alt=\"\" width=\"689\" height=\"960\" srcset=\"https:\/\/blog.cancaonova.com\/campos\/files\/2018\/02\/um-olhar-que-cura.jpg 689w, https:\/\/blog.cancaonova.com\/campos\/files\/2018\/02\/um-olhar-que-cura-215x300.jpg 215w\" sizes=\"(max-width: 689px) 100vw, 689px\" \/><\/a><\/p>\n","protected":false},"excerpt":{"rendered":"<p>APROFUNDAMENTOS\u00a0 Os Aprofundamentos da Can\u00e7\u00e3o Nova s\u00e3o uma \u00f3tima oportunidade para voc\u00ea receber forma\u00e7\u00e3o religiosa. Por meio de palestras dinamizadas,\u00a0em cada Encontro vamos nos aprofundando sobre um determinado tema. Assim adquirimos mais conhecimento a respeito de Deus e da Igreja,&#8230;<\/p>\n","protected":false},"author":971,"featured_media":9492,"parent":0,"menu_order":0,"comment_status":"closed","ping_status":"closed","template":"","meta":{"footnotes":""},"_links":{"self":[{"href":"https:\/\/blog.cancaonova.com\/campos\/wp-json\/wp\/v2\/pages\/9192"}],"collection":[{"href":"https:\/\/blog.cancaonova.com\/campos\/wp-json\/wp\/v2\/pages"}],"about":[{"href":"https:\/\/blog.cancaonova.com\/campos\/wp-json\/wp\/v2\/types\/page"}],"author":[{"embeddable":true,"href":"https:\/\/blog.cancaonova.com\/campos\/wp-json\/wp\/v2\/users\/971"}],"replies":[{"embeddable":true,"href":"https:\/\/blog.cancaonova.com\/campos\/wp-json\/wp\/v2\/comments?post=9192"}],"version-history":[{"count":15,"href":"https:\/\/blog.cancaonova.com\/campos\/wp-json\/wp\/v2\/pages\/9192\/revisions"}],"predecessor-version":[{"id":9905,"href":"https:\/\/blog.cancaonova.com\/campos\/wp-json\/wp\/v2\/pages\/9192\/revisions\/9905"}],"wp:featuredmedia":[{"embeddable":true,"href":"https:\/\/blog.cancaonova.com\/campos\/wp-json\/wp\/v2\/media\/9492"}],"wp:attachment":[{"href":"https:\/\/blog.cancaonova.com\/campos\/wp-json\/wp\/v2\/media?parent=9192"}],"curies":[{"name":"wp","href":"https:\/\/api.w.org\/{rel}","templated":true}]}}