{"id":9199,"date":"2018-02-24T22:42:08","date_gmt":"2018-02-25T01:42:08","guid":{"rendered":"http:\/\/blog.cancaonova.com\/campos\/?page_id=9199"},"modified":"2021-05-05T18:37:12","modified_gmt":"2021-05-05T21:37:12","slug":"cn-40-anos","status":"publish","type":"page","link":"https:\/\/blog.cancaonova.com\/campos\/cn-40-anos\/","title":{"rendered":"Hist\u00f3ria da Can\u00e7\u00e3o Nova"},"content":{"rendered":"<p><a href=\"http:\/\/blog.cancaonova.com\/campos\/files\/2018\/02\/texto-monsenhor.png\"><img loading=\"lazy\" decoding=\"async\" class=\"alignleft size-full wp-image-9200\" src=\"http:\/\/blog.cancaonova.com\/campos\/files\/2018\/02\/texto-monsenhor.png\" alt=\"\" width=\"885\" height=\"435\" srcset=\"https:\/\/blog.cancaonova.com\/campos\/files\/2018\/02\/texto-monsenhor.png 885w, https:\/\/blog.cancaonova.com\/campos\/files\/2018\/02\/texto-monsenhor-300x147.png 300w, https:\/\/blog.cancaonova.com\/campos\/files\/2018\/02\/texto-monsenhor-768x377.png 768w, https:\/\/blog.cancaonova.com\/campos\/files\/2018\/02\/texto-monsenhor-150x75.png 150w\" sizes=\"(max-width: 885px) 100vw, 885px\" \/><\/a><\/p>\n<p>&nbsp;<\/p>\n<p>&nbsp;<\/p>\n<p>&nbsp;<\/p>\n<h3 style=\"text-align: center\"><span style=\"color: #333399\"><strong>Visite o site para conhecer a Comunidade Can\u00e7\u00e3o Nova.<\/strong><\/span><\/h3>\n<h3><span style=\"color: #333399\"><strong><span style=\"color: #800000\">\u00a0 \u00a0 \u00a0 \u00a0 \u00a0 \u00a0 \u00a0 \u00a0 \u00a0 \u00a0 \u00a0 \u00a0 \u00a0 \u00a0 \u00a0 \u00a0 \u00a0 \u00a0 \u00a0 \u00a0 \u00a0 \u00a0 \u00a0 \u00a0 \u00a0 \u00a0 \u00a0 \u00a0 \u00a0 \u00a0 \u00a0\u00a0<\/span><span style=\"color: #333399\">\u00a0<\/span><a style=\"color: #333399\" href=\"http:\/\/40anos.cancaonova.com\" target=\"_blank\" rel=\"noopener\">Clique aqui.<\/a><\/strong><\/span><\/h3>\n","protected":false},"excerpt":{"rendered":"<p>&nbsp; &nbsp; &nbsp; Visite o site para conhecer a Comunidade Can\u00e7\u00e3o Nova. \u00a0 \u00a0 \u00a0 \u00a0 \u00a0 \u00a0 \u00a0 \u00a0 \u00a0 \u00a0 \u00a0 \u00a0 \u00a0 \u00a0 \u00a0 \u00a0 \u00a0 \u00a0 \u00a0 \u00a0 \u00a0 \u00a0 \u00a0 \u00a0 \u00a0 \u00a0 \u00a0 \u00a0&#8230;<\/p>\n","protected":false},"author":971,"featured_media":0,"parent":0,"menu_order":0,"comment_status":"closed","ping_status":"closed","template":"","meta":{"footnotes":""},"_links":{"self":[{"href":"https:\/\/blog.cancaonova.com\/campos\/wp-json\/wp\/v2\/pages\/9199"}],"collection":[{"href":"https:\/\/blog.cancaonova.com\/campos\/wp-json\/wp\/v2\/pages"}],"about":[{"href":"https:\/\/blog.cancaonova.com\/campos\/wp-json\/wp\/v2\/types\/page"}],"author":[{"embeddable":true,"href":"https:\/\/blog.cancaonova.com\/campos\/wp-json\/wp\/v2\/users\/971"}],"replies":[{"embeddable":true,"href":"https:\/\/blog.cancaonova.com\/campos\/wp-json\/wp\/v2\/comments?post=9199"}],"version-history":[{"count":6,"href":"https:\/\/blog.cancaonova.com\/campos\/wp-json\/wp\/v2\/pages\/9199\/revisions"}],"predecessor-version":[{"id":9895,"href":"https:\/\/blog.cancaonova.com\/campos\/wp-json\/wp\/v2\/pages\/9199\/revisions\/9895"}],"wp:attachment":[{"href":"https:\/\/blog.cancaonova.com\/campos\/wp-json\/wp\/v2\/media?parent=9199"}],"curies":[{"name":"wp","href":"https:\/\/api.w.org\/{rel}","templated":true}]}}