{"id":9242,"date":"2018-02-25T12:36:37","date_gmt":"2018-02-25T15:36:37","guid":{"rendered":"http:\/\/blog.cancaonova.com\/campos\/?page_id=9242"},"modified":"2021-05-05T19:13:22","modified_gmt":"2021-05-05T22:13:22","slug":"grupo-de-amigos","status":"publish","type":"page","link":"https:\/\/blog.cancaonova.com\/campos\/grupo-de-amigos\/","title":{"rendered":"Grupo de Amigos"},"content":{"rendered":"<p style=\"text-align: center\"><a href=\"http:\/\/blog.cancaonova.com\/campos\/files\/2018\/02\/fot-g.-amigos.jpg\"><img loading=\"lazy\" decoding=\"async\" class=\"aligncenter wp-image-9757\" src=\"http:\/\/blog.cancaonova.com\/campos\/files\/2018\/02\/fot-g.-amigos.jpg\" alt=\"\" width=\"111\" height=\"111\" srcset=\"https:\/\/blog.cancaonova.com\/campos\/files\/2018\/02\/fot-g.-amigos.jpg 900w, https:\/\/blog.cancaonova.com\/campos\/files\/2018\/02\/fot-g.-amigos-200x200.jpg 200w, https:\/\/blog.cancaonova.com\/campos\/files\/2018\/02\/fot-g.-amigos-300x300.jpg 300w, https:\/\/blog.cancaonova.com\/campos\/files\/2018\/02\/fot-g.-amigos-768x768.jpg 768w\" sizes=\"(max-width: 111px) 100vw, 111px\" \/><\/a><\/p>\n<p style=\"text-align: center\"><strong>O Grupo de Amigos s\u00e3o compostos por pessoas que, contagiadas pelo carisma Can\u00e7\u00e3o Nova, d\u00e3o suporte para os membros da Comunidade Can\u00e7\u00e3o Nova, na miss\u00e3o de Campos dos Goytacazes. Eles s\u00e3o os bra\u00e7os e guardi\u00f5es desta obra de Deus. E atualmente, toda a renda destes eventos reverte-se em prol ao projeto Dai-me Almas.<\/strong><\/p>\n<hr \/>\n<h2><span style=\"color: #ff0000\"><strong>\u00a0 \u00a0 AT\u00c9 O MOMENTO AS REUNI\u00d5ES EST\u00c3O SUSPENSAS.<\/strong><\/span><\/h2>\n<p><strong>Hor\u00e1rio:<\/strong> \u00e0s 19:30h<\/p>\n<p><strong>Local:<\/strong> Par\u00f3quia Sagrado Cora\u00e7\u00e3o de Jesus.<\/p>\n<p><strong>Endere\u00e7o:<\/strong> Riachuelo, 268 &#8211; Turf Club<\/p>\n<p><strong>Contato:<\/strong> (22) 99736-7325 Valdelice<\/p>\n<h5><span style=\"color: #0000ff\"><strong>IREMOS ESTAR COMUNICANDO SOBRE AS PR\u00d3XIMAS REUNI\u00d5ES NAS NOSSAS REDES SOCIAIS <span style=\"color: #003366\">(Facebook, Instagran e Twitter)<\/span><\/strong><\/span><\/h5>\n<p style=\"text-align: center\"><em>\u201cOs Grupos de Amigos da Can\u00e7\u00e3o Nova s\u00e3o os bra\u00e7os da obra, para que ela possa alcan\u00e7ar lugares aonde a comunidade de N\u00facleo e Segundo Elo n\u00e3o tem possibilidade de ir, apesar dos meios de comunica\u00e7\u00e3o. Eles existem para que a Can\u00e7\u00e3o Nova chegue mais longe, penetre todas as realidades e contagie com o Evangelho todos os tipos de atividades do homem.\u201d\u00a0\u00a0<\/em>Mons. Jonas Abib.<\/p>\n<p><a href=\"http:\/\/blog.cancaonova.com\/campos\/files\/2018\/02\/foto-3.jpg\"><img loading=\"lazy\" decoding=\"async\" class=\"aligncenter wp-image-9760\" src=\"http:\/\/blog.cancaonova.com\/campos\/files\/2018\/02\/foto-3.jpg\" alt=\"\" width=\"401\" height=\"301\" srcset=\"https:\/\/blog.cancaonova.com\/campos\/files\/2018\/02\/foto-3.jpg 1024w, https:\/\/blog.cancaonova.com\/campos\/files\/2018\/02\/foto-3-300x225.jpg 300w, https:\/\/blog.cancaonova.com\/campos\/files\/2018\/02\/foto-3-768x577.jpg 768w\" sizes=\"(max-width: 401px) 100vw, 401px\" \/><\/a><\/p>\n<p><a href=\"http:\/\/blog.cancaonova.com\/campos\/files\/2018\/02\/foto-2.jpg\"><img loading=\"lazy\" decoding=\"async\" class=\"aligncenter wp-image-9759\" src=\"http:\/\/blog.cancaonova.com\/campos\/files\/2018\/02\/foto-2.jpg\" alt=\"\" width=\"535\" height=\"260\" srcset=\"https:\/\/blog.cancaonova.com\/campos\/files\/2018\/02\/foto-2.jpg 1280w, https:\/\/blog.cancaonova.com\/campos\/files\/2018\/02\/foto-2-300x146.jpg 300w, https:\/\/blog.cancaonova.com\/campos\/files\/2018\/02\/foto-2-768x373.jpg 768w\" sizes=\"(max-width: 535px) 100vw, 535px\" \/><\/a><\/p>\n<p><a href=\"http:\/\/blog.cancaonova.com\/campos\/files\/2018\/02\/foto-1.jpg\"><img loading=\"lazy\" decoding=\"async\" class=\"aligncenter wp-image-9758\" src=\"http:\/\/blog.cancaonova.com\/campos\/files\/2018\/02\/foto-1.jpg\" alt=\"\" width=\"507\" height=\"380\" srcset=\"https:\/\/blog.cancaonova.com\/campos\/files\/2018\/02\/foto-1.jpg 1280w, https:\/\/blog.cancaonova.com\/campos\/files\/2018\/02\/foto-1-300x225.jpg 300w, https:\/\/blog.cancaonova.com\/campos\/files\/2018\/02\/foto-1-768x576.jpg 768w\" sizes=\"(max-width: 507px) 100vw, 507px\" \/><\/a><\/p>\n<p>&nbsp;<\/p>\n","protected":false},"excerpt":{"rendered":"<p>O Grupo de Amigos s\u00e3o compostos por pessoas que, contagiadas pelo carisma Can\u00e7\u00e3o Nova, d\u00e3o suporte para os membros da Comunidade Can\u00e7\u00e3o Nova, na miss\u00e3o de Campos dos Goytacazes. Eles s\u00e3o os bra\u00e7os e guardi\u00f5es desta obra de Deus. E&#8230;<\/p>\n","protected":false},"author":971,"featured_media":0,"parent":0,"menu_order":0,"comment_status":"closed","ping_status":"closed","template":"","meta":{"footnotes":""},"_links":{"self":[{"href":"https:\/\/blog.cancaonova.com\/campos\/wp-json\/wp\/v2\/pages\/9242"}],"collection":[{"href":"https:\/\/blog.cancaonova.com\/campos\/wp-json\/wp\/v2\/pages"}],"about":[{"href":"https:\/\/blog.cancaonova.com\/campos\/wp-json\/wp\/v2\/types\/page"}],"author":[{"embeddable":true,"href":"https:\/\/blog.cancaonova.com\/campos\/wp-json\/wp\/v2\/users\/971"}],"replies":[{"embeddable":true,"href":"https:\/\/blog.cancaonova.com\/campos\/wp-json\/wp\/v2\/comments?post=9242"}],"version-history":[{"count":17,"href":"https:\/\/blog.cancaonova.com\/campos\/wp-json\/wp\/v2\/pages\/9242\/revisions"}],"predecessor-version":[{"id":9907,"href":"https:\/\/blog.cancaonova.com\/campos\/wp-json\/wp\/v2\/pages\/9242\/revisions\/9907"}],"wp:attachment":[{"href":"https:\/\/blog.cancaonova.com\/campos\/wp-json\/wp\/v2\/media?parent=9242"}],"curies":[{"name":"wp","href":"https:\/\/api.w.org\/{rel}","templated":true}]}}