{"id":9343,"date":"2018-06-04T11:55:19","date_gmt":"2018-06-04T14:55:19","guid":{"rendered":"http:\/\/blog.cancaonova.com\/campos\/?page_id=9343"},"modified":"2021-05-05T19:14:41","modified_gmt":"2021-05-05T22:14:41","slug":"familias-em-pe","status":"publish","type":"page","link":"https:\/\/blog.cancaonova.com\/campos\/familias-em-pe\/","title":{"rendered":"FAM\u00cdLIAS EM P\u00c9"},"content":{"rendered":"<h2 style=\"text-align: center\"><span style=\"color: #ff0000\"><strong>Um pouco da hist\u00f3ria do Fam\u00edlias em P\u00e9!<\/strong><\/span><\/h2>\n<p><strong>Jimmy Fioramonte\u00a0<\/strong>natural de Goi\u00e2nia (GO), mission\u00e1rio da Comunidade Can\u00e7\u00e3o Nova h\u00e1 16 anos. Casado h\u00e1 nove anos com\u00a0<strong>Benedita Vaz de Carvalho Fioramonte,\u00a0<\/strong>mission\u00e1ria Comunidade Can\u00e7\u00e3o Nova h\u00e1 17 anos, natural de S\u00e3o\u00a0Paulo (SP). Pais de Camila Vaz de Carvalho Fioramonte de 9 anos e de Maria Julia V. C. Fioramonte.<\/p>\n<dl>Receberam de Deus a inspira\u00e7\u00e3o de realizar a Miss\u00e3o Fam\u00edlias em P\u00e9 em Agosto de 2008, iniciando os trabalhos em Janeiro de 2009.<\/dl>\n<dl><\/dl>\n<p><span style=\"color: #0000ff\">Hoje o Fam\u00edlias em P\u00e9 est\u00e1 presente aqui na Miss\u00e3o Can\u00e7\u00e3o Nova em Campos dos Goytacazes, basta entrar em contato conosco pelo Tel: (22) 3013.1112 e agendaremos para irmos at\u00e9 a sua casa, onde rezaremos juntos em fam\u00edlia o ter\u00e7o, partilharemos a Palavra de Deus e clamaremos o aux\u00edlio do Esp\u00edrito Santo.<\/span><\/p>\n<p>&nbsp;<\/p>\n<p><a href=\"http:\/\/blog.cancaonova.com\/campos\/files\/2018\/06\/Espa\u00e7o-reservapara-texto.png\"><img loading=\"lazy\" decoding=\"async\" class=\"aligncenter size-full wp-image-9721\" src=\"http:\/\/blog.cancaonova.com\/campos\/files\/2018\/06\/Espa\u00e7o-reservapara-texto.png\" alt=\"\" width=\"560\" height=\"315\" srcset=\"https:\/\/blog.cancaonova.com\/campos\/files\/2018\/06\/Espa\u00e7o-reservapara-texto.png 560w, https:\/\/blog.cancaonova.com\/campos\/files\/2018\/06\/Espa\u00e7o-reservapara-texto-300x169.png 300w, https:\/\/blog.cancaonova.com\/campos\/files\/2018\/06\/Espa\u00e7o-reservapara-texto-384x216.png 384w, https:\/\/blog.cancaonova.com\/campos\/files\/2018\/06\/Espa\u00e7o-reservapara-texto-512x288.png 512w\" sizes=\"(max-width: 560px) 100vw, 560px\" \/><\/a><\/p>\n","protected":false},"excerpt":{"rendered":"<p>Um pouco da hist\u00f3ria do Fam\u00edlias em P\u00e9! Jimmy Fioramonte\u00a0natural de Goi\u00e2nia (GO), mission\u00e1rio da Comunidade Can\u00e7\u00e3o Nova h\u00e1 16 anos. Casado h\u00e1 nove anos com\u00a0Benedita Vaz de Carvalho Fioramonte,\u00a0mission\u00e1ria Comunidade Can\u00e7\u00e3o Nova h\u00e1 17 anos, natural de S\u00e3o\u00a0Paulo (SP)&#8230;.<\/p>\n","protected":false},"author":971,"featured_media":0,"parent":0,"menu_order":0,"comment_status":"closed","ping_status":"closed","template":"","meta":{"footnotes":""},"_links":{"self":[{"href":"https:\/\/blog.cancaonova.com\/campos\/wp-json\/wp\/v2\/pages\/9343"}],"collection":[{"href":"https:\/\/blog.cancaonova.com\/campos\/wp-json\/wp\/v2\/pages"}],"about":[{"href":"https:\/\/blog.cancaonova.com\/campos\/wp-json\/wp\/v2\/types\/page"}],"author":[{"embeddable":true,"href":"https:\/\/blog.cancaonova.com\/campos\/wp-json\/wp\/v2\/users\/971"}],"replies":[{"embeddable":true,"href":"https:\/\/blog.cancaonova.com\/campos\/wp-json\/wp\/v2\/comments?post=9343"}],"version-history":[{"count":10,"href":"https:\/\/blog.cancaonova.com\/campos\/wp-json\/wp\/v2\/pages\/9343\/revisions"}],"predecessor-version":[{"id":9908,"href":"https:\/\/blog.cancaonova.com\/campos\/wp-json\/wp\/v2\/pages\/9343\/revisions\/9908"}],"wp:attachment":[{"href":"https:\/\/blog.cancaonova.com\/campos\/wp-json\/wp\/v2\/media?parent=9343"}],"curies":[{"name":"wp","href":"https:\/\/api.w.org\/{rel}","templated":true}]}}