{"id":9564,"date":"2019-01-11T09:17:56","date_gmt":"2019-01-11T12:17:56","guid":{"rendered":"http:\/\/blog.cancaonova.com\/campos\/?page_id=9564"},"modified":"2021-05-05T19:36:48","modified_gmt":"2021-05-05T22:36:48","slug":"jovens-sarados","status":"publish","type":"page","link":"https:\/\/blog.cancaonova.com\/campos\/jovens-sarados\/","title":{"rendered":"Jovens Sarados"},"content":{"rendered":"<h1 style=\"text-align: center\"><span style=\"color: #993366\"><span style=\"color: #993366\"><i>Miss\u00e3o Centro e Miss\u00e3o Guarus<\/i><\/span><\/span><\/h1>\n<h3 style=\"text-align: left\"><span style=\"color: #0000ff\"><strong>Aos Domingos &#8211; Miss\u00e3o: Centro<\/strong><\/span><\/h3>\n<p><span style=\"color: #0000ff\"><strong>Hor\u00e1rio:<\/strong><\/span> <span style=\"color: #000000\"><strong>19:00h<\/strong><\/span><\/p>\n<p><strong><span style=\"color: #0000ff\">Local: <span style=\"color: #000000\">Igreja M\u00e3e dos Homens<\/span><\/span><\/strong><\/p>\n<p><strong><span style=\"color: #0000ff\">Endere\u00e7o:<\/span> <span style=\"color: #000000\">Rua Volunt\u00e1rios da P\u00e1tria, 473 &#8211; Bairro: Centro<\/span><\/strong><\/p>\n<h4 style=\"text-align: left\"><span style=\"color: #000000\"><strong><span style=\"color: #0000ff\">Refer\u00eancia:<\/span> ao lado do Hospital Santa Casa de Miseric\u00f3rdia\u00a0<\/strong><\/span><\/h4>\n<p>&nbsp;<\/p>\n<h3><span style=\"color: #ff0000\"><strong>Aos S\u00e1bados &#8211; Miss\u00e3o: Guarus<\/strong><\/span><\/h3>\n<p><span style=\"color: #ff0000\"><strong>Hor\u00e1rio:<\/strong> <\/span><strong>19:00h<\/strong><\/p>\n<p><strong><span style=\"color: #ff0000\">Local:<\/span> Par\u00f3quia Santo Ant\u00f4nio de Guarus<\/strong><\/p>\n<h4><\/h4>\n<h1 style=\"text-align: center\"><a href=\"http:\/\/blog.cancaonova.com\/campos\/files\/2019\/01\/faixa-jovens-sarados.jpg\"><img loading=\"lazy\" decoding=\"async\" class=\"aligncenter wp-image-9719\" src=\"http:\/\/blog.cancaonova.com\/campos\/files\/2019\/01\/faixa-jovens-sarados.jpg\" alt=\"\" width=\"610\" height=\"610\" srcset=\"https:\/\/blog.cancaonova.com\/campos\/files\/2019\/01\/faixa-jovens-sarados.jpg 727w, https:\/\/blog.cancaonova.com\/campos\/files\/2019\/01\/faixa-jovens-sarados-200x200.jpg 200w, https:\/\/blog.cancaonova.com\/campos\/files\/2019\/01\/faixa-jovens-sarados-300x300.jpg 300w\" sizes=\"(max-width: 610px) 100vw, 610px\" \/><\/a><\/h1>\n<p>&nbsp;<\/p>\n","protected":false},"excerpt":{"rendered":"<p>Miss\u00e3o Centro e Miss\u00e3o Guarus Aos Domingos &#8211; Miss\u00e3o: Centro Hor\u00e1rio: 19:00h Local: Igreja M\u00e3e dos Homens Endere\u00e7o: Rua Volunt\u00e1rios da P\u00e1tria, 473 &#8211; Bairro: Centro Refer\u00eancia: ao lado do Hospital Santa Casa de Miseric\u00f3rdia\u00a0 &nbsp; Aos S\u00e1bados &#8211; Miss\u00e3o:&#8230;<\/p>\n","protected":false},"author":971,"featured_media":0,"parent":0,"menu_order":0,"comment_status":"closed","ping_status":"closed","template":"","meta":{"footnotes":""},"_links":{"self":[{"href":"https:\/\/blog.cancaonova.com\/campos\/wp-json\/wp\/v2\/pages\/9564"}],"collection":[{"href":"https:\/\/blog.cancaonova.com\/campos\/wp-json\/wp\/v2\/pages"}],"about":[{"href":"https:\/\/blog.cancaonova.com\/campos\/wp-json\/wp\/v2\/types\/page"}],"author":[{"embeddable":true,"href":"https:\/\/blog.cancaonova.com\/campos\/wp-json\/wp\/v2\/users\/971"}],"replies":[{"embeddable":true,"href":"https:\/\/blog.cancaonova.com\/campos\/wp-json\/wp\/v2\/comments?post=9564"}],"version-history":[{"count":11,"href":"https:\/\/blog.cancaonova.com\/campos\/wp-json\/wp\/v2\/pages\/9564\/revisions"}],"predecessor-version":[{"id":9912,"href":"https:\/\/blog.cancaonova.com\/campos\/wp-json\/wp\/v2\/pages\/9564\/revisions\/9912"}],"wp:attachment":[{"href":"https:\/\/blog.cancaonova.com\/campos\/wp-json\/wp\/v2\/media?parent=9564"}],"curies":[{"name":"wp","href":"https:\/\/api.w.org\/{rel}","templated":true}]}}