{"id":9604,"date":"2019-02-04T15:12:37","date_gmt":"2019-02-04T18:12:37","guid":{"rendered":"http:\/\/blog.cancaonova.com\/campos\/?page_id=9604"},"modified":"2020-02-27T16:56:35","modified_gmt":"2020-02-27T19:56:35","slug":"compromisso-cancao-nova-2019","status":"publish","type":"page","link":"https:\/\/blog.cancaonova.com\/campos\/compromisso-cancao-nova-2019\/","title":{"rendered":"Compromisso Can\u00e7\u00e3o Nova"},"content":{"rendered":"<p class=\"western\" style=\"text-align: left\">&nbsp;<\/p>\n<p class=\"western\" style=\"text-align: center\"><strong>Todos os crist\u00e3os possuem uma voca\u00e7\u00e3o. Ela \u00e9 o chamado do Pai, cuja finalidade \u00e9 a realiza\u00e7\u00e3o plena da pessoa humana.<\/strong>&nbsp;\u00c9 um gesto gracioso do Senhor que visa a plena humaniza\u00e7\u00e3o do homem. \u00c9 dom, gra\u00e7a, elei\u00e7\u00e3o cuidadosa, visando a constru\u00e7\u00e3o do Reino dos C\u00e9us. Em 1978, a Comunidade Can\u00e7\u00e3o Nova nasceu quando Padre&nbsp;Jonas Abib, juntamente com outras pessoas, responderam&nbsp;generosamente ao&nbsp;chamado que Deus lhes fez.&nbsp;<\/p>\n<blockquote>\n<p class=\"western\" style=\"text-align: left\">A gra\u00e7a da voca\u00e7\u00e3o \u00e9 uma iniciativa amorosa de Deus: \u201cN\u00e3o fostes v\u00f3s que me escolhestes, mas eu vos escolhi\u201d (Jo\u00e3o 15,16)<\/p>\n<p><a href=\"http:\/\/blog.cancaonova.com\/campos\/files\/2019\/02\/thumbnail-1.jpg\"><img loading=\"lazy\" decoding=\"async\" class=\"aligncenter  wp-image-9774\" src=\"http:\/\/blog.cancaonova.com\/campos\/files\/2019\/02\/thumbnail-1.jpg\" alt=\"\" width=\"439\" height=\"586\" srcset=\"https:\/\/blog.cancaonova.com\/campos\/files\/2019\/02\/thumbnail-1.jpg 960w, https:\/\/blog.cancaonova.com\/campos\/files\/2019\/02\/thumbnail-1-225x300.jpg 225w, https:\/\/blog.cancaonova.com\/campos\/files\/2019\/02\/thumbnail-1-768x1024.jpg 768w, https:\/\/blog.cancaonova.com\/campos\/files\/2019\/02\/thumbnail-1-150x200.jpg 150w\" sizes=\"(max-width: 439px) 100vw, 439px\" \/><\/a> <a href=\"http:\/\/blog.cancaonova.com\/campos\/files\/2019\/02\/thumbnail-2.jpg\"><img loading=\"lazy\" decoding=\"async\" class=\"aligncenter  wp-image-9775\" src=\"http:\/\/blog.cancaonova.com\/campos\/files\/2019\/02\/thumbnail-2.jpg\" alt=\"\" width=\"435\" height=\"326\" srcset=\"https:\/\/blog.cancaonova.com\/campos\/files\/2019\/02\/thumbnail-2.jpg 1253w, https:\/\/blog.cancaonova.com\/campos\/files\/2019\/02\/thumbnail-2-300x225.jpg 300w, https:\/\/blog.cancaonova.com\/campos\/files\/2019\/02\/thumbnail-2-768x576.jpg 768w\" sizes=\"(max-width: 435px) 100vw, 435px\" \/><\/a> <a href=\"http:\/\/blog.cancaonova.com\/campos\/files\/2019\/02\/thumbnail-3.jpg\"><img loading=\"lazy\" decoding=\"async\" class=\"aligncenter  wp-image-9776\" src=\"http:\/\/blog.cancaonova.com\/campos\/files\/2019\/02\/thumbnail-3.jpg\" alt=\"\" width=\"459\" height=\"344\" srcset=\"https:\/\/blog.cancaonova.com\/campos\/files\/2019\/02\/thumbnail-3.jpg 1280w, https:\/\/blog.cancaonova.com\/campos\/files\/2019\/02\/thumbnail-3-300x225.jpg 300w, https:\/\/blog.cancaonova.com\/campos\/files\/2019\/02\/thumbnail-3-768x576.jpg 768w\" sizes=\"(max-width: 459px) 100vw, 459px\" \/><\/a><\/p><\/blockquote>\n<p class=\"western\" style=\"text-align: center\"><strong><a href=\"http:\/\/blog.cancaonova.com\/campos\/files\/2019\/02\/compromisso-2019-1.jpg\"><img loading=\"lazy\" decoding=\"async\" class=\"aligncenter wp-image-9613\" src=\"http:\/\/blog.cancaonova.com\/campos\/files\/2019\/02\/compromisso-2019-1.jpg\" alt=\"\" width=\"538\" height=\"403\" srcset=\"https:\/\/blog.cancaonova.com\/campos\/files\/2019\/02\/compromisso-2019-1.jpg 1600w, https:\/\/blog.cancaonova.com\/campos\/files\/2019\/02\/compromisso-2019-1-300x225.jpg 300w, https:\/\/blog.cancaonova.com\/campos\/files\/2019\/02\/compromisso-2019-1-768x576.jpg 768w\" sizes=\"(max-width: 538px) 100vw, 538px\" \/><\/a><\/strong><\/p>\n<p><a href=\"http:\/\/blog.cancaonova.com\/campos\/files\/2019\/02\/compromisso-2019-2.jpg\"><img loading=\"lazy\" decoding=\"async\" class=\"aligncenter wp-image-9614\" src=\"http:\/\/blog.cancaonova.com\/campos\/files\/2019\/02\/compromisso-2019-2.jpg\" alt=\"\" width=\"557\" height=\"418\" srcset=\"https:\/\/blog.cancaonova.com\/campos\/files\/2019\/02\/compromisso-2019-2.jpg 640w, https:\/\/blog.cancaonova.com\/campos\/files\/2019\/02\/compromisso-2019-2-300x225.jpg 300w\" sizes=\"(max-width: 557px) 100vw, 557px\" \/><\/a><\/p>\n<p><a href=\"http:\/\/blog.cancaonova.com\/campos\/files\/2019\/02\/compromisso-2019-5.jpg\"><img loading=\"lazy\" decoding=\"async\" class=\"aligncenter wp-image-9616\" src=\"http:\/\/blog.cancaonova.com\/campos\/files\/2019\/02\/compromisso-2019-5.jpg\" alt=\"\" width=\"555\" height=\"370\" srcset=\"https:\/\/blog.cancaonova.com\/campos\/files\/2019\/02\/compromisso-2019-5.jpg 1799w, https:\/\/blog.cancaonova.com\/campos\/files\/2019\/02\/compromisso-2019-5-300x200.jpg 300w, https:\/\/blog.cancaonova.com\/campos\/files\/2019\/02\/compromisso-2019-5-768x512.jpg 768w\" sizes=\"(max-width: 555px) 100vw, 555px\" \/><\/a><\/p>\n<p><a href=\"http:\/\/blog.cancaonova.com\/campos\/files\/2019\/02\/compromisso-2019-6.jpg\"><img loading=\"lazy\" decoding=\"async\" class=\"aligncenter wp-image-9617\" src=\"http:\/\/blog.cancaonova.com\/campos\/files\/2019\/02\/compromisso-2019-6.jpg\" alt=\"\" width=\"548\" height=\"365\" srcset=\"https:\/\/blog.cancaonova.com\/campos\/files\/2019\/02\/compromisso-2019-6.jpg 720w, https:\/\/blog.cancaonova.com\/campos\/files\/2019\/02\/compromisso-2019-6-300x200.jpg 300w\" sizes=\"(max-width: 548px) 100vw, 548px\" \/><\/a><\/p>\n<p><a href=\"http:\/\/blog.cancaonova.com\/campos\/files\/2019\/02\/compromisso-2019.jpg\"><img loading=\"lazy\" decoding=\"async\" class=\"aligncenter size-full wp-image-9620\" src=\"http:\/\/blog.cancaonova.com\/campos\/files\/2019\/02\/compromisso-2019.jpg\" alt=\"\" width=\"432\" height=\"666\" srcset=\"https:\/\/blog.cancaonova.com\/campos\/files\/2019\/02\/compromisso-2019.jpg 432w, https:\/\/blog.cancaonova.com\/campos\/files\/2019\/02\/compromisso-2019-195x300.jpg 195w\" sizes=\"(max-width: 432px) 100vw, 432px\" \/><\/a><\/p>\n<p><a href=\"http:\/\/blog.cancaonova.com\/campos\/files\/2019\/02\/compromisso-2019-3.jpg\"><img loading=\"lazy\" decoding=\"async\" class=\"aligncenter wp-image-9615\" src=\"http:\/\/blog.cancaonova.com\/campos\/files\/2019\/02\/compromisso-2019-3.jpg\" alt=\"\" width=\"552\" height=\"414\" srcset=\"https:\/\/blog.cancaonova.com\/campos\/files\/2019\/02\/compromisso-2019-3.jpg 1613w, https:\/\/blog.cancaonova.com\/campos\/files\/2019\/02\/compromisso-2019-3-300x225.jpg 300w, https:\/\/blog.cancaonova.com\/campos\/files\/2019\/02\/compromisso-2019-3-768x576.jpg 768w\" sizes=\"(max-width: 552px) 100vw, 552px\" \/><\/a><\/p>\n","protected":false},"excerpt":{"rendered":"<p>&nbsp; Todos os crist\u00e3os possuem uma voca\u00e7\u00e3o. Ela \u00e9 o chamado do Pai, cuja finalidade \u00e9 a realiza\u00e7\u00e3o plena da pessoa humana.&nbsp;\u00c9 um gesto gracioso do Senhor que visa a plena humaniza\u00e7\u00e3o do homem. \u00c9 dom, gra\u00e7a, elei\u00e7\u00e3o cuidadosa, visando&#8230;<\/p>\n","protected":false},"author":971,"featured_media":0,"parent":0,"menu_order":0,"comment_status":"closed","ping_status":"closed","template":"","meta":{"footnotes":""},"_links":{"self":[{"href":"https:\/\/blog.cancaonova.com\/campos\/wp-json\/wp\/v2\/pages\/9604"}],"collection":[{"href":"https:\/\/blog.cancaonova.com\/campos\/wp-json\/wp\/v2\/pages"}],"about":[{"href":"https:\/\/blog.cancaonova.com\/campos\/wp-json\/wp\/v2\/types\/page"}],"author":[{"embeddable":true,"href":"https:\/\/blog.cancaonova.com\/campos\/wp-json\/wp\/v2\/users\/971"}],"replies":[{"embeddable":true,"href":"https:\/\/blog.cancaonova.com\/campos\/wp-json\/wp\/v2\/comments?post=9604"}],"version-history":[{"count":7,"href":"https:\/\/blog.cancaonova.com\/campos\/wp-json\/wp\/v2\/pages\/9604\/revisions"}],"predecessor-version":[{"id":9777,"href":"https:\/\/blog.cancaonova.com\/campos\/wp-json\/wp\/v2\/pages\/9604\/revisions\/9777"}],"wp:attachment":[{"href":"https:\/\/blog.cancaonova.com\/campos\/wp-json\/wp\/v2\/media?parent=9604"}],"curies":[{"name":"wp","href":"https:\/\/api.w.org\/{rel}","templated":true}]}}