{"id":9642,"date":"2019-03-25T11:21:12","date_gmt":"2019-03-25T14:21:12","guid":{"rendered":"http:\/\/blog.cancaonova.com\/campos\/?page_id=9642"},"modified":"2019-03-26T10:44:24","modified_gmt":"2019-03-26T13:44:24","slug":"15-anos-da-missao-de-campos","status":"publish","type":"page","link":"https:\/\/blog.cancaonova.com\/campos\/15-anos-da-missao-de-campos\/","title":{"rendered":"15 anos da Miss\u00e3o de Campos"},"content":{"rendered":"<p><a href=\"http:\/\/blog.cancaonova.com\/campos\/files\/2016\/02\/card-15-anos.jpg\"><img loading=\"lazy\" decoding=\"async\" class=\"aligncenter wp-image-9631\" src=\"http:\/\/blog.cancaonova.com\/campos\/files\/2016\/02\/card-15-anos.jpg\" alt=\"\" width=\"262\" height=\"379\" srcset=\"https:\/\/blog.cancaonova.com\/campos\/files\/2016\/02\/card-15-anos.jpg 492w, https:\/\/blog.cancaonova.com\/campos\/files\/2016\/02\/card-15-anos-207x300.jpg 207w\" sizes=\"(max-width: 262px) 100vw, 262px\" \/><\/a><\/p>\n<p><strong>Ol\u00e1 Fam\u00edlia Can\u00e7\u00e3o Nova, veja as principais fotos da nossa grande festa dos<\/strong> <span style=\"color: #0000ff\"><strong>15 anos da miss\u00e3o de Campos em Campos Goytacazes<\/strong><\/span>, <strong>atrav\u00e9s desse link abaixo:<\/strong><\/p>\n<p><a href=\"https:\/\/www.facebook.com\/media\/set\/?set=a.2787311257991314&amp;type=1&amp;l=7d8150c55b\">https:\/\/www.facebook.com\/media\/set\/?set=a.2787311257991314&amp;type=1&amp;l=7d8150c55b<\/a><\/p>\n<p>&nbsp;<\/p>\n<p><strong>Reveja a missa dia 23\/03 com nosso Bispo Dom Roberto:<\/strong><\/p>\n<p><a href=\"https:\/\/www.facebook.com\/cancaonovacampos\/videos\/409118126303225\/\">https:\/\/www.facebook.com\/cancaonovacampos\/videos\/409118126303225\/<\/a><\/p>\n<p>&nbsp;<\/p>\n<p><strong>Adora\u00e7\u00e3o dia 23\/03 com a Comunidade Can\u00e7\u00e3o Nova:<\/strong><\/p>\n<p><a href=\"https:\/\/www.facebook.com\/cancaonovacampos\/videos\/794515347572226\/\">https:\/\/www.facebook.com\/cancaonovacampos\/videos\/794515347572226\/<\/a><\/p>\n<p>&nbsp;<\/p>\n<p><strong>Prega\u00e7\u00e3o com Luzia Santiago:<\/strong><\/p>\n<p><a href=\"https:\/\/www.facebook.com\/cancaonovacampos\/videos\/308350633162913\/\">https:\/\/www.facebook.com\/cancaonovacampos\/videos\/308350633162913\/<\/a><\/p>\n<p>&nbsp;<\/p>\n<p><strong>Prega\u00e7\u00e3o Padre Roger Luiz:<\/strong><\/p>\n<p><a href=\"https:\/\/www.facebook.com\/cancaonovacampos\/videos\/1859702337468124\/\">https:\/\/www.facebook.com\/cancaonovacampos\/videos\/1859702337468124\/<\/a><\/p>\n<p>&nbsp;<\/p>\n<p><strong>Pocket Show (no intervalo do almo\u00e7o) &#8211; Emanuel St\u00eanio:<\/strong><\/p>\n<p><a href=\"https:\/\/www.facebook.com\/cancaonovacampos\/videos\/396251434295976\/\">https:\/\/www.facebook.com\/cancaonovacampos\/videos\/396251434295976\/<\/a><\/p>\n<p>&nbsp;<\/p>\n<p><strong>Prega\u00e7\u00e3o com Padre J\u00falio:<\/strong><\/p>\n<p><a href=\"https:\/\/www.facebook.com\/cancaonovacampos\/videos\/2290629471186984\/\">https:\/\/www.facebook.com\/cancaonovacampos\/videos\/2290629471186984\/<\/a><\/p>\n<p>&nbsp;<\/p>\n<p><strong>Santa Missa dia 24\/03 com Padre Roger Luiz:<\/strong><\/p>\n<p><a href=\"https:\/\/www.facebook.com\/cancaonovacampos\/videos\/314566202588360\/\">https:\/\/www.facebook.com\/cancaonovacampos\/videos\/314566202588360\/<\/a><\/p>\n<p>&nbsp;<\/p>\n<p><span style=\"color: #0000ff\"><strong>Deus aben\u00e7\u00f5e voc\u00ea!<\/strong><\/span><\/p>\n<p>&nbsp;<\/p>\n<p>&nbsp;<\/p>\n<p>&nbsp;<\/p>\n<p>&nbsp;<\/p>\n<p>&nbsp;<\/p>\n<p>&nbsp;<\/p>\n<p>&nbsp;<\/p>\n<p>&nbsp;<\/p>\n<p>&nbsp;<\/p>\n<p>&nbsp;<\/p>\n","protected":false},"excerpt":{"rendered":"<p>Ol\u00e1 Fam\u00edlia Can\u00e7\u00e3o Nova, veja as principais fotos da nossa grande festa dos 15 anos da miss\u00e3o de Campos em Campos Goytacazes, atrav\u00e9s desse link abaixo: https:\/\/www.facebook.com\/media\/set\/?set=a.2787311257991314&amp;type=1&amp;l=7d8150c55b &nbsp; Reveja a missa dia 23\/03 com nosso Bispo Dom Roberto: https:\/\/www.facebook.com\/cancaonovacampos\/videos\/409118126303225\/ &nbsp;&#8230;<\/p>\n","protected":false},"author":971,"featured_media":0,"parent":0,"menu_order":0,"comment_status":"closed","ping_status":"closed","template":"","meta":{"footnotes":""},"_links":{"self":[{"href":"https:\/\/blog.cancaonova.com\/campos\/wp-json\/wp\/v2\/pages\/9642"}],"collection":[{"href":"https:\/\/blog.cancaonova.com\/campos\/wp-json\/wp\/v2\/pages"}],"about":[{"href":"https:\/\/blog.cancaonova.com\/campos\/wp-json\/wp\/v2\/types\/page"}],"author":[{"embeddable":true,"href":"https:\/\/blog.cancaonova.com\/campos\/wp-json\/wp\/v2\/users\/971"}],"replies":[{"embeddable":true,"href":"https:\/\/blog.cancaonova.com\/campos\/wp-json\/wp\/v2\/comments?post=9642"}],"version-history":[{"count":6,"href":"https:\/\/blog.cancaonova.com\/campos\/wp-json\/wp\/v2\/pages\/9642\/revisions"}],"predecessor-version":[{"id":9673,"href":"https:\/\/blog.cancaonova.com\/campos\/wp-json\/wp\/v2\/pages\/9642\/revisions\/9673"}],"wp:attachment":[{"href":"https:\/\/blog.cancaonova.com\/campos\/wp-json\/wp\/v2\/media?parent=9642"}],"curies":[{"name":"wp","href":"https:\/\/api.w.org\/{rel}","templated":true}]}}