{"id":9663,"date":"2019-03-25T16:24:44","date_gmt":"2019-03-25T19:24:44","guid":{"rendered":"http:\/\/blog.cancaonova.com\/campos\/?page_id=9663"},"modified":"2023-06-16T04:28:48","modified_gmt":"2023-06-16T07:28:48","slug":"grupo-das-maes-maes-que-oram-pelos-filhos","status":"publish","type":"page","link":"https:\/\/blog.cancaonova.com\/campos\/grupo-das-maes-maes-que-oram-pelos-filhos\/","title":{"rendered":"Grupo das M\u00e3es - M\u00e3es que oram pelos filhos"},"content":{"rendered":"<h2 style=\"text-align: center\">\u00a0<span style=\"color: #0000ff\"><strong>Grupo Santa M\u00f4nica<\/strong><\/span><\/h2>\n<h2 style=\"text-align: center\"><span style=\"color: #0000ff\"><strong>&#8220;M\u00e3es que oram pelos filhos&#8221;<\/strong><\/span><\/h2>\n<p>&nbsp;<\/p>\n<p><strong><span style=\"color: #993366\">Local:<\/span> Igreja S\u00e3o Francisco<\/strong><\/p>\n<p><strong><span style=\"color: #993366\">Endere\u00e7o<\/span><\/strong>:<strong> Rua 13 de Maio, 182 &#8211; Bairro: Centro.<\/strong><\/p>\n<p><strong><span style=\"color: #993366\">Hor\u00e1rio:<\/span> 14:30h<\/strong><\/p>\n<p><strong>Toda Quinta-feira<\/strong><\/p>\n<p><strong><span style=\"color: #993366\">Telefone:<\/span> <span style=\"color: #000000\">(22)3013-1112<\/span><\/strong><\/p>\n<p><a href=\"http:\/\/blog.cancaonova.com\/campos\/files\/2019\/03\/Instagram-post-feliz-dia-das-m\u00e3es-rosa-floral-Story-do-Instagram.png\"><img loading=\"lazy\" decoding=\"async\" class=\"wp-image-10297 aligncenter\" src=\"http:\/\/blog.cancaonova.com\/campos\/files\/2019\/03\/Instagram-post-feliz-dia-das-m\u00e3es-rosa-floral-Story-do-Instagram.png\" alt=\"\" width=\"643\" height=\"1143\" srcset=\"https:\/\/blog.cancaonova.com\/campos\/files\/2019\/03\/Instagram-post-feliz-dia-das-m\u00e3es-rosa-floral-Story-do-Instagram.png 1080w, https:\/\/blog.cancaonova.com\/campos\/files\/2019\/03\/Instagram-post-feliz-dia-das-m\u00e3es-rosa-floral-Story-do-Instagram-169x300.png 169w, https:\/\/blog.cancaonova.com\/campos\/files\/2019\/03\/Instagram-post-feliz-dia-das-m\u00e3es-rosa-floral-Story-do-Instagram-768x1365.png 768w\" sizes=\"(max-width: 643px) 100vw, 643px\" \/><\/a><\/p>\n<p>&nbsp;<\/p>\n","protected":false},"excerpt":{"rendered":"<p>\u00a0Grupo Santa M\u00f4nica &#8220;M\u00e3es que oram pelos filhos&#8221; &nbsp; Local: Igreja S\u00e3o Francisco Endere\u00e7o: Rua 13 de Maio, 182 &#8211; Bairro: Centro. Hor\u00e1rio: 14:30h Toda Quinta-feira Telefone: (22)3013-1112 &nbsp;<\/p>\n","protected":false},"author":971,"featured_media":0,"parent":0,"menu_order":0,"comment_status":"closed","ping_status":"closed","template":"","meta":{"footnotes":""},"_links":{"self":[{"href":"https:\/\/blog.cancaonova.com\/campos\/wp-json\/wp\/v2\/pages\/9663"}],"collection":[{"href":"https:\/\/blog.cancaonova.com\/campos\/wp-json\/wp\/v2\/pages"}],"about":[{"href":"https:\/\/blog.cancaonova.com\/campos\/wp-json\/wp\/v2\/types\/page"}],"author":[{"embeddable":true,"href":"https:\/\/blog.cancaonova.com\/campos\/wp-json\/wp\/v2\/users\/971"}],"replies":[{"embeddable":true,"href":"https:\/\/blog.cancaonova.com\/campos\/wp-json\/wp\/v2\/comments?post=9663"}],"version-history":[{"count":8,"href":"https:\/\/blog.cancaonova.com\/campos\/wp-json\/wp\/v2\/pages\/9663\/revisions"}],"predecessor-version":[{"id":10298,"href":"https:\/\/blog.cancaonova.com\/campos\/wp-json\/wp\/v2\/pages\/9663\/revisions\/10298"}],"wp:attachment":[{"href":"https:\/\/blog.cancaonova.com\/campos\/wp-json\/wp\/v2\/media?parent=9663"}],"curies":[{"name":"wp","href":"https:\/\/api.w.org\/{rel}","templated":true}]}}