{"id":9698,"date":"2019-04-15T15:25:59","date_gmt":"2019-04-15T18:25:59","guid":{"rendered":"http:\/\/blog.cancaonova.com\/campos\/?page_id=9698"},"modified":"2022-08-06T20:03:28","modified_gmt":"2022-08-06T23:03:28","slug":"missa-do-clube-da-evangelizacao","status":"publish","type":"page","link":"https:\/\/blog.cancaonova.com\/campos\/missa-do-clube-da-evangelizacao\/","title":{"rendered":"Missa do Clube da Evangeliza\u00e7\u00e3o"},"content":{"rendered":"<p><a href=\"http:\/\/blog.cancaonova.com\/campos\/files\/2019\/04\/FOTO-DA-MISSA.jpg\"><img loading=\"lazy\" decoding=\"async\" class=\"aligncenter size-full wp-image-9705\" src=\"http:\/\/blog.cancaonova.com\/campos\/files\/2019\/04\/FOTO-DA-MISSA.jpg\" alt=\"\" width=\"300\" height=\"168\" \/><\/a><\/p>\n<h3><\/h3>\n<h3 style=\"text-align: center\"><strong>As Santas Missas do Clube da Evangeliza\u00e7\u00e3o est\u00e3o sendo realizadas mensalmente. <\/strong><\/h3>\n<h3 style=\"text-align: center\"><strong>Nos acompanhe nas redes sociais e na nossa p\u00e1gina dos Eventos.<\/strong><\/h3>\n<p>&nbsp;<\/p>\n<p><strong>Instagram: @cancaonovacamposrj<\/strong><\/p>\n<p><strong>Facebook: Can\u00e7\u00e3o Nova Campos<\/strong><\/p>\n<p><strong>Twitter: @miss\u00e3ocamposcn<\/strong><\/p>\n<p>&nbsp;<\/p>\n<h3><strong>\u00a0<\/strong><\/h3>\n<h2 style=\"text-align: center\"><\/h2>\n","protected":false},"excerpt":{"rendered":"<p>As Santas Missas do Clube da Evangeliza\u00e7\u00e3o est\u00e3o sendo realizadas mensalmente. Nos acompanhe nas redes sociais e na nossa p\u00e1gina dos Eventos. &nbsp; Instagram: @cancaonovacamposrj Facebook: Can\u00e7\u00e3o Nova Campos Twitter: @miss\u00e3ocamposcn &nbsp; \u00a0<\/p>\n","protected":false},"author":971,"featured_media":0,"parent":0,"menu_order":0,"comment_status":"closed","ping_status":"closed","template":"","meta":{"footnotes":""},"_links":{"self":[{"href":"https:\/\/blog.cancaonova.com\/campos\/wp-json\/wp\/v2\/pages\/9698"}],"collection":[{"href":"https:\/\/blog.cancaonova.com\/campos\/wp-json\/wp\/v2\/pages"}],"about":[{"href":"https:\/\/blog.cancaonova.com\/campos\/wp-json\/wp\/v2\/types\/page"}],"author":[{"embeddable":true,"href":"https:\/\/blog.cancaonova.com\/campos\/wp-json\/wp\/v2\/users\/971"}],"replies":[{"embeddable":true,"href":"https:\/\/blog.cancaonova.com\/campos\/wp-json\/wp\/v2\/comments?post=9698"}],"version-history":[{"count":6,"href":"https:\/\/blog.cancaonova.com\/campos\/wp-json\/wp\/v2\/pages\/9698\/revisions"}],"predecessor-version":[{"id":10236,"href":"https:\/\/blog.cancaonova.com\/campos\/wp-json\/wp\/v2\/pages\/9698\/revisions\/10236"}],"wp:attachment":[{"href":"https:\/\/blog.cancaonova.com\/campos\/wp-json\/wp\/v2\/media?parent=9698"}],"curies":[{"name":"wp","href":"https:\/\/api.w.org\/{rel}","templated":true}]}}