{"id":9849,"date":"2020-05-05T12:15:30","date_gmt":"2020-05-05T15:15:30","guid":{"rendered":"http:\/\/blog.cancaonova.com\/campos\/?page_id=9849"},"modified":"2020-05-05T12:37:04","modified_gmt":"2020-05-05T15:37:04","slug":"grupo-de-namorados-e-noivos","status":"publish","type":"page","link":"https:\/\/blog.cancaonova.com\/campos\/grupo-de-namorados-e-noivos\/","title":{"rendered":"Grupo de Namorados e Noivos"},"content":{"rendered":"<p>Invista no seu relacionamento!<\/p>\n<p>Entre no grupo do WhatsApp para obter forma\u00e7\u00f5es e as informa\u00e7\u00f5es!<\/p>\n<p>Clique no link abaixo<\/p>\n<p>&nbsp;<\/p>\n<p><a href=\"https:\/\/chat.whatsapp.com\/Ls8WkUKa3GyCczq3IvF9Kq\">https:\/\/chat.whatsapp.com\/Ls8WkUKa3GyCczq3IvF9Kq<\/a><\/p>\n<p><a href=\"http:\/\/blog.cancaonova.com\/campos\/files\/2020\/05\/PHOTO-2020-05-04-15-34-55.jpg\"><br \/>\n<img loading=\"lazy\" decoding=\"async\" class=\"size-full wp-image-9850 alignleft\" src=\"http:\/\/blog.cancaonova.com\/campos\/files\/2020\/05\/PHOTO-2020-05-04-15-34-55.jpg\" alt=\"\" width=\"558\" height=\"396\" srcset=\"https:\/\/blog.cancaonova.com\/campos\/files\/2020\/05\/PHOTO-2020-05-04-15-34-55.jpg 558w, https:\/\/blog.cancaonova.com\/campos\/files\/2020\/05\/PHOTO-2020-05-04-15-34-55-300x213.jpg 300w\" sizes=\"(max-width: 558px) 100vw, 558px\" \/><\/a><\/p>\n","protected":false},"excerpt":{"rendered":"<p>Invista no seu relacionamento! Entre no grupo do WhatsApp para obter forma\u00e7\u00f5es e as informa\u00e7\u00f5es! Clique no link abaixo &nbsp; https:\/\/chat.whatsapp.com\/Ls8WkUKa3GyCczq3IvF9Kq<\/p>\n","protected":false},"author":971,"featured_media":0,"parent":0,"menu_order":0,"comment_status":"closed","ping_status":"closed","template":"","meta":{"footnotes":""},"_links":{"self":[{"href":"https:\/\/blog.cancaonova.com\/campos\/wp-json\/wp\/v2\/pages\/9849"}],"collection":[{"href":"https:\/\/blog.cancaonova.com\/campos\/wp-json\/wp\/v2\/pages"}],"about":[{"href":"https:\/\/blog.cancaonova.com\/campos\/wp-json\/wp\/v2\/types\/page"}],"author":[{"embeddable":true,"href":"https:\/\/blog.cancaonova.com\/campos\/wp-json\/wp\/v2\/users\/971"}],"replies":[{"embeddable":true,"href":"https:\/\/blog.cancaonova.com\/campos\/wp-json\/wp\/v2\/comments?post=9849"}],"version-history":[{"count":3,"href":"https:\/\/blog.cancaonova.com\/campos\/wp-json\/wp\/v2\/pages\/9849\/revisions"}],"predecessor-version":[{"id":9854,"href":"https:\/\/blog.cancaonova.com\/campos\/wp-json\/wp\/v2\/pages\/9849\/revisions\/9854"}],"wp:attachment":[{"href":"https:\/\/blog.cancaonova.com\/campos\/wp-json\/wp\/v2\/media?parent=9849"}],"curies":[{"name":"wp","href":"https:\/\/api.w.org\/{rel}","templated":true}]}}