{"id":14163,"date":"2013-12-07T13:54:50","date_gmt":"2013-12-07T18:54:50","guid":{"rendered":"http:\/\/blog.cancaonova.com\/catholicismanew\/?page_id=14163"},"modified":"2013-12-07T14:04:02","modified_gmt":"2013-12-07T19:04:02","slug":"the-mission-of-cancao-nova","status":"publish","type":"page","link":"https:\/\/blog.cancaonova.com\/catholicismanew\/the-mission-of-cancao-nova\/","title":{"rendered":"The Mission of Can\u00e7\u00e3o Nova"},"content":{"rendered":"<p>The Mission of Can\u00e7\u00e3o Nova in the media of communication began with a great challenge that was launched through Pope Paul VI in his 1975 pontifical document Evangelii Nuntiandi.<\/p>\n<p>Can\u00e7\u00e3o Nova is a Catholic Community that has as it principle objective &#8220;evangelization through the media of communication&#8221;: TV, Radio, Internet and also through products from the audiovisual department \u2014 DAVI, in the production and sale of books, CD&#8217;s, videos, among other materials which are all designed for evangelization.<\/p>\n<p>The Can\u00e7\u00e3o Nova System is mantained by the Funda\u00e7\u00e3o Jo\u00e3o Paulo II [John Paul II Foundation] \u2014 a non-profit foundation which is a source of donations from the members of Clube da Evangeliza\u00e7\u00e3o [Evangelization Club] being characterized as a work that exists through &#8220;Divine Providence&#8221;<\/p>\n<p>Can\u00e7\u00e3o Nova seeks to restore the dignity of the family \u2014 &#8220;mother-cell&#8221; of society prioritizing the work of spiritual formation of &#8220;new men and women for a new world.&#8221;<\/p>\n<p>Inaugurated on May 25th 1980,\u00a0 Can\u00e7\u00e3o Nova Radio through the AM, FM, SW1, SW2 bands has evangelized through programming without commercial advertising, which strives in bringing listeners information, culture, education and spiritual formation through dynamic and varied programming.<\/p>\n<p>We are family radio that desire to bring the proposal of a new life to the world.<\/p>\n<p>On December 8, 1989, Can\u00e7\u00e3o Nova TV became a reality in Brazil, which actually counts on 5 production centers in the cities of Cachoeira Paulista-SP, Aracaju-SE, Rio de Janeiro-RJ e Bras\u00edlia-DF. Can\u00e7\u00e3o Nova TV touches the entire national territory of Brazil with its signals through parabolic antennae, 127 cable TV operators and 396 re-transmitters. The TVCN signal can touch the American continent, Western Europe, North Africa and the Middle East through a system of satellites and cable\u00a0 TV.<\/p>\n<p>Without losing the original proposal of its inauguration and existence or even its evangelication, Can\u00e7\u00e3o Nova TV presents a programming where professionalism and creativity are fundamental.<\/p>\n<p>The progress of this work also is feasible through interactivity between all its systems of communication. Accompanying the advances of technology, Can\u00e7\u00e3o Nova, recognizes the importance of the Internet as a great medium of communication which makes this interaction possible.<\/p>\n<p>Perceiving the usefulness of this powerful tool that God gave us for evangelization, Can\u00e7\u00e3o Nova has applied itself in the fulfilling of this objective with loyalty.<\/p>\n<p>The Can\u00e7\u00e3o Nova Portal \u2014\u00a0<a href=\"http:\/\/www.facebook.com\/l.php?u=http%3A%2F%2Fwww.cancaonova.com%2F&amp;h=pAQGTpnAS&amp;s=1\" target=\"_blank\" rel=\"nofollow\">www.cancaonova.com<\/a>, which currently averages 15,000,000 monthly accesses has brought the &#8220;Word of God&#8221; through the Internet to all persons of the world.<\/p>\n<p>Translation\u00a0<a title=\"Follow Twitter \" href=\"https:\/\/twitter.com\/Frbobcarr\" target=\"_blank\">Fr. Robert J Carr\u00a0<\/a><\/p>\n<p><strong>_____________________________________________________________________________________________________________________________<\/strong><\/p>\n<fb:comments href=\"https:\/\/blog.cancaonova.com\/catholicismanew\/the-mission-of-cancao-nova\/\" numposts=\"5\" colorscheme=\"light\"><\/fb:comments>\n","protected":false},"excerpt":{"rendered":"<p>The Mission of Can\u00e7\u00e3o Nova in the media of communication began with a great challenge that was launched through Pope Paul VI in his 1975 pontifical document Evangelii Nuntiandi. Can\u00e7\u00e3o Nova is a Catholic Community that has as it principle&#8230;<\/p>\n","protected":false},"author":1121,"featured_media":0,"parent":0,"menu_order":0,"comment_status":"open","ping_status":"open","template":"","meta":{"_mi_skip_tracking":false,"_monsterinsights_sitenote_active":false,"_monsterinsights_sitenote_note":"","_monsterinsights_sitenote_category":0,"footnotes":""},"_links":{"self":[{"href":"https:\/\/blog.cancaonova.com\/catholicismanew\/wp-json\/wp\/v2\/pages\/14163"}],"collection":[{"href":"https:\/\/blog.cancaonova.com\/catholicismanew\/wp-json\/wp\/v2\/pages"}],"about":[{"href":"https:\/\/blog.cancaonova.com\/catholicismanew\/wp-json\/wp\/v2\/types\/page"}],"author":[{"embeddable":true,"href":"https:\/\/blog.cancaonova.com\/catholicismanew\/wp-json\/wp\/v2\/users\/1121"}],"replies":[{"embeddable":true,"href":"https:\/\/blog.cancaonova.com\/catholicismanew\/wp-json\/wp\/v2\/comments?post=14163"}],"version-history":[{"count":3,"href":"https:\/\/blog.cancaonova.com\/catholicismanew\/wp-json\/wp\/v2\/pages\/14163\/revisions"}],"predecessor-version":[{"id":14167,"href":"https:\/\/blog.cancaonova.com\/catholicismanew\/wp-json\/wp\/v2\/pages\/14163\/revisions\/14167"}],"wp:attachment":[{"href":"https:\/\/blog.cancaonova.com\/catholicismanew\/wp-json\/wp\/v2\/media?parent=14163"}],"curies":[{"name":"wp","href":"https:\/\/api.w.org\/{rel}","templated":true}]}}