{"id":21,"date":"2019-03-22T14:32:33","date_gmt":"2019-03-22T17:32:33","guid":{"rendered":"http:\/\/blog.cancaonova.com\/postopadrepio\/?page_id=21"},"modified":"2025-01-02T13:55:39","modified_gmt":"2025-01-02T16:55:39","slug":"servicos","status":"publish","type":"page","link":"https:\/\/blog.cancaonova.com\/centromedicopadrepio\/servicos\/","title":{"rendered":"Servi\u00e7os"},"content":{"rendered":"<p><span style=\"font-weight: 400\">O Centro M\u00e9dico Padre Pio conta com os seguintes servi\u00e7os: pronto atendimento m\u00e9dico, enfermaria, atendimento ambulatorial (cardiologia, psiquiatria, pediatria, gastro, cl\u00ednica m\u00e9dica, ginecologia, angiologia, urologia, end\u00f3crino, <\/span><span style=\"font-weight: 400\">reumatologista, geriatra<\/span><span style=\"font-weight: 400\"> e nutri\u00e7\u00e3o), exames laboratoriais, atendimento odontol\u00f3gico, servi\u00e7os de reabilita\u00e7\u00e3o (fisioterapia, pilates, psicologia e fonoaudiologia), exames complementares (ultrassom, eletrocardiograma, teste ergom\u00e9trico, mapa e holter), lavagem de ouvido e pequenas cirurgias.<\/span><\/p>\n<p><span style=\"font-weight: 400\">Para ser atendido no Pronto Atendimento M\u00e9dico, \u00e9 s\u00f3 procurar a nossa unidade de segunda a sexta-feira de 07h \u00e0s 17h, lembrando que o nosso atendimento acontece a partir da classifica\u00e7\u00e3o de risco.<\/span><\/p>\n<p><span style=\"font-weight: 400\">Quanto aos atendimentos ambulatoriais, de reabilita\u00e7\u00e3o, exames complementares, exames laboratoriais e pequenas cirurgias, \u00e9 preciso ter um encaminhamento m\u00e9dico e a carteirinha do Centro M\u00e9dico, ou\u00a0 procurar a unidade de sa\u00fade mais pr\u00f3xima do seu bairro.<\/span><\/p>\n<p><span style=\"font-weight: 400\">Lembrando que os nossos servi\u00e7os s\u00e3o oferecidos para toda a Popula\u00e7\u00e3o de Cachoeira Paulista, peregrinos e pacientes com a carteirinha do Centro M\u00e9dico Pe. Pio.\ud83d\ude4f\ud83c\udffb<\/span><\/p>\n<h5 style=\"text-align: center\">Para mais informa\u00e7\u00f5es, entrar em contato:<\/h5>\n<h5 style=\"text-align: center\">(12) 2122-9633 ou (12) 2122-9623<\/h5>\n","protected":false},"excerpt":{"rendered":"<p>O Centro M\u00e9dico Padre Pio conta com os seguintes servi\u00e7os: pronto atendimento m\u00e9dico, enfermaria, atendimento ambulatorial (cardiologia, psiquiatria, pediatria, gastro, cl\u00ednica m\u00e9dica, ginecologia, angiologia, urologia, end\u00f3crino, reumatologista, geriatra e nutri\u00e7\u00e3o), exames laboratoriais, atendimento odontol\u00f3gico, servi\u00e7os de reabilita\u00e7\u00e3o (fisioterapia, pilates, psicologia&#8230;<\/p>\n","protected":false},"author":4724,"featured_media":0,"parent":0,"menu_order":0,"comment_status":"closed","ping_status":"closed","template":"","meta":{"_mi_skip_tracking":false,"_monsterinsights_sitenote_active":false,"_monsterinsights_sitenote_note":"","_monsterinsights_sitenote_category":0,"footnotes":""},"_links":{"self":[{"href":"https:\/\/blog.cancaonova.com\/centromedicopadrepio\/wp-json\/wp\/v2\/pages\/21"}],"collection":[{"href":"https:\/\/blog.cancaonova.com\/centromedicopadrepio\/wp-json\/wp\/v2\/pages"}],"about":[{"href":"https:\/\/blog.cancaonova.com\/centromedicopadrepio\/wp-json\/wp\/v2\/types\/page"}],"author":[{"embeddable":true,"href":"https:\/\/blog.cancaonova.com\/centromedicopadrepio\/wp-json\/wp\/v2\/users\/4724"}],"replies":[{"embeddable":true,"href":"https:\/\/blog.cancaonova.com\/centromedicopadrepio\/wp-json\/wp\/v2\/comments?post=21"}],"version-history":[{"count":15,"href":"https:\/\/blog.cancaonova.com\/centromedicopadrepio\/wp-json\/wp\/v2\/pages\/21\/revisions"}],"predecessor-version":[{"id":1642,"href":"https:\/\/blog.cancaonova.com\/centromedicopadrepio\/wp-json\/wp\/v2\/pages\/21\/revisions\/1642"}],"wp:attachment":[{"href":"https:\/\/blog.cancaonova.com\/centromedicopadrepio\/wp-json\/wp\/v2\/media?parent=21"}],"curies":[{"name":"wp","href":"https:\/\/api.w.org\/{rel}","templated":true}]}}