{"id":23,"date":"2019-03-22T14:33:18","date_gmt":"2019-03-22T17:33:18","guid":{"rendered":"http:\/\/blog.cancaonova.com\/postopadrepio\/?page_id=23"},"modified":"2021-01-15T09:05:24","modified_gmt":"2021-01-15T12:05:24","slug":"projetos","status":"publish","type":"page","link":"https:\/\/blog.cancaonova.com\/centromedicopadrepio\/projetos\/","title":{"rendered":"Projetos"},"content":{"rendered":"<p><b>Cicatrizando Feridas<\/b><\/p>\n<p>Temos uma equipe capacitada para realizar um trabalho humanizado com pessoas portadoras de feridas cr\u00f4nicas. O paciente recebe avalia\u00e7\u00e3o do enfermeiro, com acompanhamento semanalmente, dependendo de cada caso. Contamos com apoio de uma equipe multiprofissional para suporte no atendimento prim\u00e1rio. Hoje temos um grupo de sete pessoas em tratamento, abrimos novas vagas conforme as altas dos que j\u00e1 fazem parte do grupo.<\/p>\n<p>&nbsp;<\/p>\n","protected":false},"excerpt":{"rendered":"<p>Cicatrizando Feridas Temos uma equipe capacitada para realizar um trabalho humanizado com pessoas portadoras de feridas cr\u00f4nicas. O paciente recebe avalia\u00e7\u00e3o do enfermeiro, com acompanhamento semanalmente, dependendo de cada caso. Contamos com apoio de uma equipe multiprofissional para suporte no&#8230;<\/p>\n","protected":false},"author":4724,"featured_media":0,"parent":0,"menu_order":0,"comment_status":"closed","ping_status":"closed","template":"","meta":{"_mi_skip_tracking":false,"_monsterinsights_sitenote_active":false,"_monsterinsights_sitenote_note":"","_monsterinsights_sitenote_category":0,"footnotes":""},"_links":{"self":[{"href":"https:\/\/blog.cancaonova.com\/centromedicopadrepio\/wp-json\/wp\/v2\/pages\/23"}],"collection":[{"href":"https:\/\/blog.cancaonova.com\/centromedicopadrepio\/wp-json\/wp\/v2\/pages"}],"about":[{"href":"https:\/\/blog.cancaonova.com\/centromedicopadrepio\/wp-json\/wp\/v2\/types\/page"}],"author":[{"embeddable":true,"href":"https:\/\/blog.cancaonova.com\/centromedicopadrepio\/wp-json\/wp\/v2\/users\/4724"}],"replies":[{"embeddable":true,"href":"https:\/\/blog.cancaonova.com\/centromedicopadrepio\/wp-json\/wp\/v2\/comments?post=23"}],"version-history":[{"count":12,"href":"https:\/\/blog.cancaonova.com\/centromedicopadrepio\/wp-json\/wp\/v2\/pages\/23\/revisions"}],"predecessor-version":[{"id":869,"href":"https:\/\/blog.cancaonova.com\/centromedicopadrepio\/wp-json\/wp\/v2\/pages\/23\/revisions\/869"}],"wp:attachment":[{"href":"https:\/\/blog.cancaonova.com\/centromedicopadrepio\/wp-json\/wp\/v2\/media?parent=23"}],"curies":[{"name":"wp","href":"https:\/\/api.w.org\/{rel}","templated":true}]}}