{"id":35,"date":"2019-03-22T14:51:34","date_gmt":"2019-03-22T17:51:34","guid":{"rendered":"http:\/\/blog.cancaonova.com\/postopadrepio\/?page_id=35"},"modified":"2025-01-02T14:20:25","modified_gmt":"2025-01-02T17:20:25","slug":"reabilitacao","status":"publish","type":"page","link":"https:\/\/blog.cancaonova.com\/centromedicopadrepio\/reabilitacao\/","title":{"rendered":"Reabilita\u00e7\u00e3o"},"content":{"rendered":"<p>O n\u00facleo de reabilita\u00e7\u00e3o conta com uma equipe formada por fisioterapeutas, psic\u00f3logos, fonoaudi\u00f3loga e assistente social que juntos desenvolvem um tratamento humanizado e individualizado. Os profissionais deste n\u00facleo buscam trabalhar de forma integrada, favorecendo o trabalho em equipe e uma vis\u00e3o ampliada de cada paciente com o objetivo de estimular o desenvolvimento m\u00e1ximo de suas potencialidades.<\/p>\n<p>Todos os agendamentos s\u00e3o realizados a partir do um encaminhamento m\u00e9dico para as \u00e1reas indicadas.<\/p>\n<p>Para agendamento \u00e9 necess\u00e1rio comparecer ao Centro M\u00e9dico, ou procurar a unidade de sa\u00fade mais pr\u00f3xima do seu bairro.<\/p>\n<p>&nbsp;<\/p>\n","protected":false},"excerpt":{"rendered":"<p>O n\u00facleo de reabilita\u00e7\u00e3o conta com uma equipe formada por fisioterapeutas, psic\u00f3logos, fonoaudi\u00f3loga e assistente social que juntos desenvolvem um tratamento humanizado e individualizado. Os profissionais deste n\u00facleo buscam trabalhar de forma integrada, favorecendo o trabalho em equipe e uma&#8230;<\/p>\n","protected":false},"author":4724,"featured_media":0,"parent":0,"menu_order":0,"comment_status":"closed","ping_status":"closed","template":"","meta":{"_mi_skip_tracking":false,"_monsterinsights_sitenote_active":false,"_monsterinsights_sitenote_note":"","_monsterinsights_sitenote_category":0,"footnotes":""},"_links":{"self":[{"href":"https:\/\/blog.cancaonova.com\/centromedicopadrepio\/wp-json\/wp\/v2\/pages\/35"}],"collection":[{"href":"https:\/\/blog.cancaonova.com\/centromedicopadrepio\/wp-json\/wp\/v2\/pages"}],"about":[{"href":"https:\/\/blog.cancaonova.com\/centromedicopadrepio\/wp-json\/wp\/v2\/types\/page"}],"author":[{"embeddable":true,"href":"https:\/\/blog.cancaonova.com\/centromedicopadrepio\/wp-json\/wp\/v2\/users\/4724"}],"replies":[{"embeddable":true,"href":"https:\/\/blog.cancaonova.com\/centromedicopadrepio\/wp-json\/wp\/v2\/comments?post=35"}],"version-history":[{"count":11,"href":"https:\/\/blog.cancaonova.com\/centromedicopadrepio\/wp-json\/wp\/v2\/pages\/35\/revisions"}],"predecessor-version":[{"id":1648,"href":"https:\/\/blog.cancaonova.com\/centromedicopadrepio\/wp-json\/wp\/v2\/pages\/35\/revisions\/1648"}],"wp:attachment":[{"href":"https:\/\/blog.cancaonova.com\/centromedicopadrepio\/wp-json\/wp\/v2\/media?parent=35"}],"curies":[{"name":"wp","href":"https:\/\/api.w.org\/{rel}","templated":true}]}}