{"id":40,"date":"2019-03-22T14:57:08","date_gmt":"2019-03-22T17:57:08","guid":{"rendered":"http:\/\/blog.cancaonova.com\/postopadrepio\/?page_id=40"},"modified":"2025-01-02T14:17:05","modified_gmt":"2025-01-02T17:17:05","slug":"odontologia","status":"publish","type":"page","link":"https:\/\/blog.cancaonova.com\/centromedicopadrepio\/odontologia\/","title":{"rendered":"Odontologia"},"content":{"rendered":"<p><img loading=\"lazy\" decoding=\"async\" class=\"alignnone size-full wp-image-1596\" src=\"http:\/\/blog.cancaonova.com\/centromedicopadrepio\/files\/2024\/11\/ondon.png\" alt=\"\" width=\"595\" height=\"486\" srcset=\"https:\/\/blog.cancaonova.com\/centromedicopadrepio\/files\/2024\/11\/ondon.png 595w, https:\/\/blog.cancaonova.com\/centromedicopadrepio\/files\/2024\/11\/ondon-300x245.png 300w\" sizes=\"(max-width: 595px) 100vw, 595px\" \/><\/p>\n<p>O setor de odontologia do Centro M\u00e9dico Padre Pio, oferece a popula\u00e7\u00e3o atendimentos de cl\u00ednico-geral, endodontia e extra\u00e7\u00e3o de siso.<\/p>\n<p><b>Atendimento ao P\u00fablico<\/b><\/p>\n<p>Para o agendamento \u00e9 necess\u00e1rio a presen\u00e7a na unidade e a carteira do Centro M\u00e9dico.\u00a0 S\u00f3 ser\u00e1 agendado de acordo com a realidade dos hor\u00e1rios dispon\u00edveis na agenda.<\/p>\n<p style=\"text-align: center\"><strong>Hor\u00e1rio de Atendimento\u00a0<\/strong><\/p>\n<p style=\"text-align: center\">Segunda \u00e0 Quinta: 07h00 \u00e0s 17h00<\/p>\n<p style=\"text-align: center\">Sexta-feira: 07h00 \u00e0s 16h00<\/p>\n<p style=\"text-align: center\"><strong>Para mais informa\u00e7\u00f5es, entrar em contato:<\/strong><\/p>\n<p style=\"text-align: center\">Telefone (12) 2122-9643<\/p>\n","protected":false},"excerpt":{"rendered":"<p>O setor de odontologia do Centro M\u00e9dico Padre Pio, oferece a popula\u00e7\u00e3o atendimentos de cl\u00ednico-geral, endodontia e extra\u00e7\u00e3o de siso. Atendimento ao P\u00fablico Para o agendamento \u00e9 necess\u00e1rio a presen\u00e7a na unidade e a carteira do Centro M\u00e9dico.\u00a0 S\u00f3 ser\u00e1&#8230;<\/p>\n","protected":false},"author":4724,"featured_media":0,"parent":0,"menu_order":0,"comment_status":"closed","ping_status":"closed","template":"","meta":{"_mi_skip_tracking":false,"_monsterinsights_sitenote_active":false,"_monsterinsights_sitenote_note":"","_monsterinsights_sitenote_category":0,"footnotes":""},"_links":{"self":[{"href":"https:\/\/blog.cancaonova.com\/centromedicopadrepio\/wp-json\/wp\/v2\/pages\/40"}],"collection":[{"href":"https:\/\/blog.cancaonova.com\/centromedicopadrepio\/wp-json\/wp\/v2\/pages"}],"about":[{"href":"https:\/\/blog.cancaonova.com\/centromedicopadrepio\/wp-json\/wp\/v2\/types\/page"}],"author":[{"embeddable":true,"href":"https:\/\/blog.cancaonova.com\/centromedicopadrepio\/wp-json\/wp\/v2\/users\/4724"}],"replies":[{"embeddable":true,"href":"https:\/\/blog.cancaonova.com\/centromedicopadrepio\/wp-json\/wp\/v2\/comments?post=40"}],"version-history":[{"count":13,"href":"https:\/\/blog.cancaonova.com\/centromedicopadrepio\/wp-json\/wp\/v2\/pages\/40\/revisions"}],"predecessor-version":[{"id":1646,"href":"https:\/\/blog.cancaonova.com\/centromedicopadrepio\/wp-json\/wp\/v2\/pages\/40\/revisions\/1646"}],"wp:attachment":[{"href":"https:\/\/blog.cancaonova.com\/centromedicopadrepio\/wp-json\/wp\/v2\/media?parent=40"}],"curies":[{"name":"wp","href":"https:\/\/api.w.org\/{rel}","templated":true}]}}