{"id":42,"date":"2019-03-22T14:57:44","date_gmt":"2019-03-22T17:57:44","guid":{"rendered":"http:\/\/blog.cancaonova.com\/postopadrepio\/?page_id=42"},"modified":"2025-01-02T14:05:29","modified_gmt":"2025-01-02T17:05:29","slug":"laboratorio","status":"publish","type":"page","link":"https:\/\/blog.cancaonova.com\/centromedicopadrepio\/laboratorio\/","title":{"rendered":"Laborat\u00f3rio"},"content":{"rendered":"<p><span style=\"font-weight: 400\"><img loading=\"lazy\" decoding=\"async\" class=\"alignnone size-full wp-image-1593\" src=\"http:\/\/blog.cancaonova.com\/centromedicopadrepio\/files\/2024\/11\/lab.png\" alt=\"\" width=\"759\" height=\"637\" srcset=\"https:\/\/blog.cancaonova.com\/centromedicopadrepio\/files\/2024\/11\/lab.png 759w, https:\/\/blog.cancaonova.com\/centromedicopadrepio\/files\/2024\/11\/lab-300x252.png 300w\" sizes=\"(max-width: 759px) 100vw, 759px\" \/>O Laborat\u00f3rio de An\u00e1lises Cl\u00ednicas do Centro M\u00e9dico Padre Pio, presta servi\u00e7os de exames laboratoriais com excel\u00eancia t\u00e9cnica, \u00e9tica e com confian\u00e7a nos resultados liberados, aos moradores de Cachoeira Paulista, colaboradores, mission\u00e1rios e visitantes, garantindo e otimizando a qualidade do atendimento m\u00e9dico.<\/span><\/p>\n<p><span style=\"font-weight: 400\">O laborat\u00f3rio atende aos seguintes setores: <\/span><\/p>\n<ul>\n<li><span style=\"font-weight: 400\">Bioqu\u00edmica<\/span><\/li>\n<li><span style=\"font-weight: 400\"> Imunologia<\/span><\/li>\n<li><span style=\"font-weight: 400\">Hematologia<\/span><\/li>\n<li><span style=\"font-weight: 400\">Urin\u00e1lise <\/span><\/li>\n<li><span style=\"font-weight: 400\">Parasitologia<\/span><\/li>\n<\/ul>\n<p><span style=\"font-weight: 400\">Somos parceiros do<\/span><b> Programa Nacional de Controle da Qualidade \u2013 PNCQ,<\/b><span style=\"font-weight: 400\"> que realiza mensalmente a avalia\u00e7\u00e3o dos exames executados pelo Laborat\u00f3rio, garantindo a efici\u00eancia e qualidade dos mesmos. <\/span><\/p>\n<p style=\"text-align: left\"><b>Atendimento ao P\u00fablico<\/b><\/p>\n<p><span style=\"font-weight: 400\">Para realizar a marca\u00e7\u00e3o dos exames \u00e9 necess\u00e1rio a presen\u00e7a na unidade de sa\u00fade mais pr\u00f3xima, ou comparecer no Centro M\u00e9dico Pdre Pio com o pedido do exame e <span style=\"color: #000000\">carteira do centro medico<\/span>. S\u00f3 ser\u00e1 agendado de acordo com a realidade dos hor\u00e1rios dispon\u00edveis na agenda.<\/span><\/p>\n<p style=\"text-align: left\">Uma NOVIDADE, agora voc\u00ea poder\u00e1 retirar seus exames online, atrav\u00e9s do site:\u00a0<a href=\"https:\/\/resultadospepio.uniexames.com.br\/logins\/login\">https:\/\/resultadospepio.uniexames.com.br\/logins\/login<\/a><\/p>\n<h3 style=\"text-align: center\">Hor\u00e1rio de Atendimento ao P\u00fablico<\/h3>\n<p style=\"text-align: center\"><strong>Hor\u00e1rio de Coleta Segunda \u00e0 Sexta:\u00a0<\/strong><br \/>\nDas 07h00 \u00e0s 08h00<\/p>\n<p style=\"text-align: center\"><strong>Hor\u00e1rio de Entrega de Material Segunda \u00e0 Sexta:<br \/>\n<\/strong>Das 07h00 \u00e0s 08h00<\/p>\n<p style=\"text-align: center\"><strong>Agendamento de Exames e Entrega de Laudos Segunda \u00e0 Sexta:<br \/>\n<\/strong>Das 09h00 \u00e0s 17h00<\/p>\n<h3 style=\"text-align: center\"><b>Para mais informa\u00e7\u00f5es, e<\/b>ntrar em contato:<\/h3>\n<h3 style=\"text-align: center\">Telefone (12) 2122-9629<\/h3>\n","protected":false},"excerpt":{"rendered":"<p>O Laborat\u00f3rio de An\u00e1lises Cl\u00ednicas do Centro M\u00e9dico Padre Pio, presta servi\u00e7os de exames laboratoriais com excel\u00eancia t\u00e9cnica, \u00e9tica e com confian\u00e7a nos resultados liberados, aos moradores de Cachoeira Paulista, colaboradores, mission\u00e1rios e visitantes, garantindo e otimizando a qualidade do&#8230;<\/p>\n","protected":false},"author":4724,"featured_media":0,"parent":0,"menu_order":0,"comment_status":"closed","ping_status":"closed","template":"","meta":{"_mi_skip_tracking":false,"_monsterinsights_sitenote_active":false,"_monsterinsights_sitenote_note":"","_monsterinsights_sitenote_category":0,"footnotes":""},"_links":{"self":[{"href":"https:\/\/blog.cancaonova.com\/centromedicopadrepio\/wp-json\/wp\/v2\/pages\/42"}],"collection":[{"href":"https:\/\/blog.cancaonova.com\/centromedicopadrepio\/wp-json\/wp\/v2\/pages"}],"about":[{"href":"https:\/\/blog.cancaonova.com\/centromedicopadrepio\/wp-json\/wp\/v2\/types\/page"}],"author":[{"embeddable":true,"href":"https:\/\/blog.cancaonova.com\/centromedicopadrepio\/wp-json\/wp\/v2\/users\/4724"}],"replies":[{"embeddable":true,"href":"https:\/\/blog.cancaonova.com\/centromedicopadrepio\/wp-json\/wp\/v2\/comments?post=42"}],"version-history":[{"count":27,"href":"https:\/\/blog.cancaonova.com\/centromedicopadrepio\/wp-json\/wp\/v2\/pages\/42\/revisions"}],"predecessor-version":[{"id":1645,"href":"https:\/\/blog.cancaonova.com\/centromedicopadrepio\/wp-json\/wp\/v2\/pages\/42\/revisions\/1645"}],"wp:attachment":[{"href":"https:\/\/blog.cancaonova.com\/centromedicopadrepio\/wp-json\/wp\/v2\/media?parent=42"}],"curies":[{"name":"wp","href":"https:\/\/api.w.org\/{rel}","templated":true}]}}