{"id":48,"date":"2019-03-22T15:08:55","date_gmt":"2019-03-22T18:08:55","guid":{"rendered":"http:\/\/blog.cancaonova.com\/postopadrepio\/?page_id=48"},"modified":"2025-01-02T13:58:59","modified_gmt":"2025-01-02T16:58:59","slug":"farmacia","status":"publish","type":"page","link":"https:\/\/blog.cancaonova.com\/centromedicopadrepio\/farmacia\/","title":{"rendered":"Farm\u00e1cia"},"content":{"rendered":"<p><img loading=\"lazy\" decoding=\"async\" class=\"alignnone size-full wp-image-1623\" src=\"http:\/\/blog.cancaonova.com\/centromedicopadrepio\/files\/2024\/11\/farma.png\" alt=\"\" width=\"958\" height=\"633\" srcset=\"https:\/\/blog.cancaonova.com\/centromedicopadrepio\/files\/2024\/11\/farma.png 958w, https:\/\/blog.cancaonova.com\/centromedicopadrepio\/files\/2024\/11\/farma-300x198.png 300w, https:\/\/blog.cancaonova.com\/centromedicopadrepio\/files\/2024\/11\/farma-768x507.png 768w\" sizes=\"(max-width: 958px) 100vw, 958px\" \/><\/p>\n<p><span style=\"font-weight: 400\">A farm\u00e1cia do Centro M\u00e9dico Padre Pio atende as necessidades internas\u00a0 cuidando da compra, recebimento, armazenamento, estoque e dispensa\u00e7\u00e3o de medicamentos e materiais hospitalares.\u00a0<\/span><span style=\"font-weight: 400\">Tamb\u00e9m atende de forma externa os moradores da cidade, moradores de cidades vizinhas, da zona rural, visitantes e peregrinos, mediante apresenta\u00e7\u00e3o de prescri\u00e7\u00e3o m\u00e9dica. <\/span><\/p>\n<p><span style=\"font-weight: 400\">Esses medicamentos que s\u00e3o doados recebemos de doa\u00e7\u00e3o tamb\u00e9m. <\/span><span style=\"font-weight: 400\">Essas doa\u00e7\u00f5es s\u00e3o avaliadas e triadas de acordo com o tipo de medicamentos, condi\u00e7\u00f5es que foram transportados, dados do doador, e todos os aspectos que envolvem a garantia de sua qualidade para poss\u00edvel doa\u00e7\u00e3o.\u00a0<\/span><\/p>\n<p>Trabalhamos de acordo com a normas da Vigil\u00e2ncia Sanit\u00e1ria e Conselho Regional de Farm\u00e1cia.<\/p>\n<p style=\"text-align: center\"><strong>Hor\u00e1rio de Atendimento\u00a0<\/strong><\/p>\n<p style=\"text-align: center\">Segunda-feira \u00e0 Sexta- feira per\u00edodo:<\/p>\n<p style=\"text-align: center\">manh\u00e3: 09h00 \u00e0s 12h00 | tarde: 13h00 \u00e0s 16h30<\/p>\n<p style=\"text-align: center\"><b>Para mais informa\u00e7\u00f5es:<\/b><\/p>\n<p>Os interessados dever\u00e3o comparecer na Farm\u00e1cia do Centro M\u00e9dico Padre Pio ou entrar em contato:<\/p>\n<p style=\"text-align: center\"><strong>Telefone:<\/strong> (12) 2122-9634<\/p>\n<p>&nbsp;<\/p>\n<p>&nbsp;<\/p>\n","protected":false},"excerpt":{"rendered":"<p>A farm\u00e1cia do Centro M\u00e9dico Padre Pio atende as necessidades internas\u00a0 cuidando da compra, recebimento, armazenamento, estoque e dispensa\u00e7\u00e3o de medicamentos e materiais hospitalares.\u00a0Tamb\u00e9m atende de forma externa os moradores da cidade, moradores de cidades vizinhas, da zona rural, visitantes&#8230;<\/p>\n","protected":false},"author":4724,"featured_media":94,"parent":0,"menu_order":0,"comment_status":"closed","ping_status":"closed","template":"","meta":{"_mi_skip_tracking":false,"_monsterinsights_sitenote_active":false,"_monsterinsights_sitenote_note":"","_monsterinsights_sitenote_category":0,"footnotes":""},"_links":{"self":[{"href":"https:\/\/blog.cancaonova.com\/centromedicopadrepio\/wp-json\/wp\/v2\/pages\/48"}],"collection":[{"href":"https:\/\/blog.cancaonova.com\/centromedicopadrepio\/wp-json\/wp\/v2\/pages"}],"about":[{"href":"https:\/\/blog.cancaonova.com\/centromedicopadrepio\/wp-json\/wp\/v2\/types\/page"}],"author":[{"embeddable":true,"href":"https:\/\/blog.cancaonova.com\/centromedicopadrepio\/wp-json\/wp\/v2\/users\/4724"}],"replies":[{"embeddable":true,"href":"https:\/\/blog.cancaonova.com\/centromedicopadrepio\/wp-json\/wp\/v2\/comments?post=48"}],"version-history":[{"count":18,"href":"https:\/\/blog.cancaonova.com\/centromedicopadrepio\/wp-json\/wp\/v2\/pages\/48\/revisions"}],"predecessor-version":[{"id":1644,"href":"https:\/\/blog.cancaonova.com\/centromedicopadrepio\/wp-json\/wp\/v2\/pages\/48\/revisions\/1644"}],"wp:featuredmedia":[{"embeddable":true,"href":"https:\/\/blog.cancaonova.com\/centromedicopadrepio\/wp-json\/wp\/v2\/media\/94"}],"wp:attachment":[{"href":"https:\/\/blog.cancaonova.com\/centromedicopadrepio\/wp-json\/wp\/v2\/media?parent=48"}],"curies":[{"name":"wp","href":"https:\/\/api.w.org\/{rel}","templated":true}]}}